{"id":17287,"date":"2025-10-09T08:53:26","date_gmt":"2025-10-09T05:53:26","guid":{"rendered":"https:\/\/mtfactor.ee\/?post_type=product&#038;p=17287"},"modified":"2025-10-09T08:58:01","modified_gmt":"2025-10-09T05:58:01","slug":"turvakingad-phocea2-s3s-sr","status":"publish","type":"product","link":"https:\/\/mtfactor.ee\/?product=turvakingad-phocea2-s3s-sr","title":{"rendered":"TURVAKINGAD- PHOCEA2 S3S SR"},"content":{"rendered":"<p data-start=\"63\" data-end=\"139\"><strong data-start=\"63\" data-end=\"139\">Mittemagnetiline madala l\u00f5ikega jalan\u00f5u tugevdatud neljakordse \u00f5mblusega<\/strong><\/p>\n<p data-start=\"141\" data-end=\"318\">Vastupidav ja usaldusv\u00e4\u00e4rne jalan\u00f5u, mille robustse konstruktsiooni tagab tugev neljakordne \u00f5mblus. Sobib eriti h\u00e4sti keskkondadesse, kus on oluline v\u00e4ltida magnetilisi m\u00f5jusid.<\/p>\n<p data-start=\"76\" data-end=\"114\"><strong data-start=\"76\" data-end=\"114\">Materjalid ja tehnilised omadused:<\/strong><\/p>\n<ul data-start=\"116\" data-end=\"462\">\n<li data-start=\"116\" data-end=\"175\">\n<p data-start=\"118\" data-end=\"175\"><strong data-start=\"118\" data-end=\"129\">Pealne:<\/strong> Veekindel poolnaha nahk (croupon), v\u00e4rvitud<\/p>\n<\/li>\n<li data-start=\"176\" data-end=\"216\">\n<p data-start=\"178\" data-end=\"216\"><strong data-start=\"178\" data-end=\"189\">Vooder:<\/strong> Pol\u00fcamiidist v\u00f5rk (mesh)<\/p>\n<\/li>\n<li data-start=\"217\" data-end=\"263\">\n<p data-start=\"219\" data-end=\"263\"><strong data-start=\"219\" data-end=\"232\">Sisetald:<\/strong> Pol\u00fcester + PU (pol\u00fcuretaan)<\/p>\n<\/li>\n<li data-start=\"264\" data-end=\"305\">\n<p data-start=\"266\" data-end=\"305\"><strong data-start=\"266\" data-end=\"280\">V\u00e4listald:<\/strong> 2-kihiline s\u00fcstitud PU<\/p>\n<\/li>\n<li data-start=\"306\" data-end=\"347\">\n<p data-start=\"308\" data-end=\"347\"><strong data-start=\"308\" data-end=\"333\">Torkekindel vahetald:<\/strong> Metallivaba<\/p>\n<\/li>\n<li data-start=\"348\" data-end=\"401\">\n<p data-start=\"350\" data-end=\"401\"><strong data-start=\"350\" data-end=\"378\">Varbakaitse (turvakapp):<\/strong> Komposiitmaterjalist<\/p>\n<\/li>\n<li data-start=\"402\" data-end=\"424\">\n<p data-start=\"404\" data-end=\"424\"><strong data-start=\"404\" data-end=\"415\">Kinnis:<\/strong> Paelad<\/p>\n<\/li>\n<li data-start=\"425\" data-end=\"462\">\n<p data-start=\"427\" data-end=\"462\"><strong data-start=\"427\" data-end=\"436\">Kaal:<\/strong> 500 g \u00fche jalan\u00f5u kohta<\/p>\n<\/li>\n<\/ul>\n","protected":false},"excerpt":{"rendered":"<p>Mittemagnetiline madala l\u00f5ikega jalan\u00f5u tugevdatud neljakordse \u00f5mblusega Vastupidav ja usaldusv\u00e4\u00e4rne jalan\u00f5u, mille robustse konstruktsiooni tagab tugev neljakordne \u00f5mblus. Sobib eriti<\/p>\n","protected":false},"featured_media":17304,"comment_status":"closed","ping_status":"closed","template":"","meta":[],"product_brand":[],"product_cat":[396,399],"product_tag":[],"class_list":{"0":"post-17287","1":"product","2":"type-product","3":"status-publish","4":"has-post-thumbnail","6":"product_cat-toojalanoud-2","7":"product_cat-turvakingad-2","9":"first","10":"instock","11":"taxable","12":"shipping-taxable","13":"purchasable","14":"product-type-variable"},"yoast_head":"<!-- This site is optimized with the Yoast SEO plugin v27.5 - https:\/\/yoast.com\/product\/yoast-seo-wordpress\/ -->\n<title>T\u00f6\u00f6riided, turvajalan\u00f5ud ja t\u00f6\u00f6riistad - MTfactor<\/title>\n<meta name=\"description\" content=\"Vastupidavad t\u00f6\u00f6riided ja turvajalan\u00f5ud igaks olukorraks. MTfactor pakub laias valikus isikukaitsevahendeid ning profit\u00f6\u00f6riistu (Makita, Bosch). Telli kohe!\" \/>\n<meta name=\"robots\" content=\"index, follow, max-snippet:-1, max-image-preview:large, max-video-preview:-1\" \/>\n<link rel=\"canonical\" href=\"https:\/\/mtfactor.ee\/?product=turvakingad-phocea2-s3s-sr\" \/>\n<meta property=\"og:locale\" content=\"et_EE\" \/>\n<meta property=\"og:type\" content=\"article\" \/>\n<meta property=\"og:title\" content=\"T\u00f6\u00f6riided, turvajalan\u00f5ud ja t\u00f6\u00f6riistad - MTfactor\" \/>\n<meta property=\"og:description\" content=\"Vastupidavad t\u00f6\u00f6riided ja turvajalan\u00f5ud igaks olukorraks. MTfactor pakub laias valikus isikukaitsevahendeid ning profit\u00f6\u00f6riistu (Makita, Bosch). Telli kohe!\" \/>\n<meta property=\"og:url\" content=\"https:\/\/mtfactor.ee\/?product=turvakingad-phocea2-s3s-sr\" \/>\n<meta property=\"og:site_name\" content=\"MTfactor\" \/>\n<meta property=\"article:modified_time\" content=\"2025-10-09T05:58:01+00:00\" \/>\n<meta property=\"og:image\" content=\"https:\/\/mtfactor.ee\/wp-content\/uploads\/2025\/10\/PHOCEA2-S3S-NO-eps.png\" \/>\n\t<meta property=\"og:image:width\" content=\"1601\" \/>\n\t<meta property=\"og:image:height\" content=\"1067\" \/>\n\t<meta property=\"og:image:type\" content=\"image\/png\" \/>\n<meta name=\"twitter:card\" content=\"summary_large_image\" \/>\n<meta name=\"twitter:label1\" content=\"Est. reading time\" \/>\n\t<meta name=\"twitter:data1\" content=\"1 minut\" \/>\n<script type=\"application\/ld+json\" class=\"yoast-schema-graph\">{\"@context\":\"https:\\\/\\\/schema.org\",\"@graph\":[{\"@type\":[\"WebPage\",\"ItemPage\"],\"@id\":\"https:\\\/\\\/mtfactor.ee\\\/?product=turvakingad-phocea2-s3s-sr\",\"url\":\"https:\\\/\\\/mtfactor.ee\\\/?product=turvakingad-phocea2-s3s-sr\",\"name\":\"T\u00f6\u00f6riided, turvajalan\u00f5ud ja t\u00f6\u00f6riistad - MTfactor\",\"isPartOf\":{\"@id\":\"https:\\\/\\\/mtfactor.ee\\\/#website\"},\"primaryImageOfPage\":{\"@id\":\"https:\\\/\\\/mtfactor.ee\\\/?product=turvakingad-phocea2-s3s-sr#primaryimage\"},\"image\":{\"@id\":\"https:\\\/\\\/mtfactor.ee\\\/?product=turvakingad-phocea2-s3s-sr#primaryimage\"},\"thumbnailUrl\":\"https:\\\/\\\/i0.wp.com\\\/mtfactor.ee\\\/wp-content\\\/uploads\\\/2025\\\/10\\\/PHOCEA2-S3S-NO-eps.png?fit=1601%2C1067&ssl=1\",\"datePublished\":\"2025-10-09T05:53:26+00:00\",\"dateModified\":\"2025-10-09T05:58:01+00:00\",\"description\":\"Vastupidavad t\u00f6\u00f6riided ja turvajalan\u00f5ud igaks olukorraks. MTfactor pakub laias valikus isikukaitsevahendeid ning profit\u00f6\u00f6riistu (Makita, Bosch). Telli kohe!\",\"breadcrumb\":{\"@id\":\"https:\\\/\\\/mtfactor.ee\\\/?product=turvakingad-phocea2-s3s-sr#breadcrumb\"},\"inLanguage\":\"et\",\"potentialAction\":[{\"@type\":\"ReadAction\",\"target\":[\"https:\\\/\\\/mtfactor.ee\\\/?product=turvakingad-phocea2-s3s-sr\"]}]},{\"@type\":\"ImageObject\",\"inLanguage\":\"et\",\"@id\":\"https:\\\/\\\/mtfactor.ee\\\/?product=turvakingad-phocea2-s3s-sr#primaryimage\",\"url\":\"https:\\\/\\\/i0.wp.com\\\/mtfactor.ee\\\/wp-content\\\/uploads\\\/2025\\\/10\\\/PHOCEA2-S3S-NO-eps.png?fit=1601%2C1067&ssl=1\",\"contentUrl\":\"https:\\\/\\\/i0.wp.com\\\/mtfactor.ee\\\/wp-content\\\/uploads\\\/2025\\\/10\\\/PHOCEA2-S3S-NO-eps.png?fit=1601%2C1067&ssl=1\",\"width\":1601,\"height\":1067},{\"@type\":\"BreadcrumbList\",\"@id\":\"https:\\\/\\\/mtfactor.ee\\\/?product=turvakingad-phocea2-s3s-sr#breadcrumb\",\"itemListElement\":[{\"@type\":\"ListItem\",\"position\":1,\"name\":\"Home\",\"item\":\"https:\\\/\\\/mtfactor.ee\\\/\"},{\"@type\":\"ListItem\",\"position\":2,\"name\":\"Shop\",\"item\":\"https:\\\/\\\/mtfactor.ee\\\/?page_id=16726\"},{\"@type\":\"ListItem\",\"position\":3,\"name\":\"TURVAKINGAD- PHOCEA2 S3S SR\"}]},{\"@type\":\"WebSite\",\"@id\":\"https:\\\/\\\/mtfactor.ee\\\/#website\",\"url\":\"https:\\\/\\\/mtfactor.ee\\\/\",\"name\":\"MTFactor\",\"description\":\"T\u00f6\u00f6riided, T\u00f6\u00f6jalatsid, T\u00f6\u00f6kindad, Kaitsevahendid\",\"publisher\":{\"@id\":\"https:\\\/\\\/mtfactor.ee\\\/#organization\"},\"potentialAction\":[{\"@type\":\"SearchAction\",\"target\":{\"@type\":\"EntryPoint\",\"urlTemplate\":\"https:\\\/\\\/mtfactor.ee\\\/?s={search_term_string}\"},\"query-input\":{\"@type\":\"PropertyValueSpecification\",\"valueRequired\":true,\"valueName\":\"search_term_string\"}}],\"inLanguage\":\"et\"},{\"@type\":\"Organization\",\"@id\":\"https:\\\/\\\/mtfactor.ee\\\/#organization\",\"name\":\"MTFactor\",\"url\":\"https:\\\/\\\/mtfactor.ee\\\/\",\"logo\":{\"@type\":\"ImageObject\",\"inLanguage\":\"et\",\"@id\":\"https:\\\/\\\/mtfactor.ee\\\/#\\\/schema\\\/logo\\\/image\\\/\",\"url\":\"https:\\\/\\\/mtfactor.ee\\\/wp-content\\\/uploads\\\/2022\\\/10\\\/logo-mtfactor.jpg\",\"contentUrl\":\"https:\\\/\\\/mtfactor.ee\\\/wp-content\\\/uploads\\\/2022\\\/10\\\/logo-mtfactor.jpg\",\"width\":1080,\"height\":1080,\"caption\":\"MTFactor\"},\"image\":{\"@id\":\"https:\\\/\\\/mtfactor.ee\\\/#\\\/schema\\\/logo\\\/image\\\/\"}}]}<\/script>\n<!-- \/ Yoast SEO plugin. -->","yoast_head_json":{"title":"T\u00f6\u00f6riided, turvajalan\u00f5ud ja t\u00f6\u00f6riistad - MTfactor","description":"Vastupidavad t\u00f6\u00f6riided ja turvajalan\u00f5ud igaks olukorraks. MTfactor pakub laias valikus isikukaitsevahendeid ning profit\u00f6\u00f6riistu (Makita, Bosch). Telli kohe!","robots":{"index":"index","follow":"follow","max-snippet":"max-snippet:-1","max-image-preview":"max-image-preview:large","max-video-preview":"max-video-preview:-1"},"canonical":"https:\/\/mtfactor.ee\/?product=turvakingad-phocea2-s3s-sr","og_locale":"et_EE","og_type":"article","og_title":"T\u00f6\u00f6riided, turvajalan\u00f5ud ja t\u00f6\u00f6riistad - MTfactor","og_description":"Vastupidavad t\u00f6\u00f6riided ja turvajalan\u00f5ud igaks olukorraks. MTfactor pakub laias valikus isikukaitsevahendeid ning profit\u00f6\u00f6riistu (Makita, Bosch). Telli kohe!","og_url":"https:\/\/mtfactor.ee\/?product=turvakingad-phocea2-s3s-sr","og_site_name":"MTfactor","article_modified_time":"2025-10-09T05:58:01+00:00","og_image":[{"width":1601,"height":1067,"url":"https:\/\/mtfactor.ee\/wp-content\/uploads\/2025\/10\/PHOCEA2-S3S-NO-eps.png","type":"image\/png"}],"twitter_card":"summary_large_image","twitter_misc":{"Est. reading time":"1 minut"},"schema":{"@context":"https:\/\/schema.org","@graph":[{"@type":["WebPage","ItemPage"],"@id":"https:\/\/mtfactor.ee\/?product=turvakingad-phocea2-s3s-sr","url":"https:\/\/mtfactor.ee\/?product=turvakingad-phocea2-s3s-sr","name":"T\u00f6\u00f6riided, turvajalan\u00f5ud ja t\u00f6\u00f6riistad - MTfactor","isPartOf":{"@id":"https:\/\/mtfactor.ee\/#website"},"primaryImageOfPage":{"@id":"https:\/\/mtfactor.ee\/?product=turvakingad-phocea2-s3s-sr#primaryimage"},"image":{"@id":"https:\/\/mtfactor.ee\/?product=turvakingad-phocea2-s3s-sr#primaryimage"},"thumbnailUrl":"https:\/\/i0.wp.com\/mtfactor.ee\/wp-content\/uploads\/2025\/10\/PHOCEA2-S3S-NO-eps.png?fit=1601%2C1067&ssl=1","datePublished":"2025-10-09T05:53:26+00:00","dateModified":"2025-10-09T05:58:01+00:00","description":"Vastupidavad t\u00f6\u00f6riided ja turvajalan\u00f5ud igaks olukorraks. MTfactor pakub laias valikus isikukaitsevahendeid ning profit\u00f6\u00f6riistu (Makita, Bosch). Telli kohe!","breadcrumb":{"@id":"https:\/\/mtfactor.ee\/?product=turvakingad-phocea2-s3s-sr#breadcrumb"},"inLanguage":"et","potentialAction":[{"@type":"ReadAction","target":["https:\/\/mtfactor.ee\/?product=turvakingad-phocea2-s3s-sr"]}]},{"@type":"ImageObject","inLanguage":"et","@id":"https:\/\/mtfactor.ee\/?product=turvakingad-phocea2-s3s-sr#primaryimage","url":"https:\/\/i0.wp.com\/mtfactor.ee\/wp-content\/uploads\/2025\/10\/PHOCEA2-S3S-NO-eps.png?fit=1601%2C1067&ssl=1","contentUrl":"https:\/\/i0.wp.com\/mtfactor.ee\/wp-content\/uploads\/2025\/10\/PHOCEA2-S3S-NO-eps.png?fit=1601%2C1067&ssl=1","width":1601,"height":1067},{"@type":"BreadcrumbList","@id":"https:\/\/mtfactor.ee\/?product=turvakingad-phocea2-s3s-sr#breadcrumb","itemListElement":[{"@type":"ListItem","position":1,"name":"Home","item":"https:\/\/mtfactor.ee\/"},{"@type":"ListItem","position":2,"name":"Shop","item":"https:\/\/mtfactor.ee\/?page_id=16726"},{"@type":"ListItem","position":3,"name":"TURVAKINGAD- PHOCEA2 S3S SR"}]},{"@type":"WebSite","@id":"https:\/\/mtfactor.ee\/#website","url":"https:\/\/mtfactor.ee\/","name":"MTFactor","description":"T\u00f6\u00f6riided, T\u00f6\u00f6jalatsid, T\u00f6\u00f6kindad, Kaitsevahendid","publisher":{"@id":"https:\/\/mtfactor.ee\/#organization"},"potentialAction":[{"@type":"SearchAction","target":{"@type":"EntryPoint","urlTemplate":"https:\/\/mtfactor.ee\/?s={search_term_string}"},"query-input":{"@type":"PropertyValueSpecification","valueRequired":true,"valueName":"search_term_string"}}],"inLanguage":"et"},{"@type":"Organization","@id":"https:\/\/mtfactor.ee\/#organization","name":"MTFactor","url":"https:\/\/mtfactor.ee\/","logo":{"@type":"ImageObject","inLanguage":"et","@id":"https:\/\/mtfactor.ee\/#\/schema\/logo\/image\/","url":"https:\/\/mtfactor.ee\/wp-content\/uploads\/2022\/10\/logo-mtfactor.jpg","contentUrl":"https:\/\/mtfactor.ee\/wp-content\/uploads\/2022\/10\/logo-mtfactor.jpg","width":1080,"height":1080,"caption":"MTFactor"},"image":{"@id":"https:\/\/mtfactor.ee\/#\/schema\/logo\/image\/"}}]}},"jetpack-related-posts":[],"jetpack_sharing_enabled":true,"_links":{"self":[{"href":"https:\/\/mtfactor.ee\/index.php?rest_route=\/wp\/v2\/product\/17287","targetHints":{"allow":["GET"]}}],"collection":[{"href":"https:\/\/mtfactor.ee\/index.php?rest_route=\/wp\/v2\/product"}],"about":[{"href":"https:\/\/mtfactor.ee\/index.php?rest_route=\/wp\/v2\/types\/product"}],"replies":[{"embeddable":true,"href":"https:\/\/mtfactor.ee\/index.php?rest_route=%2Fwp%2Fv2%2Fcomments&post=17287"}],"wp:featuredmedia":[{"embeddable":true,"href":"https:\/\/mtfactor.ee\/index.php?rest_route=\/wp\/v2\/media\/17304"}],"wp:attachment":[{"href":"https:\/\/mtfactor.ee\/index.php?rest_route=%2Fwp%2Fv2%2Fmedia&parent=17287"}],"wp:term":[{"taxonomy":"product_brand","embeddable":true,"href":"https:\/\/mtfactor.ee\/index.php?rest_route=%2Fwp%2Fv2%2Fproduct_brand&post=17287"},{"taxonomy":"product_cat","embeddable":true,"href":"https:\/\/mtfactor.ee\/index.php?rest_route=%2Fwp%2Fv2%2Fproduct_cat&post=17287"},{"taxonomy":"product_tag","embeddable":true,"href":"https:\/\/mtfactor.ee\/index.php?rest_route=%2Fwp%2Fv2%2Fproduct_tag&post=17287"}],"curies":[{"name":"wp","href":"https:\/\/api.w.org\/{rel}","templated":true}]}}