{"id":17230,"date":"2025-10-09T08:38:44","date_gmt":"2025-10-09T05:38:44","guid":{"rendered":"https:\/\/mtfactor.ee\/?post_type=product&#038;p=17230"},"modified":"2025-10-09T08:42:50","modified_gmt":"2025-10-09T05:42:50","slug":"turvakingad-mazury-s1p-esd-src","status":"publish","type":"product","link":"https:\/\/mtfactor.ee\/?product=turvakingad-mazury-s1p-esd-src","title":{"rendered":"TURVAKINGAD- MAZURY S1P ESD SRC"},"content":{"rendered":"<p data-start=\"85\" data-end=\"156\"><strong data-start=\"85\" data-end=\"156\">Kerge ja hingav madala l\u00f5ikega sandaal, ideaalne ESD-keskkondadesse<\/strong><\/p>\n<p data-start=\"158\" data-end=\"386\">\u00d5huline ja mugav t\u00f6\u00f6jalan\u00f5u, mis sobib eriti h\u00e4sti elektrostaatilise laengu kontrolli n\u00f5udvatesse keskkondadesse (ESD). Madala l\u00f5ike ja hingava konstruktsiooniga sandaal tagab kerge tunde ja hea \u00f5huringluse kogu t\u00f6\u00f6p\u00e4eva v\u00e4ltel.<\/p>\n<p data-start=\"82\" data-end=\"120\"><strong data-start=\"82\" data-end=\"120\">Materjalid ja tehnilised omadused:<\/strong><\/p>\n<ul data-start=\"122\" data-end=\"478\">\n<li data-start=\"122\" data-end=\"175\">\n<p data-start=\"124\" data-end=\"175\"><strong data-start=\"124\" data-end=\"135\">Pealne:<\/strong> Nahk (poolnaha ja sametviimistlusega)<\/p>\n<\/li>\n<li data-start=\"176\" data-end=\"216\">\n<p data-start=\"178\" data-end=\"216\"><strong data-start=\"178\" data-end=\"189\">Vooder:<\/strong> Pol\u00fcamiid, niiskust imav<\/p>\n<\/li>\n<li data-start=\"217\" data-end=\"255\">\n<p data-start=\"219\" data-end=\"255\"><strong data-start=\"219\" data-end=\"232\">Sisetald:<\/strong> EVA vaht + pol\u00fcester<\/p>\n<\/li>\n<li data-start=\"256\" data-end=\"300\">\n<p data-start=\"258\" data-end=\"300\"><strong data-start=\"258\" data-end=\"272\">V\u00e4listald:<\/strong> S\u00fcstitud PU (pol\u00fcuretaan)<\/p>\n<\/li>\n<li data-start=\"301\" data-end=\"347\">\n<p data-start=\"303\" data-end=\"347\"><strong data-start=\"303\" data-end=\"328\">Torkekindel vahetald:<\/strong> Roostevaba teras<\/p>\n<\/li>\n<li data-start=\"348\" data-end=\"397\">\n<p data-start=\"350\" data-end=\"397\"><strong data-start=\"350\" data-end=\"378\">Varbakaitse (turvakapp):<\/strong> Roostevaba teras<\/p>\n<\/li>\n<li data-start=\"398\" data-end=\"440\">\n<p data-start=\"400\" data-end=\"440\"><strong data-start=\"400\" data-end=\"411\">Kinnis:<\/strong> Krae paelaga n\u00f6\u00f6rkinnisega<\/p>\n<\/li>\n<li data-start=\"441\" data-end=\"478\">\n<p data-start=\"443\" data-end=\"478\"><strong data-start=\"443\" data-end=\"452\">Kaal:<\/strong> 520 g \u00fche jalan\u00f5u kohta<\/p>\n<\/li>\n<\/ul>\n","protected":false},"excerpt":{"rendered":"<p>Kerge ja hingav madala l\u00f5ikega sandaal, ideaalne ESD-keskkondadesse \u00d5huline ja mugav t\u00f6\u00f6jalan\u00f5u, mis sobib eriti h\u00e4sti elektrostaatilise laengu kontrolli n\u00f5udvatesse<\/p>\n","protected":false},"featured_media":17246,"comment_status":"closed","ping_status":"closed","template":"","meta":[],"product_brand":[],"product_cat":[396,399],"product_tag":[],"class_list":{"0":"post-17230","1":"product","2":"type-product","3":"status-publish","4":"has-post-thumbnail","6":"product_cat-toojalanoud-2","7":"product_cat-turvakingad-2","9":"first","10":"instock","11":"taxable","12":"shipping-taxable","13":"purchasable","14":"product-type-variable"},"yoast_head":"<!-- This site is optimized with the Yoast SEO plugin v27.5 - https:\/\/yoast.com\/product\/yoast-seo-wordpress\/ -->\n<title>T\u00f6\u00f6riided, turvajalan\u00f5ud ja t\u00f6\u00f6riistad - MTfactor<\/title>\n<meta name=\"description\" content=\"Vastupidavad t\u00f6\u00f6riided ja turvajalan\u00f5ud igaks olukorraks. MTfactor pakub laias valikus isikukaitsevahendeid ning profit\u00f6\u00f6riistu (Makita, Bosch). Telli kohe!\" \/>\n<meta name=\"robots\" content=\"index, follow, max-snippet:-1, max-image-preview:large, max-video-preview:-1\" \/>\n<link rel=\"canonical\" href=\"https:\/\/mtfactor.ee\/?product=turvakingad-mazury-s1p-esd-src\" \/>\n<meta property=\"og:locale\" content=\"et_EE\" \/>\n<meta property=\"og:type\" content=\"article\" \/>\n<meta property=\"og:title\" content=\"T\u00f6\u00f6riided, turvajalan\u00f5ud ja t\u00f6\u00f6riistad - MTfactor\" \/>\n<meta property=\"og:description\" content=\"Vastupidavad t\u00f6\u00f6riided ja turvajalan\u00f5ud igaks olukorraks. MTfactor pakub laias valikus isikukaitsevahendeid ning profit\u00f6\u00f6riistu (Makita, Bosch). Telli kohe!\" \/>\n<meta property=\"og:url\" content=\"https:\/\/mtfactor.ee\/?product=turvakingad-mazury-s1p-esd-src\" \/>\n<meta property=\"og:site_name\" content=\"MTfactor\" \/>\n<meta property=\"article:modified_time\" content=\"2025-10-09T05:42:50+00:00\" \/>\n<meta property=\"og:image\" content=\"https:\/\/mtfactor.ee\/wp-content\/uploads\/2025\/10\/MAZURY-S1P-ESD-eps.png\" \/>\n\t<meta property=\"og:image:width\" content=\"1600\" \/>\n\t<meta property=\"og:image:height\" content=\"1127\" \/>\n\t<meta property=\"og:image:type\" content=\"image\/png\" \/>\n<meta name=\"twitter:card\" content=\"summary_large_image\" \/>\n<meta name=\"twitter:label1\" content=\"Est. reading time\" \/>\n\t<meta name=\"twitter:data1\" content=\"1 minut\" \/>\n<script type=\"application\/ld+json\" class=\"yoast-schema-graph\">{\"@context\":\"https:\\\/\\\/schema.org\",\"@graph\":[{\"@type\":[\"WebPage\",\"ItemPage\"],\"@id\":\"https:\\\/\\\/mtfactor.ee\\\/?product=turvakingad-mazury-s1p-esd-src\",\"url\":\"https:\\\/\\\/mtfactor.ee\\\/?product=turvakingad-mazury-s1p-esd-src\",\"name\":\"T\u00f6\u00f6riided, turvajalan\u00f5ud ja t\u00f6\u00f6riistad - MTfactor\",\"isPartOf\":{\"@id\":\"https:\\\/\\\/mtfactor.ee\\\/#website\"},\"primaryImageOfPage\":{\"@id\":\"https:\\\/\\\/mtfactor.ee\\\/?product=turvakingad-mazury-s1p-esd-src#primaryimage\"},\"image\":{\"@id\":\"https:\\\/\\\/mtfactor.ee\\\/?product=turvakingad-mazury-s1p-esd-src#primaryimage\"},\"thumbnailUrl\":\"https:\\\/\\\/i0.wp.com\\\/mtfactor.ee\\\/wp-content\\\/uploads\\\/2025\\\/10\\\/MAZURY-S1P-ESD-eps.png?fit=1600%2C1127&ssl=1\",\"datePublished\":\"2025-10-09T05:38:44+00:00\",\"dateModified\":\"2025-10-09T05:42:50+00:00\",\"description\":\"Vastupidavad t\u00f6\u00f6riided ja turvajalan\u00f5ud igaks olukorraks. MTfactor pakub laias valikus isikukaitsevahendeid ning profit\u00f6\u00f6riistu (Makita, Bosch). Telli kohe!\",\"breadcrumb\":{\"@id\":\"https:\\\/\\\/mtfactor.ee\\\/?product=turvakingad-mazury-s1p-esd-src#breadcrumb\"},\"inLanguage\":\"et\",\"potentialAction\":[{\"@type\":\"ReadAction\",\"target\":[\"https:\\\/\\\/mtfactor.ee\\\/?product=turvakingad-mazury-s1p-esd-src\"]}]},{\"@type\":\"ImageObject\",\"inLanguage\":\"et\",\"@id\":\"https:\\\/\\\/mtfactor.ee\\\/?product=turvakingad-mazury-s1p-esd-src#primaryimage\",\"url\":\"https:\\\/\\\/i0.wp.com\\\/mtfactor.ee\\\/wp-content\\\/uploads\\\/2025\\\/10\\\/MAZURY-S1P-ESD-eps.png?fit=1600%2C1127&ssl=1\",\"contentUrl\":\"https:\\\/\\\/i0.wp.com\\\/mtfactor.ee\\\/wp-content\\\/uploads\\\/2025\\\/10\\\/MAZURY-S1P-ESD-eps.png?fit=1600%2C1127&ssl=1\",\"width\":1600,\"height\":1127},{\"@type\":\"BreadcrumbList\",\"@id\":\"https:\\\/\\\/mtfactor.ee\\\/?product=turvakingad-mazury-s1p-esd-src#breadcrumb\",\"itemListElement\":[{\"@type\":\"ListItem\",\"position\":1,\"name\":\"Home\",\"item\":\"https:\\\/\\\/mtfactor.ee\\\/\"},{\"@type\":\"ListItem\",\"position\":2,\"name\":\"Shop\",\"item\":\"https:\\\/\\\/mtfactor.ee\\\/?page_id=16726\"},{\"@type\":\"ListItem\",\"position\":3,\"name\":\"TURVAKINGAD- MAZURY S1P ESD SRC\"}]},{\"@type\":\"WebSite\",\"@id\":\"https:\\\/\\\/mtfactor.ee\\\/#website\",\"url\":\"https:\\\/\\\/mtfactor.ee\\\/\",\"name\":\"MTFactor\",\"description\":\"T\u00f6\u00f6riided, T\u00f6\u00f6jalatsid, T\u00f6\u00f6kindad, Kaitsevahendid\",\"publisher\":{\"@id\":\"https:\\\/\\\/mtfactor.ee\\\/#organization\"},\"potentialAction\":[{\"@type\":\"SearchAction\",\"target\":{\"@type\":\"EntryPoint\",\"urlTemplate\":\"https:\\\/\\\/mtfactor.ee\\\/?s={search_term_string}\"},\"query-input\":{\"@type\":\"PropertyValueSpecification\",\"valueRequired\":true,\"valueName\":\"search_term_string\"}}],\"inLanguage\":\"et\"},{\"@type\":\"Organization\",\"@id\":\"https:\\\/\\\/mtfactor.ee\\\/#organization\",\"name\":\"MTFactor\",\"url\":\"https:\\\/\\\/mtfactor.ee\\\/\",\"logo\":{\"@type\":\"ImageObject\",\"inLanguage\":\"et\",\"@id\":\"https:\\\/\\\/mtfactor.ee\\\/#\\\/schema\\\/logo\\\/image\\\/\",\"url\":\"https:\\\/\\\/mtfactor.ee\\\/wp-content\\\/uploads\\\/2022\\\/10\\\/logo-mtfactor.jpg\",\"contentUrl\":\"https:\\\/\\\/mtfactor.ee\\\/wp-content\\\/uploads\\\/2022\\\/10\\\/logo-mtfactor.jpg\",\"width\":1080,\"height\":1080,\"caption\":\"MTFactor\"},\"image\":{\"@id\":\"https:\\\/\\\/mtfactor.ee\\\/#\\\/schema\\\/logo\\\/image\\\/\"}}]}<\/script>\n<!-- \/ Yoast SEO plugin. -->","yoast_head_json":{"title":"T\u00f6\u00f6riided, turvajalan\u00f5ud ja t\u00f6\u00f6riistad - MTfactor","description":"Vastupidavad t\u00f6\u00f6riided ja turvajalan\u00f5ud igaks olukorraks. MTfactor pakub laias valikus isikukaitsevahendeid ning profit\u00f6\u00f6riistu (Makita, Bosch). Telli kohe!","robots":{"index":"index","follow":"follow","max-snippet":"max-snippet:-1","max-image-preview":"max-image-preview:large","max-video-preview":"max-video-preview:-1"},"canonical":"https:\/\/mtfactor.ee\/?product=turvakingad-mazury-s1p-esd-src","og_locale":"et_EE","og_type":"article","og_title":"T\u00f6\u00f6riided, turvajalan\u00f5ud ja t\u00f6\u00f6riistad - MTfactor","og_description":"Vastupidavad t\u00f6\u00f6riided ja turvajalan\u00f5ud igaks olukorraks. MTfactor pakub laias valikus isikukaitsevahendeid ning profit\u00f6\u00f6riistu (Makita, Bosch). Telli kohe!","og_url":"https:\/\/mtfactor.ee\/?product=turvakingad-mazury-s1p-esd-src","og_site_name":"MTfactor","article_modified_time":"2025-10-09T05:42:50+00:00","og_image":[{"width":1600,"height":1127,"url":"https:\/\/mtfactor.ee\/wp-content\/uploads\/2025\/10\/MAZURY-S1P-ESD-eps.png","type":"image\/png"}],"twitter_card":"summary_large_image","twitter_misc":{"Est. reading time":"1 minut"},"schema":{"@context":"https:\/\/schema.org","@graph":[{"@type":["WebPage","ItemPage"],"@id":"https:\/\/mtfactor.ee\/?product=turvakingad-mazury-s1p-esd-src","url":"https:\/\/mtfactor.ee\/?product=turvakingad-mazury-s1p-esd-src","name":"T\u00f6\u00f6riided, turvajalan\u00f5ud ja t\u00f6\u00f6riistad - MTfactor","isPartOf":{"@id":"https:\/\/mtfactor.ee\/#website"},"primaryImageOfPage":{"@id":"https:\/\/mtfactor.ee\/?product=turvakingad-mazury-s1p-esd-src#primaryimage"},"image":{"@id":"https:\/\/mtfactor.ee\/?product=turvakingad-mazury-s1p-esd-src#primaryimage"},"thumbnailUrl":"https:\/\/i0.wp.com\/mtfactor.ee\/wp-content\/uploads\/2025\/10\/MAZURY-S1P-ESD-eps.png?fit=1600%2C1127&ssl=1","datePublished":"2025-10-09T05:38:44+00:00","dateModified":"2025-10-09T05:42:50+00:00","description":"Vastupidavad t\u00f6\u00f6riided ja turvajalan\u00f5ud igaks olukorraks. MTfactor pakub laias valikus isikukaitsevahendeid ning profit\u00f6\u00f6riistu (Makita, Bosch). Telli kohe!","breadcrumb":{"@id":"https:\/\/mtfactor.ee\/?product=turvakingad-mazury-s1p-esd-src#breadcrumb"},"inLanguage":"et","potentialAction":[{"@type":"ReadAction","target":["https:\/\/mtfactor.ee\/?product=turvakingad-mazury-s1p-esd-src"]}]},{"@type":"ImageObject","inLanguage":"et","@id":"https:\/\/mtfactor.ee\/?product=turvakingad-mazury-s1p-esd-src#primaryimage","url":"https:\/\/i0.wp.com\/mtfactor.ee\/wp-content\/uploads\/2025\/10\/MAZURY-S1P-ESD-eps.png?fit=1600%2C1127&ssl=1","contentUrl":"https:\/\/i0.wp.com\/mtfactor.ee\/wp-content\/uploads\/2025\/10\/MAZURY-S1P-ESD-eps.png?fit=1600%2C1127&ssl=1","width":1600,"height":1127},{"@type":"BreadcrumbList","@id":"https:\/\/mtfactor.ee\/?product=turvakingad-mazury-s1p-esd-src#breadcrumb","itemListElement":[{"@type":"ListItem","position":1,"name":"Home","item":"https:\/\/mtfactor.ee\/"},{"@type":"ListItem","position":2,"name":"Shop","item":"https:\/\/mtfactor.ee\/?page_id=16726"},{"@type":"ListItem","position":3,"name":"TURVAKINGAD- MAZURY S1P ESD SRC"}]},{"@type":"WebSite","@id":"https:\/\/mtfactor.ee\/#website","url":"https:\/\/mtfactor.ee\/","name":"MTFactor","description":"T\u00f6\u00f6riided, T\u00f6\u00f6jalatsid, T\u00f6\u00f6kindad, Kaitsevahendid","publisher":{"@id":"https:\/\/mtfactor.ee\/#organization"},"potentialAction":[{"@type":"SearchAction","target":{"@type":"EntryPoint","urlTemplate":"https:\/\/mtfactor.ee\/?s={search_term_string}"},"query-input":{"@type":"PropertyValueSpecification","valueRequired":true,"valueName":"search_term_string"}}],"inLanguage":"et"},{"@type":"Organization","@id":"https:\/\/mtfactor.ee\/#organization","name":"MTFactor","url":"https:\/\/mtfactor.ee\/","logo":{"@type":"ImageObject","inLanguage":"et","@id":"https:\/\/mtfactor.ee\/#\/schema\/logo\/image\/","url":"https:\/\/mtfactor.ee\/wp-content\/uploads\/2022\/10\/logo-mtfactor.jpg","contentUrl":"https:\/\/mtfactor.ee\/wp-content\/uploads\/2022\/10\/logo-mtfactor.jpg","width":1080,"height":1080,"caption":"MTFactor"},"image":{"@id":"https:\/\/mtfactor.ee\/#\/schema\/logo\/image\/"}}]}},"jetpack-related-posts":[],"jetpack_sharing_enabled":true,"_links":{"self":[{"href":"https:\/\/mtfactor.ee\/index.php?rest_route=\/wp\/v2\/product\/17230","targetHints":{"allow":["GET"]}}],"collection":[{"href":"https:\/\/mtfactor.ee\/index.php?rest_route=\/wp\/v2\/product"}],"about":[{"href":"https:\/\/mtfactor.ee\/index.php?rest_route=\/wp\/v2\/types\/product"}],"replies":[{"embeddable":true,"href":"https:\/\/mtfactor.ee\/index.php?rest_route=%2Fwp%2Fv2%2Fcomments&post=17230"}],"wp:featuredmedia":[{"embeddable":true,"href":"https:\/\/mtfactor.ee\/index.php?rest_route=\/wp\/v2\/media\/17246"}],"wp:attachment":[{"href":"https:\/\/mtfactor.ee\/index.php?rest_route=%2Fwp%2Fv2%2Fmedia&parent=17230"}],"wp:term":[{"taxonomy":"product_brand","embeddable":true,"href":"https:\/\/mtfactor.ee\/index.php?rest_route=%2Fwp%2Fv2%2Fproduct_brand&post=17230"},{"taxonomy":"product_cat","embeddable":true,"href":"https:\/\/mtfactor.ee\/index.php?rest_route=%2Fwp%2Fv2%2Fproduct_cat&post=17230"},{"taxonomy":"product_tag","embeddable":true,"href":"https:\/\/mtfactor.ee\/index.php?rest_route=%2Fwp%2Fv2%2Fproduct_tag&post=17230"}],"curies":[{"name":"wp","href":"https:\/\/api.w.org\/{rel}","templated":true}]}}