{"id":17210,"date":"2025-10-09T08:38:03","date_gmt":"2025-10-09T05:38:03","guid":{"rendered":"https:\/\/mtfactor.ee\/?post_type=product&#038;p=17210"},"modified":"2025-10-09T08:38:03","modified_gmt":"2025-10-09T05:38:03","slug":"turvakingad-maratona-s1ps-sr","status":"publish","type":"product","link":"https:\/\/mtfactor.ee\/?product=turvakingad-maratona-s1ps-sr","title":{"rendered":"TURVAKINGAD- MARATONA S1PS SR"},"content":{"rendered":"<p>Madala l\u00f5ikega sportliku disainiga jalan\u00f5u, mis \u00fchendab tipptasemel j\u00f5udluse ja kauakestva mugavuse.<\/p>\n<p data-start=\"82\" data-end=\"120\"><strong data-start=\"82\" data-end=\"120\">Materjalid ja tehnilised omadused:<\/strong><\/p>\n<ul data-start=\"122\" data-end=\"442\">\n<li data-start=\"122\" data-end=\"168\">\n<p data-start=\"124\" data-end=\"168\"><strong data-start=\"124\" data-end=\"135\">Pealne:<\/strong> Tekstiil, TPU, kootud materjal<\/p>\n<\/li>\n<li data-start=\"169\" data-end=\"209\">\n<p data-start=\"171\" data-end=\"209\"><strong data-start=\"171\" data-end=\"182\">Vooder:<\/strong> Hingav v\u00f5rkkangas (mesh)<\/p>\n<\/li>\n<li data-start=\"210\" data-end=\"235\">\n<p data-start=\"212\" data-end=\"235\"><strong data-start=\"212\" data-end=\"225\">Sisetald:<\/strong> PU-vaht<\/p>\n<\/li>\n<li data-start=\"236\" data-end=\"291\">\n<p data-start=\"238\" data-end=\"291\"><strong data-start=\"238\" data-end=\"252\">V\u00e4listald:<\/strong> 2-kihiline s\u00fcstitud PU (pol\u00fcuretaan)<\/p>\n<\/li>\n<li data-start=\"292\" data-end=\"329\">\n<p data-start=\"294\" data-end=\"329\"><strong data-start=\"294\" data-end=\"315\">Torkekindel tald:<\/strong> Metallivaba<\/p>\n<\/li>\n<li data-start=\"330\" data-end=\"381\">\n<p data-start=\"332\" data-end=\"381\"><strong data-start=\"332\" data-end=\"348\">Varbakaitse:<\/strong> Komposiitmaterjalist turvakapp<\/p>\n<\/li>\n<li data-start=\"382\" data-end=\"404\">\n<p data-start=\"384\" data-end=\"404\"><strong data-start=\"384\" data-end=\"395\">Kinnis:<\/strong> Paelad<\/p>\n<\/li>\n<li data-start=\"405\" data-end=\"442\">\n<p data-start=\"407\" data-end=\"442\"><strong data-start=\"407\" data-end=\"416\">Kaal:<\/strong> 602 g \u00fche jalan\u00f5u kohta<\/p>\n<\/li>\n<\/ul>\n","protected":false},"excerpt":{"rendered":"<p>Madala l\u00f5ikega sportliku disainiga jalan\u00f5u, mis \u00fchendab tipptasemel j\u00f5udluse ja kauakestva mugavuse. Materjalid ja tehnilised omadused: Pealne: Tekstiil, TPU, kootud<\/p>\n","protected":false},"featured_media":17213,"comment_status":"closed","ping_status":"closed","template":"","meta":[],"product_brand":[],"product_cat":[396,399],"product_tag":[],"class_list":{"0":"post-17210","1":"product","2":"type-product","3":"status-publish","4":"has-post-thumbnail","6":"product_cat-toojalanoud-2","7":"product_cat-turvakingad-2","9":"first","10":"instock","11":"taxable","12":"shipping-taxable","13":"purchasable","14":"product-type-variable"},"yoast_head":"<!-- This site is optimized with the Yoast SEO plugin v27.5 - https:\/\/yoast.com\/product\/yoast-seo-wordpress\/ -->\n<title>T\u00f6\u00f6riided, turvajalan\u00f5ud ja t\u00f6\u00f6riistad - MTfactor<\/title>\n<meta name=\"description\" content=\"Vastupidavad t\u00f6\u00f6riided ja turvajalan\u00f5ud igaks olukorraks. MTfactor pakub laias valikus isikukaitsevahendeid ning profit\u00f6\u00f6riistu (Makita, Bosch). Telli kohe!\" \/>\n<meta name=\"robots\" content=\"index, follow, max-snippet:-1, max-image-preview:large, max-video-preview:-1\" \/>\n<link rel=\"canonical\" href=\"https:\/\/mtfactor.ee\/?product=turvakingad-maratona-s1ps-sr\" \/>\n<meta property=\"og:locale\" content=\"et_EE\" \/>\n<meta property=\"og:type\" content=\"article\" \/>\n<meta property=\"og:title\" content=\"T\u00f6\u00f6riided, turvajalan\u00f5ud ja t\u00f6\u00f6riistad - MTfactor\" \/>\n<meta property=\"og:description\" content=\"Vastupidavad t\u00f6\u00f6riided ja turvajalan\u00f5ud igaks olukorraks. MTfactor pakub laias valikus isikukaitsevahendeid ning profit\u00f6\u00f6riistu (Makita, Bosch). Telli kohe!\" \/>\n<meta property=\"og:url\" content=\"https:\/\/mtfactor.ee\/?product=turvakingad-maratona-s1ps-sr\" \/>\n<meta property=\"og:site_name\" content=\"MTfactor\" \/>\n<meta property=\"og:image\" content=\"https:\/\/mtfactor.ee\/wp-content\/uploads\/2025\/10\/MARATONA-S1PS-eps.png\" \/>\n\t<meta property=\"og:image:width\" content=\"1600\" \/>\n\t<meta property=\"og:image:height\" content=\"1212\" \/>\n\t<meta property=\"og:image:type\" content=\"image\/png\" \/>\n<meta name=\"twitter:card\" content=\"summary_large_image\" \/>\n<meta name=\"twitter:label1\" content=\"Est. reading time\" \/>\n\t<meta name=\"twitter:data1\" content=\"1 minut\" \/>\n<script type=\"application\/ld+json\" class=\"yoast-schema-graph\">{\"@context\":\"https:\\\/\\\/schema.org\",\"@graph\":[{\"@type\":[\"WebPage\",\"ItemPage\"],\"@id\":\"https:\\\/\\\/mtfactor.ee\\\/?product=turvakingad-maratona-s1ps-sr\",\"url\":\"https:\\\/\\\/mtfactor.ee\\\/?product=turvakingad-maratona-s1ps-sr\",\"name\":\"T\u00f6\u00f6riided, turvajalan\u00f5ud ja t\u00f6\u00f6riistad - MTfactor\",\"isPartOf\":{\"@id\":\"https:\\\/\\\/mtfactor.ee\\\/#website\"},\"primaryImageOfPage\":{\"@id\":\"https:\\\/\\\/mtfactor.ee\\\/?product=turvakingad-maratona-s1ps-sr#primaryimage\"},\"image\":{\"@id\":\"https:\\\/\\\/mtfactor.ee\\\/?product=turvakingad-maratona-s1ps-sr#primaryimage\"},\"thumbnailUrl\":\"https:\\\/\\\/i0.wp.com\\\/mtfactor.ee\\\/wp-content\\\/uploads\\\/2025\\\/10\\\/MARATONA-S1PS-eps.png?fit=1600%2C1212&ssl=1\",\"datePublished\":\"2025-10-09T05:38:03+00:00\",\"description\":\"Vastupidavad t\u00f6\u00f6riided ja turvajalan\u00f5ud igaks olukorraks. MTfactor pakub laias valikus isikukaitsevahendeid ning profit\u00f6\u00f6riistu (Makita, Bosch). Telli kohe!\",\"breadcrumb\":{\"@id\":\"https:\\\/\\\/mtfactor.ee\\\/?product=turvakingad-maratona-s1ps-sr#breadcrumb\"},\"inLanguage\":\"et\",\"potentialAction\":[{\"@type\":\"ReadAction\",\"target\":[\"https:\\\/\\\/mtfactor.ee\\\/?product=turvakingad-maratona-s1ps-sr\"]}]},{\"@type\":\"ImageObject\",\"inLanguage\":\"et\",\"@id\":\"https:\\\/\\\/mtfactor.ee\\\/?product=turvakingad-maratona-s1ps-sr#primaryimage\",\"url\":\"https:\\\/\\\/i0.wp.com\\\/mtfactor.ee\\\/wp-content\\\/uploads\\\/2025\\\/10\\\/MARATONA-S1PS-eps.png?fit=1600%2C1212&ssl=1\",\"contentUrl\":\"https:\\\/\\\/i0.wp.com\\\/mtfactor.ee\\\/wp-content\\\/uploads\\\/2025\\\/10\\\/MARATONA-S1PS-eps.png?fit=1600%2C1212&ssl=1\",\"width\":1600,\"height\":1212},{\"@type\":\"BreadcrumbList\",\"@id\":\"https:\\\/\\\/mtfactor.ee\\\/?product=turvakingad-maratona-s1ps-sr#breadcrumb\",\"itemListElement\":[{\"@type\":\"ListItem\",\"position\":1,\"name\":\"Home\",\"item\":\"https:\\\/\\\/mtfactor.ee\\\/\"},{\"@type\":\"ListItem\",\"position\":2,\"name\":\"Shop\",\"item\":\"https:\\\/\\\/mtfactor.ee\\\/?page_id=16726\"},{\"@type\":\"ListItem\",\"position\":3,\"name\":\"TURVAKINGAD- MARATONA S1PS SR\"}]},{\"@type\":\"WebSite\",\"@id\":\"https:\\\/\\\/mtfactor.ee\\\/#website\",\"url\":\"https:\\\/\\\/mtfactor.ee\\\/\",\"name\":\"MTFactor\",\"description\":\"T\u00f6\u00f6riided, T\u00f6\u00f6jalatsid, T\u00f6\u00f6kindad, Kaitsevahendid\",\"publisher\":{\"@id\":\"https:\\\/\\\/mtfactor.ee\\\/#organization\"},\"potentialAction\":[{\"@type\":\"SearchAction\",\"target\":{\"@type\":\"EntryPoint\",\"urlTemplate\":\"https:\\\/\\\/mtfactor.ee\\\/?s={search_term_string}\"},\"query-input\":{\"@type\":\"PropertyValueSpecification\",\"valueRequired\":true,\"valueName\":\"search_term_string\"}}],\"inLanguage\":\"et\"},{\"@type\":\"Organization\",\"@id\":\"https:\\\/\\\/mtfactor.ee\\\/#organization\",\"name\":\"MTFactor\",\"url\":\"https:\\\/\\\/mtfactor.ee\\\/\",\"logo\":{\"@type\":\"ImageObject\",\"inLanguage\":\"et\",\"@id\":\"https:\\\/\\\/mtfactor.ee\\\/#\\\/schema\\\/logo\\\/image\\\/\",\"url\":\"https:\\\/\\\/mtfactor.ee\\\/wp-content\\\/uploads\\\/2022\\\/10\\\/logo-mtfactor.jpg\",\"contentUrl\":\"https:\\\/\\\/mtfactor.ee\\\/wp-content\\\/uploads\\\/2022\\\/10\\\/logo-mtfactor.jpg\",\"width\":1080,\"height\":1080,\"caption\":\"MTFactor\"},\"image\":{\"@id\":\"https:\\\/\\\/mtfactor.ee\\\/#\\\/schema\\\/logo\\\/image\\\/\"}}]}<\/script>\n<!-- \/ Yoast SEO plugin. -->","yoast_head_json":{"title":"T\u00f6\u00f6riided, turvajalan\u00f5ud ja t\u00f6\u00f6riistad - MTfactor","description":"Vastupidavad t\u00f6\u00f6riided ja turvajalan\u00f5ud igaks olukorraks. MTfactor pakub laias valikus isikukaitsevahendeid ning profit\u00f6\u00f6riistu (Makita, Bosch). Telli kohe!","robots":{"index":"index","follow":"follow","max-snippet":"max-snippet:-1","max-image-preview":"max-image-preview:large","max-video-preview":"max-video-preview:-1"},"canonical":"https:\/\/mtfactor.ee\/?product=turvakingad-maratona-s1ps-sr","og_locale":"et_EE","og_type":"article","og_title":"T\u00f6\u00f6riided, turvajalan\u00f5ud ja t\u00f6\u00f6riistad - MTfactor","og_description":"Vastupidavad t\u00f6\u00f6riided ja turvajalan\u00f5ud igaks olukorraks. MTfactor pakub laias valikus isikukaitsevahendeid ning profit\u00f6\u00f6riistu (Makita, Bosch). Telli kohe!","og_url":"https:\/\/mtfactor.ee\/?product=turvakingad-maratona-s1ps-sr","og_site_name":"MTfactor","og_image":[{"width":1600,"height":1212,"url":"https:\/\/mtfactor.ee\/wp-content\/uploads\/2025\/10\/MARATONA-S1PS-eps.png","type":"image\/png"}],"twitter_card":"summary_large_image","twitter_misc":{"Est. reading time":"1 minut"},"schema":{"@context":"https:\/\/schema.org","@graph":[{"@type":["WebPage","ItemPage"],"@id":"https:\/\/mtfactor.ee\/?product=turvakingad-maratona-s1ps-sr","url":"https:\/\/mtfactor.ee\/?product=turvakingad-maratona-s1ps-sr","name":"T\u00f6\u00f6riided, turvajalan\u00f5ud ja t\u00f6\u00f6riistad - MTfactor","isPartOf":{"@id":"https:\/\/mtfactor.ee\/#website"},"primaryImageOfPage":{"@id":"https:\/\/mtfactor.ee\/?product=turvakingad-maratona-s1ps-sr#primaryimage"},"image":{"@id":"https:\/\/mtfactor.ee\/?product=turvakingad-maratona-s1ps-sr#primaryimage"},"thumbnailUrl":"https:\/\/i0.wp.com\/mtfactor.ee\/wp-content\/uploads\/2025\/10\/MARATONA-S1PS-eps.png?fit=1600%2C1212&ssl=1","datePublished":"2025-10-09T05:38:03+00:00","description":"Vastupidavad t\u00f6\u00f6riided ja turvajalan\u00f5ud igaks olukorraks. MTfactor pakub laias valikus isikukaitsevahendeid ning profit\u00f6\u00f6riistu (Makita, Bosch). Telli kohe!","breadcrumb":{"@id":"https:\/\/mtfactor.ee\/?product=turvakingad-maratona-s1ps-sr#breadcrumb"},"inLanguage":"et","potentialAction":[{"@type":"ReadAction","target":["https:\/\/mtfactor.ee\/?product=turvakingad-maratona-s1ps-sr"]}]},{"@type":"ImageObject","inLanguage":"et","@id":"https:\/\/mtfactor.ee\/?product=turvakingad-maratona-s1ps-sr#primaryimage","url":"https:\/\/i0.wp.com\/mtfactor.ee\/wp-content\/uploads\/2025\/10\/MARATONA-S1PS-eps.png?fit=1600%2C1212&ssl=1","contentUrl":"https:\/\/i0.wp.com\/mtfactor.ee\/wp-content\/uploads\/2025\/10\/MARATONA-S1PS-eps.png?fit=1600%2C1212&ssl=1","width":1600,"height":1212},{"@type":"BreadcrumbList","@id":"https:\/\/mtfactor.ee\/?product=turvakingad-maratona-s1ps-sr#breadcrumb","itemListElement":[{"@type":"ListItem","position":1,"name":"Home","item":"https:\/\/mtfactor.ee\/"},{"@type":"ListItem","position":2,"name":"Shop","item":"https:\/\/mtfactor.ee\/?page_id=16726"},{"@type":"ListItem","position":3,"name":"TURVAKINGAD- MARATONA S1PS SR"}]},{"@type":"WebSite","@id":"https:\/\/mtfactor.ee\/#website","url":"https:\/\/mtfactor.ee\/","name":"MTFactor","description":"T\u00f6\u00f6riided, T\u00f6\u00f6jalatsid, T\u00f6\u00f6kindad, Kaitsevahendid","publisher":{"@id":"https:\/\/mtfactor.ee\/#organization"},"potentialAction":[{"@type":"SearchAction","target":{"@type":"EntryPoint","urlTemplate":"https:\/\/mtfactor.ee\/?s={search_term_string}"},"query-input":{"@type":"PropertyValueSpecification","valueRequired":true,"valueName":"search_term_string"}}],"inLanguage":"et"},{"@type":"Organization","@id":"https:\/\/mtfactor.ee\/#organization","name":"MTFactor","url":"https:\/\/mtfactor.ee\/","logo":{"@type":"ImageObject","inLanguage":"et","@id":"https:\/\/mtfactor.ee\/#\/schema\/logo\/image\/","url":"https:\/\/mtfactor.ee\/wp-content\/uploads\/2022\/10\/logo-mtfactor.jpg","contentUrl":"https:\/\/mtfactor.ee\/wp-content\/uploads\/2022\/10\/logo-mtfactor.jpg","width":1080,"height":1080,"caption":"MTFactor"},"image":{"@id":"https:\/\/mtfactor.ee\/#\/schema\/logo\/image\/"}}]}},"jetpack-related-posts":[],"jetpack_sharing_enabled":true,"_links":{"self":[{"href":"https:\/\/mtfactor.ee\/index.php?rest_route=\/wp\/v2\/product\/17210","targetHints":{"allow":["GET"]}}],"collection":[{"href":"https:\/\/mtfactor.ee\/index.php?rest_route=\/wp\/v2\/product"}],"about":[{"href":"https:\/\/mtfactor.ee\/index.php?rest_route=\/wp\/v2\/types\/product"}],"replies":[{"embeddable":true,"href":"https:\/\/mtfactor.ee\/index.php?rest_route=%2Fwp%2Fv2%2Fcomments&post=17210"}],"wp:featuredmedia":[{"embeddable":true,"href":"https:\/\/mtfactor.ee\/index.php?rest_route=\/wp\/v2\/media\/17213"}],"wp:attachment":[{"href":"https:\/\/mtfactor.ee\/index.php?rest_route=%2Fwp%2Fv2%2Fmedia&parent=17210"}],"wp:term":[{"taxonomy":"product_brand","embeddable":true,"href":"https:\/\/mtfactor.ee\/index.php?rest_route=%2Fwp%2Fv2%2Fproduct_brand&post=17210"},{"taxonomy":"product_cat","embeddable":true,"href":"https:\/\/mtfactor.ee\/index.php?rest_route=%2Fwp%2Fv2%2Fproduct_cat&post=17210"},{"taxonomy":"product_tag","embeddable":true,"href":"https:\/\/mtfactor.ee\/index.php?rest_route=%2Fwp%2Fv2%2Fproduct_tag&post=17210"}],"curies":[{"name":"wp","href":"https:\/\/api.w.org\/{rel}","templated":true}]}}