{"id":17157,"date":"2025-10-09T08:20:54","date_gmt":"2025-10-09T05:20:54","guid":{"rendered":"https:\/\/mtfactor.ee\/?post_type=product&#038;p=17157"},"modified":"2025-10-09T08:20:54","modified_gmt":"2025-10-09T05:20:54","slug":"turvakingad-eiger-s3s-sr","status":"publish","type":"product","link":"https:\/\/mtfactor.ee\/?product=turvakingad-eiger-s3s-sr","title":{"rendered":"TURVAKINGAD- EIGER S3S SR"},"content":{"rendered":"<p>Mugav ja vastupidav madala l\u00f5ikega t\u00f6\u00f6jalan\u00f5u n\u00f5udlikesse tingimustesse.<\/p>\n<p data-start=\"128\" data-end=\"155\"><strong data-start=\"128\" data-end=\"155\">Materjalid ja omadused:<\/strong><\/p>\n<ul data-start=\"157\" data-end=\"498\">\n<li data-start=\"157\" data-end=\"220\">\n<p data-start=\"159\" data-end=\"220\"><strong data-start=\"159\" data-end=\"170\">Pealne:<\/strong> Tekstiil + PU-kate, t\u00e4isnahk (veis), PU-immutatud<\/p>\n<\/li>\n<li data-start=\"221\" data-end=\"254\">\n<p data-start=\"223\" data-end=\"254\"><strong data-start=\"223\" data-end=\"234\">Vooder:<\/strong> 3D-v\u00f5rgustik (mesh)<\/p>\n<\/li>\n<li data-start=\"255\" data-end=\"285\">\n<p data-start=\"257\" data-end=\"285\"><strong data-start=\"257\" data-end=\"270\">Sisetald:<\/strong> Pol\u00fcester + PU<\/p>\n<\/li>\n<li data-start=\"286\" data-end=\"325\">\n<p data-start=\"288\" data-end=\"325\"><strong data-start=\"288\" data-end=\"302\">V\u00e4listald:<\/strong> 2-kihiline s\u00fcstitud PU<\/p>\n<\/li>\n<li data-start=\"326\" data-end=\"353\">\n<p data-start=\"328\" data-end=\"353\"><strong data-start=\"328\" data-end=\"343\">Tugevdused:<\/strong> Nahk + PU<\/p>\n<\/li>\n<li data-start=\"354\" data-end=\"389\">\n<p data-start=\"356\" data-end=\"389\"><strong data-start=\"356\" data-end=\"377\">Torkekindel tald:<\/strong> Metallivaba<\/p>\n<\/li>\n<li data-start=\"390\" data-end=\"441\">\n<p data-start=\"392\" data-end=\"441\"><strong data-start=\"392\" data-end=\"420\">Turvakapp (varbakaitse):<\/strong> Komposiitmaterjalist<\/p>\n<\/li>\n<li data-start=\"442\" data-end=\"462\">\n<p data-start=\"444\" data-end=\"462\"><strong data-start=\"444\" data-end=\"455\">Kinnis:<\/strong> Paelad<\/p>\n<\/li>\n<li data-start=\"463\" data-end=\"498\">\n<p data-start=\"465\" data-end=\"498\"><strong data-start=\"465\" data-end=\"474\">Kaal:<\/strong> 550 g \u00fche jalan\u00f5u kohta<\/p>\n<\/li>\n<\/ul>\n","protected":false},"excerpt":{"rendered":"<p>Mugav ja vastupidav madala l\u00f5ikega t\u00f6\u00f6jalan\u00f5u n\u00f5udlikesse tingimustesse. Materjalid ja omadused: Pealne: Tekstiil + PU-kate, t\u00e4isnahk (veis), PU-immutatud Vooder: 3D-v\u00f5rgustik<\/p>\n","protected":false},"featured_media":17158,"comment_status":"closed","ping_status":"closed","template":"","meta":[],"product_brand":[],"product_cat":[396,399],"product_tag":[],"class_list":{"0":"post-17157","1":"product","2":"type-product","3":"status-publish","4":"has-post-thumbnail","6":"product_cat-toojalanoud-2","7":"product_cat-turvakingad-2","9":"first","10":"instock","11":"taxable","12":"shipping-taxable","13":"purchasable","14":"product-type-variable"},"yoast_head":"<!-- This site is optimized with the Yoast SEO plugin v27.5 - https:\/\/yoast.com\/product\/yoast-seo-wordpress\/ -->\n<title>T\u00f6\u00f6riided, turvajalan\u00f5ud ja t\u00f6\u00f6riistad - MTfactor<\/title>\n<meta name=\"description\" content=\"Vastupidavad t\u00f6\u00f6riided ja turvajalan\u00f5ud igaks olukorraks. MTfactor pakub laias valikus isikukaitsevahendeid ning profit\u00f6\u00f6riistu (Makita, Bosch). Telli kohe!\" \/>\n<meta name=\"robots\" content=\"index, follow, max-snippet:-1, max-image-preview:large, max-video-preview:-1\" \/>\n<link rel=\"canonical\" href=\"https:\/\/mtfactor.ee\/?product=turvakingad-eiger-s3s-sr\" \/>\n<meta property=\"og:locale\" content=\"et_EE\" \/>\n<meta property=\"og:type\" content=\"article\" \/>\n<meta property=\"og:title\" content=\"T\u00f6\u00f6riided, turvajalan\u00f5ud ja t\u00f6\u00f6riistad - MTfactor\" \/>\n<meta property=\"og:description\" content=\"Vastupidavad t\u00f6\u00f6riided ja turvajalan\u00f5ud igaks olukorraks. MTfactor pakub laias valikus isikukaitsevahendeid ning profit\u00f6\u00f6riistu (Makita, Bosch). Telli kohe!\" \/>\n<meta property=\"og:url\" content=\"https:\/\/mtfactor.ee\/?product=turvakingad-eiger-s3s-sr\" \/>\n<meta property=\"og:site_name\" content=\"MTfactor\" \/>\n<meta property=\"og:image\" content=\"https:\/\/mtfactor.ee\/wp-content\/uploads\/2025\/10\/EIGER-S3S-MA-eps-1123x800.png\" \/>\n\t<meta property=\"og:image:width\" content=\"1123\" \/>\n\t<meta property=\"og:image:height\" content=\"800\" \/>\n\t<meta property=\"og:image:type\" content=\"image\/png\" \/>\n<meta name=\"twitter:card\" content=\"summary_large_image\" \/>\n<meta name=\"twitter:label1\" content=\"Est. reading time\" \/>\n\t<meta name=\"twitter:data1\" content=\"1 minut\" \/>\n<script type=\"application\/ld+json\" class=\"yoast-schema-graph\">{\"@context\":\"https:\\\/\\\/schema.org\",\"@graph\":[{\"@type\":[\"WebPage\",\"ItemPage\"],\"@id\":\"https:\\\/\\\/mtfactor.ee\\\/?product=turvakingad-eiger-s3s-sr\",\"url\":\"https:\\\/\\\/mtfactor.ee\\\/?product=turvakingad-eiger-s3s-sr\",\"name\":\"T\u00f6\u00f6riided, turvajalan\u00f5ud ja t\u00f6\u00f6riistad - MTfactor\",\"isPartOf\":{\"@id\":\"https:\\\/\\\/mtfactor.ee\\\/#website\"},\"primaryImageOfPage\":{\"@id\":\"https:\\\/\\\/mtfactor.ee\\\/?product=turvakingad-eiger-s3s-sr#primaryimage\"},\"image\":{\"@id\":\"https:\\\/\\\/mtfactor.ee\\\/?product=turvakingad-eiger-s3s-sr#primaryimage\"},\"thumbnailUrl\":\"https:\\\/\\\/i0.wp.com\\\/mtfactor.ee\\\/wp-content\\\/uploads\\\/2025\\\/10\\\/EIGER-S3S-MA-eps.png?fit=1600%2C1140&ssl=1\",\"datePublished\":\"2025-10-09T05:20:54+00:00\",\"description\":\"Vastupidavad t\u00f6\u00f6riided ja turvajalan\u00f5ud igaks olukorraks. MTfactor pakub laias valikus isikukaitsevahendeid ning profit\u00f6\u00f6riistu (Makita, Bosch). Telli kohe!\",\"breadcrumb\":{\"@id\":\"https:\\\/\\\/mtfactor.ee\\\/?product=turvakingad-eiger-s3s-sr#breadcrumb\"},\"inLanguage\":\"et\",\"potentialAction\":[{\"@type\":\"ReadAction\",\"target\":[\"https:\\\/\\\/mtfactor.ee\\\/?product=turvakingad-eiger-s3s-sr\"]}]},{\"@type\":\"ImageObject\",\"inLanguage\":\"et\",\"@id\":\"https:\\\/\\\/mtfactor.ee\\\/?product=turvakingad-eiger-s3s-sr#primaryimage\",\"url\":\"https:\\\/\\\/i0.wp.com\\\/mtfactor.ee\\\/wp-content\\\/uploads\\\/2025\\\/10\\\/EIGER-S3S-MA-eps.png?fit=1600%2C1140&ssl=1\",\"contentUrl\":\"https:\\\/\\\/i0.wp.com\\\/mtfactor.ee\\\/wp-content\\\/uploads\\\/2025\\\/10\\\/EIGER-S3S-MA-eps.png?fit=1600%2C1140&ssl=1\",\"width\":1600,\"height\":1140},{\"@type\":\"BreadcrumbList\",\"@id\":\"https:\\\/\\\/mtfactor.ee\\\/?product=turvakingad-eiger-s3s-sr#breadcrumb\",\"itemListElement\":[{\"@type\":\"ListItem\",\"position\":1,\"name\":\"Home\",\"item\":\"https:\\\/\\\/mtfactor.ee\\\/\"},{\"@type\":\"ListItem\",\"position\":2,\"name\":\"Shop\",\"item\":\"https:\\\/\\\/mtfactor.ee\\\/?page_id=16726\"},{\"@type\":\"ListItem\",\"position\":3,\"name\":\"TURVAKINGAD- EIGER S3S SR\"}]},{\"@type\":\"WebSite\",\"@id\":\"https:\\\/\\\/mtfactor.ee\\\/#website\",\"url\":\"https:\\\/\\\/mtfactor.ee\\\/\",\"name\":\"MTFactor\",\"description\":\"T\u00f6\u00f6riided, T\u00f6\u00f6jalatsid, T\u00f6\u00f6kindad, Kaitsevahendid\",\"publisher\":{\"@id\":\"https:\\\/\\\/mtfactor.ee\\\/#organization\"},\"potentialAction\":[{\"@type\":\"SearchAction\",\"target\":{\"@type\":\"EntryPoint\",\"urlTemplate\":\"https:\\\/\\\/mtfactor.ee\\\/?s={search_term_string}\"},\"query-input\":{\"@type\":\"PropertyValueSpecification\",\"valueRequired\":true,\"valueName\":\"search_term_string\"}}],\"inLanguage\":\"et\"},{\"@type\":\"Organization\",\"@id\":\"https:\\\/\\\/mtfactor.ee\\\/#organization\",\"name\":\"MTFactor\",\"url\":\"https:\\\/\\\/mtfactor.ee\\\/\",\"logo\":{\"@type\":\"ImageObject\",\"inLanguage\":\"et\",\"@id\":\"https:\\\/\\\/mtfactor.ee\\\/#\\\/schema\\\/logo\\\/image\\\/\",\"url\":\"https:\\\/\\\/mtfactor.ee\\\/wp-content\\\/uploads\\\/2022\\\/10\\\/logo-mtfactor.jpg\",\"contentUrl\":\"https:\\\/\\\/mtfactor.ee\\\/wp-content\\\/uploads\\\/2022\\\/10\\\/logo-mtfactor.jpg\",\"width\":1080,\"height\":1080,\"caption\":\"MTFactor\"},\"image\":{\"@id\":\"https:\\\/\\\/mtfactor.ee\\\/#\\\/schema\\\/logo\\\/image\\\/\"}}]}<\/script>\n<!-- \/ Yoast SEO plugin. -->","yoast_head_json":{"title":"T\u00f6\u00f6riided, turvajalan\u00f5ud ja t\u00f6\u00f6riistad - MTfactor","description":"Vastupidavad t\u00f6\u00f6riided ja turvajalan\u00f5ud igaks olukorraks. MTfactor pakub laias valikus isikukaitsevahendeid ning profit\u00f6\u00f6riistu (Makita, Bosch). Telli kohe!","robots":{"index":"index","follow":"follow","max-snippet":"max-snippet:-1","max-image-preview":"max-image-preview:large","max-video-preview":"max-video-preview:-1"},"canonical":"https:\/\/mtfactor.ee\/?product=turvakingad-eiger-s3s-sr","og_locale":"et_EE","og_type":"article","og_title":"T\u00f6\u00f6riided, turvajalan\u00f5ud ja t\u00f6\u00f6riistad - MTfactor","og_description":"Vastupidavad t\u00f6\u00f6riided ja turvajalan\u00f5ud igaks olukorraks. MTfactor pakub laias valikus isikukaitsevahendeid ning profit\u00f6\u00f6riistu (Makita, Bosch). Telli kohe!","og_url":"https:\/\/mtfactor.ee\/?product=turvakingad-eiger-s3s-sr","og_site_name":"MTfactor","og_image":[{"width":1123,"height":800,"url":"https:\/\/mtfactor.ee\/wp-content\/uploads\/2025\/10\/EIGER-S3S-MA-eps-1123x800.png","type":"image\/png"}],"twitter_card":"summary_large_image","twitter_misc":{"Est. reading time":"1 minut"},"schema":{"@context":"https:\/\/schema.org","@graph":[{"@type":["WebPage","ItemPage"],"@id":"https:\/\/mtfactor.ee\/?product=turvakingad-eiger-s3s-sr","url":"https:\/\/mtfactor.ee\/?product=turvakingad-eiger-s3s-sr","name":"T\u00f6\u00f6riided, turvajalan\u00f5ud ja t\u00f6\u00f6riistad - MTfactor","isPartOf":{"@id":"https:\/\/mtfactor.ee\/#website"},"primaryImageOfPage":{"@id":"https:\/\/mtfactor.ee\/?product=turvakingad-eiger-s3s-sr#primaryimage"},"image":{"@id":"https:\/\/mtfactor.ee\/?product=turvakingad-eiger-s3s-sr#primaryimage"},"thumbnailUrl":"https:\/\/i0.wp.com\/mtfactor.ee\/wp-content\/uploads\/2025\/10\/EIGER-S3S-MA-eps.png?fit=1600%2C1140&ssl=1","datePublished":"2025-10-09T05:20:54+00:00","description":"Vastupidavad t\u00f6\u00f6riided ja turvajalan\u00f5ud igaks olukorraks. MTfactor pakub laias valikus isikukaitsevahendeid ning profit\u00f6\u00f6riistu (Makita, Bosch). Telli kohe!","breadcrumb":{"@id":"https:\/\/mtfactor.ee\/?product=turvakingad-eiger-s3s-sr#breadcrumb"},"inLanguage":"et","potentialAction":[{"@type":"ReadAction","target":["https:\/\/mtfactor.ee\/?product=turvakingad-eiger-s3s-sr"]}]},{"@type":"ImageObject","inLanguage":"et","@id":"https:\/\/mtfactor.ee\/?product=turvakingad-eiger-s3s-sr#primaryimage","url":"https:\/\/i0.wp.com\/mtfactor.ee\/wp-content\/uploads\/2025\/10\/EIGER-S3S-MA-eps.png?fit=1600%2C1140&ssl=1","contentUrl":"https:\/\/i0.wp.com\/mtfactor.ee\/wp-content\/uploads\/2025\/10\/EIGER-S3S-MA-eps.png?fit=1600%2C1140&ssl=1","width":1600,"height":1140},{"@type":"BreadcrumbList","@id":"https:\/\/mtfactor.ee\/?product=turvakingad-eiger-s3s-sr#breadcrumb","itemListElement":[{"@type":"ListItem","position":1,"name":"Home","item":"https:\/\/mtfactor.ee\/"},{"@type":"ListItem","position":2,"name":"Shop","item":"https:\/\/mtfactor.ee\/?page_id=16726"},{"@type":"ListItem","position":3,"name":"TURVAKINGAD- EIGER S3S SR"}]},{"@type":"WebSite","@id":"https:\/\/mtfactor.ee\/#website","url":"https:\/\/mtfactor.ee\/","name":"MTFactor","description":"T\u00f6\u00f6riided, T\u00f6\u00f6jalatsid, T\u00f6\u00f6kindad, Kaitsevahendid","publisher":{"@id":"https:\/\/mtfactor.ee\/#organization"},"potentialAction":[{"@type":"SearchAction","target":{"@type":"EntryPoint","urlTemplate":"https:\/\/mtfactor.ee\/?s={search_term_string}"},"query-input":{"@type":"PropertyValueSpecification","valueRequired":true,"valueName":"search_term_string"}}],"inLanguage":"et"},{"@type":"Organization","@id":"https:\/\/mtfactor.ee\/#organization","name":"MTFactor","url":"https:\/\/mtfactor.ee\/","logo":{"@type":"ImageObject","inLanguage":"et","@id":"https:\/\/mtfactor.ee\/#\/schema\/logo\/image\/","url":"https:\/\/mtfactor.ee\/wp-content\/uploads\/2022\/10\/logo-mtfactor.jpg","contentUrl":"https:\/\/mtfactor.ee\/wp-content\/uploads\/2022\/10\/logo-mtfactor.jpg","width":1080,"height":1080,"caption":"MTFactor"},"image":{"@id":"https:\/\/mtfactor.ee\/#\/schema\/logo\/image\/"}}]}},"jetpack-related-posts":[],"jetpack_sharing_enabled":true,"_links":{"self":[{"href":"https:\/\/mtfactor.ee\/index.php?rest_route=\/wp\/v2\/product\/17157","targetHints":{"allow":["GET"]}}],"collection":[{"href":"https:\/\/mtfactor.ee\/index.php?rest_route=\/wp\/v2\/product"}],"about":[{"href":"https:\/\/mtfactor.ee\/index.php?rest_route=\/wp\/v2\/types\/product"}],"replies":[{"embeddable":true,"href":"https:\/\/mtfactor.ee\/index.php?rest_route=%2Fwp%2Fv2%2Fcomments&post=17157"}],"wp:featuredmedia":[{"embeddable":true,"href":"https:\/\/mtfactor.ee\/index.php?rest_route=\/wp\/v2\/media\/17158"}],"wp:attachment":[{"href":"https:\/\/mtfactor.ee\/index.php?rest_route=%2Fwp%2Fv2%2Fmedia&parent=17157"}],"wp:term":[{"taxonomy":"product_brand","embeddable":true,"href":"https:\/\/mtfactor.ee\/index.php?rest_route=%2Fwp%2Fv2%2Fproduct_brand&post=17157"},{"taxonomy":"product_cat","embeddable":true,"href":"https:\/\/mtfactor.ee\/index.php?rest_route=%2Fwp%2Fv2%2Fproduct_cat&post=17157"},{"taxonomy":"product_tag","embeddable":true,"href":"https:\/\/mtfactor.ee\/index.php?rest_route=%2Fwp%2Fv2%2Fproduct_tag&post=17157"}],"curies":[{"name":"wp","href":"https:\/\/api.w.org\/{rel}","templated":true}]}}