{"id":8617,"date":"2022-02-15T12:44:56","date_gmt":"2022-02-15T10:44:56","guid":{"rendered":"https:\/\/mtfactor.ee\/?post_type=product&#038;p=8617"},"modified":"2023-07-14T17:51:35","modified_gmt":"2023-07-14T14:51:35","slug":"soojendusega-toopuksid-tunked-iceberg","status":"publish","type":"product","link":"https:\/\/mtfactor.ee\/en?product=soojendusega-toopuksid-tunked-iceberg","title":{"rendered":"Soojendusega t\u00f6\u00f6p\u00fcksid &#8211; tunked ICEBERG"},"content":{"rendered":"<ul>\n<li>Soojendusega t\u00f6\u00f6p\u00fcksid.<\/li>\n<li>Tihendatud \u00f5mblused.<\/li>\n<li>Reguleeritav v\u00f6\u00f6koht elastse pingutusn\u00f6\u00f6riga.<\/li>\n<li>Reguleeritavad traksid.<\/li>\n<li>Eelvormitud ja tugevdatud p\u00f5lved. 5 taskut.<\/li>\n<li>Kangas: pol\u00fcuretaankattega Oxford pol\u00fcester.<\/li>\n<li>Vooder: tepitud pol\u00fcestertaft.<\/li>\n<\/ul>\n","protected":false},"excerpt":{"rendered":"<p>Soojendusega t\u00f6\u00f6p\u00fcksid. Tihendatud \u00f5mblused. Reguleeritav v\u00f6\u00f6koht elastse pingutusn\u00f6\u00f6riga. Reguleeritavad traksid. Eelvormitud ja tugevdatud p\u00f5lved. 5 taskut. Kangas: pol\u00fcuretaankattega Oxford pol\u00fcester.<\/p>\n","protected":false},"featured_media":8621,"comment_status":"closed","ping_status":"closed","template":"","meta":[],"product_brand":[],"product_cat":[110,85,71],"product_tag":[],"class_list":{"0":"post-8617","1":"product","2":"type-product","3":"status-publish","4":"has-post-thumbnail","6":"product_cat-erinevad-toostusharud","7":"product_cat-toopuksid","8":"product_cat-tooriided","10":"first","11":"instock","12":"taxable","13":"shipping-taxable","14":"purchasable","15":"product-type-variable"},"yoast_head":"<!-- This site is optimized with the Yoast SEO plugin v27.6 - https:\/\/yoast.com\/product\/yoast-seo-wordpress\/ -->\n<title>T\u00f6\u00f6riided, turvajalan\u00f5ud ja t\u00f6\u00f6riistad - MTfactor<\/title>\n<meta name=\"description\" content=\"Reguleeritavate traksidega soojad t\u00f6\u00f6p\u00fcksid - tunked ICEBERG. Tihendatud \u00f5mblused, Reguleeritav v\u00f6\u00f6koht elastse pingutusn\u00f6\u00f6riga. L\u00e4hemalt MTFactor lehel.\" \/>\n<meta name=\"robots\" content=\"index, follow, max-snippet:-1, max-image-preview:large, max-video-preview:-1\" \/>\n<link rel=\"canonical\" href=\"https:\/\/mtfactor.ee\/en?product=soojendusega-toopuksid-tunked-iceberg\" \/>\n<meta property=\"og:locale\" content=\"en_US\" \/>\n<meta property=\"og:type\" content=\"article\" \/>\n<meta property=\"og:title\" content=\"T\u00f6\u00f6riided, turvajalan\u00f5ud ja t\u00f6\u00f6riistad - MTfactor\" \/>\n<meta property=\"og:description\" content=\"Reguleeritavate traksidega soojad t\u00f6\u00f6p\u00fcksid - tunked ICEBERG. Tihendatud \u00f5mblused, Reguleeritav v\u00f6\u00f6koht elastse pingutusn\u00f6\u00f6riga. L\u00e4hemalt MTFactor lehel.\" \/>\n<meta property=\"og:url\" content=\"https:\/\/mtfactor.ee\/en?product=soojendusega-toopuksid-tunked-iceberg\" \/>\n<meta property=\"og:site_name\" content=\"MTfactor\" \/>\n<meta property=\"article:modified_time\" content=\"2023-07-14T14:51:35+00:00\" \/>\n<meta property=\"og:image\" content=\"https:\/\/mtfactor.ee\/wp-content\/uploads\/2022\/02\/ICEBERG-BM.jpg\" \/>\n\t<meta property=\"og:image:width\" content=\"800\" \/>\n\t<meta property=\"og:image:height\" content=\"800\" \/>\n\t<meta property=\"og:image:type\" content=\"image\/jpeg\" \/>\n<meta name=\"twitter:card\" content=\"summary_large_image\" \/>\n<meta name=\"twitter:label1\" content=\"Est. reading time\" \/>\n\t<meta name=\"twitter:data1\" content=\"1 minute\" \/>\n<script type=\"application\/ld+json\" class=\"yoast-schema-graph\">{\"@context\":\"https:\\\/\\\/schema.org\",\"@graph\":[{\"@type\":[\"WebPage\",\"ItemPage\"],\"@id\":\"https:\\\/\\\/mtfactor.ee\\\/en?product=soojendusega-toopuksid-tunked-iceberg\",\"url\":\"https:\\\/\\\/mtfactor.ee\\\/en?product=soojendusega-toopuksid-tunked-iceberg\",\"name\":\"T\u00f6\u00f6riided, turvajalan\u00f5ud ja t\u00f6\u00f6riistad - MTfactor\",\"isPartOf\":{\"@id\":\"https:\\\/\\\/mtfactor.ee\\\/en#website\"},\"primaryImageOfPage\":{\"@id\":\"https:\\\/\\\/mtfactor.ee\\\/en?product=soojendusega-toopuksid-tunked-iceberg#primaryimage\"},\"image\":{\"@id\":\"https:\\\/\\\/mtfactor.ee\\\/en?product=soojendusega-toopuksid-tunked-iceberg#primaryimage\"},\"thumbnailUrl\":\"https:\\\/\\\/i0.wp.com\\\/mtfactor.ee\\\/wp-content\\\/uploads\\\/2022\\\/02\\\/ICEBERG-BM.jpg?fit=800%2C800&ssl=1\",\"datePublished\":\"2022-02-15T10:44:56+00:00\",\"dateModified\":\"2023-07-14T14:51:35+00:00\",\"description\":\"Reguleeritavate traksidega soojad t\u00f6\u00f6p\u00fcksid - tunked ICEBERG. Tihendatud \u00f5mblused, Reguleeritav v\u00f6\u00f6koht elastse pingutusn\u00f6\u00f6riga. L\u00e4hemalt MTFactor lehel.\",\"breadcrumb\":{\"@id\":\"https:\\\/\\\/mtfactor.ee\\\/en?product=soojendusega-toopuksid-tunked-iceberg#breadcrumb\"},\"inLanguage\":\"en-US\",\"potentialAction\":[{\"@type\":\"ReadAction\",\"target\":[\"https:\\\/\\\/mtfactor.ee\\\/en?product=soojendusega-toopuksid-tunked-iceberg\"]}]},{\"@type\":\"ImageObject\",\"inLanguage\":\"en-US\",\"@id\":\"https:\\\/\\\/mtfactor.ee\\\/en?product=soojendusega-toopuksid-tunked-iceberg#primaryimage\",\"url\":\"https:\\\/\\\/i0.wp.com\\\/mtfactor.ee\\\/wp-content\\\/uploads\\\/2022\\\/02\\\/ICEBERG-BM.jpg?fit=800%2C800&ssl=1\",\"contentUrl\":\"https:\\\/\\\/i0.wp.com\\\/mtfactor.ee\\\/wp-content\\\/uploads\\\/2022\\\/02\\\/ICEBERG-BM.jpg?fit=800%2C800&ssl=1\",\"width\":800,\"height\":800,\"caption\":\"Soojendusega t\u00f6\u00f6p\u00fcksid - tunked ICEBERG\"},{\"@type\":\"BreadcrumbList\",\"@id\":\"https:\\\/\\\/mtfactor.ee\\\/en?product=soojendusega-toopuksid-tunked-iceberg#breadcrumb\",\"itemListElement\":[{\"@type\":\"ListItem\",\"position\":1,\"name\":\"Home\",\"item\":\"https:\\\/\\\/mtfactor.ee\\\/en\"},{\"@type\":\"ListItem\",\"position\":2,\"name\":\"Tooted\",\"item\":\"https:\\\/\\\/mtfactor.ee\\\/en?page_id=5\"},{\"@type\":\"ListItem\",\"position\":3,\"name\":\"Soojendusega t\u00f6\u00f6p\u00fcksid &#8211; tunked ICEBERG\"}]},{\"@type\":\"WebSite\",\"@id\":\"https:\\\/\\\/mtfactor.ee\\\/en#website\",\"url\":\"https:\\\/\\\/mtfactor.ee\\\/en\",\"name\":\"MTFactor\",\"description\":\"T\u00f6\u00f6riided, T\u00f6\u00f6jalatsid, T\u00f6\u00f6kindad, Kaitsevahendid\",\"publisher\":{\"@id\":\"https:\\\/\\\/mtfactor.ee\\\/en#organization\"},\"potentialAction\":[{\"@type\":\"SearchAction\",\"target\":{\"@type\":\"EntryPoint\",\"urlTemplate\":\"https:\\\/\\\/mtfactor.ee\\\/en?s={search_term_string}\"},\"query-input\":{\"@type\":\"PropertyValueSpecification\",\"valueRequired\":true,\"valueName\":\"search_term_string\"}}],\"inLanguage\":\"en-US\"},{\"@type\":\"Organization\",\"@id\":\"https:\\\/\\\/mtfactor.ee\\\/en#organization\",\"name\":\"MTFactor\",\"url\":\"https:\\\/\\\/mtfactor.ee\\\/en\",\"logo\":{\"@type\":\"ImageObject\",\"inLanguage\":\"en-US\",\"@id\":\"https:\\\/\\\/mtfactor.ee\\\/en#\\\/schema\\\/logo\\\/image\\\/\",\"url\":\"https:\\\/\\\/mtfactor.ee\\\/wp-content\\\/uploads\\\/2022\\\/10\\\/logo-mtfactor.jpg\",\"contentUrl\":\"https:\\\/\\\/mtfactor.ee\\\/wp-content\\\/uploads\\\/2022\\\/10\\\/logo-mtfactor.jpg\",\"width\":1080,\"height\":1080,\"caption\":\"MTFactor\"},\"image\":{\"@id\":\"https:\\\/\\\/mtfactor.ee\\\/en#\\\/schema\\\/logo\\\/image\\\/\"}}]}<\/script>\n<!-- \/ Yoast SEO plugin. -->","yoast_head_json":{"title":"T\u00f6\u00f6riided, turvajalan\u00f5ud ja t\u00f6\u00f6riistad - MTfactor","description":"Reguleeritavate traksidega soojad t\u00f6\u00f6p\u00fcksid - tunked ICEBERG. Tihendatud \u00f5mblused, Reguleeritav v\u00f6\u00f6koht elastse pingutusn\u00f6\u00f6riga. L\u00e4hemalt MTFactor lehel.","robots":{"index":"index","follow":"follow","max-snippet":"max-snippet:-1","max-image-preview":"max-image-preview:large","max-video-preview":"max-video-preview:-1"},"canonical":"https:\/\/mtfactor.ee\/en?product=soojendusega-toopuksid-tunked-iceberg","og_locale":"en_US","og_type":"article","og_title":"T\u00f6\u00f6riided, turvajalan\u00f5ud ja t\u00f6\u00f6riistad - MTfactor","og_description":"Reguleeritavate traksidega soojad t\u00f6\u00f6p\u00fcksid - tunked ICEBERG. Tihendatud \u00f5mblused, Reguleeritav v\u00f6\u00f6koht elastse pingutusn\u00f6\u00f6riga. L\u00e4hemalt MTFactor lehel.","og_url":"https:\/\/mtfactor.ee\/en?product=soojendusega-toopuksid-tunked-iceberg","og_site_name":"MTfactor","article_modified_time":"2023-07-14T14:51:35+00:00","og_image":[{"width":800,"height":800,"url":"https:\/\/mtfactor.ee\/wp-content\/uploads\/2022\/02\/ICEBERG-BM.jpg","type":"image\/jpeg"}],"twitter_card":"summary_large_image","twitter_misc":{"Est. reading time":"1 minute"},"schema":{"@context":"https:\/\/schema.org","@graph":[{"@type":["WebPage","ItemPage"],"@id":"https:\/\/mtfactor.ee\/en?product=soojendusega-toopuksid-tunked-iceberg","url":"https:\/\/mtfactor.ee\/en?product=soojendusega-toopuksid-tunked-iceberg","name":"T\u00f6\u00f6riided, turvajalan\u00f5ud ja t\u00f6\u00f6riistad - MTfactor","isPartOf":{"@id":"https:\/\/mtfactor.ee\/en#website"},"primaryImageOfPage":{"@id":"https:\/\/mtfactor.ee\/en?product=soojendusega-toopuksid-tunked-iceberg#primaryimage"},"image":{"@id":"https:\/\/mtfactor.ee\/en?product=soojendusega-toopuksid-tunked-iceberg#primaryimage"},"thumbnailUrl":"https:\/\/i0.wp.com\/mtfactor.ee\/wp-content\/uploads\/2022\/02\/ICEBERG-BM.jpg?fit=800%2C800&ssl=1","datePublished":"2022-02-15T10:44:56+00:00","dateModified":"2023-07-14T14:51:35+00:00","description":"Reguleeritavate traksidega soojad t\u00f6\u00f6p\u00fcksid - tunked ICEBERG. Tihendatud \u00f5mblused, Reguleeritav v\u00f6\u00f6koht elastse pingutusn\u00f6\u00f6riga. L\u00e4hemalt MTFactor lehel.","breadcrumb":{"@id":"https:\/\/mtfactor.ee\/en?product=soojendusega-toopuksid-tunked-iceberg#breadcrumb"},"inLanguage":"en-US","potentialAction":[{"@type":"ReadAction","target":["https:\/\/mtfactor.ee\/en?product=soojendusega-toopuksid-tunked-iceberg"]}]},{"@type":"ImageObject","inLanguage":"en-US","@id":"https:\/\/mtfactor.ee\/en?product=soojendusega-toopuksid-tunked-iceberg#primaryimage","url":"https:\/\/i0.wp.com\/mtfactor.ee\/wp-content\/uploads\/2022\/02\/ICEBERG-BM.jpg?fit=800%2C800&ssl=1","contentUrl":"https:\/\/i0.wp.com\/mtfactor.ee\/wp-content\/uploads\/2022\/02\/ICEBERG-BM.jpg?fit=800%2C800&ssl=1","width":800,"height":800,"caption":"Soojendusega t\u00f6\u00f6p\u00fcksid - tunked ICEBERG"},{"@type":"BreadcrumbList","@id":"https:\/\/mtfactor.ee\/en?product=soojendusega-toopuksid-tunked-iceberg#breadcrumb","itemListElement":[{"@type":"ListItem","position":1,"name":"Home","item":"https:\/\/mtfactor.ee\/en"},{"@type":"ListItem","position":2,"name":"Tooted","item":"https:\/\/mtfactor.ee\/en?page_id=5"},{"@type":"ListItem","position":3,"name":"Soojendusega t\u00f6\u00f6p\u00fcksid &#8211; tunked ICEBERG"}]},{"@type":"WebSite","@id":"https:\/\/mtfactor.ee\/en#website","url":"https:\/\/mtfactor.ee\/en","name":"MTFactor","description":"T\u00f6\u00f6riided, T\u00f6\u00f6jalatsid, T\u00f6\u00f6kindad, Kaitsevahendid","publisher":{"@id":"https:\/\/mtfactor.ee\/en#organization"},"potentialAction":[{"@type":"SearchAction","target":{"@type":"EntryPoint","urlTemplate":"https:\/\/mtfactor.ee\/en?s={search_term_string}"},"query-input":{"@type":"PropertyValueSpecification","valueRequired":true,"valueName":"search_term_string"}}],"inLanguage":"en-US"},{"@type":"Organization","@id":"https:\/\/mtfactor.ee\/en#organization","name":"MTFactor","url":"https:\/\/mtfactor.ee\/en","logo":{"@type":"ImageObject","inLanguage":"en-US","@id":"https:\/\/mtfactor.ee\/en#\/schema\/logo\/image\/","url":"https:\/\/mtfactor.ee\/wp-content\/uploads\/2022\/10\/logo-mtfactor.jpg","contentUrl":"https:\/\/mtfactor.ee\/wp-content\/uploads\/2022\/10\/logo-mtfactor.jpg","width":1080,"height":1080,"caption":"MTFactor"},"image":{"@id":"https:\/\/mtfactor.ee\/en#\/schema\/logo\/image\/"}}]}},"jetpack-related-posts":[],"jetpack_sharing_enabled":true,"_links":{"self":[{"href":"https:\/\/mtfactor.ee\/en\/index.php?rest_route=\/wp\/v2\/product\/8617","targetHints":{"allow":["GET"]}}],"collection":[{"href":"https:\/\/mtfactor.ee\/en\/index.php?rest_route=\/wp\/v2\/product"}],"about":[{"href":"https:\/\/mtfactor.ee\/en\/index.php?rest_route=\/wp\/v2\/types\/product"}],"replies":[{"embeddable":true,"href":"https:\/\/mtfactor.ee\/en\/index.php?rest_route=%2Fwp%2Fv2%2Fcomments&post=8617"}],"wp:featuredmedia":[{"embeddable":true,"href":"https:\/\/mtfactor.ee\/en\/index.php?rest_route=\/wp\/v2\/media\/8621"}],"wp:attachment":[{"href":"https:\/\/mtfactor.ee\/en\/index.php?rest_route=%2Fwp%2Fv2%2Fmedia&parent=8617"}],"wp:term":[{"taxonomy":"product_brand","embeddable":true,"href":"https:\/\/mtfactor.ee\/en\/index.php?rest_route=%2Fwp%2Fv2%2Fproduct_brand&post=8617"},{"taxonomy":"product_cat","embeddable":true,"href":"https:\/\/mtfactor.ee\/en\/index.php?rest_route=%2Fwp%2Fv2%2Fproduct_cat&post=8617"},{"taxonomy":"product_tag","embeddable":true,"href":"https:\/\/mtfactor.ee\/en\/index.php?rest_route=%2Fwp%2Fv2%2Fproduct_tag&post=8617"}],"curies":[{"name":"wp","href":"https:\/\/api.w.org\/{rel}","templated":true}]}}