{"id":8552,"date":"2022-02-15T11:26:34","date_gmt":"2022-02-15T09:26:34","guid":{"rendered":"https:\/\/mtfactor.ee\/?post_type=product&#038;p=8552"},"modified":"2023-07-20T15:28:30","modified_gmt":"2023-07-20T12:28:30","slug":"uhekordne-kombe-5tk-dt221-ja-tasuta-10-maski","status":"publish","type":"product","link":"https:\/\/mtfactor.ee\/en?product=uhekordne-kombe-5tk-dt221-ja-tasuta-10-maski","title":{"rendered":"\u00dchekordne kombe 5tk DT221 ja TASUTA 10 maski"},"content":{"rendered":"<p>\u00dchekordne kombe 5tk DT221 ja TASUTA 10 maski M1100VB<\/p>\n<p><strong>Kombe DT221:\u00a0<\/strong><\/p>\n<ul>\n<li>\u00a0T\u00fc\u00fcp 5\/6. Riie SMMS DELTATEK 6000.<\/li>\n<li>Kleepriba all lukuga sulgur.<\/li>\n<li>Pahkluude, v\u00f6\u00f6koha ja pea \u00fcmbert elastne.<\/li>\n<li>Antistaatiline.<\/li>\n<li>\u00dchekordne.<\/li>\n<li>Vaakumpakendis.<\/li>\n<li>DELTATEK 6000 lausriie: 100% SMMS 60 g \/ m\u00b2.<\/li>\n<li>S (pol\u00fcprop\u00fcleen) &#8211; MM (mitu kihti sulatatud puhutud pol\u00fcprop\u00fcleeni) &#8211; S (pol\u00fcprop\u00fcleen).<\/li>\n<\/ul>\n<p><strong>Mask M1100VB:<\/strong><\/p>\n<p>S\u00fcnteetilisest mittekootud kangast l\u00fchiajaliselt kasutatavat filtreerivat poolmaski FFP1. Reguleeritav ninaklamber. K\u00f5rge efektiivsusega v\u00e4ljahingamisventiil. H\u00fcgieeniline individuaalne pakend. Valikuline DOLOMITE DUST test parema hingamismugavuse tagamiseks.<br \/>\nFFP1 NR D<\/p>\n<p>Meie, DELTA PLUS GROUP, kinnitame, et toote M1100VBC tootmisprotsessis ei kasutata grafeeni.<br \/>\nPoolmask: s\u00fcnteetiline fliis.<br \/>\nRihmad: elastne riba.<\/p>\n","protected":false},"excerpt":{"rendered":"<p>Kombinesoon kummipaelaga \u00e4\u00e4ristatud kapuutsiga.<\/p>\n","protected":false},"featured_media":16202,"comment_status":"closed","ping_status":"closed","template":"","meta":[],"product_brand":[],"product_cat":[110,21,71,88],"product_tag":[],"class_list":{"0":"post-8552","1":"product","2":"type-product","3":"status-publish","4":"has-post-thumbnail","6":"product_cat-erinevad-toostusharud","7":"product_cat-maaramata","8":"product_cat-tooriided","9":"product_cat-uhekordsed-tooriided","11":"first","12":"instock","13":"taxable","14":"shipping-taxable","15":"purchasable","16":"product-type-variable"},"yoast_head":"<!-- This site is optimized with the Yoast SEO plugin v27.5 - https:\/\/yoast.com\/product\/yoast-seo-wordpress\/ -->\n<title>T\u00f6\u00f6riided, turvajalan\u00f5ud ja t\u00f6\u00f6riistad - MTfactor<\/title>\n<meta name=\"description\" content=\"Antistaatiline \u00fchekordne kombe DT221 vaakumpakendis. Pahkluude, v\u00f6\u00f6koha ja pea \u00fcmbert elastne. Kummipaelaga \u00e4\u00e4ristatud kapuuts. L\u00e4hemalt MTFactor lehel.\" \/>\n<meta name=\"robots\" content=\"index, follow, max-snippet:-1, max-image-preview:large, max-video-preview:-1\" \/>\n<link rel=\"canonical\" href=\"https:\/\/mtfactor.ee\/en?product=uhekordne-kombe-5tk-dt221-ja-tasuta-10-maski\" \/>\n<meta property=\"og:locale\" content=\"en_US\" \/>\n<meta property=\"og:type\" content=\"article\" \/>\n<meta property=\"og:title\" content=\"T\u00f6\u00f6riided, turvajalan\u00f5ud ja t\u00f6\u00f6riistad - MTfactor\" \/>\n<meta property=\"og:description\" content=\"Antistaatiline \u00fchekordne kombe DT221 vaakumpakendis. Pahkluude, v\u00f6\u00f6koha ja pea \u00fcmbert elastne. Kummipaelaga \u00e4\u00e4ristatud kapuuts. L\u00e4hemalt MTFactor lehel.\" \/>\n<meta property=\"og:url\" content=\"https:\/\/mtfactor.ee\/en?product=uhekordne-kombe-5tk-dt221-ja-tasuta-10-maski\" \/>\n<meta property=\"og:site_name\" content=\"MTfactor\" \/>\n<meta property=\"article:modified_time\" content=\"2023-07-20T12:28:30+00:00\" \/>\n<meta property=\"og:image\" content=\"https:\/\/mtfactor.ee\/wp-content\/uploads\/2023\/05\/Frame-9.jpg\" \/>\n\t<meta property=\"og:image:width\" content=\"1080\" \/>\n\t<meta property=\"og:image:height\" content=\"1080\" \/>\n\t<meta property=\"og:image:type\" content=\"image\/jpeg\" \/>\n<meta name=\"twitter:card\" content=\"summary_large_image\" \/>\n<meta name=\"twitter:label1\" content=\"Est. reading time\" \/>\n\t<meta name=\"twitter:data1\" content=\"1 minute\" \/>\n<script type=\"application\/ld+json\" class=\"yoast-schema-graph\">{\"@context\":\"https:\\\/\\\/schema.org\",\"@graph\":[{\"@type\":[\"WebPage\",\"ItemPage\"],\"@id\":\"https:\\\/\\\/mtfactor.ee\\\/en?product=uhekordne-kombe-5tk-dt221-ja-tasuta-10-maski\",\"url\":\"https:\\\/\\\/mtfactor.ee\\\/en?product=uhekordne-kombe-5tk-dt221-ja-tasuta-10-maski\",\"name\":\"T\u00f6\u00f6riided, turvajalan\u00f5ud ja t\u00f6\u00f6riistad - MTfactor\",\"isPartOf\":{\"@id\":\"https:\\\/\\\/mtfactor.ee\\\/en#website\"},\"primaryImageOfPage\":{\"@id\":\"https:\\\/\\\/mtfactor.ee\\\/en?product=uhekordne-kombe-5tk-dt221-ja-tasuta-10-maski#primaryimage\"},\"image\":{\"@id\":\"https:\\\/\\\/mtfactor.ee\\\/en?product=uhekordne-kombe-5tk-dt221-ja-tasuta-10-maski#primaryimage\"},\"thumbnailUrl\":\"https:\\\/\\\/i0.wp.com\\\/mtfactor.ee\\\/wp-content\\\/uploads\\\/2023\\\/05\\\/Frame-9.jpg?fit=1080%2C1080&ssl=1\",\"datePublished\":\"2022-02-15T09:26:34+00:00\",\"dateModified\":\"2023-07-20T12:28:30+00:00\",\"description\":\"Antistaatiline \u00fchekordne kombe DT221 vaakumpakendis. Pahkluude, v\u00f6\u00f6koha ja pea \u00fcmbert elastne. Kummipaelaga \u00e4\u00e4ristatud kapuuts. L\u00e4hemalt MTFactor lehel.\",\"breadcrumb\":{\"@id\":\"https:\\\/\\\/mtfactor.ee\\\/en?product=uhekordne-kombe-5tk-dt221-ja-tasuta-10-maski#breadcrumb\"},\"inLanguage\":\"en-US\",\"potentialAction\":[{\"@type\":\"ReadAction\",\"target\":[\"https:\\\/\\\/mtfactor.ee\\\/en?product=uhekordne-kombe-5tk-dt221-ja-tasuta-10-maski\"]}]},{\"@type\":\"ImageObject\",\"inLanguage\":\"en-US\",\"@id\":\"https:\\\/\\\/mtfactor.ee\\\/en?product=uhekordne-kombe-5tk-dt221-ja-tasuta-10-maski#primaryimage\",\"url\":\"https:\\\/\\\/i0.wp.com\\\/mtfactor.ee\\\/wp-content\\\/uploads\\\/2023\\\/05\\\/Frame-9.jpg?fit=1080%2C1080&ssl=1\",\"contentUrl\":\"https:\\\/\\\/i0.wp.com\\\/mtfactor.ee\\\/wp-content\\\/uploads\\\/2023\\\/05\\\/Frame-9.jpg?fit=1080%2C1080&ssl=1\",\"width\":1080,\"height\":1080,\"caption\":\"\u00dchekordne kombe 5tk DT221 ja TASUTA 10 maski\"},{\"@type\":\"BreadcrumbList\",\"@id\":\"https:\\\/\\\/mtfactor.ee\\\/en?product=uhekordne-kombe-5tk-dt221-ja-tasuta-10-maski#breadcrumb\",\"itemListElement\":[{\"@type\":\"ListItem\",\"position\":1,\"name\":\"Home\",\"item\":\"https:\\\/\\\/mtfactor.ee\\\/en\"},{\"@type\":\"ListItem\",\"position\":2,\"name\":\"Tooted\",\"item\":\"https:\\\/\\\/mtfactor.ee\\\/en?page_id=5\"},{\"@type\":\"ListItem\",\"position\":3,\"name\":\"\u00dchekordne kombe 5tk DT221 ja TASUTA 10 maski\"}]},{\"@type\":\"WebSite\",\"@id\":\"https:\\\/\\\/mtfactor.ee\\\/en#website\",\"url\":\"https:\\\/\\\/mtfactor.ee\\\/en\",\"name\":\"MTFactor\",\"description\":\"T\u00f6\u00f6riided, T\u00f6\u00f6jalatsid, T\u00f6\u00f6kindad, Kaitsevahendid\",\"publisher\":{\"@id\":\"https:\\\/\\\/mtfactor.ee\\\/en#organization\"},\"potentialAction\":[{\"@type\":\"SearchAction\",\"target\":{\"@type\":\"EntryPoint\",\"urlTemplate\":\"https:\\\/\\\/mtfactor.ee\\\/en?s={search_term_string}\"},\"query-input\":{\"@type\":\"PropertyValueSpecification\",\"valueRequired\":true,\"valueName\":\"search_term_string\"}}],\"inLanguage\":\"en-US\"},{\"@type\":\"Organization\",\"@id\":\"https:\\\/\\\/mtfactor.ee\\\/en#organization\",\"name\":\"MTFactor\",\"url\":\"https:\\\/\\\/mtfactor.ee\\\/en\",\"logo\":{\"@type\":\"ImageObject\",\"inLanguage\":\"en-US\",\"@id\":\"https:\\\/\\\/mtfactor.ee\\\/en#\\\/schema\\\/logo\\\/image\\\/\",\"url\":\"https:\\\/\\\/mtfactor.ee\\\/wp-content\\\/uploads\\\/2022\\\/10\\\/logo-mtfactor.jpg\",\"contentUrl\":\"https:\\\/\\\/mtfactor.ee\\\/wp-content\\\/uploads\\\/2022\\\/10\\\/logo-mtfactor.jpg\",\"width\":1080,\"height\":1080,\"caption\":\"MTFactor\"},\"image\":{\"@id\":\"https:\\\/\\\/mtfactor.ee\\\/en#\\\/schema\\\/logo\\\/image\\\/\"}}]}<\/script>\n<!-- \/ Yoast SEO plugin. -->","yoast_head_json":{"title":"T\u00f6\u00f6riided, turvajalan\u00f5ud ja t\u00f6\u00f6riistad - MTfactor","description":"Antistaatiline \u00fchekordne kombe DT221 vaakumpakendis. Pahkluude, v\u00f6\u00f6koha ja pea \u00fcmbert elastne. Kummipaelaga \u00e4\u00e4ristatud kapuuts. L\u00e4hemalt MTFactor lehel.","robots":{"index":"index","follow":"follow","max-snippet":"max-snippet:-1","max-image-preview":"max-image-preview:large","max-video-preview":"max-video-preview:-1"},"canonical":"https:\/\/mtfactor.ee\/en?product=uhekordne-kombe-5tk-dt221-ja-tasuta-10-maski","og_locale":"en_US","og_type":"article","og_title":"T\u00f6\u00f6riided, turvajalan\u00f5ud ja t\u00f6\u00f6riistad - MTfactor","og_description":"Antistaatiline \u00fchekordne kombe DT221 vaakumpakendis. Pahkluude, v\u00f6\u00f6koha ja pea \u00fcmbert elastne. Kummipaelaga \u00e4\u00e4ristatud kapuuts. L\u00e4hemalt MTFactor lehel.","og_url":"https:\/\/mtfactor.ee\/en?product=uhekordne-kombe-5tk-dt221-ja-tasuta-10-maski","og_site_name":"MTfactor","article_modified_time":"2023-07-20T12:28:30+00:00","og_image":[{"width":1080,"height":1080,"url":"https:\/\/mtfactor.ee\/wp-content\/uploads\/2023\/05\/Frame-9.jpg","type":"image\/jpeg"}],"twitter_card":"summary_large_image","twitter_misc":{"Est. reading time":"1 minute"},"schema":{"@context":"https:\/\/schema.org","@graph":[{"@type":["WebPage","ItemPage"],"@id":"https:\/\/mtfactor.ee\/en?product=uhekordne-kombe-5tk-dt221-ja-tasuta-10-maski","url":"https:\/\/mtfactor.ee\/en?product=uhekordne-kombe-5tk-dt221-ja-tasuta-10-maski","name":"T\u00f6\u00f6riided, turvajalan\u00f5ud ja t\u00f6\u00f6riistad - MTfactor","isPartOf":{"@id":"https:\/\/mtfactor.ee\/en#website"},"primaryImageOfPage":{"@id":"https:\/\/mtfactor.ee\/en?product=uhekordne-kombe-5tk-dt221-ja-tasuta-10-maski#primaryimage"},"image":{"@id":"https:\/\/mtfactor.ee\/en?product=uhekordne-kombe-5tk-dt221-ja-tasuta-10-maski#primaryimage"},"thumbnailUrl":"https:\/\/i0.wp.com\/mtfactor.ee\/wp-content\/uploads\/2023\/05\/Frame-9.jpg?fit=1080%2C1080&ssl=1","datePublished":"2022-02-15T09:26:34+00:00","dateModified":"2023-07-20T12:28:30+00:00","description":"Antistaatiline \u00fchekordne kombe DT221 vaakumpakendis. Pahkluude, v\u00f6\u00f6koha ja pea \u00fcmbert elastne. Kummipaelaga \u00e4\u00e4ristatud kapuuts. L\u00e4hemalt MTFactor lehel.","breadcrumb":{"@id":"https:\/\/mtfactor.ee\/en?product=uhekordne-kombe-5tk-dt221-ja-tasuta-10-maski#breadcrumb"},"inLanguage":"en-US","potentialAction":[{"@type":"ReadAction","target":["https:\/\/mtfactor.ee\/en?product=uhekordne-kombe-5tk-dt221-ja-tasuta-10-maski"]}]},{"@type":"ImageObject","inLanguage":"en-US","@id":"https:\/\/mtfactor.ee\/en?product=uhekordne-kombe-5tk-dt221-ja-tasuta-10-maski#primaryimage","url":"https:\/\/i0.wp.com\/mtfactor.ee\/wp-content\/uploads\/2023\/05\/Frame-9.jpg?fit=1080%2C1080&ssl=1","contentUrl":"https:\/\/i0.wp.com\/mtfactor.ee\/wp-content\/uploads\/2023\/05\/Frame-9.jpg?fit=1080%2C1080&ssl=1","width":1080,"height":1080,"caption":"\u00dchekordne kombe 5tk DT221 ja TASUTA 10 maski"},{"@type":"BreadcrumbList","@id":"https:\/\/mtfactor.ee\/en?product=uhekordne-kombe-5tk-dt221-ja-tasuta-10-maski#breadcrumb","itemListElement":[{"@type":"ListItem","position":1,"name":"Home","item":"https:\/\/mtfactor.ee\/en"},{"@type":"ListItem","position":2,"name":"Tooted","item":"https:\/\/mtfactor.ee\/en?page_id=5"},{"@type":"ListItem","position":3,"name":"\u00dchekordne kombe 5tk DT221 ja TASUTA 10 maski"}]},{"@type":"WebSite","@id":"https:\/\/mtfactor.ee\/en#website","url":"https:\/\/mtfactor.ee\/en","name":"MTFactor","description":"T\u00f6\u00f6riided, T\u00f6\u00f6jalatsid, T\u00f6\u00f6kindad, Kaitsevahendid","publisher":{"@id":"https:\/\/mtfactor.ee\/en#organization"},"potentialAction":[{"@type":"SearchAction","target":{"@type":"EntryPoint","urlTemplate":"https:\/\/mtfactor.ee\/en?s={search_term_string}"},"query-input":{"@type":"PropertyValueSpecification","valueRequired":true,"valueName":"search_term_string"}}],"inLanguage":"en-US"},{"@type":"Organization","@id":"https:\/\/mtfactor.ee\/en#organization","name":"MTFactor","url":"https:\/\/mtfactor.ee\/en","logo":{"@type":"ImageObject","inLanguage":"en-US","@id":"https:\/\/mtfactor.ee\/en#\/schema\/logo\/image\/","url":"https:\/\/mtfactor.ee\/wp-content\/uploads\/2022\/10\/logo-mtfactor.jpg","contentUrl":"https:\/\/mtfactor.ee\/wp-content\/uploads\/2022\/10\/logo-mtfactor.jpg","width":1080,"height":1080,"caption":"MTFactor"},"image":{"@id":"https:\/\/mtfactor.ee\/en#\/schema\/logo\/image\/"}}]}},"jetpack-related-posts":[],"jetpack_sharing_enabled":true,"_links":{"self":[{"href":"https:\/\/mtfactor.ee\/en\/index.php?rest_route=\/wp\/v2\/product\/8552","targetHints":{"allow":["GET"]}}],"collection":[{"href":"https:\/\/mtfactor.ee\/en\/index.php?rest_route=\/wp\/v2\/product"}],"about":[{"href":"https:\/\/mtfactor.ee\/en\/index.php?rest_route=\/wp\/v2\/types\/product"}],"replies":[{"embeddable":true,"href":"https:\/\/mtfactor.ee\/en\/index.php?rest_route=%2Fwp%2Fv2%2Fcomments&post=8552"}],"wp:featuredmedia":[{"embeddable":true,"href":"https:\/\/mtfactor.ee\/en\/index.php?rest_route=\/wp\/v2\/media\/16202"}],"wp:attachment":[{"href":"https:\/\/mtfactor.ee\/en\/index.php?rest_route=%2Fwp%2Fv2%2Fmedia&parent=8552"}],"wp:term":[{"taxonomy":"product_brand","embeddable":true,"href":"https:\/\/mtfactor.ee\/en\/index.php?rest_route=%2Fwp%2Fv2%2Fproduct_brand&post=8552"},{"taxonomy":"product_cat","embeddable":true,"href":"https:\/\/mtfactor.ee\/en\/index.php?rest_route=%2Fwp%2Fv2%2Fproduct_cat&post=8552"},{"taxonomy":"product_tag","embeddable":true,"href":"https:\/\/mtfactor.ee\/en\/index.php?rest_route=%2Fwp%2Fv2%2Fproduct_tag&post=8552"}],"curies":[{"name":"wp","href":"https:\/\/api.w.org\/{rel}","templated":true}]}}