{"id":8071,"date":"2022-01-10T13:33:45","date_gmt":"2022-01-10T11:33:45","guid":{"rendered":"https:\/\/mtfactor.ee\/?post_type=product&#038;p=8071"},"modified":"2023-05-21T22:01:58","modified_gmt":"2023-05-21T19:01:58","slug":"kaitsekiiver-zircon-1","status":"publish","type":"product","link":"https:\/\/mtfactor.ee\/en?product=kaitsekiiver-zircon-1","title":{"rendered":"Kaitsekiiver ZIRCON 1"},"content":{"rendered":"<ul>\n<li>Kaitsekiiver pol\u00fcprop\u00fcleenist (PP) v\u00f5i k\u00f5rge tihedusega pol\u00fcet\u00fcleenist (HDPE), UV-kaitsega.<\/li>\n<li>Madala tihedusega pol\u00fcet\u00fcleenist (LDPE) valmistatud s\u00f5restik 8 kinnituspunktiga.<\/li>\n<li>K\u00e4snast higipael.<\/li>\n<li>Sujuva reguleerimisega vedrustus: pea \u00fcmberm\u00f5\u00f5t 53-63 cm.<\/li>\n<li>Elektriisolatsioon kuni 1000 VAC v\u00f5i 1500 VDC.<\/li>\n<li>Aasad 2- v\u00f5i 4-punktilise l\u00f5uapaela kinnitamiseks.<\/li>\n<\/ul>\n<p>&nbsp;<\/p>\n","protected":false},"excerpt":{"rendered":"<p>Kaitsekiiver pol\u00fcprop\u00fcleenist (PP) v\u00f5i k\u00f5rge tihedusega pol\u00fcet\u00fcleenist (HDPE), UV-kaitsega. Madala tihedusega pol\u00fcet\u00fcleenist (LDPE) valmistatud s\u00f5restik 8 kinnituspunktiga. K\u00e4snast higipael. Sujuva<\/p>\n","protected":false},"featured_media":8078,"comment_status":"closed","ping_status":"closed","template":"","meta":[],"product_brand":[],"product_cat":[110,69,75,280],"product_tag":[],"class_list":{"0":"post-8071","1":"product","2":"type-product","3":"status-publish","4":"has-post-thumbnail","6":"product_cat-erinevad-toostusharud","7":"product_cat-isikukaitsevahendid","8":"product_cat-peakaitse","9":"product_cat-tooriided-turvajalanoud-ja-tooriistad-mtfactor","11":"first","12":"instock","13":"taxable","14":"shipping-taxable","15":"purchasable","16":"product-type-variable"},"yoast_head":"<!-- This site is optimized with the Yoast SEO plugin v27.6 - https:\/\/yoast.com\/product\/yoast-seo-wordpress\/ -->\n<title>T\u00f6\u00f6riided, turvajalan\u00f5ud ja t\u00f6\u00f6riistad - MTfactor<\/title>\n<meta name=\"description\" content=\"Kaitsekiiver pol\u00fcprop\u00fcleenist, UV-kaitsega. Madala tihedusega s\u00f5restik 8 kinnituspunktiga. K\u00e4snast higipael. L\u00e4hemalt MTFactor lehel.\" \/>\n<meta name=\"robots\" content=\"index, follow, max-snippet:-1, max-image-preview:large, max-video-preview:-1\" \/>\n<link rel=\"canonical\" href=\"https:\/\/mtfactor.ee\/en?product=kaitsekiiver-zircon-1\" \/>\n<meta property=\"og:locale\" content=\"en_US\" \/>\n<meta property=\"og:type\" content=\"article\" \/>\n<meta property=\"og:title\" content=\"T\u00f6\u00f6riided, turvajalan\u00f5ud ja t\u00f6\u00f6riistad - MTfactor\" \/>\n<meta property=\"og:description\" content=\"Kaitsekiiver pol\u00fcprop\u00fcleenist, UV-kaitsega. Madala tihedusega s\u00f5restik 8 kinnituspunktiga. K\u00e4snast higipael. L\u00e4hemalt MTFactor lehel.\" \/>\n<meta property=\"og:url\" content=\"https:\/\/mtfactor.ee\/en?product=kaitsekiiver-zircon-1\" \/>\n<meta property=\"og:site_name\" content=\"MTfactor\" \/>\n<meta property=\"article:modified_time\" content=\"2023-05-21T19:01:58+00:00\" \/>\n<meta property=\"og:image\" content=\"https:\/\/mtfactor.ee\/wp-content\/uploads\/2022\/01\/ZIRCON-I-VE.jpg\" \/>\n\t<meta property=\"og:image:width\" content=\"800\" \/>\n\t<meta property=\"og:image:height\" content=\"800\" \/>\n\t<meta property=\"og:image:type\" content=\"image\/jpeg\" \/>\n<meta name=\"twitter:card\" content=\"summary_large_image\" \/>\n<meta name=\"twitter:label1\" content=\"Est. reading time\" \/>\n\t<meta name=\"twitter:data1\" content=\"1 minute\" \/>\n<script type=\"application\/ld+json\" class=\"yoast-schema-graph\">{\"@context\":\"https:\\\/\\\/schema.org\",\"@graph\":[{\"@type\":[\"WebPage\",\"ItemPage\"],\"@id\":\"https:\\\/\\\/mtfactor.ee\\\/en?product=kaitsekiiver-zircon-1\",\"url\":\"https:\\\/\\\/mtfactor.ee\\\/en?product=kaitsekiiver-zircon-1\",\"name\":\"T\u00f6\u00f6riided, turvajalan\u00f5ud ja t\u00f6\u00f6riistad - MTfactor\",\"isPartOf\":{\"@id\":\"https:\\\/\\\/mtfactor.ee\\\/en#website\"},\"primaryImageOfPage\":{\"@id\":\"https:\\\/\\\/mtfactor.ee\\\/en?product=kaitsekiiver-zircon-1#primaryimage\"},\"image\":{\"@id\":\"https:\\\/\\\/mtfactor.ee\\\/en?product=kaitsekiiver-zircon-1#primaryimage\"},\"thumbnailUrl\":\"https:\\\/\\\/i0.wp.com\\\/mtfactor.ee\\\/wp-content\\\/uploads\\\/2022\\\/01\\\/ZIRCON-I-VE.jpg?fit=800%2C800&ssl=1\",\"datePublished\":\"2022-01-10T11:33:45+00:00\",\"dateModified\":\"2023-05-21T19:01:58+00:00\",\"description\":\"Kaitsekiiver pol\u00fcprop\u00fcleenist, UV-kaitsega. Madala tihedusega s\u00f5restik 8 kinnituspunktiga. K\u00e4snast higipael. L\u00e4hemalt MTFactor lehel.\",\"breadcrumb\":{\"@id\":\"https:\\\/\\\/mtfactor.ee\\\/en?product=kaitsekiiver-zircon-1#breadcrumb\"},\"inLanguage\":\"en-US\",\"potentialAction\":[{\"@type\":\"ReadAction\",\"target\":[\"https:\\\/\\\/mtfactor.ee\\\/en?product=kaitsekiiver-zircon-1\"]}]},{\"@type\":\"ImageObject\",\"inLanguage\":\"en-US\",\"@id\":\"https:\\\/\\\/mtfactor.ee\\\/en?product=kaitsekiiver-zircon-1#primaryimage\",\"url\":\"https:\\\/\\\/i0.wp.com\\\/mtfactor.ee\\\/wp-content\\\/uploads\\\/2022\\\/01\\\/ZIRCON-I-VE.jpg?fit=800%2C800&ssl=1\",\"contentUrl\":\"https:\\\/\\\/i0.wp.com\\\/mtfactor.ee\\\/wp-content\\\/uploads\\\/2022\\\/01\\\/ZIRCON-I-VE.jpg?fit=800%2C800&ssl=1\",\"width\":800,\"height\":800,\"caption\":\"Kaitsekiiver ZIRCON 1\"},{\"@type\":\"BreadcrumbList\",\"@id\":\"https:\\\/\\\/mtfactor.ee\\\/en?product=kaitsekiiver-zircon-1#breadcrumb\",\"itemListElement\":[{\"@type\":\"ListItem\",\"position\":1,\"name\":\"Home\",\"item\":\"https:\\\/\\\/mtfactor.ee\\\/en\"},{\"@type\":\"ListItem\",\"position\":2,\"name\":\"Tooted\",\"item\":\"https:\\\/\\\/mtfactor.ee\\\/en?page_id=5\"},{\"@type\":\"ListItem\",\"position\":3,\"name\":\"Kaitsekiiver ZIRCON 1\"}]},{\"@type\":\"WebSite\",\"@id\":\"https:\\\/\\\/mtfactor.ee\\\/en#website\",\"url\":\"https:\\\/\\\/mtfactor.ee\\\/en\",\"name\":\"MTFactor\",\"description\":\"T\u00f6\u00f6riided, T\u00f6\u00f6jalatsid, T\u00f6\u00f6kindad, Kaitsevahendid\",\"publisher\":{\"@id\":\"https:\\\/\\\/mtfactor.ee\\\/en#organization\"},\"potentialAction\":[{\"@type\":\"SearchAction\",\"target\":{\"@type\":\"EntryPoint\",\"urlTemplate\":\"https:\\\/\\\/mtfactor.ee\\\/en?s={search_term_string}\"},\"query-input\":{\"@type\":\"PropertyValueSpecification\",\"valueRequired\":true,\"valueName\":\"search_term_string\"}}],\"inLanguage\":\"en-US\"},{\"@type\":\"Organization\",\"@id\":\"https:\\\/\\\/mtfactor.ee\\\/en#organization\",\"name\":\"MTFactor\",\"url\":\"https:\\\/\\\/mtfactor.ee\\\/en\",\"logo\":{\"@type\":\"ImageObject\",\"inLanguage\":\"en-US\",\"@id\":\"https:\\\/\\\/mtfactor.ee\\\/en#\\\/schema\\\/logo\\\/image\\\/\",\"url\":\"https:\\\/\\\/mtfactor.ee\\\/wp-content\\\/uploads\\\/2022\\\/10\\\/logo-mtfactor.jpg\",\"contentUrl\":\"https:\\\/\\\/mtfactor.ee\\\/wp-content\\\/uploads\\\/2022\\\/10\\\/logo-mtfactor.jpg\",\"width\":1080,\"height\":1080,\"caption\":\"MTFactor\"},\"image\":{\"@id\":\"https:\\\/\\\/mtfactor.ee\\\/en#\\\/schema\\\/logo\\\/image\\\/\"}}]}<\/script>\n<!-- \/ Yoast SEO plugin. -->","yoast_head_json":{"title":"T\u00f6\u00f6riided, turvajalan\u00f5ud ja t\u00f6\u00f6riistad - MTfactor","description":"Kaitsekiiver pol\u00fcprop\u00fcleenist, UV-kaitsega. Madala tihedusega s\u00f5restik 8 kinnituspunktiga. K\u00e4snast higipael. L\u00e4hemalt MTFactor lehel.","robots":{"index":"index","follow":"follow","max-snippet":"max-snippet:-1","max-image-preview":"max-image-preview:large","max-video-preview":"max-video-preview:-1"},"canonical":"https:\/\/mtfactor.ee\/en?product=kaitsekiiver-zircon-1","og_locale":"en_US","og_type":"article","og_title":"T\u00f6\u00f6riided, turvajalan\u00f5ud ja t\u00f6\u00f6riistad - MTfactor","og_description":"Kaitsekiiver pol\u00fcprop\u00fcleenist, UV-kaitsega. Madala tihedusega s\u00f5restik 8 kinnituspunktiga. K\u00e4snast higipael. L\u00e4hemalt MTFactor lehel.","og_url":"https:\/\/mtfactor.ee\/en?product=kaitsekiiver-zircon-1","og_site_name":"MTfactor","article_modified_time":"2023-05-21T19:01:58+00:00","og_image":[{"width":800,"height":800,"url":"https:\/\/mtfactor.ee\/wp-content\/uploads\/2022\/01\/ZIRCON-I-VE.jpg","type":"image\/jpeg"}],"twitter_card":"summary_large_image","twitter_misc":{"Est. reading time":"1 minute"},"schema":{"@context":"https:\/\/schema.org","@graph":[{"@type":["WebPage","ItemPage"],"@id":"https:\/\/mtfactor.ee\/en?product=kaitsekiiver-zircon-1","url":"https:\/\/mtfactor.ee\/en?product=kaitsekiiver-zircon-1","name":"T\u00f6\u00f6riided, turvajalan\u00f5ud ja t\u00f6\u00f6riistad - MTfactor","isPartOf":{"@id":"https:\/\/mtfactor.ee\/en#website"},"primaryImageOfPage":{"@id":"https:\/\/mtfactor.ee\/en?product=kaitsekiiver-zircon-1#primaryimage"},"image":{"@id":"https:\/\/mtfactor.ee\/en?product=kaitsekiiver-zircon-1#primaryimage"},"thumbnailUrl":"https:\/\/i0.wp.com\/mtfactor.ee\/wp-content\/uploads\/2022\/01\/ZIRCON-I-VE.jpg?fit=800%2C800&ssl=1","datePublished":"2022-01-10T11:33:45+00:00","dateModified":"2023-05-21T19:01:58+00:00","description":"Kaitsekiiver pol\u00fcprop\u00fcleenist, UV-kaitsega. Madala tihedusega s\u00f5restik 8 kinnituspunktiga. K\u00e4snast higipael. L\u00e4hemalt MTFactor lehel.","breadcrumb":{"@id":"https:\/\/mtfactor.ee\/en?product=kaitsekiiver-zircon-1#breadcrumb"},"inLanguage":"en-US","potentialAction":[{"@type":"ReadAction","target":["https:\/\/mtfactor.ee\/en?product=kaitsekiiver-zircon-1"]}]},{"@type":"ImageObject","inLanguage":"en-US","@id":"https:\/\/mtfactor.ee\/en?product=kaitsekiiver-zircon-1#primaryimage","url":"https:\/\/i0.wp.com\/mtfactor.ee\/wp-content\/uploads\/2022\/01\/ZIRCON-I-VE.jpg?fit=800%2C800&ssl=1","contentUrl":"https:\/\/i0.wp.com\/mtfactor.ee\/wp-content\/uploads\/2022\/01\/ZIRCON-I-VE.jpg?fit=800%2C800&ssl=1","width":800,"height":800,"caption":"Kaitsekiiver ZIRCON 1"},{"@type":"BreadcrumbList","@id":"https:\/\/mtfactor.ee\/en?product=kaitsekiiver-zircon-1#breadcrumb","itemListElement":[{"@type":"ListItem","position":1,"name":"Home","item":"https:\/\/mtfactor.ee\/en"},{"@type":"ListItem","position":2,"name":"Tooted","item":"https:\/\/mtfactor.ee\/en?page_id=5"},{"@type":"ListItem","position":3,"name":"Kaitsekiiver ZIRCON 1"}]},{"@type":"WebSite","@id":"https:\/\/mtfactor.ee\/en#website","url":"https:\/\/mtfactor.ee\/en","name":"MTFactor","description":"T\u00f6\u00f6riided, T\u00f6\u00f6jalatsid, T\u00f6\u00f6kindad, Kaitsevahendid","publisher":{"@id":"https:\/\/mtfactor.ee\/en#organization"},"potentialAction":[{"@type":"SearchAction","target":{"@type":"EntryPoint","urlTemplate":"https:\/\/mtfactor.ee\/en?s={search_term_string}"},"query-input":{"@type":"PropertyValueSpecification","valueRequired":true,"valueName":"search_term_string"}}],"inLanguage":"en-US"},{"@type":"Organization","@id":"https:\/\/mtfactor.ee\/en#organization","name":"MTFactor","url":"https:\/\/mtfactor.ee\/en","logo":{"@type":"ImageObject","inLanguage":"en-US","@id":"https:\/\/mtfactor.ee\/en#\/schema\/logo\/image\/","url":"https:\/\/mtfactor.ee\/wp-content\/uploads\/2022\/10\/logo-mtfactor.jpg","contentUrl":"https:\/\/mtfactor.ee\/wp-content\/uploads\/2022\/10\/logo-mtfactor.jpg","width":1080,"height":1080,"caption":"MTFactor"},"image":{"@id":"https:\/\/mtfactor.ee\/en#\/schema\/logo\/image\/"}}]}},"jetpack-related-posts":[],"jetpack_sharing_enabled":true,"_links":{"self":[{"href":"https:\/\/mtfactor.ee\/en\/index.php?rest_route=\/wp\/v2\/product\/8071","targetHints":{"allow":["GET"]}}],"collection":[{"href":"https:\/\/mtfactor.ee\/en\/index.php?rest_route=\/wp\/v2\/product"}],"about":[{"href":"https:\/\/mtfactor.ee\/en\/index.php?rest_route=\/wp\/v2\/types\/product"}],"replies":[{"embeddable":true,"href":"https:\/\/mtfactor.ee\/en\/index.php?rest_route=%2Fwp%2Fv2%2Fcomments&post=8071"}],"wp:featuredmedia":[{"embeddable":true,"href":"https:\/\/mtfactor.ee\/en\/index.php?rest_route=\/wp\/v2\/media\/8078"}],"wp:attachment":[{"href":"https:\/\/mtfactor.ee\/en\/index.php?rest_route=%2Fwp%2Fv2%2Fmedia&parent=8071"}],"wp:term":[{"taxonomy":"product_brand","embeddable":true,"href":"https:\/\/mtfactor.ee\/en\/index.php?rest_route=%2Fwp%2Fv2%2Fproduct_brand&post=8071"},{"taxonomy":"product_cat","embeddable":true,"href":"https:\/\/mtfactor.ee\/en\/index.php?rest_route=%2Fwp%2Fv2%2Fproduct_cat&post=8071"},{"taxonomy":"product_tag","embeddable":true,"href":"https:\/\/mtfactor.ee\/en\/index.php?rest_route=%2Fwp%2Fv2%2Fproduct_tag&post=8071"}],"curies":[{"name":"wp","href":"https:\/\/api.w.org\/{rel}","templated":true}]}}