{"id":7598,"date":"2022-01-03T09:53:41","date_gmt":"2022-01-03T07:53:41","guid":{"rendered":"https:\/\/mtfactor.ee\/?post_type=product&#038;p=7598"},"modified":"2023-07-22T20:33:21","modified_gmt":"2023-07-22T17:33:21","slug":"kapuutsiga-toojope-tatry","status":"publish","type":"product","link":"https:\/\/mtfactor.ee\/en?product=kapuutsiga-toojope-tatry","title":{"rendered":"Kapuutsiga t\u00f6\u00f6jope TATRY"},"content":{"rendered":"<div class=\"wpb-content-wrapper\"><p>[vc_row][vc_column][vc_column_text]<\/p>\n<ul>\n<li>\u00a0Tihendatud \u00f5mblused.<\/li>\n<li>Kinnitus kaetud lukuga.<\/li>\n<li>Eemaldatav, polsterdatud kapuuts.<\/li>\n<li>Reguleeritav all\u00e4\u00e4r elastse pingutusn\u00f6\u00f6riga.<\/li>\n<li>8 taskut.<\/li>\n<li>Kangas: 94% pol\u00fcester, 6% elastaan, 2 kihti lamineeritud.<\/li>\n<li>Vooder: tepitud pol\u00fcestertaft.<\/li>\n<\/ul>\n<p>[\/vc_column_text][\/vc_column][\/vc_row][vc_row][vc_column width=&#8221;1\/4&#8243;][vc_single_image image=&#8221;7600&#8243; img_size=&#8221;medium&#8221; parallax_scroll=&#8221;no&#8221; woodmart_inline=&#8221;no&#8221;][vc_column_text woodmart_inline=&#8221;no&#8221; text_larger=&#8221;no&#8221;]<\/p>\n<ul>\n<li>Veekindel ja hingav materjal WP: 8000 Mvp: 800<\/li>\n<li>Suurenenud kasutusmugavus t\u00e4nu paremale hingavusele<\/li>\n<\/ul>\n<p>[\/vc_column_text][\/vc_column][vc_column width=&#8221;1\/4&#8243;][vc_single_image image=&#8221;7601&#8243; img_size=&#8221;medium&#8221; parallax_scroll=&#8221;no&#8221; woodmart_inline=&#8221;no&#8221;][vc_column_text woodmart_inline=&#8221;no&#8221; text_larger=&#8221;no&#8221;]<\/p>\n<p style=\"text-align: center;\">Fliisvoodriga krae<\/p>\n<p style=\"text-align: center;\">Mugav kanda ja optimaalne kaitse k\u00fclma eest<\/p>\n<p>[\/vc_column_text][\/vc_column][vc_column width=&#8221;1\/4&#8243;][vc_single_image image=&#8221;7599&#8243; img_size=&#8221;medium&#8221; parallax_scroll=&#8221;no&#8221; woodmart_inline=&#8221;no&#8221;][vc_column_text woodmart_inline=&#8221;no&#8221; text_larger=&#8221;no&#8221;]<\/p>\n<p style=\"text-align: center;\">Sisemised k\u00e4tised<\/p>\n<p style=\"text-align: center;\">S\u00e4ilitab soojust<\/p>\n<p style=\"text-align: center;\">Tuulekaitse<\/p>\n<p>[\/vc_column_text][\/vc_column][vc_column width=&#8221;1\/4&#8243;][vc_single_image image=&#8221;7209&#8243; img_size=&#8221;medium&#8221; parallax_scroll=&#8221;no&#8221; woodmart_inline=&#8221;no&#8221;][vc_column_text woodmart_inline=&#8221;no&#8221; text_larger=&#8221;no&#8221;]<\/p>\n<p style=\"text-align: center;\">Parem isolatsioon k\u00fclma eest<\/p>\n<p>[\/vc_column_text][\/vc_column][\/vc_row]<\/p>\n<\/div>","protected":false},"excerpt":{"rendered":"<p>VEEKINDEL JA HINGAV JOPE, 94% POL\u00dcESTER, 6% ELASTAN<\/p>\n","protected":false},"featured_media":7602,"comment_status":"closed","ping_status":"closed","template":"","meta":[],"product_brand":[],"product_cat":[403,71],"product_tag":[],"class_list":{"0":"post-7598","1":"product","2":"type-product","3":"status-publish","4":"has-post-thumbnail","6":"product_cat-toojoped-en","7":"product_cat-tooriided","9":"first","10":"instock","11":"taxable","12":"shipping-taxable","13":"purchasable","14":"product-type-variable"},"yoast_head":"<!-- This site is optimized with the Yoast SEO plugin v27.5 - https:\/\/yoast.com\/product\/yoast-seo-wordpress\/ -->\n<title>T\u00f6\u00f6riided, turvajalan\u00f5ud ja t\u00f6\u00f6riistad - MTfactor<\/title>\n<meta name=\"description\" content=\"Veekindlast ja hingavast kangast valmistatud t\u00f6\u00f6jope TATRY eemaldatava kapuutsiga. Reguleeritav alumine \u00e4\u00e4r elastse pingutusn\u00f6\u00f6riga. L\u00e4hemalt MTFactor lehel.\" \/>\n<meta name=\"robots\" content=\"index, follow, max-snippet:-1, max-image-preview:large, max-video-preview:-1\" \/>\n<link rel=\"canonical\" href=\"https:\/\/mtfactor.ee\/en?product=kapuutsiga-toojope-tatry\" \/>\n<meta property=\"og:locale\" content=\"en_US\" \/>\n<meta property=\"og:type\" content=\"article\" \/>\n<meta property=\"og:title\" content=\"T\u00f6\u00f6riided, turvajalan\u00f5ud ja t\u00f6\u00f6riistad - MTfactor\" \/>\n<meta property=\"og:description\" content=\"Veekindlast ja hingavast kangast valmistatud t\u00f6\u00f6jope TATRY eemaldatava kapuutsiga. Reguleeritav alumine \u00e4\u00e4r elastse pingutusn\u00f6\u00f6riga. L\u00e4hemalt MTFactor lehel.\" \/>\n<meta property=\"og:url\" content=\"https:\/\/mtfactor.ee\/en?product=kapuutsiga-toojope-tatry\" \/>\n<meta property=\"og:site_name\" content=\"MTfactor\" \/>\n<meta property=\"article:modified_time\" content=\"2023-07-22T17:33:21+00:00\" \/>\n<meta property=\"og:image\" content=\"https:\/\/mtfactor.ee\/wp-content\/uploads\/2022\/01\/TATRY-hood.jpg\" \/>\n\t<meta property=\"og:image:width\" content=\"800\" \/>\n\t<meta property=\"og:image:height\" content=\"800\" \/>\n\t<meta property=\"og:image:type\" content=\"image\/jpeg\" \/>\n<meta name=\"twitter:card\" content=\"summary_large_image\" \/>\n<meta name=\"twitter:label1\" content=\"Est. reading time\" \/>\n\t<meta name=\"twitter:data1\" content=\"1 minute\" \/>\n<script type=\"application\/ld+json\" class=\"yoast-schema-graph\">{\"@context\":\"https:\\\/\\\/schema.org\",\"@graph\":[{\"@type\":[\"WebPage\",\"ItemPage\"],\"@id\":\"https:\\\/\\\/mtfactor.ee\\\/en?product=kapuutsiga-toojope-tatry\",\"url\":\"https:\\\/\\\/mtfactor.ee\\\/en?product=kapuutsiga-toojope-tatry\",\"name\":\"T\u00f6\u00f6riided, turvajalan\u00f5ud ja t\u00f6\u00f6riistad - MTfactor\",\"isPartOf\":{\"@id\":\"https:\\\/\\\/mtfactor.ee\\\/en#website\"},\"primaryImageOfPage\":{\"@id\":\"https:\\\/\\\/mtfactor.ee\\\/en?product=kapuutsiga-toojope-tatry#primaryimage\"},\"image\":{\"@id\":\"https:\\\/\\\/mtfactor.ee\\\/en?product=kapuutsiga-toojope-tatry#primaryimage\"},\"thumbnailUrl\":\"https:\\\/\\\/i0.wp.com\\\/mtfactor.ee\\\/wp-content\\\/uploads\\\/2022\\\/01\\\/TATRY-hood.jpg?fit=800%2C800&ssl=1\",\"datePublished\":\"2022-01-03T07:53:41+00:00\",\"dateModified\":\"2023-07-22T17:33:21+00:00\",\"description\":\"Veekindlast ja hingavast kangast valmistatud t\u00f6\u00f6jope TATRY eemaldatava kapuutsiga. Reguleeritav alumine \u00e4\u00e4r elastse pingutusn\u00f6\u00f6riga. L\u00e4hemalt MTFactor lehel.\",\"breadcrumb\":{\"@id\":\"https:\\\/\\\/mtfactor.ee\\\/en?product=kapuutsiga-toojope-tatry#breadcrumb\"},\"inLanguage\":\"en-US\",\"potentialAction\":[{\"@type\":\"ReadAction\",\"target\":[\"https:\\\/\\\/mtfactor.ee\\\/en?product=kapuutsiga-toojope-tatry\"]}]},{\"@type\":\"ImageObject\",\"inLanguage\":\"en-US\",\"@id\":\"https:\\\/\\\/mtfactor.ee\\\/en?product=kapuutsiga-toojope-tatry#primaryimage\",\"url\":\"https:\\\/\\\/i0.wp.com\\\/mtfactor.ee\\\/wp-content\\\/uploads\\\/2022\\\/01\\\/TATRY-hood.jpg?fit=800%2C800&ssl=1\",\"contentUrl\":\"https:\\\/\\\/i0.wp.com\\\/mtfactor.ee\\\/wp-content\\\/uploads\\\/2022\\\/01\\\/TATRY-hood.jpg?fit=800%2C800&ssl=1\",\"width\":800,\"height\":800,\"caption\":\"Kapuutsiga t\u00f6\u00f6jope TATRY\"},{\"@type\":\"BreadcrumbList\",\"@id\":\"https:\\\/\\\/mtfactor.ee\\\/en?product=kapuutsiga-toojope-tatry#breadcrumb\",\"itemListElement\":[{\"@type\":\"ListItem\",\"position\":1,\"name\":\"Home\",\"item\":\"https:\\\/\\\/mtfactor.ee\\\/en\"},{\"@type\":\"ListItem\",\"position\":2,\"name\":\"Tooted\",\"item\":\"https:\\\/\\\/mtfactor.ee\\\/en?page_id=5\"},{\"@type\":\"ListItem\",\"position\":3,\"name\":\"Kapuutsiga t\u00f6\u00f6jope TATRY\"}]},{\"@type\":\"WebSite\",\"@id\":\"https:\\\/\\\/mtfactor.ee\\\/en#website\",\"url\":\"https:\\\/\\\/mtfactor.ee\\\/en\",\"name\":\"MTFactor\",\"description\":\"T\u00f6\u00f6riided, T\u00f6\u00f6jalatsid, T\u00f6\u00f6kindad, Kaitsevahendid\",\"publisher\":{\"@id\":\"https:\\\/\\\/mtfactor.ee\\\/en#organization\"},\"potentialAction\":[{\"@type\":\"SearchAction\",\"target\":{\"@type\":\"EntryPoint\",\"urlTemplate\":\"https:\\\/\\\/mtfactor.ee\\\/en?s={search_term_string}\"},\"query-input\":{\"@type\":\"PropertyValueSpecification\",\"valueRequired\":true,\"valueName\":\"search_term_string\"}}],\"inLanguage\":\"en-US\"},{\"@type\":\"Organization\",\"@id\":\"https:\\\/\\\/mtfactor.ee\\\/en#organization\",\"name\":\"MTFactor\",\"url\":\"https:\\\/\\\/mtfactor.ee\\\/en\",\"logo\":{\"@type\":\"ImageObject\",\"inLanguage\":\"en-US\",\"@id\":\"https:\\\/\\\/mtfactor.ee\\\/en#\\\/schema\\\/logo\\\/image\\\/\",\"url\":\"https:\\\/\\\/mtfactor.ee\\\/wp-content\\\/uploads\\\/2022\\\/10\\\/logo-mtfactor.jpg\",\"contentUrl\":\"https:\\\/\\\/mtfactor.ee\\\/wp-content\\\/uploads\\\/2022\\\/10\\\/logo-mtfactor.jpg\",\"width\":1080,\"height\":1080,\"caption\":\"MTFactor\"},\"image\":{\"@id\":\"https:\\\/\\\/mtfactor.ee\\\/en#\\\/schema\\\/logo\\\/image\\\/\"}}]}<\/script>\n<!-- \/ Yoast SEO plugin. -->","yoast_head_json":{"title":"T\u00f6\u00f6riided, turvajalan\u00f5ud ja t\u00f6\u00f6riistad - MTfactor","description":"Veekindlast ja hingavast kangast valmistatud t\u00f6\u00f6jope TATRY eemaldatava kapuutsiga. Reguleeritav alumine \u00e4\u00e4r elastse pingutusn\u00f6\u00f6riga. L\u00e4hemalt MTFactor lehel.","robots":{"index":"index","follow":"follow","max-snippet":"max-snippet:-1","max-image-preview":"max-image-preview:large","max-video-preview":"max-video-preview:-1"},"canonical":"https:\/\/mtfactor.ee\/en?product=kapuutsiga-toojope-tatry","og_locale":"en_US","og_type":"article","og_title":"T\u00f6\u00f6riided, turvajalan\u00f5ud ja t\u00f6\u00f6riistad - MTfactor","og_description":"Veekindlast ja hingavast kangast valmistatud t\u00f6\u00f6jope TATRY eemaldatava kapuutsiga. Reguleeritav alumine \u00e4\u00e4r elastse pingutusn\u00f6\u00f6riga. L\u00e4hemalt MTFactor lehel.","og_url":"https:\/\/mtfactor.ee\/en?product=kapuutsiga-toojope-tatry","og_site_name":"MTfactor","article_modified_time":"2023-07-22T17:33:21+00:00","og_image":[{"width":800,"height":800,"url":"https:\/\/mtfactor.ee\/wp-content\/uploads\/2022\/01\/TATRY-hood.jpg","type":"image\/jpeg"}],"twitter_card":"summary_large_image","twitter_misc":{"Est. reading time":"1 minute"},"schema":{"@context":"https:\/\/schema.org","@graph":[{"@type":["WebPage","ItemPage"],"@id":"https:\/\/mtfactor.ee\/en?product=kapuutsiga-toojope-tatry","url":"https:\/\/mtfactor.ee\/en?product=kapuutsiga-toojope-tatry","name":"T\u00f6\u00f6riided, turvajalan\u00f5ud ja t\u00f6\u00f6riistad - MTfactor","isPartOf":{"@id":"https:\/\/mtfactor.ee\/en#website"},"primaryImageOfPage":{"@id":"https:\/\/mtfactor.ee\/en?product=kapuutsiga-toojope-tatry#primaryimage"},"image":{"@id":"https:\/\/mtfactor.ee\/en?product=kapuutsiga-toojope-tatry#primaryimage"},"thumbnailUrl":"https:\/\/i0.wp.com\/mtfactor.ee\/wp-content\/uploads\/2022\/01\/TATRY-hood.jpg?fit=800%2C800&ssl=1","datePublished":"2022-01-03T07:53:41+00:00","dateModified":"2023-07-22T17:33:21+00:00","description":"Veekindlast ja hingavast kangast valmistatud t\u00f6\u00f6jope TATRY eemaldatava kapuutsiga. Reguleeritav alumine \u00e4\u00e4r elastse pingutusn\u00f6\u00f6riga. L\u00e4hemalt MTFactor lehel.","breadcrumb":{"@id":"https:\/\/mtfactor.ee\/en?product=kapuutsiga-toojope-tatry#breadcrumb"},"inLanguage":"en-US","potentialAction":[{"@type":"ReadAction","target":["https:\/\/mtfactor.ee\/en?product=kapuutsiga-toojope-tatry"]}]},{"@type":"ImageObject","inLanguage":"en-US","@id":"https:\/\/mtfactor.ee\/en?product=kapuutsiga-toojope-tatry#primaryimage","url":"https:\/\/i0.wp.com\/mtfactor.ee\/wp-content\/uploads\/2022\/01\/TATRY-hood.jpg?fit=800%2C800&ssl=1","contentUrl":"https:\/\/i0.wp.com\/mtfactor.ee\/wp-content\/uploads\/2022\/01\/TATRY-hood.jpg?fit=800%2C800&ssl=1","width":800,"height":800,"caption":"Kapuutsiga t\u00f6\u00f6jope TATRY"},{"@type":"BreadcrumbList","@id":"https:\/\/mtfactor.ee\/en?product=kapuutsiga-toojope-tatry#breadcrumb","itemListElement":[{"@type":"ListItem","position":1,"name":"Home","item":"https:\/\/mtfactor.ee\/en"},{"@type":"ListItem","position":2,"name":"Tooted","item":"https:\/\/mtfactor.ee\/en?page_id=5"},{"@type":"ListItem","position":3,"name":"Kapuutsiga t\u00f6\u00f6jope TATRY"}]},{"@type":"WebSite","@id":"https:\/\/mtfactor.ee\/en#website","url":"https:\/\/mtfactor.ee\/en","name":"MTFactor","description":"T\u00f6\u00f6riided, T\u00f6\u00f6jalatsid, T\u00f6\u00f6kindad, Kaitsevahendid","publisher":{"@id":"https:\/\/mtfactor.ee\/en#organization"},"potentialAction":[{"@type":"SearchAction","target":{"@type":"EntryPoint","urlTemplate":"https:\/\/mtfactor.ee\/en?s={search_term_string}"},"query-input":{"@type":"PropertyValueSpecification","valueRequired":true,"valueName":"search_term_string"}}],"inLanguage":"en-US"},{"@type":"Organization","@id":"https:\/\/mtfactor.ee\/en#organization","name":"MTFactor","url":"https:\/\/mtfactor.ee\/en","logo":{"@type":"ImageObject","inLanguage":"en-US","@id":"https:\/\/mtfactor.ee\/en#\/schema\/logo\/image\/","url":"https:\/\/mtfactor.ee\/wp-content\/uploads\/2022\/10\/logo-mtfactor.jpg","contentUrl":"https:\/\/mtfactor.ee\/wp-content\/uploads\/2022\/10\/logo-mtfactor.jpg","width":1080,"height":1080,"caption":"MTFactor"},"image":{"@id":"https:\/\/mtfactor.ee\/en#\/schema\/logo\/image\/"}}]}},"jetpack-related-posts":[],"jetpack_sharing_enabled":true,"_links":{"self":[{"href":"https:\/\/mtfactor.ee\/en\/index.php?rest_route=\/wp\/v2\/product\/7598","targetHints":{"allow":["GET"]}}],"collection":[{"href":"https:\/\/mtfactor.ee\/en\/index.php?rest_route=\/wp\/v2\/product"}],"about":[{"href":"https:\/\/mtfactor.ee\/en\/index.php?rest_route=\/wp\/v2\/types\/product"}],"replies":[{"embeddable":true,"href":"https:\/\/mtfactor.ee\/en\/index.php?rest_route=%2Fwp%2Fv2%2Fcomments&post=7598"}],"wp:featuredmedia":[{"embeddable":true,"href":"https:\/\/mtfactor.ee\/en\/index.php?rest_route=\/wp\/v2\/media\/7602"}],"wp:attachment":[{"href":"https:\/\/mtfactor.ee\/en\/index.php?rest_route=%2Fwp%2Fv2%2Fmedia&parent=7598"}],"wp:term":[{"taxonomy":"product_brand","embeddable":true,"href":"https:\/\/mtfactor.ee\/en\/index.php?rest_route=%2Fwp%2Fv2%2Fproduct_brand&post=7598"},{"taxonomy":"product_cat","embeddable":true,"href":"https:\/\/mtfactor.ee\/en\/index.php?rest_route=%2Fwp%2Fv2%2Fproduct_cat&post=7598"},{"taxonomy":"product_tag","embeddable":true,"href":"https:\/\/mtfactor.ee\/en\/index.php?rest_route=%2Fwp%2Fv2%2Fproduct_tag&post=7598"}],"curies":[{"name":"wp","href":"https:\/\/api.w.org\/{rel}","templated":true}]}}