{"id":18826,"date":"2025-11-17T12:19:31","date_gmt":"2025-11-17T10:19:31","guid":{"rendered":"https:\/\/mtfactor.ee\/?post_type=product&#038;p=18826"},"modified":"2025-11-17T12:19:32","modified_gmt":"2025-11-17T10:19:32","slug":"pusa-swabi","status":"publish","type":"product","link":"https:\/\/mtfactor.ee\/en?product=pusa-swabi","title":{"rendered":"Pusa- SWABI"},"content":{"rendered":"<p data-start=\"39\" data-end=\"55\"><strong data-start=\"39\" data-end=\"53\">Toote t\u00fc\u00fcp<\/strong><\/p>\n<p data-start=\"57\" data-end=\"99\">T\u00f6\u00f6riiete t\u00fc\u00fcp: Lukuga pusa<br data-start=\"84\" data-end=\"87\" \/>Sugu: Unisex<\/p>\n<p data-start=\"101\" data-end=\"121\"><strong data-start=\"101\" data-end=\"119\">Konstruktsioon<\/strong><\/p>\n<p data-start=\"123\" data-end=\"222\" data-is-last-node=\"\" data-is-only-node=\"\">Kraet\u00fc\u00fcp: Madal krae<br data-start=\"143\" data-end=\"146\" \/>Kinnitus: Lukuga kinnitus<br data-start=\"171\" data-end=\"174\" \/>V\u00e4lised taskud: 1 lukuga tasku \u2013 2 pealis-taskut<\/p>\n<p data-start=\"123\" data-end=\"222\" data-is-last-node=\"\" data-is-only-node=\"\"><strong data-start=\"40\" data-end=\"53\">Materjal:<\/strong> Fliis \u2013 65% taaskasutatud pol\u00fcester, 35% taaskasutatud puuvill | 320 g\/m\u00b2<br data-start=\"127\" data-end=\"130\" data-is-only-node=\"\" \/><strong data-start=\"130\" data-end=\"146\">Taskute arv:<\/strong> 3<\/p>\n","protected":false},"excerpt":{"rendered":"<p>T\u00e4islukuga k\u00f5rge kaelusega pusa, mis \u00fchendab stiili ja pehme soojuse, k\u00f5rgn\u00e4htavusega lisadega (v\u00e4lja arvatud hall variant) parema n\u00e4htavuse tagamiseks.<\/p>\n","protected":false},"featured_media":18829,"comment_status":"closed","ping_status":"closed","template":"","meta":[],"product_brand":[],"product_cat":[71,109,103,110,102,87,105,108],"product_tag":[],"class_list":{"0":"post-18826","1":"product","2":"type-product","3":"status-publish","4":"has-post-thumbnail","6":"product_cat-tooriided","7":"product_cat-avalik-haldus-ja-riigikaitse","8":"product_cat-ehitus-ja-metallitoostus","9":"product_cat-erinevad-toostusharud","10":"product_cat-pollumajandus-metsandus-ja-kalapuuk","11":"product_cat-pusad-ja-fliisid","12":"product_cat-teave-ja-suhtlus","13":"product_cat-transport-ja-ladustamine","15":"first","16":"instock","17":"taxable","18":"shipping-taxable","19":"purchasable","20":"product-type-variable"},"yoast_head":"<!-- This site is optimized with the Yoast SEO plugin v27.4 - https:\/\/yoast.com\/product\/yoast-seo-wordpress\/ -->\n<title>Pusa- SWABI | MTfactor<\/title>\n<meta name=\"description\" content=\"Pusa- SWABI | MTfactor\" \/>\n<meta name=\"robots\" content=\"index, follow, max-snippet:-1, max-image-preview:large, max-video-preview:-1\" \/>\n<link rel=\"canonical\" href=\"https:\/\/mtfactor.ee\/en?product=pusa-swabi\" \/>\n<meta property=\"og:locale\" content=\"en_US\" \/>\n<meta property=\"og:type\" content=\"article\" \/>\n<meta property=\"og:title\" content=\"Pusa- SWABI | MTfactor\" \/>\n<meta property=\"og:description\" content=\"Pusa- SWABI | MTfactor\" \/>\n<meta property=\"og:url\" content=\"https:\/\/mtfactor.ee\/en?product=pusa-swabi\" \/>\n<meta property=\"og:site_name\" content=\"MTfactor\" \/>\n<meta property=\"article:modified_time\" content=\"2025-11-17T10:19:32+00:00\" \/>\n<meta property=\"og:image\" content=\"https:\/\/mtfactor.ee\/wp-content\/uploads\/2025\/11\/Screenshot-2025-11-17-121331.png\" \/>\n\t<meta property=\"og:image:width\" content=\"535\" \/>\n\t<meta property=\"og:image:height\" content=\"511\" \/>\n\t<meta property=\"og:image:type\" content=\"image\/png\" \/>\n<meta name=\"twitter:card\" content=\"summary_large_image\" \/>\n<meta name=\"twitter:label1\" content=\"Est. reading time\" \/>\n\t<meta name=\"twitter:data1\" content=\"1 minute\" \/>\n<script type=\"application\/ld+json\" class=\"yoast-schema-graph\">{\"@context\":\"https:\\\/\\\/schema.org\",\"@graph\":[{\"@type\":[\"WebPage\",\"ItemPage\"],\"@id\":\"https:\\\/\\\/mtfactor.ee\\\/en?product=pusa-swabi\",\"url\":\"https:\\\/\\\/mtfactor.ee\\\/en?product=pusa-swabi\",\"name\":\"Pusa- SWABI | MTfactor\",\"isPartOf\":{\"@id\":\"https:\\\/\\\/mtfactor.ee\\\/en#website\"},\"primaryImageOfPage\":{\"@id\":\"https:\\\/\\\/mtfactor.ee\\\/en?product=pusa-swabi#primaryimage\"},\"image\":{\"@id\":\"https:\\\/\\\/mtfactor.ee\\\/en?product=pusa-swabi#primaryimage\"},\"thumbnailUrl\":\"https:\\\/\\\/i0.wp.com\\\/mtfactor.ee\\\/wp-content\\\/uploads\\\/2025\\\/11\\\/Screenshot-2025-11-17-121331.png?fit=535%2C511&ssl=1\",\"datePublished\":\"2025-11-17T10:19:31+00:00\",\"dateModified\":\"2025-11-17T10:19:32+00:00\",\"description\":\"Pusa- SWABI | MTfactor\",\"breadcrumb\":{\"@id\":\"https:\\\/\\\/mtfactor.ee\\\/en?product=pusa-swabi#breadcrumb\"},\"inLanguage\":\"en-US\",\"potentialAction\":[{\"@type\":\"ReadAction\",\"target\":[\"https:\\\/\\\/mtfactor.ee\\\/en?product=pusa-swabi\"]}]},{\"@type\":\"ImageObject\",\"inLanguage\":\"en-US\",\"@id\":\"https:\\\/\\\/mtfactor.ee\\\/en?product=pusa-swabi#primaryimage\",\"url\":\"https:\\\/\\\/i0.wp.com\\\/mtfactor.ee\\\/wp-content\\\/uploads\\\/2025\\\/11\\\/Screenshot-2025-11-17-121331.png?fit=535%2C511&ssl=1\",\"contentUrl\":\"https:\\\/\\\/i0.wp.com\\\/mtfactor.ee\\\/wp-content\\\/uploads\\\/2025\\\/11\\\/Screenshot-2025-11-17-121331.png?fit=535%2C511&ssl=1\",\"width\":535,\"height\":511},{\"@type\":\"BreadcrumbList\",\"@id\":\"https:\\\/\\\/mtfactor.ee\\\/en?product=pusa-swabi#breadcrumb\",\"itemListElement\":[{\"@type\":\"ListItem\",\"position\":1,\"name\":\"Home\",\"item\":\"https:\\\/\\\/mtfactor.ee\\\/en\"},{\"@type\":\"ListItem\",\"position\":2,\"name\":\"Tooted\",\"item\":\"https:\\\/\\\/mtfactor.ee\\\/en?page_id=5\"},{\"@type\":\"ListItem\",\"position\":3,\"name\":\"Pusa- SWABI\"}]},{\"@type\":\"WebSite\",\"@id\":\"https:\\\/\\\/mtfactor.ee\\\/en#website\",\"url\":\"https:\\\/\\\/mtfactor.ee\\\/en\",\"name\":\"MTFactor\",\"description\":\"T\u00f6\u00f6riided, T\u00f6\u00f6jalatsid, T\u00f6\u00f6kindad, Kaitsevahendid\",\"publisher\":{\"@id\":\"https:\\\/\\\/mtfactor.ee\\\/en#organization\"},\"potentialAction\":[{\"@type\":\"SearchAction\",\"target\":{\"@type\":\"EntryPoint\",\"urlTemplate\":\"https:\\\/\\\/mtfactor.ee\\\/en?s={search_term_string}\"},\"query-input\":{\"@type\":\"PropertyValueSpecification\",\"valueRequired\":true,\"valueName\":\"search_term_string\"}}],\"inLanguage\":\"en-US\"},{\"@type\":\"Organization\",\"@id\":\"https:\\\/\\\/mtfactor.ee\\\/en#organization\",\"name\":\"MTFactor\",\"url\":\"https:\\\/\\\/mtfactor.ee\\\/en\",\"logo\":{\"@type\":\"ImageObject\",\"inLanguage\":\"en-US\",\"@id\":\"https:\\\/\\\/mtfactor.ee\\\/en#\\\/schema\\\/logo\\\/image\\\/\",\"url\":\"https:\\\/\\\/mtfactor.ee\\\/wp-content\\\/uploads\\\/2022\\\/10\\\/logo-mtfactor.jpg\",\"contentUrl\":\"https:\\\/\\\/mtfactor.ee\\\/wp-content\\\/uploads\\\/2022\\\/10\\\/logo-mtfactor.jpg\",\"width\":1080,\"height\":1080,\"caption\":\"MTFactor\"},\"image\":{\"@id\":\"https:\\\/\\\/mtfactor.ee\\\/en#\\\/schema\\\/logo\\\/image\\\/\"}}]}<\/script>\n<!-- \/ Yoast SEO plugin. -->","yoast_head_json":{"title":"Pusa- SWABI | MTfactor","description":"Pusa- SWABI | MTfactor","robots":{"index":"index","follow":"follow","max-snippet":"max-snippet:-1","max-image-preview":"max-image-preview:large","max-video-preview":"max-video-preview:-1"},"canonical":"https:\/\/mtfactor.ee\/en?product=pusa-swabi","og_locale":"en_US","og_type":"article","og_title":"Pusa- SWABI | MTfactor","og_description":"Pusa- SWABI | MTfactor","og_url":"https:\/\/mtfactor.ee\/en?product=pusa-swabi","og_site_name":"MTfactor","article_modified_time":"2025-11-17T10:19:32+00:00","og_image":[{"width":535,"height":511,"url":"https:\/\/mtfactor.ee\/wp-content\/uploads\/2025\/11\/Screenshot-2025-11-17-121331.png","type":"image\/png"}],"twitter_card":"summary_large_image","twitter_misc":{"Est. reading time":"1 minute"},"schema":{"@context":"https:\/\/schema.org","@graph":[{"@type":["WebPage","ItemPage"],"@id":"https:\/\/mtfactor.ee\/en?product=pusa-swabi","url":"https:\/\/mtfactor.ee\/en?product=pusa-swabi","name":"Pusa- SWABI | MTfactor","isPartOf":{"@id":"https:\/\/mtfactor.ee\/en#website"},"primaryImageOfPage":{"@id":"https:\/\/mtfactor.ee\/en?product=pusa-swabi#primaryimage"},"image":{"@id":"https:\/\/mtfactor.ee\/en?product=pusa-swabi#primaryimage"},"thumbnailUrl":"https:\/\/i0.wp.com\/mtfactor.ee\/wp-content\/uploads\/2025\/11\/Screenshot-2025-11-17-121331.png?fit=535%2C511&ssl=1","datePublished":"2025-11-17T10:19:31+00:00","dateModified":"2025-11-17T10:19:32+00:00","description":"Pusa- SWABI | MTfactor","breadcrumb":{"@id":"https:\/\/mtfactor.ee\/en?product=pusa-swabi#breadcrumb"},"inLanguage":"en-US","potentialAction":[{"@type":"ReadAction","target":["https:\/\/mtfactor.ee\/en?product=pusa-swabi"]}]},{"@type":"ImageObject","inLanguage":"en-US","@id":"https:\/\/mtfactor.ee\/en?product=pusa-swabi#primaryimage","url":"https:\/\/i0.wp.com\/mtfactor.ee\/wp-content\/uploads\/2025\/11\/Screenshot-2025-11-17-121331.png?fit=535%2C511&ssl=1","contentUrl":"https:\/\/i0.wp.com\/mtfactor.ee\/wp-content\/uploads\/2025\/11\/Screenshot-2025-11-17-121331.png?fit=535%2C511&ssl=1","width":535,"height":511},{"@type":"BreadcrumbList","@id":"https:\/\/mtfactor.ee\/en?product=pusa-swabi#breadcrumb","itemListElement":[{"@type":"ListItem","position":1,"name":"Home","item":"https:\/\/mtfactor.ee\/en"},{"@type":"ListItem","position":2,"name":"Tooted","item":"https:\/\/mtfactor.ee\/en?page_id=5"},{"@type":"ListItem","position":3,"name":"Pusa- SWABI"}]},{"@type":"WebSite","@id":"https:\/\/mtfactor.ee\/en#website","url":"https:\/\/mtfactor.ee\/en","name":"MTFactor","description":"T\u00f6\u00f6riided, T\u00f6\u00f6jalatsid, T\u00f6\u00f6kindad, Kaitsevahendid","publisher":{"@id":"https:\/\/mtfactor.ee\/en#organization"},"potentialAction":[{"@type":"SearchAction","target":{"@type":"EntryPoint","urlTemplate":"https:\/\/mtfactor.ee\/en?s={search_term_string}"},"query-input":{"@type":"PropertyValueSpecification","valueRequired":true,"valueName":"search_term_string"}}],"inLanguage":"en-US"},{"@type":"Organization","@id":"https:\/\/mtfactor.ee\/en#organization","name":"MTFactor","url":"https:\/\/mtfactor.ee\/en","logo":{"@type":"ImageObject","inLanguage":"en-US","@id":"https:\/\/mtfactor.ee\/en#\/schema\/logo\/image\/","url":"https:\/\/mtfactor.ee\/wp-content\/uploads\/2022\/10\/logo-mtfactor.jpg","contentUrl":"https:\/\/mtfactor.ee\/wp-content\/uploads\/2022\/10\/logo-mtfactor.jpg","width":1080,"height":1080,"caption":"MTFactor"},"image":{"@id":"https:\/\/mtfactor.ee\/en#\/schema\/logo\/image\/"}}]}},"jetpack-related-posts":[],"jetpack_sharing_enabled":true,"_links":{"self":[{"href":"https:\/\/mtfactor.ee\/en\/index.php?rest_route=\/wp\/v2\/product\/18826","targetHints":{"allow":["GET"]}}],"collection":[{"href":"https:\/\/mtfactor.ee\/en\/index.php?rest_route=\/wp\/v2\/product"}],"about":[{"href":"https:\/\/mtfactor.ee\/en\/index.php?rest_route=\/wp\/v2\/types\/product"}],"replies":[{"embeddable":true,"href":"https:\/\/mtfactor.ee\/en\/index.php?rest_route=%2Fwp%2Fv2%2Fcomments&post=18826"}],"wp:featuredmedia":[{"embeddable":true,"href":"https:\/\/mtfactor.ee\/en\/index.php?rest_route=\/wp\/v2\/media\/18829"}],"wp:attachment":[{"href":"https:\/\/mtfactor.ee\/en\/index.php?rest_route=%2Fwp%2Fv2%2Fmedia&parent=18826"}],"wp:term":[{"taxonomy":"product_brand","embeddable":true,"href":"https:\/\/mtfactor.ee\/en\/index.php?rest_route=%2Fwp%2Fv2%2Fproduct_brand&post=18826"},{"taxonomy":"product_cat","embeddable":true,"href":"https:\/\/mtfactor.ee\/en\/index.php?rest_route=%2Fwp%2Fv2%2Fproduct_cat&post=18826"},{"taxonomy":"product_tag","embeddable":true,"href":"https:\/\/mtfactor.ee\/en\/index.php?rest_route=%2Fwp%2Fv2%2Fproduct_tag&post=18826"}],"curies":[{"name":"wp","href":"https:\/\/api.w.org\/{rel}","templated":true}]}}