{"id":18787,"date":"2025-11-17T12:11:23","date_gmt":"2025-11-17T10:11:23","guid":{"rendered":"https:\/\/mtfactor.ee\/?post_type=product&#038;p=18787"},"modified":"2025-11-17T12:11:24","modified_gmt":"2025-11-17T10:11:24","slug":"toojakk-soon","status":"publish","type":"product","link":"https:\/\/mtfactor.ee\/en?product=toojakk-soon","title":{"rendered":"T\u00f6\u00f6jakk- SOON"},"content":{"rendered":"<p data-start=\"39\" data-end=\"55\"><strong data-start=\"39\" data-end=\"53\">Toote t\u00fc\u00fcp<\/strong><\/p>\n<p data-start=\"57\" data-end=\"96\">T\u00f6\u00f6riiete t\u00fc\u00fcp: Soe jakk<br data-start=\"81\" data-end=\"84\" \/>Sugu: Unisex<\/p>\n<p data-start=\"98\" data-end=\"118\"><strong data-start=\"98\" data-end=\"116\">Konstruktsioon<\/strong><\/p>\n<p data-start=\"120\" data-end=\"331\" data-is-last-node=\"\" data-is-only-node=\"\">Kraet\u00fc\u00fcp: Madal krae<br data-start=\"140\" data-end=\"143\" \/>Kinnitus: Lukuga kinnitus<br data-start=\"168\" data-end=\"171\" \/>Varrukate suurus: Eemaldatavad varrukad<br data-start=\"210\" data-end=\"213\" \/>V\u00e4lised taskud: 3 lukuga taskut<br data-start=\"244\" data-end=\"247\" data-is-only-node=\"\" \/>Sisetaskud: 2 sisetaskut<br data-start=\"271\" data-end=\"274\" \/>Modulaarsuse valikud: Jakk varrukatega \u2013 Varrukateta jakk<\/p>\n<p data-start=\"120\" data-end=\"331\" data-is-last-node=\"\" data-is-only-node=\"\"><strong data-start=\"40\" data-end=\"53\">Materjal:<\/strong> Canvas Pongee \u2013 100% taaskasutatud pol\u00fcester | Softshell \u2013 96% taaskasutatud pol\u00fcester, 4% elastaan \u2013 kahekihiline<br data-start=\"168\" data-end=\"171\" data-is-only-node=\"\" \/><strong data-start=\"171\" data-end=\"196\">Vooder ja polsterdus:<\/strong> 100% taaskasutatud pol\u00fcester<br data-start=\"225\" data-end=\"228\" \/><strong data-start=\"228\" data-end=\"237\">Kaal:<\/strong> 290 g\/m\u00b2<br data-start=\"246\" data-end=\"249\" \/><strong data-start=\"249\" data-end=\"265\">Taskute arv:<\/strong> 5<\/p>\n","protected":false},"excerpt":{"rendered":"<p>2-\u00fches h\u00fcbriidjakk: polsterdatud kere lisasoojust tagamas, eemaldatavad veekindlad softshell-varrukad suurema liikumisvabaduse jaoks.<\/p>\n","protected":false},"featured_media":18800,"comment_status":"closed","ping_status":"closed","template":"","meta":[],"product_brand":[],"product_cat":[71,87],"product_tag":[],"class_list":{"0":"post-18787","1":"product","2":"type-product","3":"status-publish","4":"has-post-thumbnail","6":"product_cat-tooriided","7":"product_cat-pusad-ja-fliisid","9":"first","10":"instock","11":"taxable","12":"shipping-taxable","13":"purchasable","14":"product-type-variable"},"yoast_head":"<!-- This site is optimized with the Yoast SEO plugin v27.4 - https:\/\/yoast.com\/product\/yoast-seo-wordpress\/ -->\n<title>T\u00f6\u00f6jakk- SOON | MTfactor<\/title>\n<meta name=\"description\" content=\"T\u00f6\u00f6jakk- SOON | MTfactor\" \/>\n<meta name=\"robots\" content=\"index, follow, max-snippet:-1, max-image-preview:large, max-video-preview:-1\" \/>\n<link rel=\"canonical\" href=\"https:\/\/mtfactor.ee\/en?product=toojakk-soon\" \/>\n<meta property=\"og:locale\" content=\"en_US\" \/>\n<meta property=\"og:type\" content=\"article\" \/>\n<meta property=\"og:title\" content=\"T\u00f6\u00f6jakk- SOON | MTfactor\" \/>\n<meta property=\"og:description\" content=\"T\u00f6\u00f6jakk- SOON | MTfactor\" \/>\n<meta property=\"og:url\" content=\"https:\/\/mtfactor.ee\/en?product=toojakk-soon\" \/>\n<meta property=\"og:site_name\" content=\"MTfactor\" \/>\n<meta property=\"article:modified_time\" content=\"2025-11-17T10:11:24+00:00\" \/>\n<meta property=\"og:image\" content=\"https:\/\/mtfactor.ee\/wp-content\/uploads\/2025\/11\/Screenshot-2025-11-17-120214.png\" \/>\n\t<meta property=\"og:image:width\" content=\"558\" \/>\n\t<meta property=\"og:image:height\" content=\"509\" \/>\n\t<meta property=\"og:image:type\" content=\"image\/png\" \/>\n<meta name=\"twitter:card\" content=\"summary_large_image\" \/>\n<meta name=\"twitter:label1\" content=\"Est. reading time\" \/>\n\t<meta name=\"twitter:data1\" content=\"1 minute\" \/>\n<script type=\"application\/ld+json\" class=\"yoast-schema-graph\">{\"@context\":\"https:\\\/\\\/schema.org\",\"@graph\":[{\"@type\":[\"WebPage\",\"ItemPage\"],\"@id\":\"https:\\\/\\\/mtfactor.ee\\\/en?product=toojakk-soon\",\"url\":\"https:\\\/\\\/mtfactor.ee\\\/en?product=toojakk-soon\",\"name\":\"T\u00f6\u00f6jakk- SOON | MTfactor\",\"isPartOf\":{\"@id\":\"https:\\\/\\\/mtfactor.ee\\\/en#website\"},\"primaryImageOfPage\":{\"@id\":\"https:\\\/\\\/mtfactor.ee\\\/en?product=toojakk-soon#primaryimage\"},\"image\":{\"@id\":\"https:\\\/\\\/mtfactor.ee\\\/en?product=toojakk-soon#primaryimage\"},\"thumbnailUrl\":\"https:\\\/\\\/i0.wp.com\\\/mtfactor.ee\\\/wp-content\\\/uploads\\\/2025\\\/11\\\/Screenshot-2025-11-17-120214.png?fit=558%2C509&ssl=1\",\"datePublished\":\"2025-11-17T10:11:23+00:00\",\"dateModified\":\"2025-11-17T10:11:24+00:00\",\"description\":\"T\u00f6\u00f6jakk- SOON | MTfactor\",\"breadcrumb\":{\"@id\":\"https:\\\/\\\/mtfactor.ee\\\/en?product=toojakk-soon#breadcrumb\"},\"inLanguage\":\"en-US\",\"potentialAction\":[{\"@type\":\"ReadAction\",\"target\":[\"https:\\\/\\\/mtfactor.ee\\\/en?product=toojakk-soon\"]}]},{\"@type\":\"ImageObject\",\"inLanguage\":\"en-US\",\"@id\":\"https:\\\/\\\/mtfactor.ee\\\/en?product=toojakk-soon#primaryimage\",\"url\":\"https:\\\/\\\/i0.wp.com\\\/mtfactor.ee\\\/wp-content\\\/uploads\\\/2025\\\/11\\\/Screenshot-2025-11-17-120214.png?fit=558%2C509&ssl=1\",\"contentUrl\":\"https:\\\/\\\/i0.wp.com\\\/mtfactor.ee\\\/wp-content\\\/uploads\\\/2025\\\/11\\\/Screenshot-2025-11-17-120214.png?fit=558%2C509&ssl=1\",\"width\":558,\"height\":509},{\"@type\":\"BreadcrumbList\",\"@id\":\"https:\\\/\\\/mtfactor.ee\\\/en?product=toojakk-soon#breadcrumb\",\"itemListElement\":[{\"@type\":\"ListItem\",\"position\":1,\"name\":\"Home\",\"item\":\"https:\\\/\\\/mtfactor.ee\\\/en\"},{\"@type\":\"ListItem\",\"position\":2,\"name\":\"Tooted\",\"item\":\"https:\\\/\\\/mtfactor.ee\\\/en?page_id=5\"},{\"@type\":\"ListItem\",\"position\":3,\"name\":\"T\u00f6\u00f6jakk- SOON\"}]},{\"@type\":\"WebSite\",\"@id\":\"https:\\\/\\\/mtfactor.ee\\\/en#website\",\"url\":\"https:\\\/\\\/mtfactor.ee\\\/en\",\"name\":\"MTFactor\",\"description\":\"T\u00f6\u00f6riided, T\u00f6\u00f6jalatsid, T\u00f6\u00f6kindad, Kaitsevahendid\",\"publisher\":{\"@id\":\"https:\\\/\\\/mtfactor.ee\\\/en#organization\"},\"potentialAction\":[{\"@type\":\"SearchAction\",\"target\":{\"@type\":\"EntryPoint\",\"urlTemplate\":\"https:\\\/\\\/mtfactor.ee\\\/en?s={search_term_string}\"},\"query-input\":{\"@type\":\"PropertyValueSpecification\",\"valueRequired\":true,\"valueName\":\"search_term_string\"}}],\"inLanguage\":\"en-US\"},{\"@type\":\"Organization\",\"@id\":\"https:\\\/\\\/mtfactor.ee\\\/en#organization\",\"name\":\"MTFactor\",\"url\":\"https:\\\/\\\/mtfactor.ee\\\/en\",\"logo\":{\"@type\":\"ImageObject\",\"inLanguage\":\"en-US\",\"@id\":\"https:\\\/\\\/mtfactor.ee\\\/en#\\\/schema\\\/logo\\\/image\\\/\",\"url\":\"https:\\\/\\\/mtfactor.ee\\\/wp-content\\\/uploads\\\/2022\\\/10\\\/logo-mtfactor.jpg\",\"contentUrl\":\"https:\\\/\\\/mtfactor.ee\\\/wp-content\\\/uploads\\\/2022\\\/10\\\/logo-mtfactor.jpg\",\"width\":1080,\"height\":1080,\"caption\":\"MTFactor\"},\"image\":{\"@id\":\"https:\\\/\\\/mtfactor.ee\\\/en#\\\/schema\\\/logo\\\/image\\\/\"}}]}<\/script>\n<!-- \/ Yoast SEO plugin. -->","yoast_head_json":{"title":"T\u00f6\u00f6jakk- SOON | MTfactor","description":"T\u00f6\u00f6jakk- SOON | MTfactor","robots":{"index":"index","follow":"follow","max-snippet":"max-snippet:-1","max-image-preview":"max-image-preview:large","max-video-preview":"max-video-preview:-1"},"canonical":"https:\/\/mtfactor.ee\/en?product=toojakk-soon","og_locale":"en_US","og_type":"article","og_title":"T\u00f6\u00f6jakk- SOON | MTfactor","og_description":"T\u00f6\u00f6jakk- SOON | MTfactor","og_url":"https:\/\/mtfactor.ee\/en?product=toojakk-soon","og_site_name":"MTfactor","article_modified_time":"2025-11-17T10:11:24+00:00","og_image":[{"width":558,"height":509,"url":"https:\/\/mtfactor.ee\/wp-content\/uploads\/2025\/11\/Screenshot-2025-11-17-120214.png","type":"image\/png"}],"twitter_card":"summary_large_image","twitter_misc":{"Est. reading time":"1 minute"},"schema":{"@context":"https:\/\/schema.org","@graph":[{"@type":["WebPage","ItemPage"],"@id":"https:\/\/mtfactor.ee\/en?product=toojakk-soon","url":"https:\/\/mtfactor.ee\/en?product=toojakk-soon","name":"T\u00f6\u00f6jakk- SOON | MTfactor","isPartOf":{"@id":"https:\/\/mtfactor.ee\/en#website"},"primaryImageOfPage":{"@id":"https:\/\/mtfactor.ee\/en?product=toojakk-soon#primaryimage"},"image":{"@id":"https:\/\/mtfactor.ee\/en?product=toojakk-soon#primaryimage"},"thumbnailUrl":"https:\/\/i0.wp.com\/mtfactor.ee\/wp-content\/uploads\/2025\/11\/Screenshot-2025-11-17-120214.png?fit=558%2C509&ssl=1","datePublished":"2025-11-17T10:11:23+00:00","dateModified":"2025-11-17T10:11:24+00:00","description":"T\u00f6\u00f6jakk- SOON | MTfactor","breadcrumb":{"@id":"https:\/\/mtfactor.ee\/en?product=toojakk-soon#breadcrumb"},"inLanguage":"en-US","potentialAction":[{"@type":"ReadAction","target":["https:\/\/mtfactor.ee\/en?product=toojakk-soon"]}]},{"@type":"ImageObject","inLanguage":"en-US","@id":"https:\/\/mtfactor.ee\/en?product=toojakk-soon#primaryimage","url":"https:\/\/i0.wp.com\/mtfactor.ee\/wp-content\/uploads\/2025\/11\/Screenshot-2025-11-17-120214.png?fit=558%2C509&ssl=1","contentUrl":"https:\/\/i0.wp.com\/mtfactor.ee\/wp-content\/uploads\/2025\/11\/Screenshot-2025-11-17-120214.png?fit=558%2C509&ssl=1","width":558,"height":509},{"@type":"BreadcrumbList","@id":"https:\/\/mtfactor.ee\/en?product=toojakk-soon#breadcrumb","itemListElement":[{"@type":"ListItem","position":1,"name":"Home","item":"https:\/\/mtfactor.ee\/en"},{"@type":"ListItem","position":2,"name":"Tooted","item":"https:\/\/mtfactor.ee\/en?page_id=5"},{"@type":"ListItem","position":3,"name":"T\u00f6\u00f6jakk- SOON"}]},{"@type":"WebSite","@id":"https:\/\/mtfactor.ee\/en#website","url":"https:\/\/mtfactor.ee\/en","name":"MTFactor","description":"T\u00f6\u00f6riided, T\u00f6\u00f6jalatsid, T\u00f6\u00f6kindad, Kaitsevahendid","publisher":{"@id":"https:\/\/mtfactor.ee\/en#organization"},"potentialAction":[{"@type":"SearchAction","target":{"@type":"EntryPoint","urlTemplate":"https:\/\/mtfactor.ee\/en?s={search_term_string}"},"query-input":{"@type":"PropertyValueSpecification","valueRequired":true,"valueName":"search_term_string"}}],"inLanguage":"en-US"},{"@type":"Organization","@id":"https:\/\/mtfactor.ee\/en#organization","name":"MTFactor","url":"https:\/\/mtfactor.ee\/en","logo":{"@type":"ImageObject","inLanguage":"en-US","@id":"https:\/\/mtfactor.ee\/en#\/schema\/logo\/image\/","url":"https:\/\/mtfactor.ee\/wp-content\/uploads\/2022\/10\/logo-mtfactor.jpg","contentUrl":"https:\/\/mtfactor.ee\/wp-content\/uploads\/2022\/10\/logo-mtfactor.jpg","width":1080,"height":1080,"caption":"MTFactor"},"image":{"@id":"https:\/\/mtfactor.ee\/en#\/schema\/logo\/image\/"}}]}},"jetpack-related-posts":[],"jetpack_sharing_enabled":true,"_links":{"self":[{"href":"https:\/\/mtfactor.ee\/en\/index.php?rest_route=\/wp\/v2\/product\/18787","targetHints":{"allow":["GET"]}}],"collection":[{"href":"https:\/\/mtfactor.ee\/en\/index.php?rest_route=\/wp\/v2\/product"}],"about":[{"href":"https:\/\/mtfactor.ee\/en\/index.php?rest_route=\/wp\/v2\/types\/product"}],"replies":[{"embeddable":true,"href":"https:\/\/mtfactor.ee\/en\/index.php?rest_route=%2Fwp%2Fv2%2Fcomments&post=18787"}],"wp:featuredmedia":[{"embeddable":true,"href":"https:\/\/mtfactor.ee\/en\/index.php?rest_route=\/wp\/v2\/media\/18800"}],"wp:attachment":[{"href":"https:\/\/mtfactor.ee\/en\/index.php?rest_route=%2Fwp%2Fv2%2Fmedia&parent=18787"}],"wp:term":[{"taxonomy":"product_brand","embeddable":true,"href":"https:\/\/mtfactor.ee\/en\/index.php?rest_route=%2Fwp%2Fv2%2Fproduct_brand&post=18787"},{"taxonomy":"product_cat","embeddable":true,"href":"https:\/\/mtfactor.ee\/en\/index.php?rest_route=%2Fwp%2Fv2%2Fproduct_cat&post=18787"},{"taxonomy":"product_tag","embeddable":true,"href":"https:\/\/mtfactor.ee\/en\/index.php?rest_route=%2Fwp%2Fv2%2Fproduct_tag&post=18787"}],"curies":[{"name":"wp","href":"https:\/\/api.w.org\/{rel}","templated":true}]}}