{"id":18717,"date":"2025-11-17T11:43:34","date_gmt":"2025-11-17T09:43:34","guid":{"rendered":"https:\/\/mtfactor.ee\/?post_type=product&#038;p=18717"},"modified":"2025-11-17T11:43:34","modified_gmt":"2025-11-17T09:43:34","slug":"vihmajakk-sakoya","status":"publish","type":"product","link":"https:\/\/mtfactor.ee\/en?product=vihmajakk-sakoya","title":{"rendered":"Vihmajakk- SAKOYA"},"content":{"rendered":"<p data-start=\"39\" data-end=\"55\"><strong data-start=\"39\" data-end=\"53\">Toote t\u00fc\u00fcp<\/strong><\/p>\n<p data-start=\"57\" data-end=\"102\">T\u00f6\u00f6riiete t\u00fc\u00fcp: Veekindel jakk<br data-start=\"87\" data-end=\"90\" \/>Sugu: Unisex<\/p>\n<p data-start=\"104\" data-end=\"124\"><strong data-start=\"104\" data-end=\"122\">Konstruktsioon<\/strong><\/p>\n<p data-start=\"126\" data-end=\"261\">Kraet\u00fc\u00fcp: Madal krae<br data-start=\"146\" data-end=\"149\" \/>Kinnitus: Lukuga kinnitus<br data-start=\"174\" data-end=\"177\" \/>V\u00e4lised taskud: 3 lukuga taskut<br data-start=\"208\" data-end=\"211\" \/>Sisetaskud: 1 lukuga sisetasku \u2013 1 telefonitasku<\/p>\n<p data-start=\"263\" data-end=\"277\"><strong data-start=\"263\" data-end=\"275\">Materjal<\/strong><\/p>\n<p data-start=\"279\" data-end=\"302\">Voodri kaal: 185 g\/m\u00b2<\/p>\n<p data-start=\"304\" data-end=\"322\"><strong data-start=\"304\" data-end=\"320\">Lisatarvikud<\/strong><\/p>\n<p data-start=\"324\" data-end=\"359\">Helkuriga segmenditud teibid: Jah<\/p>\n<p data-start=\"324\" data-end=\"359\"><strong data-start=\"40\" data-end=\"53\">Materjal:<\/strong> Twill \u2013 100% taaskasutatud pol\u00fcester \u2013 PU membraan<br data-start=\"104\" data-end=\"107\" data-is-only-node=\"\" \/><strong data-start=\"107\" data-end=\"118\">Vooder:<\/strong> 100% taaskasutatud pol\u00fcesterfliis<br data-start=\"152\" data-end=\"155\" \/><strong data-start=\"155\" data-end=\"167\">Kapuu\u0161\u0161:<\/strong> Fikseeritud<br data-start=\"179\" data-end=\"182\" \/><strong data-start=\"182\" data-end=\"195\">\u00d5mblused:<\/strong> Veekindlad<br data-start=\"206\" data-end=\"209\" \/><strong data-start=\"209\" data-end=\"218\">Kaal:<\/strong> 315 g\/m\u00b2<br data-start=\"227\" data-end=\"230\" \/><strong data-start=\"230\" data-end=\"246\">Taskute arv:<\/strong> 5<\/p>\n","protected":false},"excerpt":{"rendered":"<p>Tuulekindel vihmajakk fliisvoodriga keskmise soojuse jaoks, helkur- ja fluorestseeruvad lisad parema n\u00e4htavuse tagamiseks.<\/p>\n","protected":false},"featured_media":18718,"comment_status":"closed","ping_status":"closed","template":"","meta":[],"product_brand":[],"product_cat":[71,102,87,108],"product_tag":[],"class_list":{"0":"post-18717","1":"product","2":"type-product","3":"status-publish","4":"has-post-thumbnail","6":"product_cat-tooriided","7":"product_cat-pollumajandus-metsandus-ja-kalapuuk","8":"product_cat-pusad-ja-fliisid","9":"product_cat-transport-ja-ladustamine","11":"first","12":"instock","13":"taxable","14":"shipping-taxable","15":"purchasable","16":"product-type-variable"},"yoast_head":"<!-- This site is optimized with the Yoast SEO plugin v27.4 - https:\/\/yoast.com\/product\/yoast-seo-wordpress\/ -->\n<title>Vihmajakk- SAKOYA | MTfactor<\/title>\n<meta name=\"description\" content=\"Vihmajakk- SAKOYA | MTfactor\" \/>\n<meta name=\"robots\" content=\"index, follow, max-snippet:-1, max-image-preview:large, max-video-preview:-1\" \/>\n<link rel=\"canonical\" href=\"https:\/\/mtfactor.ee\/en?product=vihmajakk-sakoya\" \/>\n<meta property=\"og:locale\" content=\"en_US\" \/>\n<meta property=\"og:type\" content=\"article\" \/>\n<meta property=\"og:title\" content=\"Vihmajakk- SAKOYA | MTfactor\" \/>\n<meta property=\"og:description\" content=\"Vihmajakk- SAKOYA | MTfactor\" \/>\n<meta property=\"og:url\" content=\"https:\/\/mtfactor.ee\/en?product=vihmajakk-sakoya\" \/>\n<meta property=\"og:site_name\" content=\"MTfactor\" \/>\n<meta property=\"og:image\" content=\"https:\/\/mtfactor.ee\/wp-content\/uploads\/2025\/11\/Screenshot-2025-11-17-113916.png\" \/>\n\t<meta property=\"og:image:width\" content=\"533\" \/>\n\t<meta property=\"og:image:height\" content=\"504\" \/>\n\t<meta property=\"og:image:type\" content=\"image\/png\" \/>\n<meta name=\"twitter:card\" content=\"summary_large_image\" \/>\n<meta name=\"twitter:label1\" content=\"Est. reading time\" \/>\n\t<meta name=\"twitter:data1\" content=\"1 minute\" \/>\n<script type=\"application\/ld+json\" class=\"yoast-schema-graph\">{\"@context\":\"https:\\\/\\\/schema.org\",\"@graph\":[{\"@type\":[\"WebPage\",\"ItemPage\"],\"@id\":\"https:\\\/\\\/mtfactor.ee\\\/en?product=vihmajakk-sakoya\",\"url\":\"https:\\\/\\\/mtfactor.ee\\\/en?product=vihmajakk-sakoya\",\"name\":\"Vihmajakk- SAKOYA | MTfactor\",\"isPartOf\":{\"@id\":\"https:\\\/\\\/mtfactor.ee\\\/en#website\"},\"primaryImageOfPage\":{\"@id\":\"https:\\\/\\\/mtfactor.ee\\\/en?product=vihmajakk-sakoya#primaryimage\"},\"image\":{\"@id\":\"https:\\\/\\\/mtfactor.ee\\\/en?product=vihmajakk-sakoya#primaryimage\"},\"thumbnailUrl\":\"https:\\\/\\\/i0.wp.com\\\/mtfactor.ee\\\/wp-content\\\/uploads\\\/2025\\\/11\\\/Screenshot-2025-11-17-113916.png?fit=533%2C504&ssl=1\",\"datePublished\":\"2025-11-17T09:43:34+00:00\",\"description\":\"Vihmajakk- SAKOYA | MTfactor\",\"breadcrumb\":{\"@id\":\"https:\\\/\\\/mtfactor.ee\\\/en?product=vihmajakk-sakoya#breadcrumb\"},\"inLanguage\":\"en-US\",\"potentialAction\":[{\"@type\":\"ReadAction\",\"target\":[\"https:\\\/\\\/mtfactor.ee\\\/en?product=vihmajakk-sakoya\"]}]},{\"@type\":\"ImageObject\",\"inLanguage\":\"en-US\",\"@id\":\"https:\\\/\\\/mtfactor.ee\\\/en?product=vihmajakk-sakoya#primaryimage\",\"url\":\"https:\\\/\\\/i0.wp.com\\\/mtfactor.ee\\\/wp-content\\\/uploads\\\/2025\\\/11\\\/Screenshot-2025-11-17-113916.png?fit=533%2C504&ssl=1\",\"contentUrl\":\"https:\\\/\\\/i0.wp.com\\\/mtfactor.ee\\\/wp-content\\\/uploads\\\/2025\\\/11\\\/Screenshot-2025-11-17-113916.png?fit=533%2C504&ssl=1\",\"width\":533,\"height\":504},{\"@type\":\"BreadcrumbList\",\"@id\":\"https:\\\/\\\/mtfactor.ee\\\/en?product=vihmajakk-sakoya#breadcrumb\",\"itemListElement\":[{\"@type\":\"ListItem\",\"position\":1,\"name\":\"Home\",\"item\":\"https:\\\/\\\/mtfactor.ee\\\/en\"},{\"@type\":\"ListItem\",\"position\":2,\"name\":\"Tooted\",\"item\":\"https:\\\/\\\/mtfactor.ee\\\/en?page_id=5\"},{\"@type\":\"ListItem\",\"position\":3,\"name\":\"Vihmajakk- SAKOYA\"}]},{\"@type\":\"WebSite\",\"@id\":\"https:\\\/\\\/mtfactor.ee\\\/en#website\",\"url\":\"https:\\\/\\\/mtfactor.ee\\\/en\",\"name\":\"MTFactor\",\"description\":\"T\u00f6\u00f6riided, T\u00f6\u00f6jalatsid, T\u00f6\u00f6kindad, Kaitsevahendid\",\"publisher\":{\"@id\":\"https:\\\/\\\/mtfactor.ee\\\/en#organization\"},\"potentialAction\":[{\"@type\":\"SearchAction\",\"target\":{\"@type\":\"EntryPoint\",\"urlTemplate\":\"https:\\\/\\\/mtfactor.ee\\\/en?s={search_term_string}\"},\"query-input\":{\"@type\":\"PropertyValueSpecification\",\"valueRequired\":true,\"valueName\":\"search_term_string\"}}],\"inLanguage\":\"en-US\"},{\"@type\":\"Organization\",\"@id\":\"https:\\\/\\\/mtfactor.ee\\\/en#organization\",\"name\":\"MTFactor\",\"url\":\"https:\\\/\\\/mtfactor.ee\\\/en\",\"logo\":{\"@type\":\"ImageObject\",\"inLanguage\":\"en-US\",\"@id\":\"https:\\\/\\\/mtfactor.ee\\\/en#\\\/schema\\\/logo\\\/image\\\/\",\"url\":\"https:\\\/\\\/mtfactor.ee\\\/wp-content\\\/uploads\\\/2022\\\/10\\\/logo-mtfactor.jpg\",\"contentUrl\":\"https:\\\/\\\/mtfactor.ee\\\/wp-content\\\/uploads\\\/2022\\\/10\\\/logo-mtfactor.jpg\",\"width\":1080,\"height\":1080,\"caption\":\"MTFactor\"},\"image\":{\"@id\":\"https:\\\/\\\/mtfactor.ee\\\/en#\\\/schema\\\/logo\\\/image\\\/\"}}]}<\/script>\n<!-- \/ Yoast SEO plugin. -->","yoast_head_json":{"title":"Vihmajakk- SAKOYA | MTfactor","description":"Vihmajakk- SAKOYA | MTfactor","robots":{"index":"index","follow":"follow","max-snippet":"max-snippet:-1","max-image-preview":"max-image-preview:large","max-video-preview":"max-video-preview:-1"},"canonical":"https:\/\/mtfactor.ee\/en?product=vihmajakk-sakoya","og_locale":"en_US","og_type":"article","og_title":"Vihmajakk- SAKOYA | MTfactor","og_description":"Vihmajakk- SAKOYA | MTfactor","og_url":"https:\/\/mtfactor.ee\/en?product=vihmajakk-sakoya","og_site_name":"MTfactor","og_image":[{"width":533,"height":504,"url":"https:\/\/mtfactor.ee\/wp-content\/uploads\/2025\/11\/Screenshot-2025-11-17-113916.png","type":"image\/png"}],"twitter_card":"summary_large_image","twitter_misc":{"Est. reading time":"1 minute"},"schema":{"@context":"https:\/\/schema.org","@graph":[{"@type":["WebPage","ItemPage"],"@id":"https:\/\/mtfactor.ee\/en?product=vihmajakk-sakoya","url":"https:\/\/mtfactor.ee\/en?product=vihmajakk-sakoya","name":"Vihmajakk- SAKOYA | MTfactor","isPartOf":{"@id":"https:\/\/mtfactor.ee\/en#website"},"primaryImageOfPage":{"@id":"https:\/\/mtfactor.ee\/en?product=vihmajakk-sakoya#primaryimage"},"image":{"@id":"https:\/\/mtfactor.ee\/en?product=vihmajakk-sakoya#primaryimage"},"thumbnailUrl":"https:\/\/i0.wp.com\/mtfactor.ee\/wp-content\/uploads\/2025\/11\/Screenshot-2025-11-17-113916.png?fit=533%2C504&ssl=1","datePublished":"2025-11-17T09:43:34+00:00","description":"Vihmajakk- SAKOYA | MTfactor","breadcrumb":{"@id":"https:\/\/mtfactor.ee\/en?product=vihmajakk-sakoya#breadcrumb"},"inLanguage":"en-US","potentialAction":[{"@type":"ReadAction","target":["https:\/\/mtfactor.ee\/en?product=vihmajakk-sakoya"]}]},{"@type":"ImageObject","inLanguage":"en-US","@id":"https:\/\/mtfactor.ee\/en?product=vihmajakk-sakoya#primaryimage","url":"https:\/\/i0.wp.com\/mtfactor.ee\/wp-content\/uploads\/2025\/11\/Screenshot-2025-11-17-113916.png?fit=533%2C504&ssl=1","contentUrl":"https:\/\/i0.wp.com\/mtfactor.ee\/wp-content\/uploads\/2025\/11\/Screenshot-2025-11-17-113916.png?fit=533%2C504&ssl=1","width":533,"height":504},{"@type":"BreadcrumbList","@id":"https:\/\/mtfactor.ee\/en?product=vihmajakk-sakoya#breadcrumb","itemListElement":[{"@type":"ListItem","position":1,"name":"Home","item":"https:\/\/mtfactor.ee\/en"},{"@type":"ListItem","position":2,"name":"Tooted","item":"https:\/\/mtfactor.ee\/en?page_id=5"},{"@type":"ListItem","position":3,"name":"Vihmajakk- SAKOYA"}]},{"@type":"WebSite","@id":"https:\/\/mtfactor.ee\/en#website","url":"https:\/\/mtfactor.ee\/en","name":"MTFactor","description":"T\u00f6\u00f6riided, T\u00f6\u00f6jalatsid, T\u00f6\u00f6kindad, Kaitsevahendid","publisher":{"@id":"https:\/\/mtfactor.ee\/en#organization"},"potentialAction":[{"@type":"SearchAction","target":{"@type":"EntryPoint","urlTemplate":"https:\/\/mtfactor.ee\/en?s={search_term_string}"},"query-input":{"@type":"PropertyValueSpecification","valueRequired":true,"valueName":"search_term_string"}}],"inLanguage":"en-US"},{"@type":"Organization","@id":"https:\/\/mtfactor.ee\/en#organization","name":"MTFactor","url":"https:\/\/mtfactor.ee\/en","logo":{"@type":"ImageObject","inLanguage":"en-US","@id":"https:\/\/mtfactor.ee\/en#\/schema\/logo\/image\/","url":"https:\/\/mtfactor.ee\/wp-content\/uploads\/2022\/10\/logo-mtfactor.jpg","contentUrl":"https:\/\/mtfactor.ee\/wp-content\/uploads\/2022\/10\/logo-mtfactor.jpg","width":1080,"height":1080,"caption":"MTFactor"},"image":{"@id":"https:\/\/mtfactor.ee\/en#\/schema\/logo\/image\/"}}]}},"jetpack-related-posts":[],"jetpack_sharing_enabled":true,"_links":{"self":[{"href":"https:\/\/mtfactor.ee\/en\/index.php?rest_route=\/wp\/v2\/product\/18717","targetHints":{"allow":["GET"]}}],"collection":[{"href":"https:\/\/mtfactor.ee\/en\/index.php?rest_route=\/wp\/v2\/product"}],"about":[{"href":"https:\/\/mtfactor.ee\/en\/index.php?rest_route=\/wp\/v2\/types\/product"}],"replies":[{"embeddable":true,"href":"https:\/\/mtfactor.ee\/en\/index.php?rest_route=%2Fwp%2Fv2%2Fcomments&post=18717"}],"wp:featuredmedia":[{"embeddable":true,"href":"https:\/\/mtfactor.ee\/en\/index.php?rest_route=\/wp\/v2\/media\/18718"}],"wp:attachment":[{"href":"https:\/\/mtfactor.ee\/en\/index.php?rest_route=%2Fwp%2Fv2%2Fmedia&parent=18717"}],"wp:term":[{"taxonomy":"product_brand","embeddable":true,"href":"https:\/\/mtfactor.ee\/en\/index.php?rest_route=%2Fwp%2Fv2%2Fproduct_brand&post=18717"},{"taxonomy":"product_cat","embeddable":true,"href":"https:\/\/mtfactor.ee\/en\/index.php?rest_route=%2Fwp%2Fv2%2Fproduct_cat&post=18717"},{"taxonomy":"product_tag","embeddable":true,"href":"https:\/\/mtfactor.ee\/en\/index.php?rest_route=%2Fwp%2Fv2%2Fproduct_tag&post=18717"}],"curies":[{"name":"wp","href":"https:\/\/api.w.org\/{rel}","templated":true}]}}