{"id":18629,"date":"2025-11-17T11:17:12","date_gmt":"2025-11-17T09:17:12","guid":{"rendered":"https:\/\/mtfactor.ee\/?post_type=product&#038;p=18629"},"modified":"2025-11-17T11:17:12","modified_gmt":"2025-11-17T09:17:12","slug":"tookombe-palcofl220","status":"publish","type":"product","link":"https:\/\/mtfactor.ee\/en?product=tookombe-palcofl220","title":{"rendered":"T\u00f6\u00f6kombe- PALCOFL220"},"content":{"rendered":"<p data-start=\"50\" data-end=\"66\"><strong data-start=\"50\" data-end=\"64\">Toote t\u00fc\u00fcp<\/strong><\/p>\n<p data-start=\"68\" data-end=\"122\">T\u00f6\u00f6riiete t\u00fc\u00fcp: Mitmeohtlik kombinesoon<br data-start=\"107\" data-end=\"110\" \/>Sugu: Unisex<\/p>\n<p data-start=\"124\" data-end=\"144\"><strong data-start=\"124\" data-end=\"142\">Konstruktsioon<\/strong><\/p>\n<p data-start=\"146\" data-end=\"311\" data-is-last-node=\"\" data-is-only-node=\"\">Kraet\u00fc\u00fcp: Madal krae<br data-start=\"166\" data-end=\"169\" \/>Kinnitus: Lukuga kinnitus ja klapp<br data-start=\"203\" data-end=\"206\" \/>V\u00e4lised taskud: 1 m\u00f5\u00f5dulindi tasku \u2013 2 p\u00f5lvekaitsmete taskut \u2013 6 k\u00fcljetaskut<br data-start=\"282\" data-end=\"285\" \/>Sisetaskud: 1 pealis-tasku<\/p>\n<p data-start=\"146\" data-end=\"311\" data-is-last-node=\"\" data-is-only-node=\"\"><strong data-start=\"40\" data-end=\"50\">L\u00f5ige:<\/strong> Regular<br data-start=\"58\" data-end=\"61\" data-is-only-node=\"\" \/><strong data-start=\"61\" data-end=\"74\">Materjal:<\/strong> Twill \u2013 99% puuvill, 1% antistaatiline kiud \u2013 220 g\/m\u00b2<br data-start=\"129\" data-end=\"132\" \/><strong data-start=\"132\" data-end=\"145\">\u00d5mblused:<\/strong> Kolmekordsed \u00f5mblused<br data-start=\"167\" data-end=\"170\" \/><strong data-start=\"170\" data-end=\"182\">V\u00f6\u00f6koht:<\/strong> Tagant elastne<br data-start=\"197\" data-end=\"200\" \/><strong data-start=\"200\" data-end=\"216\">Taskute arv:<\/strong> 10<\/p>\n","protected":false},"excerpt":{"rendered":"<p>Mitmeohtlik kombinesoon helkurteibiga, sobilik ATEX-tsoonides kasutamiseks.<\/p>\n","protected":false},"featured_media":18630,"comment_status":"closed","ping_status":"closed","template":"","meta":[],"product_brand":[],"product_cat":[71,109,103,104,110,128,102,105,86,106,108],"product_tag":[],"class_list":{"0":"post-18629","1":"product","2":"type-product","3":"status-publish","4":"has-post-thumbnail","6":"product_cat-tooriided","7":"product_cat-avalik-haldus-ja-riigikaitse","8":"product_cat-ehitus-ja-metallitoostus","9":"product_cat-elektrienergia-elekter-gaas-ja-vesi-tuuleenergia","10":"product_cat-erinevad-toostusharud","11":"product_cat-majutus-toitlustus","12":"product_cat-pollumajandus-metsandus-ja-kalapuuk","13":"product_cat-teave-ja-suhtlus","14":"product_cat-tookombed","15":"product_cat-tootmine","16":"product_cat-transport-ja-ladustamine","18":"first","19":"instock","20":"taxable","21":"shipping-taxable","22":"purchasable","23":"product-type-variable"},"yoast_head":"<!-- This site is optimized with the Yoast SEO plugin v27.4 - https:\/\/yoast.com\/product\/yoast-seo-wordpress\/ -->\n<title>T\u00f6\u00f6kombe- PALCOFL220 | MTfactor<\/title>\n<meta name=\"description\" content=\"T\u00f6\u00f6kombe- PALCOFL220 | MTfactor\" \/>\n<meta name=\"robots\" content=\"index, follow, max-snippet:-1, max-image-preview:large, max-video-preview:-1\" \/>\n<link rel=\"canonical\" href=\"https:\/\/mtfactor.ee\/en?product=tookombe-palcofl220\" \/>\n<meta property=\"og:locale\" content=\"en_US\" \/>\n<meta property=\"og:type\" content=\"article\" \/>\n<meta property=\"og:title\" content=\"T\u00f6\u00f6kombe- PALCOFL220 | MTfactor\" \/>\n<meta property=\"og:description\" content=\"T\u00f6\u00f6kombe- PALCOFL220 | MTfactor\" \/>\n<meta property=\"og:url\" content=\"https:\/\/mtfactor.ee\/en?product=tookombe-palcofl220\" \/>\n<meta property=\"og:site_name\" content=\"MTfactor\" \/>\n<meta property=\"og:image\" content=\"https:\/\/mtfactor.ee\/wp-content\/uploads\/2025\/11\/Screenshot-2025-11-17-111135.png\" \/>\n\t<meta property=\"og:image:width\" content=\"519\" \/>\n\t<meta property=\"og:image:height\" content=\"483\" \/>\n\t<meta property=\"og:image:type\" content=\"image\/png\" \/>\n<meta name=\"twitter:card\" content=\"summary_large_image\" \/>\n<meta name=\"twitter:label1\" content=\"Est. reading time\" \/>\n\t<meta name=\"twitter:data1\" content=\"1 minute\" \/>\n<script type=\"application\/ld+json\" class=\"yoast-schema-graph\">{\"@context\":\"https:\\\/\\\/schema.org\",\"@graph\":[{\"@type\":[\"WebPage\",\"ItemPage\"],\"@id\":\"https:\\\/\\\/mtfactor.ee\\\/en?product=tookombe-palcofl220\",\"url\":\"https:\\\/\\\/mtfactor.ee\\\/en?product=tookombe-palcofl220\",\"name\":\"T\u00f6\u00f6kombe- PALCOFL220 | MTfactor\",\"isPartOf\":{\"@id\":\"https:\\\/\\\/mtfactor.ee\\\/en#website\"},\"primaryImageOfPage\":{\"@id\":\"https:\\\/\\\/mtfactor.ee\\\/en?product=tookombe-palcofl220#primaryimage\"},\"image\":{\"@id\":\"https:\\\/\\\/mtfactor.ee\\\/en?product=tookombe-palcofl220#primaryimage\"},\"thumbnailUrl\":\"https:\\\/\\\/i0.wp.com\\\/mtfactor.ee\\\/wp-content\\\/uploads\\\/2025\\\/11\\\/Screenshot-2025-11-17-111135.png?fit=519%2C483&ssl=1\",\"datePublished\":\"2025-11-17T09:17:12+00:00\",\"description\":\"T\u00f6\u00f6kombe- PALCOFL220 | MTfactor\",\"breadcrumb\":{\"@id\":\"https:\\\/\\\/mtfactor.ee\\\/en?product=tookombe-palcofl220#breadcrumb\"},\"inLanguage\":\"en-US\",\"potentialAction\":[{\"@type\":\"ReadAction\",\"target\":[\"https:\\\/\\\/mtfactor.ee\\\/en?product=tookombe-palcofl220\"]}]},{\"@type\":\"ImageObject\",\"inLanguage\":\"en-US\",\"@id\":\"https:\\\/\\\/mtfactor.ee\\\/en?product=tookombe-palcofl220#primaryimage\",\"url\":\"https:\\\/\\\/i0.wp.com\\\/mtfactor.ee\\\/wp-content\\\/uploads\\\/2025\\\/11\\\/Screenshot-2025-11-17-111135.png?fit=519%2C483&ssl=1\",\"contentUrl\":\"https:\\\/\\\/i0.wp.com\\\/mtfactor.ee\\\/wp-content\\\/uploads\\\/2025\\\/11\\\/Screenshot-2025-11-17-111135.png?fit=519%2C483&ssl=1\",\"width\":519,\"height\":483},{\"@type\":\"BreadcrumbList\",\"@id\":\"https:\\\/\\\/mtfactor.ee\\\/en?product=tookombe-palcofl220#breadcrumb\",\"itemListElement\":[{\"@type\":\"ListItem\",\"position\":1,\"name\":\"Home\",\"item\":\"https:\\\/\\\/mtfactor.ee\\\/en\"},{\"@type\":\"ListItem\",\"position\":2,\"name\":\"Tooted\",\"item\":\"https:\\\/\\\/mtfactor.ee\\\/en?page_id=5\"},{\"@type\":\"ListItem\",\"position\":3,\"name\":\"T\u00f6\u00f6kombe- PALCOFL220\"}]},{\"@type\":\"WebSite\",\"@id\":\"https:\\\/\\\/mtfactor.ee\\\/en#website\",\"url\":\"https:\\\/\\\/mtfactor.ee\\\/en\",\"name\":\"MTFactor\",\"description\":\"T\u00f6\u00f6riided, T\u00f6\u00f6jalatsid, T\u00f6\u00f6kindad, Kaitsevahendid\",\"publisher\":{\"@id\":\"https:\\\/\\\/mtfactor.ee\\\/en#organization\"},\"potentialAction\":[{\"@type\":\"SearchAction\",\"target\":{\"@type\":\"EntryPoint\",\"urlTemplate\":\"https:\\\/\\\/mtfactor.ee\\\/en?s={search_term_string}\"},\"query-input\":{\"@type\":\"PropertyValueSpecification\",\"valueRequired\":true,\"valueName\":\"search_term_string\"}}],\"inLanguage\":\"en-US\"},{\"@type\":\"Organization\",\"@id\":\"https:\\\/\\\/mtfactor.ee\\\/en#organization\",\"name\":\"MTFactor\",\"url\":\"https:\\\/\\\/mtfactor.ee\\\/en\",\"logo\":{\"@type\":\"ImageObject\",\"inLanguage\":\"en-US\",\"@id\":\"https:\\\/\\\/mtfactor.ee\\\/en#\\\/schema\\\/logo\\\/image\\\/\",\"url\":\"https:\\\/\\\/mtfactor.ee\\\/wp-content\\\/uploads\\\/2022\\\/10\\\/logo-mtfactor.jpg\",\"contentUrl\":\"https:\\\/\\\/mtfactor.ee\\\/wp-content\\\/uploads\\\/2022\\\/10\\\/logo-mtfactor.jpg\",\"width\":1080,\"height\":1080,\"caption\":\"MTFactor\"},\"image\":{\"@id\":\"https:\\\/\\\/mtfactor.ee\\\/en#\\\/schema\\\/logo\\\/image\\\/\"}}]}<\/script>\n<!-- \/ Yoast SEO plugin. -->","yoast_head_json":{"title":"T\u00f6\u00f6kombe- PALCOFL220 | MTfactor","description":"T\u00f6\u00f6kombe- PALCOFL220 | MTfactor","robots":{"index":"index","follow":"follow","max-snippet":"max-snippet:-1","max-image-preview":"max-image-preview:large","max-video-preview":"max-video-preview:-1"},"canonical":"https:\/\/mtfactor.ee\/en?product=tookombe-palcofl220","og_locale":"en_US","og_type":"article","og_title":"T\u00f6\u00f6kombe- PALCOFL220 | MTfactor","og_description":"T\u00f6\u00f6kombe- PALCOFL220 | MTfactor","og_url":"https:\/\/mtfactor.ee\/en?product=tookombe-palcofl220","og_site_name":"MTfactor","og_image":[{"width":519,"height":483,"url":"https:\/\/mtfactor.ee\/wp-content\/uploads\/2025\/11\/Screenshot-2025-11-17-111135.png","type":"image\/png"}],"twitter_card":"summary_large_image","twitter_misc":{"Est. reading time":"1 minute"},"schema":{"@context":"https:\/\/schema.org","@graph":[{"@type":["WebPage","ItemPage"],"@id":"https:\/\/mtfactor.ee\/en?product=tookombe-palcofl220","url":"https:\/\/mtfactor.ee\/en?product=tookombe-palcofl220","name":"T\u00f6\u00f6kombe- PALCOFL220 | MTfactor","isPartOf":{"@id":"https:\/\/mtfactor.ee\/en#website"},"primaryImageOfPage":{"@id":"https:\/\/mtfactor.ee\/en?product=tookombe-palcofl220#primaryimage"},"image":{"@id":"https:\/\/mtfactor.ee\/en?product=tookombe-palcofl220#primaryimage"},"thumbnailUrl":"https:\/\/i0.wp.com\/mtfactor.ee\/wp-content\/uploads\/2025\/11\/Screenshot-2025-11-17-111135.png?fit=519%2C483&ssl=1","datePublished":"2025-11-17T09:17:12+00:00","description":"T\u00f6\u00f6kombe- PALCOFL220 | MTfactor","breadcrumb":{"@id":"https:\/\/mtfactor.ee\/en?product=tookombe-palcofl220#breadcrumb"},"inLanguage":"en-US","potentialAction":[{"@type":"ReadAction","target":["https:\/\/mtfactor.ee\/en?product=tookombe-palcofl220"]}]},{"@type":"ImageObject","inLanguage":"en-US","@id":"https:\/\/mtfactor.ee\/en?product=tookombe-palcofl220#primaryimage","url":"https:\/\/i0.wp.com\/mtfactor.ee\/wp-content\/uploads\/2025\/11\/Screenshot-2025-11-17-111135.png?fit=519%2C483&ssl=1","contentUrl":"https:\/\/i0.wp.com\/mtfactor.ee\/wp-content\/uploads\/2025\/11\/Screenshot-2025-11-17-111135.png?fit=519%2C483&ssl=1","width":519,"height":483},{"@type":"BreadcrumbList","@id":"https:\/\/mtfactor.ee\/en?product=tookombe-palcofl220#breadcrumb","itemListElement":[{"@type":"ListItem","position":1,"name":"Home","item":"https:\/\/mtfactor.ee\/en"},{"@type":"ListItem","position":2,"name":"Tooted","item":"https:\/\/mtfactor.ee\/en?page_id=5"},{"@type":"ListItem","position":3,"name":"T\u00f6\u00f6kombe- PALCOFL220"}]},{"@type":"WebSite","@id":"https:\/\/mtfactor.ee\/en#website","url":"https:\/\/mtfactor.ee\/en","name":"MTFactor","description":"T\u00f6\u00f6riided, T\u00f6\u00f6jalatsid, T\u00f6\u00f6kindad, Kaitsevahendid","publisher":{"@id":"https:\/\/mtfactor.ee\/en#organization"},"potentialAction":[{"@type":"SearchAction","target":{"@type":"EntryPoint","urlTemplate":"https:\/\/mtfactor.ee\/en?s={search_term_string}"},"query-input":{"@type":"PropertyValueSpecification","valueRequired":true,"valueName":"search_term_string"}}],"inLanguage":"en-US"},{"@type":"Organization","@id":"https:\/\/mtfactor.ee\/en#organization","name":"MTFactor","url":"https:\/\/mtfactor.ee\/en","logo":{"@type":"ImageObject","inLanguage":"en-US","@id":"https:\/\/mtfactor.ee\/en#\/schema\/logo\/image\/","url":"https:\/\/mtfactor.ee\/wp-content\/uploads\/2022\/10\/logo-mtfactor.jpg","contentUrl":"https:\/\/mtfactor.ee\/wp-content\/uploads\/2022\/10\/logo-mtfactor.jpg","width":1080,"height":1080,"caption":"MTFactor"},"image":{"@id":"https:\/\/mtfactor.ee\/en#\/schema\/logo\/image\/"}}]}},"jetpack-related-posts":[],"jetpack_sharing_enabled":true,"_links":{"self":[{"href":"https:\/\/mtfactor.ee\/en\/index.php?rest_route=\/wp\/v2\/product\/18629","targetHints":{"allow":["GET"]}}],"collection":[{"href":"https:\/\/mtfactor.ee\/en\/index.php?rest_route=\/wp\/v2\/product"}],"about":[{"href":"https:\/\/mtfactor.ee\/en\/index.php?rest_route=\/wp\/v2\/types\/product"}],"replies":[{"embeddable":true,"href":"https:\/\/mtfactor.ee\/en\/index.php?rest_route=%2Fwp%2Fv2%2Fcomments&post=18629"}],"wp:featuredmedia":[{"embeddable":true,"href":"https:\/\/mtfactor.ee\/en\/index.php?rest_route=\/wp\/v2\/media\/18630"}],"wp:attachment":[{"href":"https:\/\/mtfactor.ee\/en\/index.php?rest_route=%2Fwp%2Fv2%2Fmedia&parent=18629"}],"wp:term":[{"taxonomy":"product_brand","embeddable":true,"href":"https:\/\/mtfactor.ee\/en\/index.php?rest_route=%2Fwp%2Fv2%2Fproduct_brand&post=18629"},{"taxonomy":"product_cat","embeddable":true,"href":"https:\/\/mtfactor.ee\/en\/index.php?rest_route=%2Fwp%2Fv2%2Fproduct_cat&post=18629"},{"taxonomy":"product_tag","embeddable":true,"href":"https:\/\/mtfactor.ee\/en\/index.php?rest_route=%2Fwp%2Fv2%2Fproduct_tag&post=18629"}],"curies":[{"name":"wp","href":"https:\/\/api.w.org\/{rel}","templated":true}]}}