{"id":18608,"date":"2025-11-17T11:11:28","date_gmt":"2025-11-17T09:11:28","guid":{"rendered":"https:\/\/mtfactor.ee\/?post_type=product&#038;p=18608"},"modified":"2025-11-17T11:11:28","modified_gmt":"2025-11-17T09:11:28","slug":"toopuksid-m5pa3tstr","status":"publish","type":"product","link":"https:\/\/mtfactor.ee\/en?product=toopuksid-m5pa3tstr","title":{"rendered":"T\u00f6\u00f6p\u00fcksid- M5PA3TSTR"},"content":{"rendered":"<p data-start=\"45\" data-end=\"61\"><strong data-start=\"45\" data-end=\"59\">Toote t\u00fc\u00fcp<\/strong><\/p>\n<p data-start=\"63\" data-end=\"103\">T\u00f6\u00f6riiete t\u00fc\u00fcp: T\u00f6\u00f6p\u00fcksid<br data-start=\"88\" data-end=\"91\" \/>Sugu: Unisex<\/p>\n<p data-start=\"105\" data-end=\"125\"><strong data-start=\"105\" data-end=\"123\">Konstruktsioon<\/strong><\/p>\n<p data-start=\"127\" data-end=\"240\">Kinnitus: Lukuga kinnitus<br data-start=\"152\" data-end=\"155\" \/>V\u00e4lised taskud: 1 klapiga tasku \u2013 1 telefonitasku \u2013 2 pealis-taskut \u2013 4 k\u00fcljetaskut<\/p>\n<p data-start=\"242\" data-end=\"260\"><strong data-start=\"242\" data-end=\"258\">M\u00e4rgistamine<\/strong><\/p>\n<p data-start=\"262\" data-end=\"320\" data-is-last-node=\"\" data-is-only-node=\"\">M\u00e4rgistuse t\u00fc\u00fcbid: Tikand \u2013 Siiditr\u00fckk \u2013 Termosiirde tr\u00fckk<\/p>\n<p data-start=\"262\" data-end=\"320\" data-is-last-node=\"\" data-is-only-node=\"\"><strong data-start=\"40\" data-end=\"50\">L\u00f5ige:<\/strong> Adjusted (kehasse t\u00f6\u00f6deldud l\u00f5ige)<br data-start=\"85\" data-end=\"88\" data-is-only-node=\"\" \/><strong data-start=\"88\" data-end=\"101\">Materjal:<\/strong> L\u00f5uend \u2013 92% taaskasutatud pol\u00fcamiid, 8% elastaan | L\u00f5uend ripstop \u2013 94% taaskasutatud pol\u00fcester, 6% elastaan<br data-start=\"211\" data-end=\"214\" \/><strong data-start=\"214\" data-end=\"227\">\u00d5mblused:<\/strong> Kolmekordsed \u00f5mblused<br data-start=\"249\" data-end=\"252\" \/><strong data-start=\"252\" data-end=\"264\">V\u00f6\u00f6koht:<\/strong> Elastne, reguleeritav n\u00f6\u00f6pidega<br data-start=\"296\" data-end=\"299\" \/><strong data-start=\"299\" data-end=\"310\">P\u00f5lved:<\/strong> Eelvormitud p\u00f5lveosa<br data-start=\"331\" data-end=\"334\" \/><strong data-start=\"334\" data-end=\"343\">Kaal:<\/strong> 260 g\/m\u00b2<br data-start=\"352\" data-end=\"355\" \/><strong data-start=\"355\" data-end=\"371\">Taskute arv:<\/strong> 8<\/p>\n<article class=\"text-token-text-primary w-full focus:outline-none [--shadow-height:45px] has-data-writing-block:pointer-events-none has-data-writing-block:-mt-(--shadow-height) has-data-writing-block:pt-(--shadow-height) [&amp;:has([data-writing-block])&gt;*]:pointer-events-auto [content-visibility:auto] supports-[content-visibility:auto]:[contain-intrinsic-size:auto_100lvh] scroll-mt-[calc(var(--header-height)+min(200px,max(70px,20svh)))]\" dir=\"auto\" tabindex=\"-1\" data-turn-id=\"request-WEB:0cf2cc6b-f5f2-4740-9fa8-5029e0ebd49a-30\" data-testid=\"conversation-turn-62\" data-scroll-anchor=\"true\" data-turn=\"assistant\">\n<div class=\"text-base my-auto mx-auto pb-10 [--thread-content-margin:--spacing(4)] thread-sm:[--thread-content-margin:--spacing(6)] thread-lg:[--thread-content-margin:--spacing(16)] px-(--thread-content-margin)\">\n<div class=\"[--thread-content-max-width:40rem] thread-lg:[--thread-content-max-width:48rem] mx-auto max-w-(--thread-content-max-width) flex-1 group\/turn-messages focus-visible:outline-hidden relative flex w-full min-w-0 flex-col agent-turn\" tabindex=\"-1\">\n<div class=\"flex max-w-full flex-col grow\">\n<div class=\"min-h-8 text-message relative flex w-full flex-col items-end gap-2 text-start break-words whitespace-normal [.text-message+&amp;]:mt-1\" dir=\"auto\" data-message-author-role=\"assistant\" data-message-id=\"f1be3ca7-b139-4fdf-9d59-0274c64d92cb\" data-message-model-slug=\"gpt-5-mini\">\n<div class=\"flex w-full flex-col gap-1 empty:hidden first:pt-[1px]\">\n<div class=\"markdown prose dark:prose-invert w-full break-words dark markdown-new-styling\">\n<p data-start=\"0\" data-end=\"78\" data-is-last-node=\"\" data-is-only-node=\"\">Ripstop-kangas (tihe, tugev ja vastupidav kudum), mis aitab v\u00e4ltida rebendeid.<\/p>\n<\/div>\n<\/div>\n<\/div>\n<\/div>\n<div class=\"z-0 flex min-h-[46px] justify-start\"><\/div>\n<div class=\"mt-3 w-full empty:hidden\">\n<div class=\"text-center\"><\/div>\n<\/div>\n<\/div>\n<\/div>\n<\/article>\n<div class=\"pointer-events-none h-px w-px\" aria-hidden=\"true\" data-edge=\"true\"><\/div>\n","protected":false},"excerpt":{"rendered":"<p>Mitmetaskulised t\u00f6\u00f6p\u00fcksid, mis tagavad mugavuse ja liikumisvabaduse.<\/p>\n","protected":false},"featured_media":18609,"comment_status":"closed","ping_status":"closed","template":"","meta":[],"product_brand":[],"product_cat":[71,109,103,104,110,102,105,85,106,108],"product_tag":[],"class_list":{"0":"post-18608","1":"product","2":"type-product","3":"status-publish","4":"has-post-thumbnail","6":"product_cat-tooriided","7":"product_cat-avalik-haldus-ja-riigikaitse","8":"product_cat-ehitus-ja-metallitoostus","9":"product_cat-elektrienergia-elekter-gaas-ja-vesi-tuuleenergia","10":"product_cat-erinevad-toostusharud","11":"product_cat-pollumajandus-metsandus-ja-kalapuuk","12":"product_cat-teave-ja-suhtlus","13":"product_cat-toopuksid","14":"product_cat-tootmine","15":"product_cat-transport-ja-ladustamine","17":"first","18":"instock","19":"taxable","20":"shipping-taxable","21":"purchasable","22":"product-type-variable"},"yoast_head":"<!-- This site is optimized with the Yoast SEO plugin v27.4 - https:\/\/yoast.com\/product\/yoast-seo-wordpress\/ -->\n<title>T\u00f6\u00f6p\u00fcksid- M5PA3TSTR | MTfactor<\/title>\n<meta name=\"description\" content=\"T\u00f6\u00f6p\u00fcksid- M5PA3TSTR | MTfactor\" \/>\n<meta name=\"robots\" content=\"index, follow, max-snippet:-1, max-image-preview:large, max-video-preview:-1\" \/>\n<link rel=\"canonical\" href=\"https:\/\/mtfactor.ee\/en?product=toopuksid-m5pa3tstr\" \/>\n<meta property=\"og:locale\" content=\"en_US\" \/>\n<meta property=\"og:type\" content=\"article\" \/>\n<meta property=\"og:title\" content=\"T\u00f6\u00f6p\u00fcksid- M5PA3TSTR | MTfactor\" \/>\n<meta property=\"og:description\" content=\"T\u00f6\u00f6p\u00fcksid- M5PA3TSTR | MTfactor\" \/>\n<meta property=\"og:url\" content=\"https:\/\/mtfactor.ee\/en?product=toopuksid-m5pa3tstr\" \/>\n<meta property=\"og:site_name\" content=\"MTfactor\" \/>\n<meta property=\"og:image\" content=\"https:\/\/mtfactor.ee\/wp-content\/uploads\/2025\/11\/Screenshot-2025-11-17-110318.png\" \/>\n\t<meta property=\"og:image:width\" content=\"546\" \/>\n\t<meta property=\"og:image:height\" content=\"484\" \/>\n\t<meta property=\"og:image:type\" content=\"image\/png\" \/>\n<meta name=\"twitter:card\" content=\"summary_large_image\" \/>\n<meta name=\"twitter:label1\" content=\"Est. reading time\" \/>\n\t<meta name=\"twitter:data1\" content=\"1 minute\" \/>\n<script type=\"application\/ld+json\" class=\"yoast-schema-graph\">{\"@context\":\"https:\\\/\\\/schema.org\",\"@graph\":[{\"@type\":[\"WebPage\",\"ItemPage\"],\"@id\":\"https:\\\/\\\/mtfactor.ee\\\/en?product=toopuksid-m5pa3tstr\",\"url\":\"https:\\\/\\\/mtfactor.ee\\\/en?product=toopuksid-m5pa3tstr\",\"name\":\"T\u00f6\u00f6p\u00fcksid- M5PA3TSTR | MTfactor\",\"isPartOf\":{\"@id\":\"https:\\\/\\\/mtfactor.ee\\\/en#website\"},\"primaryImageOfPage\":{\"@id\":\"https:\\\/\\\/mtfactor.ee\\\/en?product=toopuksid-m5pa3tstr#primaryimage\"},\"image\":{\"@id\":\"https:\\\/\\\/mtfactor.ee\\\/en?product=toopuksid-m5pa3tstr#primaryimage\"},\"thumbnailUrl\":\"https:\\\/\\\/i0.wp.com\\\/mtfactor.ee\\\/wp-content\\\/uploads\\\/2025\\\/11\\\/Screenshot-2025-11-17-110318.png?fit=546%2C484&ssl=1\",\"datePublished\":\"2025-11-17T09:11:28+00:00\",\"description\":\"T\u00f6\u00f6p\u00fcksid- M5PA3TSTR | MTfactor\",\"breadcrumb\":{\"@id\":\"https:\\\/\\\/mtfactor.ee\\\/en?product=toopuksid-m5pa3tstr#breadcrumb\"},\"inLanguage\":\"en-US\",\"potentialAction\":[{\"@type\":\"ReadAction\",\"target\":[\"https:\\\/\\\/mtfactor.ee\\\/en?product=toopuksid-m5pa3tstr\"]}]},{\"@type\":\"ImageObject\",\"inLanguage\":\"en-US\",\"@id\":\"https:\\\/\\\/mtfactor.ee\\\/en?product=toopuksid-m5pa3tstr#primaryimage\",\"url\":\"https:\\\/\\\/i0.wp.com\\\/mtfactor.ee\\\/wp-content\\\/uploads\\\/2025\\\/11\\\/Screenshot-2025-11-17-110318.png?fit=546%2C484&ssl=1\",\"contentUrl\":\"https:\\\/\\\/i0.wp.com\\\/mtfactor.ee\\\/wp-content\\\/uploads\\\/2025\\\/11\\\/Screenshot-2025-11-17-110318.png?fit=546%2C484&ssl=1\",\"width\":546,\"height\":484},{\"@type\":\"BreadcrumbList\",\"@id\":\"https:\\\/\\\/mtfactor.ee\\\/en?product=toopuksid-m5pa3tstr#breadcrumb\",\"itemListElement\":[{\"@type\":\"ListItem\",\"position\":1,\"name\":\"Home\",\"item\":\"https:\\\/\\\/mtfactor.ee\\\/en\"},{\"@type\":\"ListItem\",\"position\":2,\"name\":\"Tooted\",\"item\":\"https:\\\/\\\/mtfactor.ee\\\/en?page_id=5\"},{\"@type\":\"ListItem\",\"position\":3,\"name\":\"T\u00f6\u00f6p\u00fcksid- M5PA3TSTR\"}]},{\"@type\":\"WebSite\",\"@id\":\"https:\\\/\\\/mtfactor.ee\\\/en#website\",\"url\":\"https:\\\/\\\/mtfactor.ee\\\/en\",\"name\":\"MTFactor\",\"description\":\"T\u00f6\u00f6riided, T\u00f6\u00f6jalatsid, T\u00f6\u00f6kindad, Kaitsevahendid\",\"publisher\":{\"@id\":\"https:\\\/\\\/mtfactor.ee\\\/en#organization\"},\"potentialAction\":[{\"@type\":\"SearchAction\",\"target\":{\"@type\":\"EntryPoint\",\"urlTemplate\":\"https:\\\/\\\/mtfactor.ee\\\/en?s={search_term_string}\"},\"query-input\":{\"@type\":\"PropertyValueSpecification\",\"valueRequired\":true,\"valueName\":\"search_term_string\"}}],\"inLanguage\":\"en-US\"},{\"@type\":\"Organization\",\"@id\":\"https:\\\/\\\/mtfactor.ee\\\/en#organization\",\"name\":\"MTFactor\",\"url\":\"https:\\\/\\\/mtfactor.ee\\\/en\",\"logo\":{\"@type\":\"ImageObject\",\"inLanguage\":\"en-US\",\"@id\":\"https:\\\/\\\/mtfactor.ee\\\/en#\\\/schema\\\/logo\\\/image\\\/\",\"url\":\"https:\\\/\\\/mtfactor.ee\\\/wp-content\\\/uploads\\\/2022\\\/10\\\/logo-mtfactor.jpg\",\"contentUrl\":\"https:\\\/\\\/mtfactor.ee\\\/wp-content\\\/uploads\\\/2022\\\/10\\\/logo-mtfactor.jpg\",\"width\":1080,\"height\":1080,\"caption\":\"MTFactor\"},\"image\":{\"@id\":\"https:\\\/\\\/mtfactor.ee\\\/en#\\\/schema\\\/logo\\\/image\\\/\"}}]}<\/script>\n<!-- \/ Yoast SEO plugin. -->","yoast_head_json":{"title":"T\u00f6\u00f6p\u00fcksid- M5PA3TSTR | MTfactor","description":"T\u00f6\u00f6p\u00fcksid- M5PA3TSTR | MTfactor","robots":{"index":"index","follow":"follow","max-snippet":"max-snippet:-1","max-image-preview":"max-image-preview:large","max-video-preview":"max-video-preview:-1"},"canonical":"https:\/\/mtfactor.ee\/en?product=toopuksid-m5pa3tstr","og_locale":"en_US","og_type":"article","og_title":"T\u00f6\u00f6p\u00fcksid- M5PA3TSTR | MTfactor","og_description":"T\u00f6\u00f6p\u00fcksid- M5PA3TSTR | MTfactor","og_url":"https:\/\/mtfactor.ee\/en?product=toopuksid-m5pa3tstr","og_site_name":"MTfactor","og_image":[{"width":546,"height":484,"url":"https:\/\/mtfactor.ee\/wp-content\/uploads\/2025\/11\/Screenshot-2025-11-17-110318.png","type":"image\/png"}],"twitter_card":"summary_large_image","twitter_misc":{"Est. reading time":"1 minute"},"schema":{"@context":"https:\/\/schema.org","@graph":[{"@type":["WebPage","ItemPage"],"@id":"https:\/\/mtfactor.ee\/en?product=toopuksid-m5pa3tstr","url":"https:\/\/mtfactor.ee\/en?product=toopuksid-m5pa3tstr","name":"T\u00f6\u00f6p\u00fcksid- M5PA3TSTR | MTfactor","isPartOf":{"@id":"https:\/\/mtfactor.ee\/en#website"},"primaryImageOfPage":{"@id":"https:\/\/mtfactor.ee\/en?product=toopuksid-m5pa3tstr#primaryimage"},"image":{"@id":"https:\/\/mtfactor.ee\/en?product=toopuksid-m5pa3tstr#primaryimage"},"thumbnailUrl":"https:\/\/i0.wp.com\/mtfactor.ee\/wp-content\/uploads\/2025\/11\/Screenshot-2025-11-17-110318.png?fit=546%2C484&ssl=1","datePublished":"2025-11-17T09:11:28+00:00","description":"T\u00f6\u00f6p\u00fcksid- M5PA3TSTR | MTfactor","breadcrumb":{"@id":"https:\/\/mtfactor.ee\/en?product=toopuksid-m5pa3tstr#breadcrumb"},"inLanguage":"en-US","potentialAction":[{"@type":"ReadAction","target":["https:\/\/mtfactor.ee\/en?product=toopuksid-m5pa3tstr"]}]},{"@type":"ImageObject","inLanguage":"en-US","@id":"https:\/\/mtfactor.ee\/en?product=toopuksid-m5pa3tstr#primaryimage","url":"https:\/\/i0.wp.com\/mtfactor.ee\/wp-content\/uploads\/2025\/11\/Screenshot-2025-11-17-110318.png?fit=546%2C484&ssl=1","contentUrl":"https:\/\/i0.wp.com\/mtfactor.ee\/wp-content\/uploads\/2025\/11\/Screenshot-2025-11-17-110318.png?fit=546%2C484&ssl=1","width":546,"height":484},{"@type":"BreadcrumbList","@id":"https:\/\/mtfactor.ee\/en?product=toopuksid-m5pa3tstr#breadcrumb","itemListElement":[{"@type":"ListItem","position":1,"name":"Home","item":"https:\/\/mtfactor.ee\/en"},{"@type":"ListItem","position":2,"name":"Tooted","item":"https:\/\/mtfactor.ee\/en?page_id=5"},{"@type":"ListItem","position":3,"name":"T\u00f6\u00f6p\u00fcksid- M5PA3TSTR"}]},{"@type":"WebSite","@id":"https:\/\/mtfactor.ee\/en#website","url":"https:\/\/mtfactor.ee\/en","name":"MTFactor","description":"T\u00f6\u00f6riided, T\u00f6\u00f6jalatsid, T\u00f6\u00f6kindad, Kaitsevahendid","publisher":{"@id":"https:\/\/mtfactor.ee\/en#organization"},"potentialAction":[{"@type":"SearchAction","target":{"@type":"EntryPoint","urlTemplate":"https:\/\/mtfactor.ee\/en?s={search_term_string}"},"query-input":{"@type":"PropertyValueSpecification","valueRequired":true,"valueName":"search_term_string"}}],"inLanguage":"en-US"},{"@type":"Organization","@id":"https:\/\/mtfactor.ee\/en#organization","name":"MTFactor","url":"https:\/\/mtfactor.ee\/en","logo":{"@type":"ImageObject","inLanguage":"en-US","@id":"https:\/\/mtfactor.ee\/en#\/schema\/logo\/image\/","url":"https:\/\/mtfactor.ee\/wp-content\/uploads\/2022\/10\/logo-mtfactor.jpg","contentUrl":"https:\/\/mtfactor.ee\/wp-content\/uploads\/2022\/10\/logo-mtfactor.jpg","width":1080,"height":1080,"caption":"MTFactor"},"image":{"@id":"https:\/\/mtfactor.ee\/en#\/schema\/logo\/image\/"}}]}},"jetpack-related-posts":[],"jetpack_sharing_enabled":true,"_links":{"self":[{"href":"https:\/\/mtfactor.ee\/en\/index.php?rest_route=\/wp\/v2\/product\/18608","targetHints":{"allow":["GET"]}}],"collection":[{"href":"https:\/\/mtfactor.ee\/en\/index.php?rest_route=\/wp\/v2\/product"}],"about":[{"href":"https:\/\/mtfactor.ee\/en\/index.php?rest_route=\/wp\/v2\/types\/product"}],"replies":[{"embeddable":true,"href":"https:\/\/mtfactor.ee\/en\/index.php?rest_route=%2Fwp%2Fv2%2Fcomments&post=18608"}],"wp:featuredmedia":[{"embeddable":true,"href":"https:\/\/mtfactor.ee\/en\/index.php?rest_route=\/wp\/v2\/media\/18609"}],"wp:attachment":[{"href":"https:\/\/mtfactor.ee\/en\/index.php?rest_route=%2Fwp%2Fv2%2Fmedia&parent=18608"}],"wp:term":[{"taxonomy":"product_brand","embeddable":true,"href":"https:\/\/mtfactor.ee\/en\/index.php?rest_route=%2Fwp%2Fv2%2Fproduct_brand&post=18608"},{"taxonomy":"product_cat","embeddable":true,"href":"https:\/\/mtfactor.ee\/en\/index.php?rest_route=%2Fwp%2Fv2%2Fproduct_cat&post=18608"},{"taxonomy":"product_tag","embeddable":true,"href":"https:\/\/mtfactor.ee\/en\/index.php?rest_route=%2Fwp%2Fv2%2Fproduct_tag&post=18608"}],"curies":[{"name":"wp","href":"https:\/\/api.w.org\/{rel}","templated":true}]}}