{"id":18581,"date":"2025-11-17T11:03:58","date_gmt":"2025-11-17T09:03:58","guid":{"rendered":"https:\/\/mtfactor.ee\/?post_type=product&#038;p=18581"},"modified":"2025-11-17T11:03:59","modified_gmt":"2025-11-17T09:03:59","slug":"toopuksid-m5pa3","status":"publish","type":"product","link":"https:\/\/mtfactor.ee\/en?product=toopuksid-m5pa3","title":{"rendered":"T\u00f6\u00f6p\u00fcksid- M5PA3"},"content":{"rendered":"<p data-start=\"39\" data-end=\"55\"><strong data-start=\"39\" data-end=\"53\">Toote t\u00fc\u00fcp<\/strong><\/p>\n<p data-start=\"57\" data-end=\"97\">T\u00f6\u00f6riiete t\u00fc\u00fcp: T\u00f6\u00f6p\u00fcksid<br data-start=\"82\" data-end=\"85\" \/>Sugu: Unisex<\/p>\n<p data-start=\"99\" data-end=\"119\"><strong data-start=\"99\" data-end=\"117\">Konstruktsioon<\/strong><\/p>\n<p data-start=\"121\" data-end=\"278\">Tugevdatud koht: P\u00f5lved<br data-start=\"144\" data-end=\"147\" \/>V\u00e4lised taskud: 1 lukuga tasku \u2013 1 m\u00f5\u00f5dulindi tasku \u2013 1 telefonitasku \u2013 3 pealis-taskut \u2013 2 k\u00fcljetaskut \u2013 2 p\u00f5lvekaitsmete taskut<\/p>\n<p data-start=\"280\" data-end=\"294\"><strong data-start=\"280\" data-end=\"292\">Materjal<\/strong><\/p>\n<p data-start=\"296\" data-end=\"323\">Tugevduse kangas: Cordura<\/p>\n<p data-start=\"325\" data-end=\"343\"><strong data-start=\"325\" data-end=\"341\">Lisatarvikud<\/strong><\/p>\n<p data-start=\"345\" data-end=\"449\" data-is-last-node=\"\" data-is-only-node=\"\">T\u00f6\u00f6t\u00f5endi hoidik: Jah<br data-start=\"366\" data-end=\"369\" \/>Haamri hoidik: Jah<br data-start=\"387\" data-end=\"390\" \/>Ei sisaldu komplektis: M2GEN p\u00f5lvekaitsmed (m\u00fc\u00fcakse eraldi)<\/p>\n<p data-start=\"345\" data-end=\"449\" data-is-last-node=\"\" data-is-only-node=\"\"><strong data-start=\"40\" data-end=\"50\">L\u00f5ige:<\/strong> Loose (avaram l\u00f5ige)<br data-start=\"71\" data-end=\"74\" data-is-only-node=\"\" \/><strong data-start=\"74\" data-end=\"87\">Materjal:<\/strong> L\u00f5uend \u2013 60% puuvill, 40% pol\u00fcester, 100% pol\u00fcamiid<br data-start=\"139\" data-end=\"142\" \/><strong data-start=\"142\" data-end=\"153\">Vooder:<\/strong> Fliis \u2013 100% pol\u00fcester<br data-start=\"176\" data-end=\"179\" \/><strong data-start=\"179\" data-end=\"192\">\u00d5mblused:<\/strong> Kolmekordsed \u00f5mblused<br data-start=\"214\" data-end=\"217\" \/><strong data-start=\"217\" data-end=\"229\">V\u00f6\u00f6koht:<\/strong> K\u00fclgedelt elastne<br data-start=\"247\" data-end=\"250\" \/><strong data-start=\"250\" data-end=\"261\">P\u00f5lved:<\/strong> Eelvormitud p\u00f5lveosa<br data-start=\"282\" data-end=\"285\" \/><strong data-start=\"285\" data-end=\"294\">Kaal:<\/strong> 280 g\/m\u00b2<br data-start=\"303\" data-end=\"306\" \/><strong data-start=\"306\" data-end=\"322\">Taskute arv:<\/strong> 10<\/p>\n","protected":false},"excerpt":{"rendered":"<p>Avatud l\u00f5ikega, vastupidavad t\u00f6\u00f6p\u00fcksid p\u00f5lvitust\u00f6\u00f6deks agressiivses t\u00f6\u00f6keskkonnas.<\/p>\n","protected":false},"featured_media":18588,"comment_status":"closed","ping_status":"closed","template":"","meta":[],"product_brand":[],"product_cat":[71,109,103,110,107,102,105,85,106,108],"product_tag":[],"class_list":{"0":"post-18581","1":"product","2":"type-product","3":"status-publish","4":"has-post-thumbnail","6":"product_cat-tooriided","7":"product_cat-avalik-haldus-ja-riigikaitse","8":"product_cat-ehitus-ja-metallitoostus","9":"product_cat-erinevad-toostusharud","10":"product_cat-kaevandamine-nafta-ja-gaas","11":"product_cat-pollumajandus-metsandus-ja-kalapuuk","12":"product_cat-teave-ja-suhtlus","13":"product_cat-toopuksid","14":"product_cat-tootmine","15":"product_cat-transport-ja-ladustamine","17":"first","18":"instock","19":"taxable","20":"shipping-taxable","21":"purchasable","22":"product-type-variable"},"yoast_head":"<!-- This site is optimized with the Yoast SEO plugin v27.4 - https:\/\/yoast.com\/product\/yoast-seo-wordpress\/ -->\n<title>T\u00f6\u00f6p\u00fcksid- M5PA3 | MTfactor<\/title>\n<meta name=\"description\" content=\"T\u00f6\u00f6p\u00fcksid- M5PA3 | MTfactor\" \/>\n<meta name=\"robots\" content=\"index, follow, max-snippet:-1, max-image-preview:large, max-video-preview:-1\" \/>\n<link rel=\"canonical\" href=\"https:\/\/mtfactor.ee\/en?product=toopuksid-m5pa3\" \/>\n<meta property=\"og:locale\" content=\"en_US\" \/>\n<meta property=\"og:type\" content=\"article\" \/>\n<meta property=\"og:title\" content=\"T\u00f6\u00f6p\u00fcksid- M5PA3 | MTfactor\" \/>\n<meta property=\"og:description\" content=\"T\u00f6\u00f6p\u00fcksid- M5PA3 | MTfactor\" \/>\n<meta property=\"og:url\" content=\"https:\/\/mtfactor.ee\/en?product=toopuksid-m5pa3\" \/>\n<meta property=\"og:site_name\" content=\"MTfactor\" \/>\n<meta property=\"article:modified_time\" content=\"2025-11-17T09:03:59+00:00\" \/>\n<meta property=\"og:image\" content=\"https:\/\/mtfactor.ee\/wp-content\/uploads\/2025\/11\/Screenshot-2025-11-17-105640.png\" \/>\n\t<meta property=\"og:image:width\" content=\"499\" \/>\n\t<meta property=\"og:image:height\" content=\"520\" \/>\n\t<meta property=\"og:image:type\" content=\"image\/png\" \/>\n<meta name=\"twitter:card\" content=\"summary_large_image\" \/>\n<meta name=\"twitter:label1\" content=\"Est. reading time\" \/>\n\t<meta name=\"twitter:data1\" content=\"1 minute\" \/>\n<script type=\"application\/ld+json\" class=\"yoast-schema-graph\">{\"@context\":\"https:\\\/\\\/schema.org\",\"@graph\":[{\"@type\":[\"WebPage\",\"ItemPage\"],\"@id\":\"https:\\\/\\\/mtfactor.ee\\\/en?product=toopuksid-m5pa3\",\"url\":\"https:\\\/\\\/mtfactor.ee\\\/en?product=toopuksid-m5pa3\",\"name\":\"T\u00f6\u00f6p\u00fcksid- M5PA3 | MTfactor\",\"isPartOf\":{\"@id\":\"https:\\\/\\\/mtfactor.ee\\\/en#website\"},\"primaryImageOfPage\":{\"@id\":\"https:\\\/\\\/mtfactor.ee\\\/en?product=toopuksid-m5pa3#primaryimage\"},\"image\":{\"@id\":\"https:\\\/\\\/mtfactor.ee\\\/en?product=toopuksid-m5pa3#primaryimage\"},\"thumbnailUrl\":\"https:\\\/\\\/i0.wp.com\\\/mtfactor.ee\\\/wp-content\\\/uploads\\\/2025\\\/11\\\/Screenshot-2025-11-17-105640.png?fit=499%2C520&ssl=1\",\"datePublished\":\"2025-11-17T09:03:58+00:00\",\"dateModified\":\"2025-11-17T09:03:59+00:00\",\"description\":\"T\u00f6\u00f6p\u00fcksid- M5PA3 | MTfactor\",\"breadcrumb\":{\"@id\":\"https:\\\/\\\/mtfactor.ee\\\/en?product=toopuksid-m5pa3#breadcrumb\"},\"inLanguage\":\"en-US\",\"potentialAction\":[{\"@type\":\"ReadAction\",\"target\":[\"https:\\\/\\\/mtfactor.ee\\\/en?product=toopuksid-m5pa3\"]}]},{\"@type\":\"ImageObject\",\"inLanguage\":\"en-US\",\"@id\":\"https:\\\/\\\/mtfactor.ee\\\/en?product=toopuksid-m5pa3#primaryimage\",\"url\":\"https:\\\/\\\/i0.wp.com\\\/mtfactor.ee\\\/wp-content\\\/uploads\\\/2025\\\/11\\\/Screenshot-2025-11-17-105640.png?fit=499%2C520&ssl=1\",\"contentUrl\":\"https:\\\/\\\/i0.wp.com\\\/mtfactor.ee\\\/wp-content\\\/uploads\\\/2025\\\/11\\\/Screenshot-2025-11-17-105640.png?fit=499%2C520&ssl=1\",\"width\":499,\"height\":520},{\"@type\":\"BreadcrumbList\",\"@id\":\"https:\\\/\\\/mtfactor.ee\\\/en?product=toopuksid-m5pa3#breadcrumb\",\"itemListElement\":[{\"@type\":\"ListItem\",\"position\":1,\"name\":\"Home\",\"item\":\"https:\\\/\\\/mtfactor.ee\\\/en\"},{\"@type\":\"ListItem\",\"position\":2,\"name\":\"Tooted\",\"item\":\"https:\\\/\\\/mtfactor.ee\\\/en?page_id=5\"},{\"@type\":\"ListItem\",\"position\":3,\"name\":\"T\u00f6\u00f6p\u00fcksid- M5PA3\"}]},{\"@type\":\"WebSite\",\"@id\":\"https:\\\/\\\/mtfactor.ee\\\/en#website\",\"url\":\"https:\\\/\\\/mtfactor.ee\\\/en\",\"name\":\"MTFactor\",\"description\":\"T\u00f6\u00f6riided, T\u00f6\u00f6jalatsid, T\u00f6\u00f6kindad, Kaitsevahendid\",\"publisher\":{\"@id\":\"https:\\\/\\\/mtfactor.ee\\\/en#organization\"},\"potentialAction\":[{\"@type\":\"SearchAction\",\"target\":{\"@type\":\"EntryPoint\",\"urlTemplate\":\"https:\\\/\\\/mtfactor.ee\\\/en?s={search_term_string}\"},\"query-input\":{\"@type\":\"PropertyValueSpecification\",\"valueRequired\":true,\"valueName\":\"search_term_string\"}}],\"inLanguage\":\"en-US\"},{\"@type\":\"Organization\",\"@id\":\"https:\\\/\\\/mtfactor.ee\\\/en#organization\",\"name\":\"MTFactor\",\"url\":\"https:\\\/\\\/mtfactor.ee\\\/en\",\"logo\":{\"@type\":\"ImageObject\",\"inLanguage\":\"en-US\",\"@id\":\"https:\\\/\\\/mtfactor.ee\\\/en#\\\/schema\\\/logo\\\/image\\\/\",\"url\":\"https:\\\/\\\/mtfactor.ee\\\/wp-content\\\/uploads\\\/2022\\\/10\\\/logo-mtfactor.jpg\",\"contentUrl\":\"https:\\\/\\\/mtfactor.ee\\\/wp-content\\\/uploads\\\/2022\\\/10\\\/logo-mtfactor.jpg\",\"width\":1080,\"height\":1080,\"caption\":\"MTFactor\"},\"image\":{\"@id\":\"https:\\\/\\\/mtfactor.ee\\\/en#\\\/schema\\\/logo\\\/image\\\/\"}}]}<\/script>\n<!-- \/ Yoast SEO plugin. -->","yoast_head_json":{"title":"T\u00f6\u00f6p\u00fcksid- M5PA3 | MTfactor","description":"T\u00f6\u00f6p\u00fcksid- M5PA3 | MTfactor","robots":{"index":"index","follow":"follow","max-snippet":"max-snippet:-1","max-image-preview":"max-image-preview:large","max-video-preview":"max-video-preview:-1"},"canonical":"https:\/\/mtfactor.ee\/en?product=toopuksid-m5pa3","og_locale":"en_US","og_type":"article","og_title":"T\u00f6\u00f6p\u00fcksid- M5PA3 | MTfactor","og_description":"T\u00f6\u00f6p\u00fcksid- M5PA3 | MTfactor","og_url":"https:\/\/mtfactor.ee\/en?product=toopuksid-m5pa3","og_site_name":"MTfactor","article_modified_time":"2025-11-17T09:03:59+00:00","og_image":[{"width":499,"height":520,"url":"https:\/\/mtfactor.ee\/wp-content\/uploads\/2025\/11\/Screenshot-2025-11-17-105640.png","type":"image\/png"}],"twitter_card":"summary_large_image","twitter_misc":{"Est. reading time":"1 minute"},"schema":{"@context":"https:\/\/schema.org","@graph":[{"@type":["WebPage","ItemPage"],"@id":"https:\/\/mtfactor.ee\/en?product=toopuksid-m5pa3","url":"https:\/\/mtfactor.ee\/en?product=toopuksid-m5pa3","name":"T\u00f6\u00f6p\u00fcksid- M5PA3 | MTfactor","isPartOf":{"@id":"https:\/\/mtfactor.ee\/en#website"},"primaryImageOfPage":{"@id":"https:\/\/mtfactor.ee\/en?product=toopuksid-m5pa3#primaryimage"},"image":{"@id":"https:\/\/mtfactor.ee\/en?product=toopuksid-m5pa3#primaryimage"},"thumbnailUrl":"https:\/\/i0.wp.com\/mtfactor.ee\/wp-content\/uploads\/2025\/11\/Screenshot-2025-11-17-105640.png?fit=499%2C520&ssl=1","datePublished":"2025-11-17T09:03:58+00:00","dateModified":"2025-11-17T09:03:59+00:00","description":"T\u00f6\u00f6p\u00fcksid- M5PA3 | MTfactor","breadcrumb":{"@id":"https:\/\/mtfactor.ee\/en?product=toopuksid-m5pa3#breadcrumb"},"inLanguage":"en-US","potentialAction":[{"@type":"ReadAction","target":["https:\/\/mtfactor.ee\/en?product=toopuksid-m5pa3"]}]},{"@type":"ImageObject","inLanguage":"en-US","@id":"https:\/\/mtfactor.ee\/en?product=toopuksid-m5pa3#primaryimage","url":"https:\/\/i0.wp.com\/mtfactor.ee\/wp-content\/uploads\/2025\/11\/Screenshot-2025-11-17-105640.png?fit=499%2C520&ssl=1","contentUrl":"https:\/\/i0.wp.com\/mtfactor.ee\/wp-content\/uploads\/2025\/11\/Screenshot-2025-11-17-105640.png?fit=499%2C520&ssl=1","width":499,"height":520},{"@type":"BreadcrumbList","@id":"https:\/\/mtfactor.ee\/en?product=toopuksid-m5pa3#breadcrumb","itemListElement":[{"@type":"ListItem","position":1,"name":"Home","item":"https:\/\/mtfactor.ee\/en"},{"@type":"ListItem","position":2,"name":"Tooted","item":"https:\/\/mtfactor.ee\/en?page_id=5"},{"@type":"ListItem","position":3,"name":"T\u00f6\u00f6p\u00fcksid- M5PA3"}]},{"@type":"WebSite","@id":"https:\/\/mtfactor.ee\/en#website","url":"https:\/\/mtfactor.ee\/en","name":"MTFactor","description":"T\u00f6\u00f6riided, T\u00f6\u00f6jalatsid, T\u00f6\u00f6kindad, Kaitsevahendid","publisher":{"@id":"https:\/\/mtfactor.ee\/en#organization"},"potentialAction":[{"@type":"SearchAction","target":{"@type":"EntryPoint","urlTemplate":"https:\/\/mtfactor.ee\/en?s={search_term_string}"},"query-input":{"@type":"PropertyValueSpecification","valueRequired":true,"valueName":"search_term_string"}}],"inLanguage":"en-US"},{"@type":"Organization","@id":"https:\/\/mtfactor.ee\/en#organization","name":"MTFactor","url":"https:\/\/mtfactor.ee\/en","logo":{"@type":"ImageObject","inLanguage":"en-US","@id":"https:\/\/mtfactor.ee\/en#\/schema\/logo\/image\/","url":"https:\/\/mtfactor.ee\/wp-content\/uploads\/2022\/10\/logo-mtfactor.jpg","contentUrl":"https:\/\/mtfactor.ee\/wp-content\/uploads\/2022\/10\/logo-mtfactor.jpg","width":1080,"height":1080,"caption":"MTFactor"},"image":{"@id":"https:\/\/mtfactor.ee\/en#\/schema\/logo\/image\/"}}]}},"jetpack-related-posts":[],"jetpack_sharing_enabled":true,"_links":{"self":[{"href":"https:\/\/mtfactor.ee\/en\/index.php?rest_route=\/wp\/v2\/product\/18581","targetHints":{"allow":["GET"]}}],"collection":[{"href":"https:\/\/mtfactor.ee\/en\/index.php?rest_route=\/wp\/v2\/product"}],"about":[{"href":"https:\/\/mtfactor.ee\/en\/index.php?rest_route=\/wp\/v2\/types\/product"}],"replies":[{"embeddable":true,"href":"https:\/\/mtfactor.ee\/en\/index.php?rest_route=%2Fwp%2Fv2%2Fcomments&post=18581"}],"wp:featuredmedia":[{"embeddable":true,"href":"https:\/\/mtfactor.ee\/en\/index.php?rest_route=\/wp\/v2\/media\/18588"}],"wp:attachment":[{"href":"https:\/\/mtfactor.ee\/en\/index.php?rest_route=%2Fwp%2Fv2%2Fmedia&parent=18581"}],"wp:term":[{"taxonomy":"product_brand","embeddable":true,"href":"https:\/\/mtfactor.ee\/en\/index.php?rest_route=%2Fwp%2Fv2%2Fproduct_brand&post=18581"},{"taxonomy":"product_cat","embeddable":true,"href":"https:\/\/mtfactor.ee\/en\/index.php?rest_route=%2Fwp%2Fv2%2Fproduct_cat&post=18581"},{"taxonomy":"product_tag","embeddable":true,"href":"https:\/\/mtfactor.ee\/en\/index.php?rest_route=%2Fwp%2Fv2%2Fproduct_tag&post=18581"}],"curies":[{"name":"wp","href":"https:\/\/api.w.org\/{rel}","templated":true}]}}