{"id":18539,"date":"2025-11-17T10:49:11","date_gmt":"2025-11-17T08:49:11","guid":{"rendered":"https:\/\/mtfactor.ee\/?post_type=product&#038;p=18539"},"modified":"2025-11-17T10:49:11","modified_gmt":"2025-11-17T08:49:11","slug":"toopuksid-m2pa3strhv","status":"publish","type":"product","link":"https:\/\/mtfactor.ee\/en?product=toopuksid-m2pa3strhv","title":{"rendered":"T\u00f6\u00f6p\u00fcksid-M2PA3STRHV"},"content":{"rendered":"<p>HV klassi 2 venivad mitmetaskulised p\u00fcksid, millel on segmentribad hea n\u00e4htavuse tagamiseks ohtlikes v\u00f5i v\u00e4hese valguse tingimustes.<\/p>\n<p data-start=\"37\" data-end=\"51\"><strong data-start=\"37\" data-end=\"51\">Toote t\u00fc\u00fcp<\/strong><\/p>\n<p data-start=\"53\" data-end=\"109\">T\u00f6\u00f6riiete t\u00fc\u00fcp: K\u00f5rgn\u00e4htavusega t\u00f6\u00f6p\u00fcksid<br data-start=\"94\" data-end=\"97\" \/>Sugu: Unisex<\/p>\n<p data-start=\"111\" data-end=\"129\"><strong data-start=\"111\" data-end=\"129\">Konstruktsioon<\/strong><\/p>\n<p data-start=\"131\" data-end=\"297\">Kinnitus: Lukuga kinnitus<br data-start=\"156\" data-end=\"159\" \/>V\u00e4lised taskud: 1 klapiga tasku \u2013 1 voltidega tasku \u2013 1 klapiga voltidega tasku \u2013 1 pealis-tasku \u2013 2 k\u00fcljetaskut \u2013 2 p\u00f5lvekaitsmete taskut<\/p>\n<p data-start=\"299\" data-end=\"315\"><strong data-start=\"299\" data-end=\"315\">Lisatarvikud<\/strong><\/p>\n<p data-start=\"317\" data-end=\"412\">Helkuriga segmenditud teibid: Jah<br data-start=\"350\" data-end=\"353\" \/>Ei sisaldu komplektis: M2GEN p\u00f5lvekaitsmed (m\u00fc\u00fcakse eraldi)<\/p>\n<p data-start=\"317\" data-end=\"412\"><strong data-start=\"26\" data-end=\"36\">L\u00f5ige:<\/strong> Adjusted (kehasse t\u00f6\u00f6deldud l\u00f5ige)<br data-start=\"71\" data-end=\"74\" data-is-only-node=\"\" \/><strong data-start=\"74\" data-end=\"87\">Materjal:<\/strong> Twill \u2013 77% pol\u00fcester, 20% puuvill, 3% elastaan \u2013 260 g\/m\u00b2<br data-start=\"146\" data-end=\"149\" \/><strong data-start=\"149\" data-end=\"162\">\u00d5mblused:<\/strong> Kolmekordsed \u00f5mblused<br data-start=\"184\" data-end=\"187\" \/><strong data-start=\"187\" data-end=\"199\">V\u00f6\u00f6koht:<\/strong> K\u00fclgedelt elastne<br data-start=\"217\" data-end=\"220\" \/><strong data-start=\"220\" data-end=\"231\">P\u00f5lved:<\/strong> Eelvormitud p\u00f5lveosa<br data-start=\"252\" data-end=\"255\" \/><strong data-start=\"255\" data-end=\"264\">Kaal:<\/strong> 260 g\/m\u00b2<br data-start=\"273\" data-end=\"276\" \/><strong data-start=\"276\" data-end=\"292\">Taskute arv:<\/strong> 8<\/p>\n","protected":false},"excerpt":{"rendered":"<p>HV klassi 2 venivad mitmetaskulised p\u00fcksid, millel on segmentribad hea n\u00e4htavuse tagamiseks ohtlikes v\u00f5i v\u00e4hese valguse tingimustes.<\/p>\n","protected":false},"featured_media":18540,"comment_status":"closed","ping_status":"closed","template":"","meta":[],"product_brand":[],"product_cat":[71,109,103,110,102,105,85,106,108],"product_tag":[],"class_list":{"0":"post-18539","1":"product","2":"type-product","3":"status-publish","4":"has-post-thumbnail","6":"product_cat-tooriided","7":"product_cat-avalik-haldus-ja-riigikaitse","8":"product_cat-ehitus-ja-metallitoostus","9":"product_cat-erinevad-toostusharud","10":"product_cat-pollumajandus-metsandus-ja-kalapuuk","11":"product_cat-teave-ja-suhtlus","12":"product_cat-toopuksid","13":"product_cat-tootmine","14":"product_cat-transport-ja-ladustamine","16":"first","17":"instock","18":"taxable","19":"shipping-taxable","20":"purchasable","21":"product-type-variable"},"yoast_head":"<!-- This site is optimized with the Yoast SEO plugin v27.4 - https:\/\/yoast.com\/product\/yoast-seo-wordpress\/ -->\n<title>T\u00f6\u00f6p\u00fcksid-M2PA3STRHV | MTfactor<\/title>\n<meta name=\"description\" content=\"T\u00f6\u00f6p\u00fcksid-M2PA3STRHV | MTfactor\" \/>\n<meta name=\"robots\" content=\"index, follow, max-snippet:-1, max-image-preview:large, max-video-preview:-1\" \/>\n<link rel=\"canonical\" href=\"https:\/\/mtfactor.ee\/en?product=toopuksid-m2pa3strhv\" \/>\n<meta property=\"og:locale\" content=\"en_US\" \/>\n<meta property=\"og:type\" content=\"article\" \/>\n<meta property=\"og:title\" content=\"T\u00f6\u00f6p\u00fcksid-M2PA3STRHV | MTfactor\" \/>\n<meta property=\"og:description\" content=\"T\u00f6\u00f6p\u00fcksid-M2PA3STRHV | MTfactor\" \/>\n<meta property=\"og:url\" content=\"https:\/\/mtfactor.ee\/en?product=toopuksid-m2pa3strhv\" \/>\n<meta property=\"og:site_name\" content=\"MTfactor\" \/>\n<meta property=\"og:image\" content=\"https:\/\/mtfactor.ee\/wp-content\/uploads\/2025\/11\/Screenshot-2025-11-17-100227.png\" \/>\n\t<meta property=\"og:image:width\" content=\"572\" \/>\n\t<meta property=\"og:image:height\" content=\"505\" \/>\n\t<meta property=\"og:image:type\" content=\"image\/png\" \/>\n<meta name=\"twitter:card\" content=\"summary_large_image\" \/>\n<meta name=\"twitter:label1\" content=\"Est. reading time\" \/>\n\t<meta name=\"twitter:data1\" content=\"1 minute\" \/>\n<script type=\"application\/ld+json\" class=\"yoast-schema-graph\">{\"@context\":\"https:\\\/\\\/schema.org\",\"@graph\":[{\"@type\":[\"WebPage\",\"ItemPage\"],\"@id\":\"https:\\\/\\\/mtfactor.ee\\\/en?product=toopuksid-m2pa3strhv\",\"url\":\"https:\\\/\\\/mtfactor.ee\\\/en?product=toopuksid-m2pa3strhv\",\"name\":\"T\u00f6\u00f6p\u00fcksid-M2PA3STRHV | MTfactor\",\"isPartOf\":{\"@id\":\"https:\\\/\\\/mtfactor.ee\\\/en#website\"},\"primaryImageOfPage\":{\"@id\":\"https:\\\/\\\/mtfactor.ee\\\/en?product=toopuksid-m2pa3strhv#primaryimage\"},\"image\":{\"@id\":\"https:\\\/\\\/mtfactor.ee\\\/en?product=toopuksid-m2pa3strhv#primaryimage\"},\"thumbnailUrl\":\"https:\\\/\\\/i0.wp.com\\\/mtfactor.ee\\\/wp-content\\\/uploads\\\/2025\\\/11\\\/Screenshot-2025-11-17-100227.png?fit=572%2C505&ssl=1\",\"datePublished\":\"2025-11-17T08:49:11+00:00\",\"description\":\"T\u00f6\u00f6p\u00fcksid-M2PA3STRHV | MTfactor\",\"breadcrumb\":{\"@id\":\"https:\\\/\\\/mtfactor.ee\\\/en?product=toopuksid-m2pa3strhv#breadcrumb\"},\"inLanguage\":\"en-US\",\"potentialAction\":[{\"@type\":\"ReadAction\",\"target\":[\"https:\\\/\\\/mtfactor.ee\\\/en?product=toopuksid-m2pa3strhv\"]}]},{\"@type\":\"ImageObject\",\"inLanguage\":\"en-US\",\"@id\":\"https:\\\/\\\/mtfactor.ee\\\/en?product=toopuksid-m2pa3strhv#primaryimage\",\"url\":\"https:\\\/\\\/i0.wp.com\\\/mtfactor.ee\\\/wp-content\\\/uploads\\\/2025\\\/11\\\/Screenshot-2025-11-17-100227.png?fit=572%2C505&ssl=1\",\"contentUrl\":\"https:\\\/\\\/i0.wp.com\\\/mtfactor.ee\\\/wp-content\\\/uploads\\\/2025\\\/11\\\/Screenshot-2025-11-17-100227.png?fit=572%2C505&ssl=1\",\"width\":572,\"height\":505},{\"@type\":\"BreadcrumbList\",\"@id\":\"https:\\\/\\\/mtfactor.ee\\\/en?product=toopuksid-m2pa3strhv#breadcrumb\",\"itemListElement\":[{\"@type\":\"ListItem\",\"position\":1,\"name\":\"Home\",\"item\":\"https:\\\/\\\/mtfactor.ee\\\/en\"},{\"@type\":\"ListItem\",\"position\":2,\"name\":\"Tooted\",\"item\":\"https:\\\/\\\/mtfactor.ee\\\/en?page_id=5\"},{\"@type\":\"ListItem\",\"position\":3,\"name\":\"T\u00f6\u00f6p\u00fcksid-M2PA3STRHV\"}]},{\"@type\":\"WebSite\",\"@id\":\"https:\\\/\\\/mtfactor.ee\\\/en#website\",\"url\":\"https:\\\/\\\/mtfactor.ee\\\/en\",\"name\":\"MTFactor\",\"description\":\"T\u00f6\u00f6riided, T\u00f6\u00f6jalatsid, T\u00f6\u00f6kindad, Kaitsevahendid\",\"publisher\":{\"@id\":\"https:\\\/\\\/mtfactor.ee\\\/en#organization\"},\"potentialAction\":[{\"@type\":\"SearchAction\",\"target\":{\"@type\":\"EntryPoint\",\"urlTemplate\":\"https:\\\/\\\/mtfactor.ee\\\/en?s={search_term_string}\"},\"query-input\":{\"@type\":\"PropertyValueSpecification\",\"valueRequired\":true,\"valueName\":\"search_term_string\"}}],\"inLanguage\":\"en-US\"},{\"@type\":\"Organization\",\"@id\":\"https:\\\/\\\/mtfactor.ee\\\/en#organization\",\"name\":\"MTFactor\",\"url\":\"https:\\\/\\\/mtfactor.ee\\\/en\",\"logo\":{\"@type\":\"ImageObject\",\"inLanguage\":\"en-US\",\"@id\":\"https:\\\/\\\/mtfactor.ee\\\/en#\\\/schema\\\/logo\\\/image\\\/\",\"url\":\"https:\\\/\\\/mtfactor.ee\\\/wp-content\\\/uploads\\\/2022\\\/10\\\/logo-mtfactor.jpg\",\"contentUrl\":\"https:\\\/\\\/mtfactor.ee\\\/wp-content\\\/uploads\\\/2022\\\/10\\\/logo-mtfactor.jpg\",\"width\":1080,\"height\":1080,\"caption\":\"MTFactor\"},\"image\":{\"@id\":\"https:\\\/\\\/mtfactor.ee\\\/en#\\\/schema\\\/logo\\\/image\\\/\"}}]}<\/script>\n<!-- \/ Yoast SEO plugin. -->","yoast_head_json":{"title":"T\u00f6\u00f6p\u00fcksid-M2PA3STRHV | MTfactor","description":"T\u00f6\u00f6p\u00fcksid-M2PA3STRHV | MTfactor","robots":{"index":"index","follow":"follow","max-snippet":"max-snippet:-1","max-image-preview":"max-image-preview:large","max-video-preview":"max-video-preview:-1"},"canonical":"https:\/\/mtfactor.ee\/en?product=toopuksid-m2pa3strhv","og_locale":"en_US","og_type":"article","og_title":"T\u00f6\u00f6p\u00fcksid-M2PA3STRHV | MTfactor","og_description":"T\u00f6\u00f6p\u00fcksid-M2PA3STRHV | MTfactor","og_url":"https:\/\/mtfactor.ee\/en?product=toopuksid-m2pa3strhv","og_site_name":"MTfactor","og_image":[{"width":572,"height":505,"url":"https:\/\/mtfactor.ee\/wp-content\/uploads\/2025\/11\/Screenshot-2025-11-17-100227.png","type":"image\/png"}],"twitter_card":"summary_large_image","twitter_misc":{"Est. reading time":"1 minute"},"schema":{"@context":"https:\/\/schema.org","@graph":[{"@type":["WebPage","ItemPage"],"@id":"https:\/\/mtfactor.ee\/en?product=toopuksid-m2pa3strhv","url":"https:\/\/mtfactor.ee\/en?product=toopuksid-m2pa3strhv","name":"T\u00f6\u00f6p\u00fcksid-M2PA3STRHV | MTfactor","isPartOf":{"@id":"https:\/\/mtfactor.ee\/en#website"},"primaryImageOfPage":{"@id":"https:\/\/mtfactor.ee\/en?product=toopuksid-m2pa3strhv#primaryimage"},"image":{"@id":"https:\/\/mtfactor.ee\/en?product=toopuksid-m2pa3strhv#primaryimage"},"thumbnailUrl":"https:\/\/i0.wp.com\/mtfactor.ee\/wp-content\/uploads\/2025\/11\/Screenshot-2025-11-17-100227.png?fit=572%2C505&ssl=1","datePublished":"2025-11-17T08:49:11+00:00","description":"T\u00f6\u00f6p\u00fcksid-M2PA3STRHV | MTfactor","breadcrumb":{"@id":"https:\/\/mtfactor.ee\/en?product=toopuksid-m2pa3strhv#breadcrumb"},"inLanguage":"en-US","potentialAction":[{"@type":"ReadAction","target":["https:\/\/mtfactor.ee\/en?product=toopuksid-m2pa3strhv"]}]},{"@type":"ImageObject","inLanguage":"en-US","@id":"https:\/\/mtfactor.ee\/en?product=toopuksid-m2pa3strhv#primaryimage","url":"https:\/\/i0.wp.com\/mtfactor.ee\/wp-content\/uploads\/2025\/11\/Screenshot-2025-11-17-100227.png?fit=572%2C505&ssl=1","contentUrl":"https:\/\/i0.wp.com\/mtfactor.ee\/wp-content\/uploads\/2025\/11\/Screenshot-2025-11-17-100227.png?fit=572%2C505&ssl=1","width":572,"height":505},{"@type":"BreadcrumbList","@id":"https:\/\/mtfactor.ee\/en?product=toopuksid-m2pa3strhv#breadcrumb","itemListElement":[{"@type":"ListItem","position":1,"name":"Home","item":"https:\/\/mtfactor.ee\/en"},{"@type":"ListItem","position":2,"name":"Tooted","item":"https:\/\/mtfactor.ee\/en?page_id=5"},{"@type":"ListItem","position":3,"name":"T\u00f6\u00f6p\u00fcksid-M2PA3STRHV"}]},{"@type":"WebSite","@id":"https:\/\/mtfactor.ee\/en#website","url":"https:\/\/mtfactor.ee\/en","name":"MTFactor","description":"T\u00f6\u00f6riided, T\u00f6\u00f6jalatsid, T\u00f6\u00f6kindad, Kaitsevahendid","publisher":{"@id":"https:\/\/mtfactor.ee\/en#organization"},"potentialAction":[{"@type":"SearchAction","target":{"@type":"EntryPoint","urlTemplate":"https:\/\/mtfactor.ee\/en?s={search_term_string}"},"query-input":{"@type":"PropertyValueSpecification","valueRequired":true,"valueName":"search_term_string"}}],"inLanguage":"en-US"},{"@type":"Organization","@id":"https:\/\/mtfactor.ee\/en#organization","name":"MTFactor","url":"https:\/\/mtfactor.ee\/en","logo":{"@type":"ImageObject","inLanguage":"en-US","@id":"https:\/\/mtfactor.ee\/en#\/schema\/logo\/image\/","url":"https:\/\/mtfactor.ee\/wp-content\/uploads\/2022\/10\/logo-mtfactor.jpg","contentUrl":"https:\/\/mtfactor.ee\/wp-content\/uploads\/2022\/10\/logo-mtfactor.jpg","width":1080,"height":1080,"caption":"MTFactor"},"image":{"@id":"https:\/\/mtfactor.ee\/en#\/schema\/logo\/image\/"}}]}},"jetpack-related-posts":[],"jetpack_sharing_enabled":true,"_links":{"self":[{"href":"https:\/\/mtfactor.ee\/en\/index.php?rest_route=\/wp\/v2\/product\/18539","targetHints":{"allow":["GET"]}}],"collection":[{"href":"https:\/\/mtfactor.ee\/en\/index.php?rest_route=\/wp\/v2\/product"}],"about":[{"href":"https:\/\/mtfactor.ee\/en\/index.php?rest_route=\/wp\/v2\/types\/product"}],"replies":[{"embeddable":true,"href":"https:\/\/mtfactor.ee\/en\/index.php?rest_route=%2Fwp%2Fv2%2Fcomments&post=18539"}],"wp:featuredmedia":[{"embeddable":true,"href":"https:\/\/mtfactor.ee\/en\/index.php?rest_route=\/wp\/v2\/media\/18540"}],"wp:attachment":[{"href":"https:\/\/mtfactor.ee\/en\/index.php?rest_route=%2Fwp%2Fv2%2Fmedia&parent=18539"}],"wp:term":[{"taxonomy":"product_brand","embeddable":true,"href":"https:\/\/mtfactor.ee\/en\/index.php?rest_route=%2Fwp%2Fv2%2Fproduct_brand&post=18539"},{"taxonomy":"product_cat","embeddable":true,"href":"https:\/\/mtfactor.ee\/en\/index.php?rest_route=%2Fwp%2Fv2%2Fproduct_cat&post=18539"},{"taxonomy":"product_tag","embeddable":true,"href":"https:\/\/mtfactor.ee\/en\/index.php?rest_route=%2Fwp%2Fv2%2Fproduct_tag&post=18539"}],"curies":[{"name":"wp","href":"https:\/\/api.w.org\/{rel}","templated":true}]}}