{"id":18516,"date":"2025-11-17T09:56:38","date_gmt":"2025-11-17T07:56:38","guid":{"rendered":"https:\/\/mtfactor.ee\/?post_type=product&#038;p=18516"},"modified":"2025-11-17T09:56:38","modified_gmt":"2025-11-17T07:56:38","slug":"toopuksid-m2pa3str","status":"publish","type":"product","link":"https:\/\/mtfactor.ee\/en?product=toopuksid-m2pa3str","title":{"rendered":"T\u00f6\u00f6p\u00fcksid-M2PA3STR"},"content":{"rendered":"<p>Venivad t\u00f6\u00f6p\u00fcksid kitsama l\u00f5ikega, mis \u00fchendavad kerguse, vastupidavuse ja suure liikumisvabaduse, sobides h\u00e4sti enamiku t\u00f6\u00f6de jaoks.<\/p>\n<p data-start=\"48\" data-end=\"62\"><strong data-start=\"48\" data-end=\"62\">Toote t\u00fc\u00fcp<\/strong><\/p>\n<p data-start=\"64\" data-end=\"104\">T\u00f6\u00f6riiete t\u00fc\u00fcp: T\u00f6\u00f6p\u00fcksid<br data-start=\"89\" data-end=\"92\" \/>Sugu: Unisex<\/p>\n<p data-start=\"106\" data-end=\"124\"><strong data-start=\"106\" data-end=\"124\">Konstruktsioon<\/strong><\/p>\n<p data-start=\"126\" data-end=\"296\">Kinnitus: Lukuga kinnitus<br data-start=\"151\" data-end=\"154\" \/>V\u00e4lised taskud: 1 voltidega tasku \u2013 1 klapiga tasku \u2013 1 klapiga voltidega tasku \u2013 1 m\u00f5\u00f5dulindi tasku \u2013 3 k\u00fcljetaskut \u2013 2 p\u00f5lvekaitsmete taskut<\/p>\n<p data-start=\"298\" data-end=\"310\"><strong data-start=\"298\" data-end=\"310\">Materjal<\/strong><\/p>\n<p data-start=\"312\" data-end=\"328\">Kaal (g\/m\u00b2): 260<\/p>\n<p data-start=\"330\" data-end=\"346\"><strong data-start=\"330\" data-end=\"346\">Lisatarvikud<\/strong><\/p>\n<p data-start=\"348\" data-end=\"431\">T\u00f6\u00f6t\u00f5endi hoidik: Jah<br data-start=\"369\" data-end=\"372\" \/>Ei sisaldu komplektis: M2GEN p\u00f5lvekaitsmed (m\u00fc\u00fcakse eraldi)<\/p>\n","protected":false},"excerpt":{"rendered":"<p><strong data-start=\"26\" data-end=\"36\">L\u00f5ige:<\/strong> Adjusted (kehasse t\u00f6\u00f6deldud l\u00f5ige)<br data-start=\"71\" data-end=\"74\" data-is-only-node=\"\" \/><strong data-start=\"74\" data-end=\"87\">Materjal:<\/strong> Twill \u2013 63% pol\u00fcester, 34% puuvill, 3% elastaan<br data-start=\"135\" data-end=\"138\" \/><strong data-start=\"138\" data-end=\"151\">\u00d5mblused:<\/strong> Kolmekordsed \u00f5mblused<br data-start=\"173\" data-end=\"176\" \/><strong data-start=\"176\" data-end=\"188\">V\u00f6\u00f6koht:<\/strong> K\u00fclgedelt elastne<br data-start=\"206\" data-end=\"209\" \/><strong data-start=\"209\" data-end=\"220\">P\u00f5lved:<\/strong> Eelvormitud p\u00f5lveosa<br data-start=\"241\" data-end=\"244\" \/><strong data-start=\"244\" data-end=\"253\">Kaal:<\/strong> 260 g\/m\u00b2<br data-start=\"262\" data-end=\"265\" \/><strong data-start=\"265\" data-end=\"281\">Taskute arv:<\/strong> 9<\/p>\n","protected":false},"featured_media":18517,"comment_status":"closed","ping_status":"closed","template":"","meta":[],"product_brand":[],"product_cat":[71,109,103,110,128,102,85,106,108],"product_tag":[],"class_list":{"0":"post-18516","1":"product","2":"type-product","3":"status-publish","4":"has-post-thumbnail","6":"product_cat-tooriided","7":"product_cat-avalik-haldus-ja-riigikaitse","8":"product_cat-ehitus-ja-metallitoostus","9":"product_cat-erinevad-toostusharud","10":"product_cat-majutus-toitlustus","11":"product_cat-pollumajandus-metsandus-ja-kalapuuk","12":"product_cat-toopuksid","13":"product_cat-tootmine","14":"product_cat-transport-ja-ladustamine","16":"first","17":"instock","18":"taxable","19":"shipping-taxable","20":"purchasable","21":"product-type-variable"},"yoast_head":"<!-- This site is optimized with the Yoast SEO plugin v27.4 - https:\/\/yoast.com\/product\/yoast-seo-wordpress\/ -->\n<title>T\u00f6\u00f6p\u00fcksid-M2PA3STR | MTfactor<\/title>\n<meta name=\"description\" content=\"T\u00f6\u00f6p\u00fcksid-M2PA3STR | MTfactor\" \/>\n<meta name=\"robots\" content=\"index, follow, max-snippet:-1, max-image-preview:large, max-video-preview:-1\" \/>\n<link rel=\"canonical\" href=\"https:\/\/mtfactor.ee\/en?product=toopuksid-m2pa3str\" \/>\n<meta property=\"og:locale\" content=\"en_US\" \/>\n<meta property=\"og:type\" content=\"article\" \/>\n<meta property=\"og:title\" content=\"T\u00f6\u00f6p\u00fcksid-M2PA3STR | MTfactor\" \/>\n<meta property=\"og:description\" content=\"T\u00f6\u00f6p\u00fcksid-M2PA3STR | MTfactor\" \/>\n<meta property=\"og:url\" content=\"https:\/\/mtfactor.ee\/en?product=toopuksid-m2pa3str\" \/>\n<meta property=\"og:site_name\" content=\"MTfactor\" \/>\n<meta property=\"og:image\" content=\"https:\/\/mtfactor.ee\/wp-content\/uploads\/2025\/11\/Screenshot-2025-11-17-094907.png\" \/>\n\t<meta property=\"og:image:width\" content=\"501\" \/>\n\t<meta property=\"og:image:height\" content=\"505\" \/>\n\t<meta property=\"og:image:type\" content=\"image\/png\" \/>\n<meta name=\"twitter:card\" content=\"summary_large_image\" \/>\n<meta name=\"twitter:label1\" content=\"Est. reading time\" \/>\n\t<meta name=\"twitter:data1\" content=\"1 minute\" \/>\n<script type=\"application\/ld+json\" class=\"yoast-schema-graph\">{\"@context\":\"https:\\\/\\\/schema.org\",\"@graph\":[{\"@type\":[\"WebPage\",\"ItemPage\"],\"@id\":\"https:\\\/\\\/mtfactor.ee\\\/en?product=toopuksid-m2pa3str\",\"url\":\"https:\\\/\\\/mtfactor.ee\\\/en?product=toopuksid-m2pa3str\",\"name\":\"T\u00f6\u00f6p\u00fcksid-M2PA3STR | MTfactor\",\"isPartOf\":{\"@id\":\"https:\\\/\\\/mtfactor.ee\\\/en#website\"},\"primaryImageOfPage\":{\"@id\":\"https:\\\/\\\/mtfactor.ee\\\/en?product=toopuksid-m2pa3str#primaryimage\"},\"image\":{\"@id\":\"https:\\\/\\\/mtfactor.ee\\\/en?product=toopuksid-m2pa3str#primaryimage\"},\"thumbnailUrl\":\"https:\\\/\\\/i0.wp.com\\\/mtfactor.ee\\\/wp-content\\\/uploads\\\/2025\\\/11\\\/Screenshot-2025-11-17-094907.png?fit=501%2C505&ssl=1\",\"datePublished\":\"2025-11-17T07:56:38+00:00\",\"description\":\"T\u00f6\u00f6p\u00fcksid-M2PA3STR | MTfactor\",\"breadcrumb\":{\"@id\":\"https:\\\/\\\/mtfactor.ee\\\/en?product=toopuksid-m2pa3str#breadcrumb\"},\"inLanguage\":\"en-US\",\"potentialAction\":[{\"@type\":\"ReadAction\",\"target\":[\"https:\\\/\\\/mtfactor.ee\\\/en?product=toopuksid-m2pa3str\"]}]},{\"@type\":\"ImageObject\",\"inLanguage\":\"en-US\",\"@id\":\"https:\\\/\\\/mtfactor.ee\\\/en?product=toopuksid-m2pa3str#primaryimage\",\"url\":\"https:\\\/\\\/i0.wp.com\\\/mtfactor.ee\\\/wp-content\\\/uploads\\\/2025\\\/11\\\/Screenshot-2025-11-17-094907.png?fit=501%2C505&ssl=1\",\"contentUrl\":\"https:\\\/\\\/i0.wp.com\\\/mtfactor.ee\\\/wp-content\\\/uploads\\\/2025\\\/11\\\/Screenshot-2025-11-17-094907.png?fit=501%2C505&ssl=1\",\"width\":501,\"height\":505},{\"@type\":\"BreadcrumbList\",\"@id\":\"https:\\\/\\\/mtfactor.ee\\\/en?product=toopuksid-m2pa3str#breadcrumb\",\"itemListElement\":[{\"@type\":\"ListItem\",\"position\":1,\"name\":\"Home\",\"item\":\"https:\\\/\\\/mtfactor.ee\\\/en\"},{\"@type\":\"ListItem\",\"position\":2,\"name\":\"Tooted\",\"item\":\"https:\\\/\\\/mtfactor.ee\\\/en?page_id=5\"},{\"@type\":\"ListItem\",\"position\":3,\"name\":\"T\u00f6\u00f6p\u00fcksid-M2PA3STR\"}]},{\"@type\":\"WebSite\",\"@id\":\"https:\\\/\\\/mtfactor.ee\\\/en#website\",\"url\":\"https:\\\/\\\/mtfactor.ee\\\/en\",\"name\":\"MTFactor\",\"description\":\"T\u00f6\u00f6riided, T\u00f6\u00f6jalatsid, T\u00f6\u00f6kindad, Kaitsevahendid\",\"publisher\":{\"@id\":\"https:\\\/\\\/mtfactor.ee\\\/en#organization\"},\"potentialAction\":[{\"@type\":\"SearchAction\",\"target\":{\"@type\":\"EntryPoint\",\"urlTemplate\":\"https:\\\/\\\/mtfactor.ee\\\/en?s={search_term_string}\"},\"query-input\":{\"@type\":\"PropertyValueSpecification\",\"valueRequired\":true,\"valueName\":\"search_term_string\"}}],\"inLanguage\":\"en-US\"},{\"@type\":\"Organization\",\"@id\":\"https:\\\/\\\/mtfactor.ee\\\/en#organization\",\"name\":\"MTFactor\",\"url\":\"https:\\\/\\\/mtfactor.ee\\\/en\",\"logo\":{\"@type\":\"ImageObject\",\"inLanguage\":\"en-US\",\"@id\":\"https:\\\/\\\/mtfactor.ee\\\/en#\\\/schema\\\/logo\\\/image\\\/\",\"url\":\"https:\\\/\\\/mtfactor.ee\\\/wp-content\\\/uploads\\\/2022\\\/10\\\/logo-mtfactor.jpg\",\"contentUrl\":\"https:\\\/\\\/mtfactor.ee\\\/wp-content\\\/uploads\\\/2022\\\/10\\\/logo-mtfactor.jpg\",\"width\":1080,\"height\":1080,\"caption\":\"MTFactor\"},\"image\":{\"@id\":\"https:\\\/\\\/mtfactor.ee\\\/en#\\\/schema\\\/logo\\\/image\\\/\"}}]}<\/script>\n<!-- \/ Yoast SEO plugin. -->","yoast_head_json":{"title":"T\u00f6\u00f6p\u00fcksid-M2PA3STR | MTfactor","description":"T\u00f6\u00f6p\u00fcksid-M2PA3STR | MTfactor","robots":{"index":"index","follow":"follow","max-snippet":"max-snippet:-1","max-image-preview":"max-image-preview:large","max-video-preview":"max-video-preview:-1"},"canonical":"https:\/\/mtfactor.ee\/en?product=toopuksid-m2pa3str","og_locale":"en_US","og_type":"article","og_title":"T\u00f6\u00f6p\u00fcksid-M2PA3STR | MTfactor","og_description":"T\u00f6\u00f6p\u00fcksid-M2PA3STR | MTfactor","og_url":"https:\/\/mtfactor.ee\/en?product=toopuksid-m2pa3str","og_site_name":"MTfactor","og_image":[{"width":501,"height":505,"url":"https:\/\/mtfactor.ee\/wp-content\/uploads\/2025\/11\/Screenshot-2025-11-17-094907.png","type":"image\/png"}],"twitter_card":"summary_large_image","twitter_misc":{"Est. reading time":"1 minute"},"schema":{"@context":"https:\/\/schema.org","@graph":[{"@type":["WebPage","ItemPage"],"@id":"https:\/\/mtfactor.ee\/en?product=toopuksid-m2pa3str","url":"https:\/\/mtfactor.ee\/en?product=toopuksid-m2pa3str","name":"T\u00f6\u00f6p\u00fcksid-M2PA3STR | MTfactor","isPartOf":{"@id":"https:\/\/mtfactor.ee\/en#website"},"primaryImageOfPage":{"@id":"https:\/\/mtfactor.ee\/en?product=toopuksid-m2pa3str#primaryimage"},"image":{"@id":"https:\/\/mtfactor.ee\/en?product=toopuksid-m2pa3str#primaryimage"},"thumbnailUrl":"https:\/\/i0.wp.com\/mtfactor.ee\/wp-content\/uploads\/2025\/11\/Screenshot-2025-11-17-094907.png?fit=501%2C505&ssl=1","datePublished":"2025-11-17T07:56:38+00:00","description":"T\u00f6\u00f6p\u00fcksid-M2PA3STR | MTfactor","breadcrumb":{"@id":"https:\/\/mtfactor.ee\/en?product=toopuksid-m2pa3str#breadcrumb"},"inLanguage":"en-US","potentialAction":[{"@type":"ReadAction","target":["https:\/\/mtfactor.ee\/en?product=toopuksid-m2pa3str"]}]},{"@type":"ImageObject","inLanguage":"en-US","@id":"https:\/\/mtfactor.ee\/en?product=toopuksid-m2pa3str#primaryimage","url":"https:\/\/i0.wp.com\/mtfactor.ee\/wp-content\/uploads\/2025\/11\/Screenshot-2025-11-17-094907.png?fit=501%2C505&ssl=1","contentUrl":"https:\/\/i0.wp.com\/mtfactor.ee\/wp-content\/uploads\/2025\/11\/Screenshot-2025-11-17-094907.png?fit=501%2C505&ssl=1","width":501,"height":505},{"@type":"BreadcrumbList","@id":"https:\/\/mtfactor.ee\/en?product=toopuksid-m2pa3str#breadcrumb","itemListElement":[{"@type":"ListItem","position":1,"name":"Home","item":"https:\/\/mtfactor.ee\/en"},{"@type":"ListItem","position":2,"name":"Tooted","item":"https:\/\/mtfactor.ee\/en?page_id=5"},{"@type":"ListItem","position":3,"name":"T\u00f6\u00f6p\u00fcksid-M2PA3STR"}]},{"@type":"WebSite","@id":"https:\/\/mtfactor.ee\/en#website","url":"https:\/\/mtfactor.ee\/en","name":"MTFactor","description":"T\u00f6\u00f6riided, T\u00f6\u00f6jalatsid, T\u00f6\u00f6kindad, Kaitsevahendid","publisher":{"@id":"https:\/\/mtfactor.ee\/en#organization"},"potentialAction":[{"@type":"SearchAction","target":{"@type":"EntryPoint","urlTemplate":"https:\/\/mtfactor.ee\/en?s={search_term_string}"},"query-input":{"@type":"PropertyValueSpecification","valueRequired":true,"valueName":"search_term_string"}}],"inLanguage":"en-US"},{"@type":"Organization","@id":"https:\/\/mtfactor.ee\/en#organization","name":"MTFactor","url":"https:\/\/mtfactor.ee\/en","logo":{"@type":"ImageObject","inLanguage":"en-US","@id":"https:\/\/mtfactor.ee\/en#\/schema\/logo\/image\/","url":"https:\/\/mtfactor.ee\/wp-content\/uploads\/2022\/10\/logo-mtfactor.jpg","contentUrl":"https:\/\/mtfactor.ee\/wp-content\/uploads\/2022\/10\/logo-mtfactor.jpg","width":1080,"height":1080,"caption":"MTFactor"},"image":{"@id":"https:\/\/mtfactor.ee\/en#\/schema\/logo\/image\/"}}]}},"jetpack-related-posts":[],"jetpack_sharing_enabled":true,"_links":{"self":[{"href":"https:\/\/mtfactor.ee\/en\/index.php?rest_route=\/wp\/v2\/product\/18516","targetHints":{"allow":["GET"]}}],"collection":[{"href":"https:\/\/mtfactor.ee\/en\/index.php?rest_route=\/wp\/v2\/product"}],"about":[{"href":"https:\/\/mtfactor.ee\/en\/index.php?rest_route=\/wp\/v2\/types\/product"}],"replies":[{"embeddable":true,"href":"https:\/\/mtfactor.ee\/en\/index.php?rest_route=%2Fwp%2Fv2%2Fcomments&post=18516"}],"wp:featuredmedia":[{"embeddable":true,"href":"https:\/\/mtfactor.ee\/en\/index.php?rest_route=\/wp\/v2\/media\/18517"}],"wp:attachment":[{"href":"https:\/\/mtfactor.ee\/en\/index.php?rest_route=%2Fwp%2Fv2%2Fmedia&parent=18516"}],"wp:term":[{"taxonomy":"product_brand","embeddable":true,"href":"https:\/\/mtfactor.ee\/en\/index.php?rest_route=%2Fwp%2Fv2%2Fproduct_brand&post=18516"},{"taxonomy":"product_cat","embeddable":true,"href":"https:\/\/mtfactor.ee\/en\/index.php?rest_route=%2Fwp%2Fv2%2Fproduct_cat&post=18516"},{"taxonomy":"product_tag","embeddable":true,"href":"https:\/\/mtfactor.ee\/en\/index.php?rest_route=%2Fwp%2Fv2%2Fproduct_tag&post=18516"}],"curies":[{"name":"wp","href":"https:\/\/api.w.org\/{rel}","templated":true}]}}