{"id":18355,"date":"2025-11-12T08:15:26","date_gmt":"2025-11-12T06:15:26","guid":{"rendered":"https:\/\/mtfactor.ee\/?post_type=product&#038;p=18355"},"modified":"2025-11-12T08:15:26","modified_gmt":"2025-11-12T06:15:26","slug":"pusa-soccia","status":"publish","type":"product","link":"https:\/\/mtfactor.ee\/en?product=pusa-soccia","title":{"rendered":"Pusa- SOCCIA"},"content":{"rendered":"<article class=\"text-token-text-primary w-full focus:outline-none [--shadow-height:45px] has-data-writing-block:pointer-events-none has-data-writing-block:-mt-(--shadow-height) has-data-writing-block:pt-(--shadow-height) [&amp;:has([data-writing-block])&gt;*]:pointer-events-auto [content-visibility:auto] supports-[content-visibility:auto]:[contain-intrinsic-size:auto_100lvh] scroll-mt-[calc(var(--header-height)+min(200px,max(70px,20svh)))]\" dir=\"auto\" tabindex=\"-1\" data-turn-id=\"a2de90a6-92ea-4879-ae23-79ad756edfef\" data-testid=\"conversation-turn-58\" data-scroll-anchor=\"true\" data-turn=\"assistant\">\n<div class=\"text-base my-auto mx-auto pb-10 [--thread-content-margin:--spacing(4)] thread-sm:[--thread-content-margin:--spacing(6)] thread-lg:[--thread-content-margin:--spacing(16)] px-(--thread-content-margin)\">\n<div class=\"[--thread-content-max-width:40rem] thread-lg:[--thread-content-max-width:48rem] mx-auto max-w-(--thread-content-max-width) flex-1 group\/turn-messages focus-visible:outline-hidden relative flex w-full min-w-0 flex-col agent-turn\" tabindex=\"-1\">\n<div class=\"flex max-w-full flex-col grow\">\n<div class=\"min-h-8 text-message relative flex w-full flex-col items-end gap-2 text-start break-words whitespace-normal [.text-message+&amp;]:mt-1\" dir=\"auto\" data-message-author-role=\"assistant\" data-message-id=\"4a5bb452-4884-4193-909f-305e900d9a72\" data-message-model-slug=\"gpt-5\">\n<div class=\"flex w-full flex-col gap-1 empty:hidden first:pt-[1px]\">\n<div class=\"markdown prose dark:prose-invert w-full break-words dark markdown-new-styling\">\n<p data-start=\"0\" data-end=\"145\" data-is-last-node=\"\" data-is-only-node=\"\">2-in-1 softshell \u2013 tuule- ja vett h\u00fclgav kangas eemaldatavate varrukatega, k\u00f5rgn\u00e4htavad kant\u00f5mblused (v.a hall v\u00e4rv) parema n\u00e4htavuse tagamiseks.<\/p>\n<\/div>\n<\/div>\n<\/div>\n<\/div>\n<\/div>\n<\/div>\n<\/article>\n<div class=\"pointer-events-none h-px w-px\" aria-hidden=\"true\" data-edge=\"true\">\n<p data-start=\"0\" data-end=\"65\"><strong data-start=\"0\" data-end=\"14\">Toote t\u00fc\u00fcp<\/strong><br data-start=\"14\" data-end=\"17\" \/>T\u00f6\u00f6riietuse t\u00fc\u00fcp: 2-in-1 vett h\u00fclgav softshell<\/p>\n<p data-start=\"67\" data-end=\"85\"><strong data-start=\"67\" data-end=\"76\">Sugu:<\/strong> unisex<\/p>\n<p data-start=\"87\" data-end=\"248\"><strong data-start=\"87\" data-end=\"97\">Disain<\/strong><br data-start=\"97\" data-end=\"100\" \/>Krae stiil: madal seisukrae<br data-start=\"127\" data-end=\"130\" \/>Kinnitus: t\u00f5mblukuga<br data-start=\"150\" data-end=\"153\" \/>Varrukad: eemaldatavad<br data-start=\"175\" data-end=\"178\" \/>V\u00e4lised taskud: 4 t\u00f5mblukuga taskut<br data-start=\"213\" data-end=\"216\" \/>Sisemised taskud: 2 sisetaskut<\/p>\n<p data-start=\"250\" data-end=\"339\" data-is-last-node=\"\" data-is-only-node=\"\"><strong data-start=\"250\" data-end=\"262\">Materjal<\/strong><br data-start=\"262\" data-end=\"265\" \/>Lamineeritud voodri materjal: 100% taaskasutatud pol\u00fcesterfliis | 280 g\/m\u00b2<\/p>\n<\/div>\n","protected":false},"excerpt":{"rendered":"<p>2-in-1 softshell \u2013 tuule- ja vett h\u00fclgav kangas eemaldatavate varrukatega, k\u00f5rgn\u00e4htavad kant\u00f5mblused (v.a hall v\u00e4rv) parema n\u00e4htavuse tagamiseks. Toote t\u00fc\u00fcpT\u00f6\u00f6riietuse<\/p>\n","protected":false},"featured_media":18356,"comment_status":"closed","ping_status":"closed","template":"","meta":[],"product_brand":[],"product_cat":[109,103,110,102,87,105,71,106,108],"product_tag":[],"class_list":{"0":"post-18355","1":"product","2":"type-product","3":"status-publish","4":"has-post-thumbnail","6":"product_cat-avalik-haldus-ja-riigikaitse","7":"product_cat-ehitus-ja-metallitoostus","8":"product_cat-erinevad-toostusharud","9":"product_cat-pollumajandus-metsandus-ja-kalapuuk","10":"product_cat-pusad-ja-fliisid","11":"product_cat-teave-ja-suhtlus","12":"product_cat-tooriided","13":"product_cat-tootmine","14":"product_cat-transport-ja-ladustamine","16":"first","17":"instock","18":"taxable","19":"shipping-taxable","20":"purchasable","21":"product-type-variable"},"yoast_head":"<!-- This site is optimized with the Yoast SEO plugin v27.6 - https:\/\/yoast.com\/product\/yoast-seo-wordpress\/ -->\n<title>T\u00f6\u00f6riided, turvajalan\u00f5ud ja t\u00f6\u00f6riistad - MTfactor<\/title>\n<meta name=\"description\" content=\"Vastupidavad t\u00f6\u00f6riided ja turvajalan\u00f5ud igaks olukorraks. MTfactor pakub laias valikus isikukaitsevahendeid ning profit\u00f6\u00f6riistu (Makita, Bosch). Telli kohe!\" \/>\n<meta name=\"robots\" content=\"index, follow, max-snippet:-1, max-image-preview:large, max-video-preview:-1\" \/>\n<link rel=\"canonical\" href=\"https:\/\/mtfactor.ee\/en?product=pusa-soccia\" \/>\n<meta property=\"og:locale\" content=\"en_US\" \/>\n<meta property=\"og:type\" content=\"article\" \/>\n<meta property=\"og:title\" content=\"T\u00f6\u00f6riided, turvajalan\u00f5ud ja t\u00f6\u00f6riistad - MTfactor\" \/>\n<meta property=\"og:description\" content=\"Vastupidavad t\u00f6\u00f6riided ja turvajalan\u00f5ud igaks olukorraks. MTfactor pakub laias valikus isikukaitsevahendeid ning profit\u00f6\u00f6riistu (Makita, Bosch). Telli kohe!\" \/>\n<meta property=\"og:url\" content=\"https:\/\/mtfactor.ee\/en?product=pusa-soccia\" \/>\n<meta property=\"og:site_name\" content=\"MTfactor\" \/>\n<meta property=\"og:image\" content=\"https:\/\/mtfactor.ee\/wp-content\/uploads\/2025\/11\/Screenshot-2025-11-12-080629.png\" \/>\n\t<meta property=\"og:image:width\" content=\"522\" \/>\n\t<meta property=\"og:image:height\" content=\"490\" \/>\n\t<meta property=\"og:image:type\" content=\"image\/png\" \/>\n<meta name=\"twitter:card\" content=\"summary_large_image\" \/>\n<meta name=\"twitter:label1\" content=\"Est. reading time\" \/>\n\t<meta name=\"twitter:data1\" content=\"1 minute\" \/>\n<script type=\"application\/ld+json\" class=\"yoast-schema-graph\">{\"@context\":\"https:\\\/\\\/schema.org\",\"@graph\":[{\"@type\":[\"WebPage\",\"ItemPage\"],\"@id\":\"https:\\\/\\\/mtfactor.ee\\\/en?product=pusa-soccia\",\"url\":\"https:\\\/\\\/mtfactor.ee\\\/en?product=pusa-soccia\",\"name\":\"T\u00f6\u00f6riided, turvajalan\u00f5ud ja t\u00f6\u00f6riistad - MTfactor\",\"isPartOf\":{\"@id\":\"https:\\\/\\\/mtfactor.ee\\\/en#website\"},\"primaryImageOfPage\":{\"@id\":\"https:\\\/\\\/mtfactor.ee\\\/en?product=pusa-soccia#primaryimage\"},\"image\":{\"@id\":\"https:\\\/\\\/mtfactor.ee\\\/en?product=pusa-soccia#primaryimage\"},\"thumbnailUrl\":\"https:\\\/\\\/i0.wp.com\\\/mtfactor.ee\\\/wp-content\\\/uploads\\\/2025\\\/11\\\/Screenshot-2025-11-12-080629.png?fit=522%2C490&ssl=1\",\"datePublished\":\"2025-11-12T06:15:26+00:00\",\"description\":\"Vastupidavad t\u00f6\u00f6riided ja turvajalan\u00f5ud igaks olukorraks. MTfactor pakub laias valikus isikukaitsevahendeid ning profit\u00f6\u00f6riistu (Makita, Bosch). Telli kohe!\",\"breadcrumb\":{\"@id\":\"https:\\\/\\\/mtfactor.ee\\\/en?product=pusa-soccia#breadcrumb\"},\"inLanguage\":\"en-US\",\"potentialAction\":[{\"@type\":\"ReadAction\",\"target\":[\"https:\\\/\\\/mtfactor.ee\\\/en?product=pusa-soccia\"]}]},{\"@type\":\"ImageObject\",\"inLanguage\":\"en-US\",\"@id\":\"https:\\\/\\\/mtfactor.ee\\\/en?product=pusa-soccia#primaryimage\",\"url\":\"https:\\\/\\\/i0.wp.com\\\/mtfactor.ee\\\/wp-content\\\/uploads\\\/2025\\\/11\\\/Screenshot-2025-11-12-080629.png?fit=522%2C490&ssl=1\",\"contentUrl\":\"https:\\\/\\\/i0.wp.com\\\/mtfactor.ee\\\/wp-content\\\/uploads\\\/2025\\\/11\\\/Screenshot-2025-11-12-080629.png?fit=522%2C490&ssl=1\",\"width\":522,\"height\":490},{\"@type\":\"BreadcrumbList\",\"@id\":\"https:\\\/\\\/mtfactor.ee\\\/en?product=pusa-soccia#breadcrumb\",\"itemListElement\":[{\"@type\":\"ListItem\",\"position\":1,\"name\":\"Home\",\"item\":\"https:\\\/\\\/mtfactor.ee\\\/en\"},{\"@type\":\"ListItem\",\"position\":2,\"name\":\"Tooted\",\"item\":\"https:\\\/\\\/mtfactor.ee\\\/en?page_id=5\"},{\"@type\":\"ListItem\",\"position\":3,\"name\":\"Pusa- SOCCIA\"}]},{\"@type\":\"WebSite\",\"@id\":\"https:\\\/\\\/mtfactor.ee\\\/en#website\",\"url\":\"https:\\\/\\\/mtfactor.ee\\\/en\",\"name\":\"MTFactor\",\"description\":\"T\u00f6\u00f6riided, T\u00f6\u00f6jalatsid, T\u00f6\u00f6kindad, Kaitsevahendid\",\"publisher\":{\"@id\":\"https:\\\/\\\/mtfactor.ee\\\/en#organization\"},\"potentialAction\":[{\"@type\":\"SearchAction\",\"target\":{\"@type\":\"EntryPoint\",\"urlTemplate\":\"https:\\\/\\\/mtfactor.ee\\\/en?s={search_term_string}\"},\"query-input\":{\"@type\":\"PropertyValueSpecification\",\"valueRequired\":true,\"valueName\":\"search_term_string\"}}],\"inLanguage\":\"en-US\"},{\"@type\":\"Organization\",\"@id\":\"https:\\\/\\\/mtfactor.ee\\\/en#organization\",\"name\":\"MTFactor\",\"url\":\"https:\\\/\\\/mtfactor.ee\\\/en\",\"logo\":{\"@type\":\"ImageObject\",\"inLanguage\":\"en-US\",\"@id\":\"https:\\\/\\\/mtfactor.ee\\\/en#\\\/schema\\\/logo\\\/image\\\/\",\"url\":\"https:\\\/\\\/mtfactor.ee\\\/wp-content\\\/uploads\\\/2022\\\/10\\\/logo-mtfactor.jpg\",\"contentUrl\":\"https:\\\/\\\/mtfactor.ee\\\/wp-content\\\/uploads\\\/2022\\\/10\\\/logo-mtfactor.jpg\",\"width\":1080,\"height\":1080,\"caption\":\"MTFactor\"},\"image\":{\"@id\":\"https:\\\/\\\/mtfactor.ee\\\/en#\\\/schema\\\/logo\\\/image\\\/\"}}]}<\/script>\n<!-- \/ Yoast SEO plugin. -->","yoast_head_json":{"title":"T\u00f6\u00f6riided, turvajalan\u00f5ud ja t\u00f6\u00f6riistad - MTfactor","description":"Vastupidavad t\u00f6\u00f6riided ja turvajalan\u00f5ud igaks olukorraks. MTfactor pakub laias valikus isikukaitsevahendeid ning profit\u00f6\u00f6riistu (Makita, Bosch). Telli kohe!","robots":{"index":"index","follow":"follow","max-snippet":"max-snippet:-1","max-image-preview":"max-image-preview:large","max-video-preview":"max-video-preview:-1"},"canonical":"https:\/\/mtfactor.ee\/en?product=pusa-soccia","og_locale":"en_US","og_type":"article","og_title":"T\u00f6\u00f6riided, turvajalan\u00f5ud ja t\u00f6\u00f6riistad - MTfactor","og_description":"Vastupidavad t\u00f6\u00f6riided ja turvajalan\u00f5ud igaks olukorraks. MTfactor pakub laias valikus isikukaitsevahendeid ning profit\u00f6\u00f6riistu (Makita, Bosch). Telli kohe!","og_url":"https:\/\/mtfactor.ee\/en?product=pusa-soccia","og_site_name":"MTfactor","og_image":[{"width":522,"height":490,"url":"https:\/\/mtfactor.ee\/wp-content\/uploads\/2025\/11\/Screenshot-2025-11-12-080629.png","type":"image\/png"}],"twitter_card":"summary_large_image","twitter_misc":{"Est. reading time":"1 minute"},"schema":{"@context":"https:\/\/schema.org","@graph":[{"@type":["WebPage","ItemPage"],"@id":"https:\/\/mtfactor.ee\/en?product=pusa-soccia","url":"https:\/\/mtfactor.ee\/en?product=pusa-soccia","name":"T\u00f6\u00f6riided, turvajalan\u00f5ud ja t\u00f6\u00f6riistad - MTfactor","isPartOf":{"@id":"https:\/\/mtfactor.ee\/en#website"},"primaryImageOfPage":{"@id":"https:\/\/mtfactor.ee\/en?product=pusa-soccia#primaryimage"},"image":{"@id":"https:\/\/mtfactor.ee\/en?product=pusa-soccia#primaryimage"},"thumbnailUrl":"https:\/\/i0.wp.com\/mtfactor.ee\/wp-content\/uploads\/2025\/11\/Screenshot-2025-11-12-080629.png?fit=522%2C490&ssl=1","datePublished":"2025-11-12T06:15:26+00:00","description":"Vastupidavad t\u00f6\u00f6riided ja turvajalan\u00f5ud igaks olukorraks. MTfactor pakub laias valikus isikukaitsevahendeid ning profit\u00f6\u00f6riistu (Makita, Bosch). Telli kohe!","breadcrumb":{"@id":"https:\/\/mtfactor.ee\/en?product=pusa-soccia#breadcrumb"},"inLanguage":"en-US","potentialAction":[{"@type":"ReadAction","target":["https:\/\/mtfactor.ee\/en?product=pusa-soccia"]}]},{"@type":"ImageObject","inLanguage":"en-US","@id":"https:\/\/mtfactor.ee\/en?product=pusa-soccia#primaryimage","url":"https:\/\/i0.wp.com\/mtfactor.ee\/wp-content\/uploads\/2025\/11\/Screenshot-2025-11-12-080629.png?fit=522%2C490&ssl=1","contentUrl":"https:\/\/i0.wp.com\/mtfactor.ee\/wp-content\/uploads\/2025\/11\/Screenshot-2025-11-12-080629.png?fit=522%2C490&ssl=1","width":522,"height":490},{"@type":"BreadcrumbList","@id":"https:\/\/mtfactor.ee\/en?product=pusa-soccia#breadcrumb","itemListElement":[{"@type":"ListItem","position":1,"name":"Home","item":"https:\/\/mtfactor.ee\/en"},{"@type":"ListItem","position":2,"name":"Tooted","item":"https:\/\/mtfactor.ee\/en?page_id=5"},{"@type":"ListItem","position":3,"name":"Pusa- SOCCIA"}]},{"@type":"WebSite","@id":"https:\/\/mtfactor.ee\/en#website","url":"https:\/\/mtfactor.ee\/en","name":"MTFactor","description":"T\u00f6\u00f6riided, T\u00f6\u00f6jalatsid, T\u00f6\u00f6kindad, Kaitsevahendid","publisher":{"@id":"https:\/\/mtfactor.ee\/en#organization"},"potentialAction":[{"@type":"SearchAction","target":{"@type":"EntryPoint","urlTemplate":"https:\/\/mtfactor.ee\/en?s={search_term_string}"},"query-input":{"@type":"PropertyValueSpecification","valueRequired":true,"valueName":"search_term_string"}}],"inLanguage":"en-US"},{"@type":"Organization","@id":"https:\/\/mtfactor.ee\/en#organization","name":"MTFactor","url":"https:\/\/mtfactor.ee\/en","logo":{"@type":"ImageObject","inLanguage":"en-US","@id":"https:\/\/mtfactor.ee\/en#\/schema\/logo\/image\/","url":"https:\/\/mtfactor.ee\/wp-content\/uploads\/2022\/10\/logo-mtfactor.jpg","contentUrl":"https:\/\/mtfactor.ee\/wp-content\/uploads\/2022\/10\/logo-mtfactor.jpg","width":1080,"height":1080,"caption":"MTFactor"},"image":{"@id":"https:\/\/mtfactor.ee\/en#\/schema\/logo\/image\/"}}]}},"jetpack-related-posts":[],"jetpack_sharing_enabled":true,"_links":{"self":[{"href":"https:\/\/mtfactor.ee\/en\/index.php?rest_route=\/wp\/v2\/product\/18355","targetHints":{"allow":["GET"]}}],"collection":[{"href":"https:\/\/mtfactor.ee\/en\/index.php?rest_route=\/wp\/v2\/product"}],"about":[{"href":"https:\/\/mtfactor.ee\/en\/index.php?rest_route=\/wp\/v2\/types\/product"}],"replies":[{"embeddable":true,"href":"https:\/\/mtfactor.ee\/en\/index.php?rest_route=%2Fwp%2Fv2%2Fcomments&post=18355"}],"wp:featuredmedia":[{"embeddable":true,"href":"https:\/\/mtfactor.ee\/en\/index.php?rest_route=\/wp\/v2\/media\/18356"}],"wp:attachment":[{"href":"https:\/\/mtfactor.ee\/en\/index.php?rest_route=%2Fwp%2Fv2%2Fmedia&parent=18355"}],"wp:term":[{"taxonomy":"product_brand","embeddable":true,"href":"https:\/\/mtfactor.ee\/en\/index.php?rest_route=%2Fwp%2Fv2%2Fproduct_brand&post=18355"},{"taxonomy":"product_cat","embeddable":true,"href":"https:\/\/mtfactor.ee\/en\/index.php?rest_route=%2Fwp%2Fv2%2Fproduct_cat&post=18355"},{"taxonomy":"product_tag","embeddable":true,"href":"https:\/\/mtfactor.ee\/en\/index.php?rest_route=%2Fwp%2Fv2%2Fproduct_tag&post=18355"}],"curies":[{"name":"wp","href":"https:\/\/api.w.org\/{rel}","templated":true}]}}