{"id":18312,"date":"2025-11-11T19:14:41","date_gmt":"2025-11-11T17:14:41","guid":{"rendered":"https:\/\/mtfactor.ee\/?post_type=product&#038;p=18312"},"modified":"2025-11-11T19:14:41","modified_gmt":"2025-11-11T17:14:41","slug":"toopuksid-m1pa2hvcl1","status":"publish","type":"product","link":"https:\/\/mtfactor.ee\/en?product=toopuksid-m1pa2hvcl1","title":{"rendered":"T\u00f6\u00f6p\u00fcksid- M1PA2HVCL1"},"content":{"rendered":"<p>Klass 1 k\u00f5rgn\u00e4htavad mitmetaskulised t\u00f6\u00f6p\u00fcksid, mis tagavad hea n\u00e4htavuse h\u00e4maras ja ohtlikes tingimustes.<\/p>\n<p data-start=\"0\" data-end=\"59\"><strong data-start=\"0\" data-end=\"14\">Toote t\u00fc\u00fcp<\/strong><br data-start=\"14\" data-end=\"17\" \/>T\u00f6\u00f6riietuse t\u00fc\u00fcp: k\u00f5rgn\u00e4htavad t\u00f6\u00f6p\u00fcksid<\/p>\n<p data-start=\"61\" data-end=\"79\"><strong data-start=\"61\" data-end=\"70\">Sugu:<\/strong> unisex<\/p>\n<p data-start=\"81\" data-end=\"188\"><strong data-start=\"81\" data-end=\"91\">Disain<\/strong><br data-start=\"91\" data-end=\"94\" \/>Kinnitus: t\u00f5mblukuga<br data-start=\"114\" data-end=\"117\" \/>V\u00e4lised taskud: 1 klapiga tasku \u2013 1 aplikaattasku \u2013 2 tavalist taskut<\/p>\n<p data-start=\"190\" data-end=\"242\"><strong data-start=\"190\" data-end=\"212\">Suurused ja v\u00e4rvid<\/strong><br data-start=\"212\" data-end=\"215\" \/>Suuruste vahemik: S \u2192 3XL<\/p>\n<p data-start=\"244\" data-end=\"313\" data-is-last-node=\"\" data-is-only-node=\"\"><strong data-start=\"244\" data-end=\"261\">T\u00e4iendav info<\/strong><br data-start=\"261\" data-end=\"264\" \/>Eelised: k\u00f5rgn\u00e4htav \u2013 eemaldatav nimem\u00e4rgi hoidja<\/p>\n<article class=\"text-token-text-primary w-full focus:outline-none [--shadow-height:45px] has-data-writing-block:pointer-events-none has-data-writing-block:-mt-(--shadow-height) has-data-writing-block:pt-(--shadow-height) [&amp;:has([data-writing-block])&gt;*]:pointer-events-auto [content-visibility:auto] supports-[content-visibility:auto]:[contain-intrinsic-size:auto_100lvh] scroll-mt-[calc(var(--header-height)+min(200px,max(70px,20svh)))]\" dir=\"auto\" tabindex=\"-1\" data-turn-id=\"request-WEB:9bcf9853-a1f2-4415-a0ed-0fb9114fd1c0-24\" data-testid=\"conversation-turn-50\" data-scroll-anchor=\"true\" data-turn=\"assistant\">\n<div class=\"text-base my-auto mx-auto pb-10 [--thread-content-margin:--spacing(4)] thread-sm:[--thread-content-margin:--spacing(6)] thread-lg:[--thread-content-margin:--spacing(16)] px-(--thread-content-margin)\">\n<div class=\"[--thread-content-max-width:40rem] thread-lg:[--thread-content-max-width:48rem] mx-auto max-w-(--thread-content-max-width) flex-1 group\/turn-messages focus-visible:outline-hidden relative flex w-full min-w-0 flex-col agent-turn\" tabindex=\"-1\">\n<div class=\"flex max-w-full flex-col grow\">\n<div class=\"min-h-8 text-message relative flex w-full flex-col items-end gap-2 text-start break-words whitespace-normal [.text-message+&amp;]:mt-1\" dir=\"auto\" data-message-author-role=\"assistant\" data-message-id=\"8902eb89-816b-4676-82be-2d687bebb3da\" data-message-model-slug=\"gpt-5-mini\">\n<div class=\"flex w-full flex-col gap-1 empty:hidden first:pt-[1px]\">\n<div class=\"markdown prose dark:prose-invert w-full break-words dark markdown-new-styling\">\n<p data-start=\"0\" data-end=\"186\" data-is-last-node=\"\" data-is-only-node=\"\"><strong data-start=\"0\" data-end=\"10\" data-is-only-node=\"\">L\u00f5ige:<\/strong> tavap\u00e4rane<br data-start=\"21\" data-end=\"24\" \/><strong data-start=\"24\" data-end=\"37\">Materjal:<\/strong> twill \u2013 80% pol\u00fcester, 20% puuvill | 240 g\/m\u00b2<br data-start=\"83\" data-end=\"86\" \/><strong data-start=\"86\" data-end=\"99\">\u00d5mblused:<\/strong> kolmekordsed<br data-start=\"112\" data-end=\"115\" \/><strong data-start=\"115\" data-end=\"123\">V\u00f6\u00f6:<\/strong> elastsed k\u00fcljed<br data-start=\"139\" data-end=\"142\" \/><strong data-start=\"142\" data-end=\"153\">P\u00f5lved:<\/strong> eelvormitud<br data-start=\"165\" data-end=\"168\" \/><strong data-start=\"168\" data-end=\"184\">Taskute arv:<\/strong> 4<\/p>\n<\/div>\n<\/div>\n<\/div>\n<\/div>\n<div class=\"z-0 flex min-h-[46px] justify-start\"><\/div>\n<div class=\"mt-3 w-full empty:hidden\">\n<div class=\"text-center\"><\/div>\n<\/div>\n<\/div>\n<\/div>\n<\/article>\n<div class=\"pointer-events-none h-px w-px\" aria-hidden=\"true\" data-edge=\"true\"><\/div>\n","protected":false},"excerpt":{"rendered":"<p>Klass 1 k\u00f5rgn\u00e4htavad mitmetaskulised t\u00f6\u00f6p\u00fcksid, mis tagavad hea n\u00e4htavuse h\u00e4maras ja ohtlikes tingimustes. Toote t\u00fc\u00fcpT\u00f6\u00f6riietuse t\u00fc\u00fcp: k\u00f5rgn\u00e4htavad t\u00f6\u00f6p\u00fcksid Sugu: unisex<\/p>\n","protected":false},"featured_media":18313,"comment_status":"closed","ping_status":"closed","template":"","meta":[],"product_brand":[],"product_cat":[109,103,104,110,102,105,85,71,106,108],"product_tag":[],"class_list":{"0":"post-18312","1":"product","2":"type-product","3":"status-publish","4":"has-post-thumbnail","6":"product_cat-avalik-haldus-ja-riigikaitse","7":"product_cat-ehitus-ja-metallitoostus","8":"product_cat-elektrienergia-elekter-gaas-ja-vesi-tuuleenergia","9":"product_cat-erinevad-toostusharud","10":"product_cat-pollumajandus-metsandus-ja-kalapuuk","11":"product_cat-teave-ja-suhtlus","12":"product_cat-toopuksid","13":"product_cat-tooriided","14":"product_cat-tootmine","15":"product_cat-transport-ja-ladustamine","17":"first","18":"instock","19":"taxable","20":"shipping-taxable","21":"purchasable","22":"product-type-variable"},"yoast_head":"<!-- This site is optimized with the Yoast SEO plugin v27.6 - https:\/\/yoast.com\/product\/yoast-seo-wordpress\/ -->\n<title>T\u00f6\u00f6riided, turvajalan\u00f5ud ja t\u00f6\u00f6riistad - MTfactor<\/title>\n<meta name=\"description\" content=\"Vastupidavad t\u00f6\u00f6riided ja turvajalan\u00f5ud igaks olukorraks. MTfactor pakub laias valikus isikukaitsevahendeid ning profit\u00f6\u00f6riistu (Makita, Bosch). Telli kohe!\" \/>\n<meta name=\"robots\" content=\"index, follow, max-snippet:-1, max-image-preview:large, max-video-preview:-1\" \/>\n<link rel=\"canonical\" href=\"https:\/\/mtfactor.ee\/en?product=toopuksid-m1pa2hvcl1\" \/>\n<meta property=\"og:locale\" content=\"en_US\" \/>\n<meta property=\"og:type\" content=\"article\" \/>\n<meta property=\"og:title\" content=\"T\u00f6\u00f6riided, turvajalan\u00f5ud ja t\u00f6\u00f6riistad - MTfactor\" \/>\n<meta property=\"og:description\" content=\"Vastupidavad t\u00f6\u00f6riided ja turvajalan\u00f5ud igaks olukorraks. MTfactor pakub laias valikus isikukaitsevahendeid ning profit\u00f6\u00f6riistu (Makita, Bosch). Telli kohe!\" \/>\n<meta property=\"og:url\" content=\"https:\/\/mtfactor.ee\/en?product=toopuksid-m1pa2hvcl1\" \/>\n<meta property=\"og:site_name\" content=\"MTfactor\" \/>\n<meta property=\"og:image\" content=\"https:\/\/mtfactor.ee\/wp-content\/uploads\/2025\/11\/Screenshot-2025-11-11-190807.png\" \/>\n\t<meta property=\"og:image:width\" content=\"478\" \/>\n\t<meta property=\"og:image:height\" content=\"505\" \/>\n\t<meta property=\"og:image:type\" content=\"image\/png\" \/>\n<meta name=\"twitter:card\" content=\"summary_large_image\" \/>\n<meta name=\"twitter:label1\" content=\"Est. reading time\" \/>\n\t<meta name=\"twitter:data1\" content=\"1 minute\" \/>\n<script type=\"application\/ld+json\" class=\"yoast-schema-graph\">{\"@context\":\"https:\\\/\\\/schema.org\",\"@graph\":[{\"@type\":[\"WebPage\",\"ItemPage\"],\"@id\":\"https:\\\/\\\/mtfactor.ee\\\/en?product=toopuksid-m1pa2hvcl1\",\"url\":\"https:\\\/\\\/mtfactor.ee\\\/en?product=toopuksid-m1pa2hvcl1\",\"name\":\"T\u00f6\u00f6riided, turvajalan\u00f5ud ja t\u00f6\u00f6riistad - MTfactor\",\"isPartOf\":{\"@id\":\"https:\\\/\\\/mtfactor.ee\\\/en#website\"},\"primaryImageOfPage\":{\"@id\":\"https:\\\/\\\/mtfactor.ee\\\/en?product=toopuksid-m1pa2hvcl1#primaryimage\"},\"image\":{\"@id\":\"https:\\\/\\\/mtfactor.ee\\\/en?product=toopuksid-m1pa2hvcl1#primaryimage\"},\"thumbnailUrl\":\"https:\\\/\\\/i0.wp.com\\\/mtfactor.ee\\\/wp-content\\\/uploads\\\/2025\\\/11\\\/Screenshot-2025-11-11-190807.png?fit=478%2C505&ssl=1\",\"datePublished\":\"2025-11-11T17:14:41+00:00\",\"description\":\"Vastupidavad t\u00f6\u00f6riided ja turvajalan\u00f5ud igaks olukorraks. MTfactor pakub laias valikus isikukaitsevahendeid ning profit\u00f6\u00f6riistu (Makita, Bosch). Telli kohe!\",\"breadcrumb\":{\"@id\":\"https:\\\/\\\/mtfactor.ee\\\/en?product=toopuksid-m1pa2hvcl1#breadcrumb\"},\"inLanguage\":\"en-US\",\"potentialAction\":[{\"@type\":\"ReadAction\",\"target\":[\"https:\\\/\\\/mtfactor.ee\\\/en?product=toopuksid-m1pa2hvcl1\"]}]},{\"@type\":\"ImageObject\",\"inLanguage\":\"en-US\",\"@id\":\"https:\\\/\\\/mtfactor.ee\\\/en?product=toopuksid-m1pa2hvcl1#primaryimage\",\"url\":\"https:\\\/\\\/i0.wp.com\\\/mtfactor.ee\\\/wp-content\\\/uploads\\\/2025\\\/11\\\/Screenshot-2025-11-11-190807.png?fit=478%2C505&ssl=1\",\"contentUrl\":\"https:\\\/\\\/i0.wp.com\\\/mtfactor.ee\\\/wp-content\\\/uploads\\\/2025\\\/11\\\/Screenshot-2025-11-11-190807.png?fit=478%2C505&ssl=1\",\"width\":478,\"height\":505},{\"@type\":\"BreadcrumbList\",\"@id\":\"https:\\\/\\\/mtfactor.ee\\\/en?product=toopuksid-m1pa2hvcl1#breadcrumb\",\"itemListElement\":[{\"@type\":\"ListItem\",\"position\":1,\"name\":\"Home\",\"item\":\"https:\\\/\\\/mtfactor.ee\\\/en\"},{\"@type\":\"ListItem\",\"position\":2,\"name\":\"Tooted\",\"item\":\"https:\\\/\\\/mtfactor.ee\\\/en?page_id=5\"},{\"@type\":\"ListItem\",\"position\":3,\"name\":\"T\u00f6\u00f6p\u00fcksid- M1PA2HVCL1\"}]},{\"@type\":\"WebSite\",\"@id\":\"https:\\\/\\\/mtfactor.ee\\\/en#website\",\"url\":\"https:\\\/\\\/mtfactor.ee\\\/en\",\"name\":\"MTFactor\",\"description\":\"T\u00f6\u00f6riided, T\u00f6\u00f6jalatsid, T\u00f6\u00f6kindad, Kaitsevahendid\",\"publisher\":{\"@id\":\"https:\\\/\\\/mtfactor.ee\\\/en#organization\"},\"potentialAction\":[{\"@type\":\"SearchAction\",\"target\":{\"@type\":\"EntryPoint\",\"urlTemplate\":\"https:\\\/\\\/mtfactor.ee\\\/en?s={search_term_string}\"},\"query-input\":{\"@type\":\"PropertyValueSpecification\",\"valueRequired\":true,\"valueName\":\"search_term_string\"}}],\"inLanguage\":\"en-US\"},{\"@type\":\"Organization\",\"@id\":\"https:\\\/\\\/mtfactor.ee\\\/en#organization\",\"name\":\"MTFactor\",\"url\":\"https:\\\/\\\/mtfactor.ee\\\/en\",\"logo\":{\"@type\":\"ImageObject\",\"inLanguage\":\"en-US\",\"@id\":\"https:\\\/\\\/mtfactor.ee\\\/en#\\\/schema\\\/logo\\\/image\\\/\",\"url\":\"https:\\\/\\\/mtfactor.ee\\\/wp-content\\\/uploads\\\/2022\\\/10\\\/logo-mtfactor.jpg\",\"contentUrl\":\"https:\\\/\\\/mtfactor.ee\\\/wp-content\\\/uploads\\\/2022\\\/10\\\/logo-mtfactor.jpg\",\"width\":1080,\"height\":1080,\"caption\":\"MTFactor\"},\"image\":{\"@id\":\"https:\\\/\\\/mtfactor.ee\\\/en#\\\/schema\\\/logo\\\/image\\\/\"}}]}<\/script>\n<!-- \/ Yoast SEO plugin. -->","yoast_head_json":{"title":"T\u00f6\u00f6riided, turvajalan\u00f5ud ja t\u00f6\u00f6riistad - MTfactor","description":"Vastupidavad t\u00f6\u00f6riided ja turvajalan\u00f5ud igaks olukorraks. MTfactor pakub laias valikus isikukaitsevahendeid ning profit\u00f6\u00f6riistu (Makita, Bosch). Telli kohe!","robots":{"index":"index","follow":"follow","max-snippet":"max-snippet:-1","max-image-preview":"max-image-preview:large","max-video-preview":"max-video-preview:-1"},"canonical":"https:\/\/mtfactor.ee\/en?product=toopuksid-m1pa2hvcl1","og_locale":"en_US","og_type":"article","og_title":"T\u00f6\u00f6riided, turvajalan\u00f5ud ja t\u00f6\u00f6riistad - MTfactor","og_description":"Vastupidavad t\u00f6\u00f6riided ja turvajalan\u00f5ud igaks olukorraks. MTfactor pakub laias valikus isikukaitsevahendeid ning profit\u00f6\u00f6riistu (Makita, Bosch). Telli kohe!","og_url":"https:\/\/mtfactor.ee\/en?product=toopuksid-m1pa2hvcl1","og_site_name":"MTfactor","og_image":[{"width":478,"height":505,"url":"https:\/\/mtfactor.ee\/wp-content\/uploads\/2025\/11\/Screenshot-2025-11-11-190807.png","type":"image\/png"}],"twitter_card":"summary_large_image","twitter_misc":{"Est. reading time":"1 minute"},"schema":{"@context":"https:\/\/schema.org","@graph":[{"@type":["WebPage","ItemPage"],"@id":"https:\/\/mtfactor.ee\/en?product=toopuksid-m1pa2hvcl1","url":"https:\/\/mtfactor.ee\/en?product=toopuksid-m1pa2hvcl1","name":"T\u00f6\u00f6riided, turvajalan\u00f5ud ja t\u00f6\u00f6riistad - MTfactor","isPartOf":{"@id":"https:\/\/mtfactor.ee\/en#website"},"primaryImageOfPage":{"@id":"https:\/\/mtfactor.ee\/en?product=toopuksid-m1pa2hvcl1#primaryimage"},"image":{"@id":"https:\/\/mtfactor.ee\/en?product=toopuksid-m1pa2hvcl1#primaryimage"},"thumbnailUrl":"https:\/\/i0.wp.com\/mtfactor.ee\/wp-content\/uploads\/2025\/11\/Screenshot-2025-11-11-190807.png?fit=478%2C505&ssl=1","datePublished":"2025-11-11T17:14:41+00:00","description":"Vastupidavad t\u00f6\u00f6riided ja turvajalan\u00f5ud igaks olukorraks. MTfactor pakub laias valikus isikukaitsevahendeid ning profit\u00f6\u00f6riistu (Makita, Bosch). Telli kohe!","breadcrumb":{"@id":"https:\/\/mtfactor.ee\/en?product=toopuksid-m1pa2hvcl1#breadcrumb"},"inLanguage":"en-US","potentialAction":[{"@type":"ReadAction","target":["https:\/\/mtfactor.ee\/en?product=toopuksid-m1pa2hvcl1"]}]},{"@type":"ImageObject","inLanguage":"en-US","@id":"https:\/\/mtfactor.ee\/en?product=toopuksid-m1pa2hvcl1#primaryimage","url":"https:\/\/i0.wp.com\/mtfactor.ee\/wp-content\/uploads\/2025\/11\/Screenshot-2025-11-11-190807.png?fit=478%2C505&ssl=1","contentUrl":"https:\/\/i0.wp.com\/mtfactor.ee\/wp-content\/uploads\/2025\/11\/Screenshot-2025-11-11-190807.png?fit=478%2C505&ssl=1","width":478,"height":505},{"@type":"BreadcrumbList","@id":"https:\/\/mtfactor.ee\/en?product=toopuksid-m1pa2hvcl1#breadcrumb","itemListElement":[{"@type":"ListItem","position":1,"name":"Home","item":"https:\/\/mtfactor.ee\/en"},{"@type":"ListItem","position":2,"name":"Tooted","item":"https:\/\/mtfactor.ee\/en?page_id=5"},{"@type":"ListItem","position":3,"name":"T\u00f6\u00f6p\u00fcksid- M1PA2HVCL1"}]},{"@type":"WebSite","@id":"https:\/\/mtfactor.ee\/en#website","url":"https:\/\/mtfactor.ee\/en","name":"MTFactor","description":"T\u00f6\u00f6riided, T\u00f6\u00f6jalatsid, T\u00f6\u00f6kindad, Kaitsevahendid","publisher":{"@id":"https:\/\/mtfactor.ee\/en#organization"},"potentialAction":[{"@type":"SearchAction","target":{"@type":"EntryPoint","urlTemplate":"https:\/\/mtfactor.ee\/en?s={search_term_string}"},"query-input":{"@type":"PropertyValueSpecification","valueRequired":true,"valueName":"search_term_string"}}],"inLanguage":"en-US"},{"@type":"Organization","@id":"https:\/\/mtfactor.ee\/en#organization","name":"MTFactor","url":"https:\/\/mtfactor.ee\/en","logo":{"@type":"ImageObject","inLanguage":"en-US","@id":"https:\/\/mtfactor.ee\/en#\/schema\/logo\/image\/","url":"https:\/\/mtfactor.ee\/wp-content\/uploads\/2022\/10\/logo-mtfactor.jpg","contentUrl":"https:\/\/mtfactor.ee\/wp-content\/uploads\/2022\/10\/logo-mtfactor.jpg","width":1080,"height":1080,"caption":"MTFactor"},"image":{"@id":"https:\/\/mtfactor.ee\/en#\/schema\/logo\/image\/"}}]}},"jetpack-related-posts":[],"jetpack_sharing_enabled":true,"_links":{"self":[{"href":"https:\/\/mtfactor.ee\/en\/index.php?rest_route=\/wp\/v2\/product\/18312","targetHints":{"allow":["GET"]}}],"collection":[{"href":"https:\/\/mtfactor.ee\/en\/index.php?rest_route=\/wp\/v2\/product"}],"about":[{"href":"https:\/\/mtfactor.ee\/en\/index.php?rest_route=\/wp\/v2\/types\/product"}],"replies":[{"embeddable":true,"href":"https:\/\/mtfactor.ee\/en\/index.php?rest_route=%2Fwp%2Fv2%2Fcomments&post=18312"}],"wp:featuredmedia":[{"embeddable":true,"href":"https:\/\/mtfactor.ee\/en\/index.php?rest_route=\/wp\/v2\/media\/18313"}],"wp:attachment":[{"href":"https:\/\/mtfactor.ee\/en\/index.php?rest_route=%2Fwp%2Fv2%2Fmedia&parent=18312"}],"wp:term":[{"taxonomy":"product_brand","embeddable":true,"href":"https:\/\/mtfactor.ee\/en\/index.php?rest_route=%2Fwp%2Fv2%2Fproduct_brand&post=18312"},{"taxonomy":"product_cat","embeddable":true,"href":"https:\/\/mtfactor.ee\/en\/index.php?rest_route=%2Fwp%2Fv2%2Fproduct_cat&post=18312"},{"taxonomy":"product_tag","embeddable":true,"href":"https:\/\/mtfactor.ee\/en\/index.php?rest_route=%2Fwp%2Fv2%2Fproduct_tag&post=18312"}],"curies":[{"name":"wp","href":"https:\/\/api.w.org\/{rel}","templated":true}]}}