{"id":17611,"date":"2025-10-09T10:50:51","date_gmt":"2025-10-09T07:50:51","guid":{"rendered":"https:\/\/mtfactor.ee\/?post_type=product&#038;p=17611"},"modified":"2025-11-11T11:17:18","modified_gmt":"2025-11-11T09:17:18","slug":"eriotstarbelised-tookindad-vv916","status":"publish","type":"product","link":"https:\/\/mtfactor.ee\/en?product=eriotstarbelised-tookindad-vv916","title":{"rendered":"ERIOTSTARBELISED T\u00d6\u00d6KINDAD- VV916"},"content":{"rendered":"<h3 data-start=\"97\" data-end=\"173\"><strong data-start=\"101\" data-end=\"173\">T\u00f5hus l\u00f6\u00f6gikindel kinnas \u2013 t\u00e4ielik s\u00f5rmekaitse ja k\u00f5rge l\u00f5ikekindlus<\/strong><\/h3>\n<p data-start=\"175\" data-end=\"881\">Kinnas, mis pakub <strong data-start=\"193\" data-end=\"221\">suurep\u00e4rast l\u00f6\u00f6gikaitset<\/strong>, kaitstes k\u00f5iki s\u00f5rmenukke ning olles samal ajal \u00e4\u00e4rmiselt l\u00f5ikekindel (tase F).<br data-start=\"302\" data-end=\"305\" \/>Valmistatud vastupidavast ja painduvast materjalide segust: <strong data-start=\"365\" data-end=\"425\">kootud elastaan, klaaskiud, nailon, pol\u00fcester ja spandex<\/strong>, mis tagab hea sobivuse ja vastupidavuse.<br data-start=\"467\" data-end=\"470\" \/>Peopesal ja p\u00f6idlal on tugevdatud <strong data-start=\"504\" data-end=\"534\">tekstureeritud nitriilkate<\/strong>, mis parandab haarduvust ka libedatel pindadel.<br data-start=\"582\" data-end=\"585\" \/>Lisaks tugevdatud kaetud alad p\u00f6idlal, p\u00f6idlalehe ja k\u00e4e tagak\u00fcljel.<br data-start=\"653\" data-end=\"656\" \/>Kinnas on varustatud <strong data-start=\"677\" data-end=\"694\">sirge varruka<\/strong> ning on valmistatud 18 gauge \u00f5hukusest, mis tagab hea tasakaalu kaitse ja liikumisvabaduse vahel.<br data-start=\"792\" data-end=\"795\" \/>Sobib ideaalselt t\u00f6\u00f6deks, kus on oht l\u00f6\u00f6kidele, l\u00f5iketele ja vajatakse kindlat haaret.<\/p>\n","protected":false},"excerpt":{"rendered":"<p>T\u00f5hus l\u00f6\u00f6gikindel kinnas \u2013 t\u00e4ielik s\u00f5rmekaitse ja k\u00f5rge l\u00f5ikekindlus Kinnas, mis pakub suurep\u00e4rast l\u00f6\u00f6gikaitset, kaitstes k\u00f5iki s\u00f5rmenukke ning olles samal<\/p>\n","protected":false},"featured_media":17695,"comment_status":"closed","ping_status":"closed","template":"","meta":[],"product_brand":[],"product_cat":[78,70],"product_tag":[],"class_list":{"0":"post-17611","1":"product","2":"type-product","3":"status-publish","4":"has-post-thumbnail","6":"product_cat-eriotstarbelised-tookindad","7":"product_cat-tookindad","9":"first","10":"instock","11":"taxable","12":"shipping-taxable","13":"purchasable","14":"product-type-variable"},"yoast_head":"<!-- This site is optimized with the Yoast SEO plugin v27.4 - https:\/\/yoast.com\/product\/yoast-seo-wordpress\/ -->\n<title>T\u00f6\u00f6riided, turvajalan\u00f5ud ja t\u00f6\u00f6riistad - MTfactor<\/title>\n<meta name=\"description\" content=\"Vastupidavad t\u00f6\u00f6riided ja turvajalan\u00f5ud igaks olukorraks. MTfactor pakub laias valikus isikukaitsevahendeid ning profit\u00f6\u00f6riistu (Makita, Bosch). Telli kohe!\" \/>\n<meta name=\"robots\" content=\"index, follow, max-snippet:-1, max-image-preview:large, max-video-preview:-1\" \/>\n<link rel=\"canonical\" href=\"https:\/\/mtfactor.ee\/en?product=eriotstarbelised-tookindad-vv916\" \/>\n<meta property=\"og:locale\" content=\"en_US\" \/>\n<meta property=\"og:type\" content=\"article\" \/>\n<meta property=\"og:title\" content=\"T\u00f6\u00f6riided, turvajalan\u00f5ud ja t\u00f6\u00f6riistad - MTfactor\" \/>\n<meta property=\"og:description\" content=\"Vastupidavad t\u00f6\u00f6riided ja turvajalan\u00f5ud igaks olukorraks. MTfactor pakub laias valikus isikukaitsevahendeid ning profit\u00f6\u00f6riistu (Makita, Bosch). Telli kohe!\" \/>\n<meta property=\"og:url\" content=\"https:\/\/mtfactor.ee\/en?product=eriotstarbelised-tookindad-vv916\" \/>\n<meta property=\"og:site_name\" content=\"MTfactor\" \/>\n<meta property=\"article:modified_time\" content=\"2025-11-11T09:17:18+00:00\" \/>\n<meta property=\"og:image\" content=\"https:\/\/mtfactor.ee\/wp-content\/uploads\/2025\/10\/Screenshot-2025-10-26-162427.png\" \/>\n\t<meta property=\"og:image:width\" content=\"540\" \/>\n\t<meta property=\"og:image:height\" content=\"513\" \/>\n\t<meta property=\"og:image:type\" content=\"image\/png\" \/>\n<meta name=\"twitter:card\" content=\"summary_large_image\" \/>\n<meta name=\"twitter:label1\" content=\"Est. reading time\" \/>\n\t<meta name=\"twitter:data1\" content=\"1 minute\" \/>\n<script type=\"application\/ld+json\" class=\"yoast-schema-graph\">{\"@context\":\"https:\\\/\\\/schema.org\",\"@graph\":[{\"@type\":[\"WebPage\",\"ItemPage\"],\"@id\":\"https:\\\/\\\/mtfactor.ee\\\/en?product=eriotstarbelised-tookindad-vv916\",\"url\":\"https:\\\/\\\/mtfactor.ee\\\/en?product=eriotstarbelised-tookindad-vv916\",\"name\":\"T\u00f6\u00f6riided, turvajalan\u00f5ud ja t\u00f6\u00f6riistad - MTfactor\",\"isPartOf\":{\"@id\":\"https:\\\/\\\/mtfactor.ee\\\/en#website\"},\"primaryImageOfPage\":{\"@id\":\"https:\\\/\\\/mtfactor.ee\\\/en?product=eriotstarbelised-tookindad-vv916#primaryimage\"},\"image\":{\"@id\":\"https:\\\/\\\/mtfactor.ee\\\/en?product=eriotstarbelised-tookindad-vv916#primaryimage\"},\"thumbnailUrl\":\"https:\\\/\\\/i0.wp.com\\\/mtfactor.ee\\\/wp-content\\\/uploads\\\/2025\\\/10\\\/Screenshot-2025-10-26-162427.png?fit=540%2C513&ssl=1\",\"datePublished\":\"2025-10-09T07:50:51+00:00\",\"dateModified\":\"2025-11-11T09:17:18+00:00\",\"description\":\"Vastupidavad t\u00f6\u00f6riided ja turvajalan\u00f5ud igaks olukorraks. MTfactor pakub laias valikus isikukaitsevahendeid ning profit\u00f6\u00f6riistu (Makita, Bosch). Telli kohe!\",\"breadcrumb\":{\"@id\":\"https:\\\/\\\/mtfactor.ee\\\/en?product=eriotstarbelised-tookindad-vv916#breadcrumb\"},\"inLanguage\":\"en-US\",\"potentialAction\":[{\"@type\":\"ReadAction\",\"target\":[\"https:\\\/\\\/mtfactor.ee\\\/en?product=eriotstarbelised-tookindad-vv916\"]}]},{\"@type\":\"ImageObject\",\"inLanguage\":\"en-US\",\"@id\":\"https:\\\/\\\/mtfactor.ee\\\/en?product=eriotstarbelised-tookindad-vv916#primaryimage\",\"url\":\"https:\\\/\\\/i0.wp.com\\\/mtfactor.ee\\\/wp-content\\\/uploads\\\/2025\\\/10\\\/Screenshot-2025-10-26-162427.png?fit=540%2C513&ssl=1\",\"contentUrl\":\"https:\\\/\\\/i0.wp.com\\\/mtfactor.ee\\\/wp-content\\\/uploads\\\/2025\\\/10\\\/Screenshot-2025-10-26-162427.png?fit=540%2C513&ssl=1\",\"width\":540,\"height\":513},{\"@type\":\"BreadcrumbList\",\"@id\":\"https:\\\/\\\/mtfactor.ee\\\/en?product=eriotstarbelised-tookindad-vv916#breadcrumb\",\"itemListElement\":[{\"@type\":\"ListItem\",\"position\":1,\"name\":\"Home\",\"item\":\"https:\\\/\\\/mtfactor.ee\\\/en\"},{\"@type\":\"ListItem\",\"position\":2,\"name\":\"Tooted\",\"item\":\"https:\\\/\\\/mtfactor.ee\\\/en?page_id=5\"},{\"@type\":\"ListItem\",\"position\":3,\"name\":\"ERIOTSTARBELISED T\u00d6\u00d6KINDAD- VV916\"}]},{\"@type\":\"WebSite\",\"@id\":\"https:\\\/\\\/mtfactor.ee\\\/en#website\",\"url\":\"https:\\\/\\\/mtfactor.ee\\\/en\",\"name\":\"MTFactor\",\"description\":\"T\u00f6\u00f6riided, T\u00f6\u00f6jalatsid, T\u00f6\u00f6kindad, Kaitsevahendid\",\"publisher\":{\"@id\":\"https:\\\/\\\/mtfactor.ee\\\/en#organization\"},\"potentialAction\":[{\"@type\":\"SearchAction\",\"target\":{\"@type\":\"EntryPoint\",\"urlTemplate\":\"https:\\\/\\\/mtfactor.ee\\\/en?s={search_term_string}\"},\"query-input\":{\"@type\":\"PropertyValueSpecification\",\"valueRequired\":true,\"valueName\":\"search_term_string\"}}],\"inLanguage\":\"en-US\"},{\"@type\":\"Organization\",\"@id\":\"https:\\\/\\\/mtfactor.ee\\\/en#organization\",\"name\":\"MTFactor\",\"url\":\"https:\\\/\\\/mtfactor.ee\\\/en\",\"logo\":{\"@type\":\"ImageObject\",\"inLanguage\":\"en-US\",\"@id\":\"https:\\\/\\\/mtfactor.ee\\\/en#\\\/schema\\\/logo\\\/image\\\/\",\"url\":\"https:\\\/\\\/mtfactor.ee\\\/wp-content\\\/uploads\\\/2022\\\/10\\\/logo-mtfactor.jpg\",\"contentUrl\":\"https:\\\/\\\/mtfactor.ee\\\/wp-content\\\/uploads\\\/2022\\\/10\\\/logo-mtfactor.jpg\",\"width\":1080,\"height\":1080,\"caption\":\"MTFactor\"},\"image\":{\"@id\":\"https:\\\/\\\/mtfactor.ee\\\/en#\\\/schema\\\/logo\\\/image\\\/\"}}]}<\/script>\n<!-- \/ Yoast SEO plugin. -->","yoast_head_json":{"title":"T\u00f6\u00f6riided, turvajalan\u00f5ud ja t\u00f6\u00f6riistad - MTfactor","description":"Vastupidavad t\u00f6\u00f6riided ja turvajalan\u00f5ud igaks olukorraks. MTfactor pakub laias valikus isikukaitsevahendeid ning profit\u00f6\u00f6riistu (Makita, Bosch). Telli kohe!","robots":{"index":"index","follow":"follow","max-snippet":"max-snippet:-1","max-image-preview":"max-image-preview:large","max-video-preview":"max-video-preview:-1"},"canonical":"https:\/\/mtfactor.ee\/en?product=eriotstarbelised-tookindad-vv916","og_locale":"en_US","og_type":"article","og_title":"T\u00f6\u00f6riided, turvajalan\u00f5ud ja t\u00f6\u00f6riistad - MTfactor","og_description":"Vastupidavad t\u00f6\u00f6riided ja turvajalan\u00f5ud igaks olukorraks. MTfactor pakub laias valikus isikukaitsevahendeid ning profit\u00f6\u00f6riistu (Makita, Bosch). Telli kohe!","og_url":"https:\/\/mtfactor.ee\/en?product=eriotstarbelised-tookindad-vv916","og_site_name":"MTfactor","article_modified_time":"2025-11-11T09:17:18+00:00","og_image":[{"width":540,"height":513,"url":"https:\/\/mtfactor.ee\/wp-content\/uploads\/2025\/10\/Screenshot-2025-10-26-162427.png","type":"image\/png"}],"twitter_card":"summary_large_image","twitter_misc":{"Est. reading time":"1 minute"},"schema":{"@context":"https:\/\/schema.org","@graph":[{"@type":["WebPage","ItemPage"],"@id":"https:\/\/mtfactor.ee\/en?product=eriotstarbelised-tookindad-vv916","url":"https:\/\/mtfactor.ee\/en?product=eriotstarbelised-tookindad-vv916","name":"T\u00f6\u00f6riided, turvajalan\u00f5ud ja t\u00f6\u00f6riistad - MTfactor","isPartOf":{"@id":"https:\/\/mtfactor.ee\/en#website"},"primaryImageOfPage":{"@id":"https:\/\/mtfactor.ee\/en?product=eriotstarbelised-tookindad-vv916#primaryimage"},"image":{"@id":"https:\/\/mtfactor.ee\/en?product=eriotstarbelised-tookindad-vv916#primaryimage"},"thumbnailUrl":"https:\/\/i0.wp.com\/mtfactor.ee\/wp-content\/uploads\/2025\/10\/Screenshot-2025-10-26-162427.png?fit=540%2C513&ssl=1","datePublished":"2025-10-09T07:50:51+00:00","dateModified":"2025-11-11T09:17:18+00:00","description":"Vastupidavad t\u00f6\u00f6riided ja turvajalan\u00f5ud igaks olukorraks. MTfactor pakub laias valikus isikukaitsevahendeid ning profit\u00f6\u00f6riistu (Makita, Bosch). Telli kohe!","breadcrumb":{"@id":"https:\/\/mtfactor.ee\/en?product=eriotstarbelised-tookindad-vv916#breadcrumb"},"inLanguage":"en-US","potentialAction":[{"@type":"ReadAction","target":["https:\/\/mtfactor.ee\/en?product=eriotstarbelised-tookindad-vv916"]}]},{"@type":"ImageObject","inLanguage":"en-US","@id":"https:\/\/mtfactor.ee\/en?product=eriotstarbelised-tookindad-vv916#primaryimage","url":"https:\/\/i0.wp.com\/mtfactor.ee\/wp-content\/uploads\/2025\/10\/Screenshot-2025-10-26-162427.png?fit=540%2C513&ssl=1","contentUrl":"https:\/\/i0.wp.com\/mtfactor.ee\/wp-content\/uploads\/2025\/10\/Screenshot-2025-10-26-162427.png?fit=540%2C513&ssl=1","width":540,"height":513},{"@type":"BreadcrumbList","@id":"https:\/\/mtfactor.ee\/en?product=eriotstarbelised-tookindad-vv916#breadcrumb","itemListElement":[{"@type":"ListItem","position":1,"name":"Home","item":"https:\/\/mtfactor.ee\/en"},{"@type":"ListItem","position":2,"name":"Tooted","item":"https:\/\/mtfactor.ee\/en?page_id=5"},{"@type":"ListItem","position":3,"name":"ERIOTSTARBELISED T\u00d6\u00d6KINDAD- VV916"}]},{"@type":"WebSite","@id":"https:\/\/mtfactor.ee\/en#website","url":"https:\/\/mtfactor.ee\/en","name":"MTFactor","description":"T\u00f6\u00f6riided, T\u00f6\u00f6jalatsid, T\u00f6\u00f6kindad, Kaitsevahendid","publisher":{"@id":"https:\/\/mtfactor.ee\/en#organization"},"potentialAction":[{"@type":"SearchAction","target":{"@type":"EntryPoint","urlTemplate":"https:\/\/mtfactor.ee\/en?s={search_term_string}"},"query-input":{"@type":"PropertyValueSpecification","valueRequired":true,"valueName":"search_term_string"}}],"inLanguage":"en-US"},{"@type":"Organization","@id":"https:\/\/mtfactor.ee\/en#organization","name":"MTFactor","url":"https:\/\/mtfactor.ee\/en","logo":{"@type":"ImageObject","inLanguage":"en-US","@id":"https:\/\/mtfactor.ee\/en#\/schema\/logo\/image\/","url":"https:\/\/mtfactor.ee\/wp-content\/uploads\/2022\/10\/logo-mtfactor.jpg","contentUrl":"https:\/\/mtfactor.ee\/wp-content\/uploads\/2022\/10\/logo-mtfactor.jpg","width":1080,"height":1080,"caption":"MTFactor"},"image":{"@id":"https:\/\/mtfactor.ee\/en#\/schema\/logo\/image\/"}}]}},"jetpack-related-posts":[],"jetpack_sharing_enabled":true,"_links":{"self":[{"href":"https:\/\/mtfactor.ee\/en\/index.php?rest_route=\/wp\/v2\/product\/17611","targetHints":{"allow":["GET"]}}],"collection":[{"href":"https:\/\/mtfactor.ee\/en\/index.php?rest_route=\/wp\/v2\/product"}],"about":[{"href":"https:\/\/mtfactor.ee\/en\/index.php?rest_route=\/wp\/v2\/types\/product"}],"replies":[{"embeddable":true,"href":"https:\/\/mtfactor.ee\/en\/index.php?rest_route=%2Fwp%2Fv2%2Fcomments&post=17611"}],"wp:featuredmedia":[{"embeddable":true,"href":"https:\/\/mtfactor.ee\/en\/index.php?rest_route=\/wp\/v2\/media\/17695"}],"wp:attachment":[{"href":"https:\/\/mtfactor.ee\/en\/index.php?rest_route=%2Fwp%2Fv2%2Fmedia&parent=17611"}],"wp:term":[{"taxonomy":"product_brand","embeddable":true,"href":"https:\/\/mtfactor.ee\/en\/index.php?rest_route=%2Fwp%2Fv2%2Fproduct_brand&post=17611"},{"taxonomy":"product_cat","embeddable":true,"href":"https:\/\/mtfactor.ee\/en\/index.php?rest_route=%2Fwp%2Fv2%2Fproduct_cat&post=17611"},{"taxonomy":"product_tag","embeddable":true,"href":"https:\/\/mtfactor.ee\/en\/index.php?rest_route=%2Fwp%2Fv2%2Fproduct_tag&post=17611"}],"curies":[{"name":"wp","href":"https:\/\/api.w.org\/{rel}","templated":true}]}}