{"id":17600,"date":"2025-10-09T10:49:56","date_gmt":"2025-10-09T07:49:56","guid":{"rendered":"https:\/\/mtfactor.ee\/?post_type=product&#038;p=17600"},"modified":"2025-11-11T11:16:30","modified_gmt":"2025-11-11T09:16:30","slug":"kummikindad-vv835cut","status":"publish","type":"product","link":"https:\/\/mtfactor.ee\/en?product=kummikindad-vv835cut","title":{"rendered":"KUMMIKINDAD- VV835CUT"},"content":{"rendered":"<h3 data-start=\"87\" data-end=\"182\"><strong data-start=\"91\" data-end=\"182\">C-taseme l\u00f5ikekindel keemiline kinnas \u2013 k\u00f5rge n\u00e4htavus ja vastupidavus s\u00fcsivesinikutele<\/strong><\/h3>\n<p data-start=\"184\" data-end=\"630\">Kaitsev kinnas, mis pakub <strong data-start=\"210\" data-end=\"235\">C-taseme l\u00f5ikekaitset<\/strong> ja on valmistatud vastupidavast <strong data-start=\"268\" data-end=\"298\">s\u00fcnteetilisest tekstiilist<\/strong>, t\u00e4ielikult kaetud kaitsva kihiga.<br data-start=\"333\" data-end=\"336\" \/><strong data-start=\"336\" data-end=\"347\">Paksus:<\/strong> 1,15 mm ja pikkus 340 mm tagavad hea kaitse ning mugavuse.<br data-start=\"406\" data-end=\"409\" \/>Sobib eriti h\u00e4sti <strong data-start=\"427\" data-end=\"478\">keemiliste ainete ja s\u00fcsivesinikega t\u00f6\u00f6tamiseks<\/strong>, pakkudes samal ajal <strong data-start=\"500\" data-end=\"520\">k\u00f5rget n\u00e4htavust<\/strong> ja pikaajalist kandmismugavust.<br data-start=\"552\" data-end=\"555\" \/><strong data-start=\"555\" data-end=\"566\">\u00d5hukus:<\/strong> 18 gauge \u2013 ideaalne kombinatsioon kaitse ja paindlikkuse vahel.<\/p>\n","protected":false},"excerpt":{"rendered":"<p>C-taseme l\u00f5ikekindel keemiline kinnas \u2013 k\u00f5rge n\u00e4htavus ja vastupidavus s\u00fcsivesinikutele Kaitsev kinnas, mis pakub C-taseme l\u00f5ikekaitset ja on valmistatud vastupidavast<\/p>\n","protected":false},"featured_media":17776,"comment_status":"closed","ping_status":"closed","template":"","meta":[],"product_brand":[],"product_cat":[70,80],"product_tag":[],"class_list":{"0":"post-17600","1":"product","2":"type-product","3":"status-publish","4":"has-post-thumbnail","6":"product_cat-tookindad","7":"product_cat-kummikindad","9":"first","10":"instock","11":"taxable","12":"shipping-taxable","13":"purchasable","14":"product-type-variable"},"yoast_head":"<!-- This site is optimized with the Yoast SEO plugin v27.4 - https:\/\/yoast.com\/product\/yoast-seo-wordpress\/ -->\n<title>KUMMIKINDAD- VV835CUT | MTfactor<\/title>\n<meta name=\"description\" content=\"KUMMIKINDAD- VV835CUT | MTfactor\" \/>\n<meta name=\"robots\" content=\"index, follow, max-snippet:-1, max-image-preview:large, max-video-preview:-1\" \/>\n<link rel=\"canonical\" href=\"https:\/\/mtfactor.ee\/en?product=kummikindad-vv835cut\" \/>\n<meta property=\"og:locale\" content=\"en_US\" \/>\n<meta property=\"og:type\" content=\"article\" \/>\n<meta property=\"og:title\" content=\"KUMMIKINDAD- VV835CUT | MTfactor\" \/>\n<meta property=\"og:description\" content=\"KUMMIKINDAD- VV835CUT | MTfactor\" \/>\n<meta property=\"og:url\" content=\"https:\/\/mtfactor.ee\/en?product=kummikindad-vv835cut\" \/>\n<meta property=\"og:site_name\" content=\"MTfactor\" \/>\n<meta property=\"article:modified_time\" content=\"2025-11-11T09:16:30+00:00\" \/>\n<meta property=\"og:image\" content=\"https:\/\/mtfactor.ee\/wp-content\/uploads\/2025\/10\/Screenshot-2025-11-11-111538.png\" \/>\n\t<meta property=\"og:image:width\" content=\"506\" \/>\n\t<meta property=\"og:image:height\" content=\"503\" \/>\n\t<meta property=\"og:image:type\" content=\"image\/png\" \/>\n<meta name=\"twitter:card\" content=\"summary_large_image\" \/>\n<meta name=\"twitter:label1\" content=\"Est. reading time\" \/>\n\t<meta name=\"twitter:data1\" content=\"1 minute\" \/>\n<script type=\"application\/ld+json\" class=\"yoast-schema-graph\">{\"@context\":\"https:\\\/\\\/schema.org\",\"@graph\":[{\"@type\":[\"WebPage\",\"ItemPage\"],\"@id\":\"https:\\\/\\\/mtfactor.ee\\\/en?product=kummikindad-vv835cut\",\"url\":\"https:\\\/\\\/mtfactor.ee\\\/en?product=kummikindad-vv835cut\",\"name\":\"KUMMIKINDAD- VV835CUT | MTfactor\",\"isPartOf\":{\"@id\":\"https:\\\/\\\/mtfactor.ee\\\/en#website\"},\"primaryImageOfPage\":{\"@id\":\"https:\\\/\\\/mtfactor.ee\\\/en?product=kummikindad-vv835cut#primaryimage\"},\"image\":{\"@id\":\"https:\\\/\\\/mtfactor.ee\\\/en?product=kummikindad-vv835cut#primaryimage\"},\"thumbnailUrl\":\"https:\\\/\\\/i0.wp.com\\\/mtfactor.ee\\\/wp-content\\\/uploads\\\/2025\\\/10\\\/Screenshot-2025-11-11-111538.png?fit=506%2C503&ssl=1\",\"datePublished\":\"2025-10-09T07:49:56+00:00\",\"dateModified\":\"2025-11-11T09:16:30+00:00\",\"description\":\"KUMMIKINDAD- VV835CUT | MTfactor\",\"breadcrumb\":{\"@id\":\"https:\\\/\\\/mtfactor.ee\\\/en?product=kummikindad-vv835cut#breadcrumb\"},\"inLanguage\":\"en-US\",\"potentialAction\":[{\"@type\":\"ReadAction\",\"target\":[\"https:\\\/\\\/mtfactor.ee\\\/en?product=kummikindad-vv835cut\"]}]},{\"@type\":\"ImageObject\",\"inLanguage\":\"en-US\",\"@id\":\"https:\\\/\\\/mtfactor.ee\\\/en?product=kummikindad-vv835cut#primaryimage\",\"url\":\"https:\\\/\\\/i0.wp.com\\\/mtfactor.ee\\\/wp-content\\\/uploads\\\/2025\\\/10\\\/Screenshot-2025-11-11-111538.png?fit=506%2C503&ssl=1\",\"contentUrl\":\"https:\\\/\\\/i0.wp.com\\\/mtfactor.ee\\\/wp-content\\\/uploads\\\/2025\\\/10\\\/Screenshot-2025-11-11-111538.png?fit=506%2C503&ssl=1\",\"width\":506,\"height\":503},{\"@type\":\"BreadcrumbList\",\"@id\":\"https:\\\/\\\/mtfactor.ee\\\/en?product=kummikindad-vv835cut#breadcrumb\",\"itemListElement\":[{\"@type\":\"ListItem\",\"position\":1,\"name\":\"Home\",\"item\":\"https:\\\/\\\/mtfactor.ee\\\/en\"},{\"@type\":\"ListItem\",\"position\":2,\"name\":\"Tooted\",\"item\":\"https:\\\/\\\/mtfactor.ee\\\/en?page_id=5\"},{\"@type\":\"ListItem\",\"position\":3,\"name\":\"KUMMIKINDAD- VV835CUT\"}]},{\"@type\":\"WebSite\",\"@id\":\"https:\\\/\\\/mtfactor.ee\\\/en#website\",\"url\":\"https:\\\/\\\/mtfactor.ee\\\/en\",\"name\":\"MTFactor\",\"description\":\"T\u00f6\u00f6riided, T\u00f6\u00f6jalatsid, T\u00f6\u00f6kindad, Kaitsevahendid\",\"publisher\":{\"@id\":\"https:\\\/\\\/mtfactor.ee\\\/en#organization\"},\"potentialAction\":[{\"@type\":\"SearchAction\",\"target\":{\"@type\":\"EntryPoint\",\"urlTemplate\":\"https:\\\/\\\/mtfactor.ee\\\/en?s={search_term_string}\"},\"query-input\":{\"@type\":\"PropertyValueSpecification\",\"valueRequired\":true,\"valueName\":\"search_term_string\"}}],\"inLanguage\":\"en-US\"},{\"@type\":\"Organization\",\"@id\":\"https:\\\/\\\/mtfactor.ee\\\/en#organization\",\"name\":\"MTFactor\",\"url\":\"https:\\\/\\\/mtfactor.ee\\\/en\",\"logo\":{\"@type\":\"ImageObject\",\"inLanguage\":\"en-US\",\"@id\":\"https:\\\/\\\/mtfactor.ee\\\/en#\\\/schema\\\/logo\\\/image\\\/\",\"url\":\"https:\\\/\\\/mtfactor.ee\\\/wp-content\\\/uploads\\\/2022\\\/10\\\/logo-mtfactor.jpg\",\"contentUrl\":\"https:\\\/\\\/mtfactor.ee\\\/wp-content\\\/uploads\\\/2022\\\/10\\\/logo-mtfactor.jpg\",\"width\":1080,\"height\":1080,\"caption\":\"MTFactor\"},\"image\":{\"@id\":\"https:\\\/\\\/mtfactor.ee\\\/en#\\\/schema\\\/logo\\\/image\\\/\"}}]}<\/script>\n<!-- \/ Yoast SEO plugin. -->","yoast_head_json":{"title":"KUMMIKINDAD- VV835CUT | MTfactor","description":"KUMMIKINDAD- VV835CUT | MTfactor","robots":{"index":"index","follow":"follow","max-snippet":"max-snippet:-1","max-image-preview":"max-image-preview:large","max-video-preview":"max-video-preview:-1"},"canonical":"https:\/\/mtfactor.ee\/en?product=kummikindad-vv835cut","og_locale":"en_US","og_type":"article","og_title":"KUMMIKINDAD- VV835CUT | MTfactor","og_description":"KUMMIKINDAD- VV835CUT | MTfactor","og_url":"https:\/\/mtfactor.ee\/en?product=kummikindad-vv835cut","og_site_name":"MTfactor","article_modified_time":"2025-11-11T09:16:30+00:00","og_image":[{"width":506,"height":503,"url":"https:\/\/mtfactor.ee\/wp-content\/uploads\/2025\/10\/Screenshot-2025-11-11-111538.png","type":"image\/png"}],"twitter_card":"summary_large_image","twitter_misc":{"Est. reading time":"1 minute"},"schema":{"@context":"https:\/\/schema.org","@graph":[{"@type":["WebPage","ItemPage"],"@id":"https:\/\/mtfactor.ee\/en?product=kummikindad-vv835cut","url":"https:\/\/mtfactor.ee\/en?product=kummikindad-vv835cut","name":"KUMMIKINDAD- VV835CUT | MTfactor","isPartOf":{"@id":"https:\/\/mtfactor.ee\/en#website"},"primaryImageOfPage":{"@id":"https:\/\/mtfactor.ee\/en?product=kummikindad-vv835cut#primaryimage"},"image":{"@id":"https:\/\/mtfactor.ee\/en?product=kummikindad-vv835cut#primaryimage"},"thumbnailUrl":"https:\/\/i0.wp.com\/mtfactor.ee\/wp-content\/uploads\/2025\/10\/Screenshot-2025-11-11-111538.png?fit=506%2C503&ssl=1","datePublished":"2025-10-09T07:49:56+00:00","dateModified":"2025-11-11T09:16:30+00:00","description":"KUMMIKINDAD- VV835CUT | MTfactor","breadcrumb":{"@id":"https:\/\/mtfactor.ee\/en?product=kummikindad-vv835cut#breadcrumb"},"inLanguage":"en-US","potentialAction":[{"@type":"ReadAction","target":["https:\/\/mtfactor.ee\/en?product=kummikindad-vv835cut"]}]},{"@type":"ImageObject","inLanguage":"en-US","@id":"https:\/\/mtfactor.ee\/en?product=kummikindad-vv835cut#primaryimage","url":"https:\/\/i0.wp.com\/mtfactor.ee\/wp-content\/uploads\/2025\/10\/Screenshot-2025-11-11-111538.png?fit=506%2C503&ssl=1","contentUrl":"https:\/\/i0.wp.com\/mtfactor.ee\/wp-content\/uploads\/2025\/10\/Screenshot-2025-11-11-111538.png?fit=506%2C503&ssl=1","width":506,"height":503},{"@type":"BreadcrumbList","@id":"https:\/\/mtfactor.ee\/en?product=kummikindad-vv835cut#breadcrumb","itemListElement":[{"@type":"ListItem","position":1,"name":"Home","item":"https:\/\/mtfactor.ee\/en"},{"@type":"ListItem","position":2,"name":"Tooted","item":"https:\/\/mtfactor.ee\/en?page_id=5"},{"@type":"ListItem","position":3,"name":"KUMMIKINDAD- VV835CUT"}]},{"@type":"WebSite","@id":"https:\/\/mtfactor.ee\/en#website","url":"https:\/\/mtfactor.ee\/en","name":"MTFactor","description":"T\u00f6\u00f6riided, T\u00f6\u00f6jalatsid, T\u00f6\u00f6kindad, Kaitsevahendid","publisher":{"@id":"https:\/\/mtfactor.ee\/en#organization"},"potentialAction":[{"@type":"SearchAction","target":{"@type":"EntryPoint","urlTemplate":"https:\/\/mtfactor.ee\/en?s={search_term_string}"},"query-input":{"@type":"PropertyValueSpecification","valueRequired":true,"valueName":"search_term_string"}}],"inLanguage":"en-US"},{"@type":"Organization","@id":"https:\/\/mtfactor.ee\/en#organization","name":"MTFactor","url":"https:\/\/mtfactor.ee\/en","logo":{"@type":"ImageObject","inLanguage":"en-US","@id":"https:\/\/mtfactor.ee\/en#\/schema\/logo\/image\/","url":"https:\/\/mtfactor.ee\/wp-content\/uploads\/2022\/10\/logo-mtfactor.jpg","contentUrl":"https:\/\/mtfactor.ee\/wp-content\/uploads\/2022\/10\/logo-mtfactor.jpg","width":1080,"height":1080,"caption":"MTFactor"},"image":{"@id":"https:\/\/mtfactor.ee\/en#\/schema\/logo\/image\/"}}]}},"jetpack-related-posts":[],"jetpack_sharing_enabled":true,"_links":{"self":[{"href":"https:\/\/mtfactor.ee\/en\/index.php?rest_route=\/wp\/v2\/product\/17600","targetHints":{"allow":["GET"]}}],"collection":[{"href":"https:\/\/mtfactor.ee\/en\/index.php?rest_route=\/wp\/v2\/product"}],"about":[{"href":"https:\/\/mtfactor.ee\/en\/index.php?rest_route=\/wp\/v2\/types\/product"}],"replies":[{"embeddable":true,"href":"https:\/\/mtfactor.ee\/en\/index.php?rest_route=%2Fwp%2Fv2%2Fcomments&post=17600"}],"wp:featuredmedia":[{"embeddable":true,"href":"https:\/\/mtfactor.ee\/en\/index.php?rest_route=\/wp\/v2\/media\/17776"}],"wp:attachment":[{"href":"https:\/\/mtfactor.ee\/en\/index.php?rest_route=%2Fwp%2Fv2%2Fmedia&parent=17600"}],"wp:term":[{"taxonomy":"product_brand","embeddable":true,"href":"https:\/\/mtfactor.ee\/en\/index.php?rest_route=%2Fwp%2Fv2%2Fproduct_brand&post=17600"},{"taxonomy":"product_cat","embeddable":true,"href":"https:\/\/mtfactor.ee\/en\/index.php?rest_route=%2Fwp%2Fv2%2Fproduct_cat&post=17600"},{"taxonomy":"product_tag","embeddable":true,"href":"https:\/\/mtfactor.ee\/en\/index.php?rest_route=%2Fwp%2Fv2%2Fproduct_tag&post=17600"}],"curies":[{"name":"wp","href":"https:\/\/api.w.org\/{rel}","templated":true}]}}