{"id":17566,"date":"2025-10-09T10:30:35","date_gmt":"2025-10-09T07:30:35","guid":{"rendered":"https:\/\/mtfactor.ee\/?post_type=product&#038;p=17566"},"modified":"2025-11-11T11:12:40","modified_gmt":"2025-11-11T09:12:40","slug":"tookindad-venicutf07","status":"publish","type":"product","link":"https:\/\/mtfactor.ee\/en?product=tookindad-venicutf07","title":{"rendered":"T\u00d6\u00d6KINDAD- VENICUTF07"},"content":{"rendered":"<h3 data-start=\"63\" data-end=\"158\"><strong data-start=\"67\" data-end=\"158\">F-taseme l\u00f5ikekindel kinnas \u2013 suurep\u00e4rase haarduvusega \u00f5listes ja niisketes tingimustes<\/strong><\/h3>\n<p data-start=\"160\" data-end=\"492\">Vastupidav t\u00f6\u00f6kindas, mis pakub <strong data-start=\"192\" data-end=\"227\">k\u00f5rgeimat l\u00f5ikekaitset (tase F)<\/strong> ning on ideaalne kasutamiseks <strong data-start=\"258\" data-end=\"295\">\u00f5listes v\u00f5i vesistes keskkondades<\/strong>.<br data-start=\"296\" data-end=\"299\" \/>T\u00e4nu <strong data-start=\"304\" data-end=\"342\">graanulstruktuuriga nitriilkattele<\/strong> tagab kinnas kindla haarduvuse ka libedatel pindadel.<br data-start=\"396\" data-end=\"399\" \/>Sobib h\u00e4sti t\u00f6\u00f6deks, kus on vaja <strong data-start=\"432\" data-end=\"479\">turvalisust, kindlat haaret ja paindlikkust<\/strong> samaaegselt.<\/p>\n<h3 data-start=\"594\" data-end=\"622\"><strong data-start=\"598\" data-end=\"622\">Tehnilised omadused:<\/strong><\/h3>\n<ul data-start=\"624\" data-end=\"878\">\n<li data-start=\"624\" data-end=\"702\">\n<p data-start=\"626\" data-end=\"702\"><strong data-start=\"626\" data-end=\"635\">Tugi:<\/strong> Kootud \u2013 klaaskiud, PEHD (k\u00f5rgtihedusega pol\u00fcet\u00fcleen), teraskiud<\/p>\n<\/li>\n<li data-start=\"703\" data-end=\"755\">\n<p data-start=\"705\" data-end=\"755\"><strong data-start=\"705\" data-end=\"714\">Kate:<\/strong> Tekstureeritud nitriil, peopesa kaetud<\/p>\n<\/li>\n<li data-start=\"756\" data-end=\"819\">\n<p data-start=\"758\" data-end=\"819\"><strong data-start=\"758\" data-end=\"777\">\u00d5hukus (gauge):<\/strong> 13 \u2013 tugev ja vastupidav konstruktsioon<\/p>\n<\/li>\n<li data-start=\"820\" data-end=\"878\">\n<p data-start=\"822\" data-end=\"878\"><strong data-start=\"822\" data-end=\"843\">L\u00f5ikekaitse tase:<\/strong> F (vastavalt EN 388 standardile)<\/p>\n<\/li>\n<\/ul>\n","protected":false},"excerpt":{"rendered":"<p>F-taseme l\u00f5ikekindel kinnas \u2013 suurep\u00e4rase haarduvusega \u00f5listes ja niisketes tingimustes Vastupidav t\u00f6\u00f6kindas, mis pakub k\u00f5rgeimat l\u00f5ikekaitset (tase F) ning on<\/p>\n","protected":false},"featured_media":17764,"comment_status":"closed","ping_status":"closed","template":"","meta":[],"product_brand":[],"product_cat":[70,78],"product_tag":[],"class_list":{"0":"post-17566","1":"product","2":"type-product","3":"status-publish","4":"has-post-thumbnail","6":"product_cat-tookindad","7":"product_cat-eriotstarbelised-tookindad","9":"first","10":"instock","11":"taxable","12":"shipping-taxable","13":"purchasable","14":"product-type-variable"},"yoast_head":"<!-- This site is optimized with the Yoast SEO plugin v27.4 - https:\/\/yoast.com\/product\/yoast-seo-wordpress\/ -->\n<title>T\u00d6\u00d6KINDAD- VENICUTF07 | MTfactor<\/title>\n<meta name=\"description\" content=\"T\u00d6\u00d6KINDAD- VENICUTF07 | MTfactor\" \/>\n<meta name=\"robots\" content=\"index, follow, max-snippet:-1, max-image-preview:large, max-video-preview:-1\" \/>\n<link rel=\"canonical\" href=\"https:\/\/mtfactor.ee\/en?product=tookindad-venicutf07\" \/>\n<meta property=\"og:locale\" content=\"en_US\" \/>\n<meta property=\"og:type\" content=\"article\" \/>\n<meta property=\"og:title\" content=\"T\u00d6\u00d6KINDAD- VENICUTF07 | MTfactor\" \/>\n<meta property=\"og:description\" content=\"T\u00d6\u00d6KINDAD- VENICUTF07 | MTfactor\" \/>\n<meta property=\"og:url\" content=\"https:\/\/mtfactor.ee\/en?product=tookindad-venicutf07\" \/>\n<meta property=\"og:site_name\" content=\"MTfactor\" \/>\n<meta property=\"article:modified_time\" content=\"2025-11-11T09:12:40+00:00\" \/>\n<meta property=\"og:image\" content=\"https:\/\/mtfactor.ee\/wp-content\/uploads\/2025\/10\/Screenshot-2025-11-11-110957.png\" \/>\n\t<meta property=\"og:image:width\" content=\"542\" \/>\n\t<meta property=\"og:image:height\" content=\"507\" \/>\n\t<meta property=\"og:image:type\" content=\"image\/png\" \/>\n<meta name=\"twitter:card\" content=\"summary_large_image\" \/>\n<meta name=\"twitter:label1\" content=\"Est. reading time\" \/>\n\t<meta name=\"twitter:data1\" content=\"1 minute\" \/>\n<script type=\"application\/ld+json\" class=\"yoast-schema-graph\">{\"@context\":\"https:\\\/\\\/schema.org\",\"@graph\":[{\"@type\":[\"WebPage\",\"ItemPage\"],\"@id\":\"https:\\\/\\\/mtfactor.ee\\\/en?product=tookindad-venicutf07\",\"url\":\"https:\\\/\\\/mtfactor.ee\\\/en?product=tookindad-venicutf07\",\"name\":\"T\u00d6\u00d6KINDAD- VENICUTF07 | MTfactor\",\"isPartOf\":{\"@id\":\"https:\\\/\\\/mtfactor.ee\\\/en#website\"},\"primaryImageOfPage\":{\"@id\":\"https:\\\/\\\/mtfactor.ee\\\/en?product=tookindad-venicutf07#primaryimage\"},\"image\":{\"@id\":\"https:\\\/\\\/mtfactor.ee\\\/en?product=tookindad-venicutf07#primaryimage\"},\"thumbnailUrl\":\"https:\\\/\\\/i0.wp.com\\\/mtfactor.ee\\\/wp-content\\\/uploads\\\/2025\\\/10\\\/Screenshot-2025-11-11-110957.png?fit=542%2C507&ssl=1\",\"datePublished\":\"2025-10-09T07:30:35+00:00\",\"dateModified\":\"2025-11-11T09:12:40+00:00\",\"description\":\"T\u00d6\u00d6KINDAD- VENICUTF07 | MTfactor\",\"breadcrumb\":{\"@id\":\"https:\\\/\\\/mtfactor.ee\\\/en?product=tookindad-venicutf07#breadcrumb\"},\"inLanguage\":\"en-US\",\"potentialAction\":[{\"@type\":\"ReadAction\",\"target\":[\"https:\\\/\\\/mtfactor.ee\\\/en?product=tookindad-venicutf07\"]}]},{\"@type\":\"ImageObject\",\"inLanguage\":\"en-US\",\"@id\":\"https:\\\/\\\/mtfactor.ee\\\/en?product=tookindad-venicutf07#primaryimage\",\"url\":\"https:\\\/\\\/i0.wp.com\\\/mtfactor.ee\\\/wp-content\\\/uploads\\\/2025\\\/10\\\/Screenshot-2025-11-11-110957.png?fit=542%2C507&ssl=1\",\"contentUrl\":\"https:\\\/\\\/i0.wp.com\\\/mtfactor.ee\\\/wp-content\\\/uploads\\\/2025\\\/10\\\/Screenshot-2025-11-11-110957.png?fit=542%2C507&ssl=1\",\"width\":542,\"height\":507},{\"@type\":\"BreadcrumbList\",\"@id\":\"https:\\\/\\\/mtfactor.ee\\\/en?product=tookindad-venicutf07#breadcrumb\",\"itemListElement\":[{\"@type\":\"ListItem\",\"position\":1,\"name\":\"Home\",\"item\":\"https:\\\/\\\/mtfactor.ee\\\/en\"},{\"@type\":\"ListItem\",\"position\":2,\"name\":\"Tooted\",\"item\":\"https:\\\/\\\/mtfactor.ee\\\/en?page_id=5\"},{\"@type\":\"ListItem\",\"position\":3,\"name\":\"T\u00d6\u00d6KINDAD- VENICUTF07\"}]},{\"@type\":\"WebSite\",\"@id\":\"https:\\\/\\\/mtfactor.ee\\\/en#website\",\"url\":\"https:\\\/\\\/mtfactor.ee\\\/en\",\"name\":\"MTFactor\",\"description\":\"T\u00f6\u00f6riided, T\u00f6\u00f6jalatsid, T\u00f6\u00f6kindad, Kaitsevahendid\",\"publisher\":{\"@id\":\"https:\\\/\\\/mtfactor.ee\\\/en#organization\"},\"potentialAction\":[{\"@type\":\"SearchAction\",\"target\":{\"@type\":\"EntryPoint\",\"urlTemplate\":\"https:\\\/\\\/mtfactor.ee\\\/en?s={search_term_string}\"},\"query-input\":{\"@type\":\"PropertyValueSpecification\",\"valueRequired\":true,\"valueName\":\"search_term_string\"}}],\"inLanguage\":\"en-US\"},{\"@type\":\"Organization\",\"@id\":\"https:\\\/\\\/mtfactor.ee\\\/en#organization\",\"name\":\"MTFactor\",\"url\":\"https:\\\/\\\/mtfactor.ee\\\/en\",\"logo\":{\"@type\":\"ImageObject\",\"inLanguage\":\"en-US\",\"@id\":\"https:\\\/\\\/mtfactor.ee\\\/en#\\\/schema\\\/logo\\\/image\\\/\",\"url\":\"https:\\\/\\\/mtfactor.ee\\\/wp-content\\\/uploads\\\/2022\\\/10\\\/logo-mtfactor.jpg\",\"contentUrl\":\"https:\\\/\\\/mtfactor.ee\\\/wp-content\\\/uploads\\\/2022\\\/10\\\/logo-mtfactor.jpg\",\"width\":1080,\"height\":1080,\"caption\":\"MTFactor\"},\"image\":{\"@id\":\"https:\\\/\\\/mtfactor.ee\\\/en#\\\/schema\\\/logo\\\/image\\\/\"}}]}<\/script>\n<!-- \/ Yoast SEO plugin. -->","yoast_head_json":{"title":"T\u00d6\u00d6KINDAD- VENICUTF07 | MTfactor","description":"T\u00d6\u00d6KINDAD- VENICUTF07 | MTfactor","robots":{"index":"index","follow":"follow","max-snippet":"max-snippet:-1","max-image-preview":"max-image-preview:large","max-video-preview":"max-video-preview:-1"},"canonical":"https:\/\/mtfactor.ee\/en?product=tookindad-venicutf07","og_locale":"en_US","og_type":"article","og_title":"T\u00d6\u00d6KINDAD- VENICUTF07 | MTfactor","og_description":"T\u00d6\u00d6KINDAD- VENICUTF07 | MTfactor","og_url":"https:\/\/mtfactor.ee\/en?product=tookindad-venicutf07","og_site_name":"MTfactor","article_modified_time":"2025-11-11T09:12:40+00:00","og_image":[{"width":542,"height":507,"url":"https:\/\/mtfactor.ee\/wp-content\/uploads\/2025\/10\/Screenshot-2025-11-11-110957.png","type":"image\/png"}],"twitter_card":"summary_large_image","twitter_misc":{"Est. reading time":"1 minute"},"schema":{"@context":"https:\/\/schema.org","@graph":[{"@type":["WebPage","ItemPage"],"@id":"https:\/\/mtfactor.ee\/en?product=tookindad-venicutf07","url":"https:\/\/mtfactor.ee\/en?product=tookindad-venicutf07","name":"T\u00d6\u00d6KINDAD- VENICUTF07 | MTfactor","isPartOf":{"@id":"https:\/\/mtfactor.ee\/en#website"},"primaryImageOfPage":{"@id":"https:\/\/mtfactor.ee\/en?product=tookindad-venicutf07#primaryimage"},"image":{"@id":"https:\/\/mtfactor.ee\/en?product=tookindad-venicutf07#primaryimage"},"thumbnailUrl":"https:\/\/i0.wp.com\/mtfactor.ee\/wp-content\/uploads\/2025\/10\/Screenshot-2025-11-11-110957.png?fit=542%2C507&ssl=1","datePublished":"2025-10-09T07:30:35+00:00","dateModified":"2025-11-11T09:12:40+00:00","description":"T\u00d6\u00d6KINDAD- VENICUTF07 | MTfactor","breadcrumb":{"@id":"https:\/\/mtfactor.ee\/en?product=tookindad-venicutf07#breadcrumb"},"inLanguage":"en-US","potentialAction":[{"@type":"ReadAction","target":["https:\/\/mtfactor.ee\/en?product=tookindad-venicutf07"]}]},{"@type":"ImageObject","inLanguage":"en-US","@id":"https:\/\/mtfactor.ee\/en?product=tookindad-venicutf07#primaryimage","url":"https:\/\/i0.wp.com\/mtfactor.ee\/wp-content\/uploads\/2025\/10\/Screenshot-2025-11-11-110957.png?fit=542%2C507&ssl=1","contentUrl":"https:\/\/i0.wp.com\/mtfactor.ee\/wp-content\/uploads\/2025\/10\/Screenshot-2025-11-11-110957.png?fit=542%2C507&ssl=1","width":542,"height":507},{"@type":"BreadcrumbList","@id":"https:\/\/mtfactor.ee\/en?product=tookindad-venicutf07#breadcrumb","itemListElement":[{"@type":"ListItem","position":1,"name":"Home","item":"https:\/\/mtfactor.ee\/en"},{"@type":"ListItem","position":2,"name":"Tooted","item":"https:\/\/mtfactor.ee\/en?page_id=5"},{"@type":"ListItem","position":3,"name":"T\u00d6\u00d6KINDAD- VENICUTF07"}]},{"@type":"WebSite","@id":"https:\/\/mtfactor.ee\/en#website","url":"https:\/\/mtfactor.ee\/en","name":"MTFactor","description":"T\u00f6\u00f6riided, T\u00f6\u00f6jalatsid, T\u00f6\u00f6kindad, Kaitsevahendid","publisher":{"@id":"https:\/\/mtfactor.ee\/en#organization"},"potentialAction":[{"@type":"SearchAction","target":{"@type":"EntryPoint","urlTemplate":"https:\/\/mtfactor.ee\/en?s={search_term_string}"},"query-input":{"@type":"PropertyValueSpecification","valueRequired":true,"valueName":"search_term_string"}}],"inLanguage":"en-US"},{"@type":"Organization","@id":"https:\/\/mtfactor.ee\/en#organization","name":"MTFactor","url":"https:\/\/mtfactor.ee\/en","logo":{"@type":"ImageObject","inLanguage":"en-US","@id":"https:\/\/mtfactor.ee\/en#\/schema\/logo\/image\/","url":"https:\/\/mtfactor.ee\/wp-content\/uploads\/2022\/10\/logo-mtfactor.jpg","contentUrl":"https:\/\/mtfactor.ee\/wp-content\/uploads\/2022\/10\/logo-mtfactor.jpg","width":1080,"height":1080,"caption":"MTFactor"},"image":{"@id":"https:\/\/mtfactor.ee\/en#\/schema\/logo\/image\/"}}]}},"jetpack-related-posts":[],"jetpack_sharing_enabled":true,"_links":{"self":[{"href":"https:\/\/mtfactor.ee\/en\/index.php?rest_route=\/wp\/v2\/product\/17566","targetHints":{"allow":["GET"]}}],"collection":[{"href":"https:\/\/mtfactor.ee\/en\/index.php?rest_route=\/wp\/v2\/product"}],"about":[{"href":"https:\/\/mtfactor.ee\/en\/index.php?rest_route=\/wp\/v2\/types\/product"}],"replies":[{"embeddable":true,"href":"https:\/\/mtfactor.ee\/en\/index.php?rest_route=%2Fwp%2Fv2%2Fcomments&post=17566"}],"wp:featuredmedia":[{"embeddable":true,"href":"https:\/\/mtfactor.ee\/en\/index.php?rest_route=\/wp\/v2\/media\/17764"}],"wp:attachment":[{"href":"https:\/\/mtfactor.ee\/en\/index.php?rest_route=%2Fwp%2Fv2%2Fmedia&parent=17566"}],"wp:term":[{"taxonomy":"product_brand","embeddable":true,"href":"https:\/\/mtfactor.ee\/en\/index.php?rest_route=%2Fwp%2Fv2%2Fproduct_brand&post=17566"},{"taxonomy":"product_cat","embeddable":true,"href":"https:\/\/mtfactor.ee\/en\/index.php?rest_route=%2Fwp%2Fv2%2Fproduct_cat&post=17566"},{"taxonomy":"product_tag","embeddable":true,"href":"https:\/\/mtfactor.ee\/en\/index.php?rest_route=%2Fwp%2Fv2%2Fproduct_tag&post=17566"}],"curies":[{"name":"wp","href":"https:\/\/api.w.org\/{rel}","templated":true}]}}