{"id":17541,"date":"2025-10-09T10:20:53","date_gmt":"2025-10-09T07:20:53","guid":{"rendered":"https:\/\/mtfactor.ee\/?post_type=product&#038;p=17541"},"modified":"2025-11-11T11:05:04","modified_gmt":"2025-11-11T09:05:04","slug":"tookindad-venicutd10","status":"publish","type":"product","link":"https:\/\/mtfactor.ee\/en?product=tookindad-venicutd10","title":{"rendered":"T\u00d6\u00d6KINDAD- VENICUTD10"},"content":{"rendered":"<p data-start=\"63\" data-end=\"171\"><strong data-start=\"63\" data-end=\"171\">D-taseme l\u00f5ikekindel kinnas suurep\u00e4rase n\u00e4puosavuse ja kasutusmugavusega \u2013 ideaalne kuivades tingimustes<\/strong><\/p>\n<p data-start=\"173\" data-end=\"355\">See kinnas \u00fchendab k\u00f5rgetasemelise l\u00f5ikekaitse, erakordse peene k\u00e4sitsemisv\u00f5ime ja kandmismugavuse. Sobib suurep\u00e4raselt t\u00f6\u00f6deks, mis n\u00f5uavad t\u00e4psust ja kaitset kuivades keskkondades.<\/p>\n<p data-start=\"82\" data-end=\"109\"><strong data-start=\"82\" data-end=\"109\">Materjalid ja omadused:<\/strong><\/p>\n<ul data-start=\"111\" data-end=\"356\">\n<li data-start=\"111\" data-end=\"185\">\n<p data-start=\"113\" data-end=\"185\"><strong data-start=\"113\" data-end=\"122\">Tugi:<\/strong> Kootud \u2013 nailon, PEHD (k\u00f5rgtihedusega pol\u00fcet\u00fcleen), spandeks<\/p>\n<\/li>\n<li data-start=\"186\" data-end=\"232\">\n<p data-start=\"188\" data-end=\"232\"><strong data-start=\"188\" data-end=\"197\">Kate:<\/strong> PU (pol\u00fcuretaan), peopesa kaetud<\/p>\n<\/li>\n<li data-start=\"233\" data-end=\"300\">\n<p data-start=\"235\" data-end=\"300\"><strong data-start=\"235\" data-end=\"262\">Tugevdusega piirkonnad:<\/strong> P\u00f6idla ja nimetiss\u00f5rme vaheline ala<\/p>\n<\/li>\n<li data-start=\"301\" data-end=\"356\">\n<p data-start=\"303\" data-end=\"356\"><strong data-start=\"303\" data-end=\"322\">\u00d5hukus (gauge):<\/strong> 21 \u2013 \u00e4\u00e4rmiselt peen ja paindlik<\/p>\n<\/li>\n<\/ul>\n","protected":false},"excerpt":{"rendered":"<p>D-taseme l\u00f5ikekindel kinnas suurep\u00e4rase n\u00e4puosavuse ja kasutusmugavusega \u2013 ideaalne kuivades tingimustes See kinnas \u00fchendab k\u00f5rgetasemelise l\u00f5ikekaitse, erakordse peene k\u00e4sitsemisv\u00f5ime ja<\/p>\n","protected":false},"featured_media":17747,"comment_status":"closed","ping_status":"closed","template":"","meta":[],"product_brand":[],"product_cat":[70,78],"product_tag":[],"class_list":{"0":"post-17541","1":"product","2":"type-product","3":"status-publish","4":"has-post-thumbnail","6":"product_cat-tookindad","7":"product_cat-eriotstarbelised-tookindad","9":"first","10":"instock","11":"taxable","12":"shipping-taxable","13":"purchasable","14":"product-type-variable"},"yoast_head":"<!-- This site is optimized with the Yoast SEO plugin v27.4 - https:\/\/yoast.com\/product\/yoast-seo-wordpress\/ -->\n<title>T\u00d6\u00d6KINDAD- VENICUTD10 | MTfactor<\/title>\n<meta name=\"description\" content=\"T\u00d6\u00d6KINDAD- VENICUTD10 | MTfactor\" \/>\n<meta name=\"robots\" content=\"index, follow, max-snippet:-1, max-image-preview:large, max-video-preview:-1\" \/>\n<link rel=\"canonical\" href=\"https:\/\/mtfactor.ee\/en?product=tookindad-venicutd10\" \/>\n<meta property=\"og:locale\" content=\"en_US\" \/>\n<meta property=\"og:type\" content=\"article\" \/>\n<meta property=\"og:title\" content=\"T\u00d6\u00d6KINDAD- VENICUTD10 | MTfactor\" \/>\n<meta property=\"og:description\" content=\"T\u00d6\u00d6KINDAD- VENICUTD10 | MTfactor\" \/>\n<meta property=\"og:url\" content=\"https:\/\/mtfactor.ee\/en?product=tookindad-venicutd10\" \/>\n<meta property=\"og:site_name\" content=\"MTfactor\" \/>\n<meta property=\"article:modified_time\" content=\"2025-11-11T09:05:04+00:00\" \/>\n<meta property=\"og:image\" content=\"https:\/\/mtfactor.ee\/wp-content\/uploads\/2025\/10\/Screenshot-2025-11-11-110339.png\" \/>\n\t<meta property=\"og:image:width\" content=\"532\" \/>\n\t<meta property=\"og:image:height\" content=\"511\" \/>\n\t<meta property=\"og:image:type\" content=\"image\/png\" \/>\n<meta name=\"twitter:card\" content=\"summary_large_image\" \/>\n<meta name=\"twitter:label1\" content=\"Est. reading time\" \/>\n\t<meta name=\"twitter:data1\" content=\"1 minute\" \/>\n<script type=\"application\/ld+json\" class=\"yoast-schema-graph\">{\"@context\":\"https:\\\/\\\/schema.org\",\"@graph\":[{\"@type\":[\"WebPage\",\"ItemPage\"],\"@id\":\"https:\\\/\\\/mtfactor.ee\\\/en?product=tookindad-venicutd10\",\"url\":\"https:\\\/\\\/mtfactor.ee\\\/en?product=tookindad-venicutd10\",\"name\":\"T\u00d6\u00d6KINDAD- VENICUTD10 | MTfactor\",\"isPartOf\":{\"@id\":\"https:\\\/\\\/mtfactor.ee\\\/en#website\"},\"primaryImageOfPage\":{\"@id\":\"https:\\\/\\\/mtfactor.ee\\\/en?product=tookindad-venicutd10#primaryimage\"},\"image\":{\"@id\":\"https:\\\/\\\/mtfactor.ee\\\/en?product=tookindad-venicutd10#primaryimage\"},\"thumbnailUrl\":\"https:\\\/\\\/i0.wp.com\\\/mtfactor.ee\\\/wp-content\\\/uploads\\\/2025\\\/10\\\/Screenshot-2025-11-11-110339.png?fit=532%2C511&ssl=1\",\"datePublished\":\"2025-10-09T07:20:53+00:00\",\"dateModified\":\"2025-11-11T09:05:04+00:00\",\"description\":\"T\u00d6\u00d6KINDAD- VENICUTD10 | MTfactor\",\"breadcrumb\":{\"@id\":\"https:\\\/\\\/mtfactor.ee\\\/en?product=tookindad-venicutd10#breadcrumb\"},\"inLanguage\":\"en-US\",\"potentialAction\":[{\"@type\":\"ReadAction\",\"target\":[\"https:\\\/\\\/mtfactor.ee\\\/en?product=tookindad-venicutd10\"]}]},{\"@type\":\"ImageObject\",\"inLanguage\":\"en-US\",\"@id\":\"https:\\\/\\\/mtfactor.ee\\\/en?product=tookindad-venicutd10#primaryimage\",\"url\":\"https:\\\/\\\/i0.wp.com\\\/mtfactor.ee\\\/wp-content\\\/uploads\\\/2025\\\/10\\\/Screenshot-2025-11-11-110339.png?fit=532%2C511&ssl=1\",\"contentUrl\":\"https:\\\/\\\/i0.wp.com\\\/mtfactor.ee\\\/wp-content\\\/uploads\\\/2025\\\/10\\\/Screenshot-2025-11-11-110339.png?fit=532%2C511&ssl=1\",\"width\":532,\"height\":511},{\"@type\":\"BreadcrumbList\",\"@id\":\"https:\\\/\\\/mtfactor.ee\\\/en?product=tookindad-venicutd10#breadcrumb\",\"itemListElement\":[{\"@type\":\"ListItem\",\"position\":1,\"name\":\"Home\",\"item\":\"https:\\\/\\\/mtfactor.ee\\\/en\"},{\"@type\":\"ListItem\",\"position\":2,\"name\":\"Tooted\",\"item\":\"https:\\\/\\\/mtfactor.ee\\\/en?page_id=5\"},{\"@type\":\"ListItem\",\"position\":3,\"name\":\"T\u00d6\u00d6KINDAD- VENICUTD10\"}]},{\"@type\":\"WebSite\",\"@id\":\"https:\\\/\\\/mtfactor.ee\\\/en#website\",\"url\":\"https:\\\/\\\/mtfactor.ee\\\/en\",\"name\":\"MTFactor\",\"description\":\"T\u00f6\u00f6riided, T\u00f6\u00f6jalatsid, T\u00f6\u00f6kindad, Kaitsevahendid\",\"publisher\":{\"@id\":\"https:\\\/\\\/mtfactor.ee\\\/en#organization\"},\"potentialAction\":[{\"@type\":\"SearchAction\",\"target\":{\"@type\":\"EntryPoint\",\"urlTemplate\":\"https:\\\/\\\/mtfactor.ee\\\/en?s={search_term_string}\"},\"query-input\":{\"@type\":\"PropertyValueSpecification\",\"valueRequired\":true,\"valueName\":\"search_term_string\"}}],\"inLanguage\":\"en-US\"},{\"@type\":\"Organization\",\"@id\":\"https:\\\/\\\/mtfactor.ee\\\/en#organization\",\"name\":\"MTFactor\",\"url\":\"https:\\\/\\\/mtfactor.ee\\\/en\",\"logo\":{\"@type\":\"ImageObject\",\"inLanguage\":\"en-US\",\"@id\":\"https:\\\/\\\/mtfactor.ee\\\/en#\\\/schema\\\/logo\\\/image\\\/\",\"url\":\"https:\\\/\\\/mtfactor.ee\\\/wp-content\\\/uploads\\\/2022\\\/10\\\/logo-mtfactor.jpg\",\"contentUrl\":\"https:\\\/\\\/mtfactor.ee\\\/wp-content\\\/uploads\\\/2022\\\/10\\\/logo-mtfactor.jpg\",\"width\":1080,\"height\":1080,\"caption\":\"MTFactor\"},\"image\":{\"@id\":\"https:\\\/\\\/mtfactor.ee\\\/en#\\\/schema\\\/logo\\\/image\\\/\"}}]}<\/script>\n<!-- \/ Yoast SEO plugin. -->","yoast_head_json":{"title":"T\u00d6\u00d6KINDAD- VENICUTD10 | MTfactor","description":"T\u00d6\u00d6KINDAD- VENICUTD10 | MTfactor","robots":{"index":"index","follow":"follow","max-snippet":"max-snippet:-1","max-image-preview":"max-image-preview:large","max-video-preview":"max-video-preview:-1"},"canonical":"https:\/\/mtfactor.ee\/en?product=tookindad-venicutd10","og_locale":"en_US","og_type":"article","og_title":"T\u00d6\u00d6KINDAD- VENICUTD10 | MTfactor","og_description":"T\u00d6\u00d6KINDAD- VENICUTD10 | MTfactor","og_url":"https:\/\/mtfactor.ee\/en?product=tookindad-venicutd10","og_site_name":"MTfactor","article_modified_time":"2025-11-11T09:05:04+00:00","og_image":[{"width":532,"height":511,"url":"https:\/\/mtfactor.ee\/wp-content\/uploads\/2025\/10\/Screenshot-2025-11-11-110339.png","type":"image\/png"}],"twitter_card":"summary_large_image","twitter_misc":{"Est. reading time":"1 minute"},"schema":{"@context":"https:\/\/schema.org","@graph":[{"@type":["WebPage","ItemPage"],"@id":"https:\/\/mtfactor.ee\/en?product=tookindad-venicutd10","url":"https:\/\/mtfactor.ee\/en?product=tookindad-venicutd10","name":"T\u00d6\u00d6KINDAD- VENICUTD10 | MTfactor","isPartOf":{"@id":"https:\/\/mtfactor.ee\/en#website"},"primaryImageOfPage":{"@id":"https:\/\/mtfactor.ee\/en?product=tookindad-venicutd10#primaryimage"},"image":{"@id":"https:\/\/mtfactor.ee\/en?product=tookindad-venicutd10#primaryimage"},"thumbnailUrl":"https:\/\/i0.wp.com\/mtfactor.ee\/wp-content\/uploads\/2025\/10\/Screenshot-2025-11-11-110339.png?fit=532%2C511&ssl=1","datePublished":"2025-10-09T07:20:53+00:00","dateModified":"2025-11-11T09:05:04+00:00","description":"T\u00d6\u00d6KINDAD- VENICUTD10 | MTfactor","breadcrumb":{"@id":"https:\/\/mtfactor.ee\/en?product=tookindad-venicutd10#breadcrumb"},"inLanguage":"en-US","potentialAction":[{"@type":"ReadAction","target":["https:\/\/mtfactor.ee\/en?product=tookindad-venicutd10"]}]},{"@type":"ImageObject","inLanguage":"en-US","@id":"https:\/\/mtfactor.ee\/en?product=tookindad-venicutd10#primaryimage","url":"https:\/\/i0.wp.com\/mtfactor.ee\/wp-content\/uploads\/2025\/10\/Screenshot-2025-11-11-110339.png?fit=532%2C511&ssl=1","contentUrl":"https:\/\/i0.wp.com\/mtfactor.ee\/wp-content\/uploads\/2025\/10\/Screenshot-2025-11-11-110339.png?fit=532%2C511&ssl=1","width":532,"height":511},{"@type":"BreadcrumbList","@id":"https:\/\/mtfactor.ee\/en?product=tookindad-venicutd10#breadcrumb","itemListElement":[{"@type":"ListItem","position":1,"name":"Home","item":"https:\/\/mtfactor.ee\/en"},{"@type":"ListItem","position":2,"name":"Tooted","item":"https:\/\/mtfactor.ee\/en?page_id=5"},{"@type":"ListItem","position":3,"name":"T\u00d6\u00d6KINDAD- VENICUTD10"}]},{"@type":"WebSite","@id":"https:\/\/mtfactor.ee\/en#website","url":"https:\/\/mtfactor.ee\/en","name":"MTFactor","description":"T\u00f6\u00f6riided, T\u00f6\u00f6jalatsid, T\u00f6\u00f6kindad, Kaitsevahendid","publisher":{"@id":"https:\/\/mtfactor.ee\/en#organization"},"potentialAction":[{"@type":"SearchAction","target":{"@type":"EntryPoint","urlTemplate":"https:\/\/mtfactor.ee\/en?s={search_term_string}"},"query-input":{"@type":"PropertyValueSpecification","valueRequired":true,"valueName":"search_term_string"}}],"inLanguage":"en-US"},{"@type":"Organization","@id":"https:\/\/mtfactor.ee\/en#organization","name":"MTFactor","url":"https:\/\/mtfactor.ee\/en","logo":{"@type":"ImageObject","inLanguage":"en-US","@id":"https:\/\/mtfactor.ee\/en#\/schema\/logo\/image\/","url":"https:\/\/mtfactor.ee\/wp-content\/uploads\/2022\/10\/logo-mtfactor.jpg","contentUrl":"https:\/\/mtfactor.ee\/wp-content\/uploads\/2022\/10\/logo-mtfactor.jpg","width":1080,"height":1080,"caption":"MTFactor"},"image":{"@id":"https:\/\/mtfactor.ee\/en#\/schema\/logo\/image\/"}}]}},"jetpack-related-posts":[],"jetpack_sharing_enabled":true,"_links":{"self":[{"href":"https:\/\/mtfactor.ee\/en\/index.php?rest_route=\/wp\/v2\/product\/17541","targetHints":{"allow":["GET"]}}],"collection":[{"href":"https:\/\/mtfactor.ee\/en\/index.php?rest_route=\/wp\/v2\/product"}],"about":[{"href":"https:\/\/mtfactor.ee\/en\/index.php?rest_route=\/wp\/v2\/types\/product"}],"replies":[{"embeddable":true,"href":"https:\/\/mtfactor.ee\/en\/index.php?rest_route=%2Fwp%2Fv2%2Fcomments&post=17541"}],"wp:featuredmedia":[{"embeddable":true,"href":"https:\/\/mtfactor.ee\/en\/index.php?rest_route=\/wp\/v2\/media\/17747"}],"wp:attachment":[{"href":"https:\/\/mtfactor.ee\/en\/index.php?rest_route=%2Fwp%2Fv2%2Fmedia&parent=17541"}],"wp:term":[{"taxonomy":"product_brand","embeddable":true,"href":"https:\/\/mtfactor.ee\/en\/index.php?rest_route=%2Fwp%2Fv2%2Fproduct_brand&post=17541"},{"taxonomy":"product_cat","embeddable":true,"href":"https:\/\/mtfactor.ee\/en\/index.php?rest_route=%2Fwp%2Fv2%2Fproduct_cat&post=17541"},{"taxonomy":"product_tag","embeddable":true,"href":"https:\/\/mtfactor.ee\/en\/index.php?rest_route=%2Fwp%2Fv2%2Fproduct_tag&post=17541"}],"curies":[{"name":"wp","href":"https:\/\/api.w.org\/{rel}","templated":true}]}}