{"id":17487,"date":"2025-10-09T10:06:57","date_gmt":"2025-10-09T07:06:57","guid":{"rendered":"https:\/\/mtfactor.ee\/?post_type=product&#038;p=17487"},"modified":"2025-11-11T11:35:26","modified_gmt":"2025-11-11T09:35:26","slug":"tookindad-venicuta901","status":"publish","type":"product","link":"https:\/\/mtfactor.ee\/en?product=tookindad-venicuta901","title":{"rendered":"T\u00d6\u00d6KINDAD- VENICUTA901"},"content":{"rendered":"<p data-start=\"63\" data-end=\"171\"><strong data-start=\"63\" data-end=\"171\">L\u00f5ikekindel kinnas k\u00f5rgeima l\u00f5ikekindluse tasemega ning suurep\u00e4rase t\u00f6\u00f6t\u00e4psusega t\u00e4nu 18 gauge suurusele<\/strong><\/p>\n<p data-start=\"173\" data-end=\"355\">Pakub maksimaalset kaitset teravate esemete vastu, s\u00e4ilitades samal ajal erakordse peenuse ja liikumisvabaduse. Ideaalne t\u00e4psust n\u00f5udvate t\u00f6\u00f6de jaoks, kus l\u00f5ikekindlus on esmat\u00e4htis.<\/p>\n<p data-start=\"76\" data-end=\"103\"><strong data-start=\"76\" data-end=\"103\">Materjalid ja omadused:<\/strong><\/p>\n<ul data-start=\"105\" data-end=\"245\">\n<li data-start=\"105\" data-end=\"144\">\n<p data-start=\"107\" data-end=\"144\"><strong data-start=\"107\" data-end=\"116\">Tugi:<\/strong> Kootud klaaskiud Xtremcut<\/p>\n<\/li>\n<li data-start=\"145\" data-end=\"218\">\n<p data-start=\"147\" data-end=\"218\"><strong data-start=\"147\" data-end=\"156\">Kate:<\/strong> Nitriil termoplastiline vaht, peopesa reljeefse tekstuuriga<\/p>\n<\/li>\n<li data-start=\"219\" data-end=\"245\">\n<p data-start=\"221\" data-end=\"245\"><strong data-start=\"221\" data-end=\"240\">\u00d5hukus (gauge):<\/strong> 18<\/p>\n<\/li>\n<\/ul>\n","protected":false},"excerpt":{"rendered":"<p>L\u00f5ikekindel kinnas k\u00f5rgeima l\u00f5ikekindluse tasemega ning suurep\u00e4rase t\u00f6\u00f6t\u00e4psusega t\u00e4nu 18 gauge suurusele Pakub maksimaalset kaitset teravate esemete vastu, s\u00e4ilitades samal<\/p>\n","protected":false},"featured_media":17813,"comment_status":"closed","ping_status":"closed","template":"","meta":[],"product_brand":[],"product_cat":[70,109,103,104,78,102],"product_tag":[],"class_list":{"0":"post-17487","1":"product","2":"type-product","3":"status-publish","4":"has-post-thumbnail","6":"product_cat-tookindad","7":"product_cat-avalik-haldus-ja-riigikaitse","8":"product_cat-ehitus-ja-metallitoostus","9":"product_cat-elektrienergia-elekter-gaas-ja-vesi-tuuleenergia","10":"product_cat-eriotstarbelised-tookindad","11":"product_cat-pollumajandus-metsandus-ja-kalapuuk","13":"first","14":"instock","15":"taxable","16":"shipping-taxable","17":"purchasable","18":"product-type-variable"},"yoast_head":"<!-- This site is optimized with the Yoast SEO plugin v27.4 - https:\/\/yoast.com\/product\/yoast-seo-wordpress\/ -->\n<title>T\u00d6\u00d6KINDAD- VENICUTA901 | MTfactor<\/title>\n<meta name=\"description\" content=\"T\u00d6\u00d6KINDAD- VENICUTA901 | MTfactor\" \/>\n<meta name=\"robots\" content=\"index, follow, max-snippet:-1, max-image-preview:large, max-video-preview:-1\" \/>\n<link rel=\"canonical\" href=\"https:\/\/mtfactor.ee\/en?product=tookindad-venicuta901\" \/>\n<meta property=\"og:locale\" content=\"en_US\" \/>\n<meta property=\"og:type\" content=\"article\" \/>\n<meta property=\"og:title\" content=\"T\u00d6\u00d6KINDAD- VENICUTA901 | MTfactor\" \/>\n<meta property=\"og:description\" content=\"T\u00d6\u00d6KINDAD- VENICUTA901 | MTfactor\" \/>\n<meta property=\"og:url\" content=\"https:\/\/mtfactor.ee\/en?product=tookindad-venicuta901\" \/>\n<meta property=\"og:site_name\" content=\"MTfactor\" \/>\n<meta property=\"article:modified_time\" content=\"2025-11-11T09:35:26+00:00\" \/>\n<meta property=\"og:image\" content=\"https:\/\/mtfactor.ee\/wp-content\/uploads\/2025\/10\/Screenshot-2025-11-11-113358.png\" \/>\n\t<meta property=\"og:image:width\" content=\"557\" \/>\n\t<meta property=\"og:image:height\" content=\"520\" \/>\n\t<meta property=\"og:image:type\" content=\"image\/png\" \/>\n<meta name=\"twitter:card\" content=\"summary_large_image\" \/>\n<meta name=\"twitter:label1\" content=\"Est. reading time\" \/>\n\t<meta name=\"twitter:data1\" content=\"1 minute\" \/>\n<script type=\"application\/ld+json\" class=\"yoast-schema-graph\">{\"@context\":\"https:\\\/\\\/schema.org\",\"@graph\":[{\"@type\":[\"WebPage\",\"ItemPage\"],\"@id\":\"https:\\\/\\\/mtfactor.ee\\\/en?product=tookindad-venicuta901\",\"url\":\"https:\\\/\\\/mtfactor.ee\\\/en?product=tookindad-venicuta901\",\"name\":\"T\u00d6\u00d6KINDAD- VENICUTA901 | MTfactor\",\"isPartOf\":{\"@id\":\"https:\\\/\\\/mtfactor.ee\\\/en#website\"},\"primaryImageOfPage\":{\"@id\":\"https:\\\/\\\/mtfactor.ee\\\/en?product=tookindad-venicuta901#primaryimage\"},\"image\":{\"@id\":\"https:\\\/\\\/mtfactor.ee\\\/en?product=tookindad-venicuta901#primaryimage\"},\"thumbnailUrl\":\"https:\\\/\\\/i0.wp.com\\\/mtfactor.ee\\\/wp-content\\\/uploads\\\/2025\\\/10\\\/Screenshot-2025-11-11-113358.png?fit=557%2C520&ssl=1\",\"datePublished\":\"2025-10-09T07:06:57+00:00\",\"dateModified\":\"2025-11-11T09:35:26+00:00\",\"description\":\"T\u00d6\u00d6KINDAD- VENICUTA901 | MTfactor\",\"breadcrumb\":{\"@id\":\"https:\\\/\\\/mtfactor.ee\\\/en?product=tookindad-venicuta901#breadcrumb\"},\"inLanguage\":\"en-US\",\"potentialAction\":[{\"@type\":\"ReadAction\",\"target\":[\"https:\\\/\\\/mtfactor.ee\\\/en?product=tookindad-venicuta901\"]}]},{\"@type\":\"ImageObject\",\"inLanguage\":\"en-US\",\"@id\":\"https:\\\/\\\/mtfactor.ee\\\/en?product=tookindad-venicuta901#primaryimage\",\"url\":\"https:\\\/\\\/i0.wp.com\\\/mtfactor.ee\\\/wp-content\\\/uploads\\\/2025\\\/10\\\/Screenshot-2025-11-11-113358.png?fit=557%2C520&ssl=1\",\"contentUrl\":\"https:\\\/\\\/i0.wp.com\\\/mtfactor.ee\\\/wp-content\\\/uploads\\\/2025\\\/10\\\/Screenshot-2025-11-11-113358.png?fit=557%2C520&ssl=1\",\"width\":557,\"height\":520},{\"@type\":\"BreadcrumbList\",\"@id\":\"https:\\\/\\\/mtfactor.ee\\\/en?product=tookindad-venicuta901#breadcrumb\",\"itemListElement\":[{\"@type\":\"ListItem\",\"position\":1,\"name\":\"Home\",\"item\":\"https:\\\/\\\/mtfactor.ee\\\/en\"},{\"@type\":\"ListItem\",\"position\":2,\"name\":\"Tooted\",\"item\":\"https:\\\/\\\/mtfactor.ee\\\/en?page_id=5\"},{\"@type\":\"ListItem\",\"position\":3,\"name\":\"T\u00d6\u00d6KINDAD- VENICUTA901\"}]},{\"@type\":\"WebSite\",\"@id\":\"https:\\\/\\\/mtfactor.ee\\\/en#website\",\"url\":\"https:\\\/\\\/mtfactor.ee\\\/en\",\"name\":\"MTFactor\",\"description\":\"T\u00f6\u00f6riided, T\u00f6\u00f6jalatsid, T\u00f6\u00f6kindad, Kaitsevahendid\",\"publisher\":{\"@id\":\"https:\\\/\\\/mtfactor.ee\\\/en#organization\"},\"potentialAction\":[{\"@type\":\"SearchAction\",\"target\":{\"@type\":\"EntryPoint\",\"urlTemplate\":\"https:\\\/\\\/mtfactor.ee\\\/en?s={search_term_string}\"},\"query-input\":{\"@type\":\"PropertyValueSpecification\",\"valueRequired\":true,\"valueName\":\"search_term_string\"}}],\"inLanguage\":\"en-US\"},{\"@type\":\"Organization\",\"@id\":\"https:\\\/\\\/mtfactor.ee\\\/en#organization\",\"name\":\"MTFactor\",\"url\":\"https:\\\/\\\/mtfactor.ee\\\/en\",\"logo\":{\"@type\":\"ImageObject\",\"inLanguage\":\"en-US\",\"@id\":\"https:\\\/\\\/mtfactor.ee\\\/en#\\\/schema\\\/logo\\\/image\\\/\",\"url\":\"https:\\\/\\\/mtfactor.ee\\\/wp-content\\\/uploads\\\/2022\\\/10\\\/logo-mtfactor.jpg\",\"contentUrl\":\"https:\\\/\\\/mtfactor.ee\\\/wp-content\\\/uploads\\\/2022\\\/10\\\/logo-mtfactor.jpg\",\"width\":1080,\"height\":1080,\"caption\":\"MTFactor\"},\"image\":{\"@id\":\"https:\\\/\\\/mtfactor.ee\\\/en#\\\/schema\\\/logo\\\/image\\\/\"}}]}<\/script>\n<!-- \/ Yoast SEO plugin. -->","yoast_head_json":{"title":"T\u00d6\u00d6KINDAD- VENICUTA901 | MTfactor","description":"T\u00d6\u00d6KINDAD- VENICUTA901 | MTfactor","robots":{"index":"index","follow":"follow","max-snippet":"max-snippet:-1","max-image-preview":"max-image-preview:large","max-video-preview":"max-video-preview:-1"},"canonical":"https:\/\/mtfactor.ee\/en?product=tookindad-venicuta901","og_locale":"en_US","og_type":"article","og_title":"T\u00d6\u00d6KINDAD- VENICUTA901 | MTfactor","og_description":"T\u00d6\u00d6KINDAD- VENICUTA901 | MTfactor","og_url":"https:\/\/mtfactor.ee\/en?product=tookindad-venicuta901","og_site_name":"MTfactor","article_modified_time":"2025-11-11T09:35:26+00:00","og_image":[{"width":557,"height":520,"url":"https:\/\/mtfactor.ee\/wp-content\/uploads\/2025\/10\/Screenshot-2025-11-11-113358.png","type":"image\/png"}],"twitter_card":"summary_large_image","twitter_misc":{"Est. reading time":"1 minute"},"schema":{"@context":"https:\/\/schema.org","@graph":[{"@type":["WebPage","ItemPage"],"@id":"https:\/\/mtfactor.ee\/en?product=tookindad-venicuta901","url":"https:\/\/mtfactor.ee\/en?product=tookindad-venicuta901","name":"T\u00d6\u00d6KINDAD- VENICUTA901 | MTfactor","isPartOf":{"@id":"https:\/\/mtfactor.ee\/en#website"},"primaryImageOfPage":{"@id":"https:\/\/mtfactor.ee\/en?product=tookindad-venicuta901#primaryimage"},"image":{"@id":"https:\/\/mtfactor.ee\/en?product=tookindad-venicuta901#primaryimage"},"thumbnailUrl":"https:\/\/i0.wp.com\/mtfactor.ee\/wp-content\/uploads\/2025\/10\/Screenshot-2025-11-11-113358.png?fit=557%2C520&ssl=1","datePublished":"2025-10-09T07:06:57+00:00","dateModified":"2025-11-11T09:35:26+00:00","description":"T\u00d6\u00d6KINDAD- VENICUTA901 | MTfactor","breadcrumb":{"@id":"https:\/\/mtfactor.ee\/en?product=tookindad-venicuta901#breadcrumb"},"inLanguage":"en-US","potentialAction":[{"@type":"ReadAction","target":["https:\/\/mtfactor.ee\/en?product=tookindad-venicuta901"]}]},{"@type":"ImageObject","inLanguage":"en-US","@id":"https:\/\/mtfactor.ee\/en?product=tookindad-venicuta901#primaryimage","url":"https:\/\/i0.wp.com\/mtfactor.ee\/wp-content\/uploads\/2025\/10\/Screenshot-2025-11-11-113358.png?fit=557%2C520&ssl=1","contentUrl":"https:\/\/i0.wp.com\/mtfactor.ee\/wp-content\/uploads\/2025\/10\/Screenshot-2025-11-11-113358.png?fit=557%2C520&ssl=1","width":557,"height":520},{"@type":"BreadcrumbList","@id":"https:\/\/mtfactor.ee\/en?product=tookindad-venicuta901#breadcrumb","itemListElement":[{"@type":"ListItem","position":1,"name":"Home","item":"https:\/\/mtfactor.ee\/en"},{"@type":"ListItem","position":2,"name":"Tooted","item":"https:\/\/mtfactor.ee\/en?page_id=5"},{"@type":"ListItem","position":3,"name":"T\u00d6\u00d6KINDAD- VENICUTA901"}]},{"@type":"WebSite","@id":"https:\/\/mtfactor.ee\/en#website","url":"https:\/\/mtfactor.ee\/en","name":"MTFactor","description":"T\u00f6\u00f6riided, T\u00f6\u00f6jalatsid, T\u00f6\u00f6kindad, Kaitsevahendid","publisher":{"@id":"https:\/\/mtfactor.ee\/en#organization"},"potentialAction":[{"@type":"SearchAction","target":{"@type":"EntryPoint","urlTemplate":"https:\/\/mtfactor.ee\/en?s={search_term_string}"},"query-input":{"@type":"PropertyValueSpecification","valueRequired":true,"valueName":"search_term_string"}}],"inLanguage":"en-US"},{"@type":"Organization","@id":"https:\/\/mtfactor.ee\/en#organization","name":"MTFactor","url":"https:\/\/mtfactor.ee\/en","logo":{"@type":"ImageObject","inLanguage":"en-US","@id":"https:\/\/mtfactor.ee\/en#\/schema\/logo\/image\/","url":"https:\/\/mtfactor.ee\/wp-content\/uploads\/2022\/10\/logo-mtfactor.jpg","contentUrl":"https:\/\/mtfactor.ee\/wp-content\/uploads\/2022\/10\/logo-mtfactor.jpg","width":1080,"height":1080,"caption":"MTFactor"},"image":{"@id":"https:\/\/mtfactor.ee\/en#\/schema\/logo\/image\/"}}]}},"jetpack-related-posts":[],"jetpack_sharing_enabled":true,"_links":{"self":[{"href":"https:\/\/mtfactor.ee\/en\/index.php?rest_route=\/wp\/v2\/product\/17487","targetHints":{"allow":["GET"]}}],"collection":[{"href":"https:\/\/mtfactor.ee\/en\/index.php?rest_route=\/wp\/v2\/product"}],"about":[{"href":"https:\/\/mtfactor.ee\/en\/index.php?rest_route=\/wp\/v2\/types\/product"}],"replies":[{"embeddable":true,"href":"https:\/\/mtfactor.ee\/en\/index.php?rest_route=%2Fwp%2Fv2%2Fcomments&post=17487"}],"wp:featuredmedia":[{"embeddable":true,"href":"https:\/\/mtfactor.ee\/en\/index.php?rest_route=\/wp\/v2\/media\/17813"}],"wp:attachment":[{"href":"https:\/\/mtfactor.ee\/en\/index.php?rest_route=%2Fwp%2Fv2%2Fmedia&parent=17487"}],"wp:term":[{"taxonomy":"product_brand","embeddable":true,"href":"https:\/\/mtfactor.ee\/en\/index.php?rest_route=%2Fwp%2Fv2%2Fproduct_brand&post=17487"},{"taxonomy":"product_cat","embeddable":true,"href":"https:\/\/mtfactor.ee\/en\/index.php?rest_route=%2Fwp%2Fv2%2Fproduct_cat&post=17487"},{"taxonomy":"product_tag","embeddable":true,"href":"https:\/\/mtfactor.ee\/en\/index.php?rest_route=%2Fwp%2Fv2%2Fproduct_tag&post=17487"}],"curies":[{"name":"wp","href":"https:\/\/api.w.org\/{rel}","templated":true}]}}