{"id":17452,"date":"2025-10-09T09:47:51","date_gmt":"2025-10-09T06:47:51","guid":{"rendered":"https:\/\/mtfactor.ee\/?post_type=product&#038;p=17452"},"modified":"2025-11-11T11:32:43","modified_gmt":"2025-11-11T09:32:43","slug":"kummikindad-v1600","status":"publish","type":"product","link":"https:\/\/mtfactor.ee\/en?product=kummikindad-v1600","title":{"rendered":"KUMMIKINDAD- V1600"},"content":{"rendered":"<p data-start=\"63\" data-end=\"156\"><strong data-start=\"63\" data-end=\"156\">\u00dchekordne nitriilkummikinnas keemilisteks t\u00f6\u00f6deks, suurep\u00e4rase haarduvusega \u00f5lisel pinnal<\/strong><\/p>\n<p data-start=\"158\" data-end=\"368\">Tundlik ja vastupidav nitriilkummikinnas, mille <strong data-start=\"206\" data-end=\"240\">reljeefse teemantmustriga pind<\/strong> tagab kindla haarde isegi libedates ja \u00f5listes tingimustes. Ideaalne valik t\u00f6\u00f6stusharudes, kus on oluline t\u00f6\u00f6kindlus ja t\u00e4psus.<\/p>\n<p data-start=\"76\" data-end=\"171\"><strong data-start=\"76\" data-end=\"171\">\u00dchekordsed nitriilkummikindad keemilisteks t\u00f6\u00f6deks \u2013 reljeefse teemantmustriga, pulbrivabad<\/strong><\/p>\n<p data-start=\"173\" data-end=\"395\">Tundlikud ja vastupidavad <strong data-start=\"199\" data-end=\"233\">t\u00e4iskattega nitriilkummikindad<\/strong>, millel on <strong data-start=\"245\" data-end=\"272\">reljeefne teemantmuster<\/strong>, mis tagab suurep\u00e4rase haarduvuse eriti \u00f5lisel pinnal. Pulbrivaba koostis v\u00e4hendab allergiariski ja tagab parema h\u00fcgieeni.<\/p>\n<p data-start=\"397\" data-end=\"421\"><strong data-start=\"397\" data-end=\"421\">Tehnilised omadused:<\/strong><\/p>\n<ul data-start=\"423\" data-end=\"559\">\n<li data-start=\"423\" data-end=\"488\">\n<p data-start=\"425\" data-end=\"488\"><strong data-start=\"425\" data-end=\"434\">Kate:<\/strong> Nitriil, reljeefne teemantmuster, t\u00e4ielikult kaetud<\/p>\n<\/li>\n<li data-start=\"489\" data-end=\"512\">\n<p data-start=\"491\" data-end=\"512\"><strong data-start=\"491\" data-end=\"506\">Pulbrivaba:<\/strong> Jah<\/p>\n<\/li>\n<li data-start=\"513\" data-end=\"536\">\n<p data-start=\"515\" data-end=\"536\"><strong data-start=\"515\" data-end=\"526\">Paksus:<\/strong> 0,17 mm<\/p>\n<\/li>\n<li data-start=\"537\" data-end=\"559\">\n<p data-start=\"539\" data-end=\"559\"><strong data-start=\"539\" data-end=\"550\">Pikkus:<\/strong> 240 mm<\/p>\n<\/li>\n<\/ul>\n","protected":false},"excerpt":{"rendered":"<p>\u00dchekordne nitriilkummikinnas keemilisteks t\u00f6\u00f6deks, suurep\u00e4rase haarduvusega \u00f5lisel pinnal Tundlik ja vastupidav nitriilkummikinnas, mille reljeefse teemantmustriga pind tagab kindla haarde isegi<\/p>\n","protected":false},"featured_media":17810,"comment_status":"closed","ping_status":"closed","template":"","meta":[],"product_brand":[],"product_cat":[70,109,103,133,80,102,105,106],"product_tag":[],"class_list":{"0":"post-17452","1":"product","2":"type-product","3":"status-publish","4":"has-post-thumbnail","6":"product_cat-tookindad","7":"product_cat-avalik-haldus-ja-riigikaitse","8":"product_cat-ehitus-ja-metallitoostus","9":"product_cat-keemiatoostus","10":"product_cat-kummikindad","11":"product_cat-pollumajandus-metsandus-ja-kalapuuk","12":"product_cat-teave-ja-suhtlus","13":"product_cat-tootmine","15":"first","16":"instock","17":"taxable","18":"shipping-taxable","19":"purchasable","20":"product-type-variable"},"yoast_head":"<!-- This site is optimized with the Yoast SEO plugin v27.4 - https:\/\/yoast.com\/product\/yoast-seo-wordpress\/ -->\n<title>KUMMIKINDAD- V1600 | MTfactor<\/title>\n<meta name=\"description\" content=\"KUMMIKINDAD- V1600 | MTfactor\" \/>\n<meta name=\"robots\" content=\"index, follow, max-snippet:-1, max-image-preview:large, max-video-preview:-1\" \/>\n<link rel=\"canonical\" href=\"https:\/\/mtfactor.ee\/en?product=kummikindad-v1600\" \/>\n<meta property=\"og:locale\" content=\"en_US\" \/>\n<meta property=\"og:type\" content=\"article\" \/>\n<meta property=\"og:title\" content=\"KUMMIKINDAD- V1600 | MTfactor\" \/>\n<meta property=\"og:description\" content=\"KUMMIKINDAD- V1600 | MTfactor\" \/>\n<meta property=\"og:url\" content=\"https:\/\/mtfactor.ee\/en?product=kummikindad-v1600\" \/>\n<meta property=\"og:site_name\" content=\"MTfactor\" \/>\n<meta property=\"article:modified_time\" content=\"2025-11-11T09:32:43+00:00\" \/>\n<meta property=\"og:image\" content=\"https:\/\/mtfactor.ee\/wp-content\/uploads\/2025\/10\/Screenshot-2025-11-11-113111.png\" \/>\n\t<meta property=\"og:image:width\" content=\"505\" \/>\n\t<meta property=\"og:image:height\" content=\"506\" \/>\n\t<meta property=\"og:image:type\" content=\"image\/png\" \/>\n<meta name=\"twitter:card\" content=\"summary_large_image\" \/>\n<meta name=\"twitter:label1\" content=\"Est. reading time\" \/>\n\t<meta name=\"twitter:data1\" content=\"1 minute\" \/>\n<script type=\"application\/ld+json\" class=\"yoast-schema-graph\">{\"@context\":\"https:\\\/\\\/schema.org\",\"@graph\":[{\"@type\":[\"WebPage\",\"ItemPage\"],\"@id\":\"https:\\\/\\\/mtfactor.ee\\\/en?product=kummikindad-v1600\",\"url\":\"https:\\\/\\\/mtfactor.ee\\\/en?product=kummikindad-v1600\",\"name\":\"KUMMIKINDAD- V1600 | MTfactor\",\"isPartOf\":{\"@id\":\"https:\\\/\\\/mtfactor.ee\\\/en#website\"},\"primaryImageOfPage\":{\"@id\":\"https:\\\/\\\/mtfactor.ee\\\/en?product=kummikindad-v1600#primaryimage\"},\"image\":{\"@id\":\"https:\\\/\\\/mtfactor.ee\\\/en?product=kummikindad-v1600#primaryimage\"},\"thumbnailUrl\":\"https:\\\/\\\/i0.wp.com\\\/mtfactor.ee\\\/wp-content\\\/uploads\\\/2025\\\/10\\\/Screenshot-2025-11-11-113111.png?fit=505%2C506&ssl=1\",\"datePublished\":\"2025-10-09T06:47:51+00:00\",\"dateModified\":\"2025-11-11T09:32:43+00:00\",\"description\":\"KUMMIKINDAD- V1600 | MTfactor\",\"breadcrumb\":{\"@id\":\"https:\\\/\\\/mtfactor.ee\\\/en?product=kummikindad-v1600#breadcrumb\"},\"inLanguage\":\"en-US\",\"potentialAction\":[{\"@type\":\"ReadAction\",\"target\":[\"https:\\\/\\\/mtfactor.ee\\\/en?product=kummikindad-v1600\"]}]},{\"@type\":\"ImageObject\",\"inLanguage\":\"en-US\",\"@id\":\"https:\\\/\\\/mtfactor.ee\\\/en?product=kummikindad-v1600#primaryimage\",\"url\":\"https:\\\/\\\/i0.wp.com\\\/mtfactor.ee\\\/wp-content\\\/uploads\\\/2025\\\/10\\\/Screenshot-2025-11-11-113111.png?fit=505%2C506&ssl=1\",\"contentUrl\":\"https:\\\/\\\/i0.wp.com\\\/mtfactor.ee\\\/wp-content\\\/uploads\\\/2025\\\/10\\\/Screenshot-2025-11-11-113111.png?fit=505%2C506&ssl=1\",\"width\":505,\"height\":506},{\"@type\":\"BreadcrumbList\",\"@id\":\"https:\\\/\\\/mtfactor.ee\\\/en?product=kummikindad-v1600#breadcrumb\",\"itemListElement\":[{\"@type\":\"ListItem\",\"position\":1,\"name\":\"Home\",\"item\":\"https:\\\/\\\/mtfactor.ee\\\/en\"},{\"@type\":\"ListItem\",\"position\":2,\"name\":\"Tooted\",\"item\":\"https:\\\/\\\/mtfactor.ee\\\/en?page_id=5\"},{\"@type\":\"ListItem\",\"position\":3,\"name\":\"KUMMIKINDAD- V1600\"}]},{\"@type\":\"WebSite\",\"@id\":\"https:\\\/\\\/mtfactor.ee\\\/en#website\",\"url\":\"https:\\\/\\\/mtfactor.ee\\\/en\",\"name\":\"MTFactor\",\"description\":\"T\u00f6\u00f6riided, T\u00f6\u00f6jalatsid, T\u00f6\u00f6kindad, Kaitsevahendid\",\"publisher\":{\"@id\":\"https:\\\/\\\/mtfactor.ee\\\/en#organization\"},\"potentialAction\":[{\"@type\":\"SearchAction\",\"target\":{\"@type\":\"EntryPoint\",\"urlTemplate\":\"https:\\\/\\\/mtfactor.ee\\\/en?s={search_term_string}\"},\"query-input\":{\"@type\":\"PropertyValueSpecification\",\"valueRequired\":true,\"valueName\":\"search_term_string\"}}],\"inLanguage\":\"en-US\"},{\"@type\":\"Organization\",\"@id\":\"https:\\\/\\\/mtfactor.ee\\\/en#organization\",\"name\":\"MTFactor\",\"url\":\"https:\\\/\\\/mtfactor.ee\\\/en\",\"logo\":{\"@type\":\"ImageObject\",\"inLanguage\":\"en-US\",\"@id\":\"https:\\\/\\\/mtfactor.ee\\\/en#\\\/schema\\\/logo\\\/image\\\/\",\"url\":\"https:\\\/\\\/mtfactor.ee\\\/wp-content\\\/uploads\\\/2022\\\/10\\\/logo-mtfactor.jpg\",\"contentUrl\":\"https:\\\/\\\/mtfactor.ee\\\/wp-content\\\/uploads\\\/2022\\\/10\\\/logo-mtfactor.jpg\",\"width\":1080,\"height\":1080,\"caption\":\"MTFactor\"},\"image\":{\"@id\":\"https:\\\/\\\/mtfactor.ee\\\/en#\\\/schema\\\/logo\\\/image\\\/\"}}]}<\/script>\n<!-- \/ Yoast SEO plugin. -->","yoast_head_json":{"title":"KUMMIKINDAD- V1600 | MTfactor","description":"KUMMIKINDAD- V1600 | MTfactor","robots":{"index":"index","follow":"follow","max-snippet":"max-snippet:-1","max-image-preview":"max-image-preview:large","max-video-preview":"max-video-preview:-1"},"canonical":"https:\/\/mtfactor.ee\/en?product=kummikindad-v1600","og_locale":"en_US","og_type":"article","og_title":"KUMMIKINDAD- V1600 | MTfactor","og_description":"KUMMIKINDAD- V1600 | MTfactor","og_url":"https:\/\/mtfactor.ee\/en?product=kummikindad-v1600","og_site_name":"MTfactor","article_modified_time":"2025-11-11T09:32:43+00:00","og_image":[{"width":505,"height":506,"url":"https:\/\/mtfactor.ee\/wp-content\/uploads\/2025\/10\/Screenshot-2025-11-11-113111.png","type":"image\/png"}],"twitter_card":"summary_large_image","twitter_misc":{"Est. reading time":"1 minute"},"schema":{"@context":"https:\/\/schema.org","@graph":[{"@type":["WebPage","ItemPage"],"@id":"https:\/\/mtfactor.ee\/en?product=kummikindad-v1600","url":"https:\/\/mtfactor.ee\/en?product=kummikindad-v1600","name":"KUMMIKINDAD- V1600 | MTfactor","isPartOf":{"@id":"https:\/\/mtfactor.ee\/en#website"},"primaryImageOfPage":{"@id":"https:\/\/mtfactor.ee\/en?product=kummikindad-v1600#primaryimage"},"image":{"@id":"https:\/\/mtfactor.ee\/en?product=kummikindad-v1600#primaryimage"},"thumbnailUrl":"https:\/\/i0.wp.com\/mtfactor.ee\/wp-content\/uploads\/2025\/10\/Screenshot-2025-11-11-113111.png?fit=505%2C506&ssl=1","datePublished":"2025-10-09T06:47:51+00:00","dateModified":"2025-11-11T09:32:43+00:00","description":"KUMMIKINDAD- V1600 | MTfactor","breadcrumb":{"@id":"https:\/\/mtfactor.ee\/en?product=kummikindad-v1600#breadcrumb"},"inLanguage":"en-US","potentialAction":[{"@type":"ReadAction","target":["https:\/\/mtfactor.ee\/en?product=kummikindad-v1600"]}]},{"@type":"ImageObject","inLanguage":"en-US","@id":"https:\/\/mtfactor.ee\/en?product=kummikindad-v1600#primaryimage","url":"https:\/\/i0.wp.com\/mtfactor.ee\/wp-content\/uploads\/2025\/10\/Screenshot-2025-11-11-113111.png?fit=505%2C506&ssl=1","contentUrl":"https:\/\/i0.wp.com\/mtfactor.ee\/wp-content\/uploads\/2025\/10\/Screenshot-2025-11-11-113111.png?fit=505%2C506&ssl=1","width":505,"height":506},{"@type":"BreadcrumbList","@id":"https:\/\/mtfactor.ee\/en?product=kummikindad-v1600#breadcrumb","itemListElement":[{"@type":"ListItem","position":1,"name":"Home","item":"https:\/\/mtfactor.ee\/en"},{"@type":"ListItem","position":2,"name":"Tooted","item":"https:\/\/mtfactor.ee\/en?page_id=5"},{"@type":"ListItem","position":3,"name":"KUMMIKINDAD- V1600"}]},{"@type":"WebSite","@id":"https:\/\/mtfactor.ee\/en#website","url":"https:\/\/mtfactor.ee\/en","name":"MTFactor","description":"T\u00f6\u00f6riided, T\u00f6\u00f6jalatsid, T\u00f6\u00f6kindad, Kaitsevahendid","publisher":{"@id":"https:\/\/mtfactor.ee\/en#organization"},"potentialAction":[{"@type":"SearchAction","target":{"@type":"EntryPoint","urlTemplate":"https:\/\/mtfactor.ee\/en?s={search_term_string}"},"query-input":{"@type":"PropertyValueSpecification","valueRequired":true,"valueName":"search_term_string"}}],"inLanguage":"en-US"},{"@type":"Organization","@id":"https:\/\/mtfactor.ee\/en#organization","name":"MTFactor","url":"https:\/\/mtfactor.ee\/en","logo":{"@type":"ImageObject","inLanguage":"en-US","@id":"https:\/\/mtfactor.ee\/en#\/schema\/logo\/image\/","url":"https:\/\/mtfactor.ee\/wp-content\/uploads\/2022\/10\/logo-mtfactor.jpg","contentUrl":"https:\/\/mtfactor.ee\/wp-content\/uploads\/2022\/10\/logo-mtfactor.jpg","width":1080,"height":1080,"caption":"MTFactor"},"image":{"@id":"https:\/\/mtfactor.ee\/en#\/schema\/logo\/image\/"}}]}},"jetpack-related-posts":[],"jetpack_sharing_enabled":true,"_links":{"self":[{"href":"https:\/\/mtfactor.ee\/en\/index.php?rest_route=\/wp\/v2\/product\/17452","targetHints":{"allow":["GET"]}}],"collection":[{"href":"https:\/\/mtfactor.ee\/en\/index.php?rest_route=\/wp\/v2\/product"}],"about":[{"href":"https:\/\/mtfactor.ee\/en\/index.php?rest_route=\/wp\/v2\/types\/product"}],"replies":[{"embeddable":true,"href":"https:\/\/mtfactor.ee\/en\/index.php?rest_route=%2Fwp%2Fv2%2Fcomments&post=17452"}],"wp:featuredmedia":[{"embeddable":true,"href":"https:\/\/mtfactor.ee\/en\/index.php?rest_route=\/wp\/v2\/media\/17810"}],"wp:attachment":[{"href":"https:\/\/mtfactor.ee\/en\/index.php?rest_route=%2Fwp%2Fv2%2Fmedia&parent=17452"}],"wp:term":[{"taxonomy":"product_brand","embeddable":true,"href":"https:\/\/mtfactor.ee\/en\/index.php?rest_route=%2Fwp%2Fv2%2Fproduct_brand&post=17452"},{"taxonomy":"product_cat","embeddable":true,"href":"https:\/\/mtfactor.ee\/en\/index.php?rest_route=%2Fwp%2Fv2%2Fproduct_cat&post=17452"},{"taxonomy":"product_tag","embeddable":true,"href":"https:\/\/mtfactor.ee\/en\/index.php?rest_route=%2Fwp%2Fv2%2Fproduct_tag&post=17452"}],"curies":[{"name":"wp","href":"https:\/\/api.w.org\/{rel}","templated":true}]}}