{"id":17444,"date":"2025-10-09T09:43:06","date_gmt":"2025-10-09T06:43:06","guid":{"rendered":"https:\/\/mtfactor.ee\/?post_type=product&#038;p=17444"},"modified":"2025-11-11T11:30:45","modified_gmt":"2025-11-11T09:30:45","slug":"kummikindad-v1460","status":"publish","type":"product","link":"https:\/\/mtfactor.ee\/en?product=kummikindad-v1460","title":{"rendered":"KUMMIKINDAD- V1460"},"content":{"rendered":"<p data-start=\"51\" data-end=\"111\"><strong data-start=\"51\" data-end=\"111\">\u00dchekordne nitriilkummikinnas, hea keemiline vastupidavus<\/strong><\/p>\n<p data-start=\"113\" data-end=\"320\">Kvaliteetne \u00fchekordne <strong data-start=\"135\" data-end=\"152\">nitriilkinnas<\/strong>, mis tagab <strong data-start=\"164\" data-end=\"216\">usaldusv\u00e4\u00e4rse kaitse erinevate kemikaalide vastu<\/strong>. Sobib h\u00e4sti kasutamiseks laborites, t\u00f6\u00f6stuses ja muudes valdkondades, kus on oluline keemiline kaitse.<\/p>\n<p data-start=\"101\" data-end=\"176\"><strong data-start=\"101\" data-end=\"176\">\u00dchekordsed nitriilkummikindad \u2013 keemiliselt vastupidavad ja pulbrivabad<\/strong><\/p>\n<p data-start=\"178\" data-end=\"445\">\u00d5hukesed ja paindlikud <strong data-start=\"201\" data-end=\"235\">t\u00e4iskattega nitriilkummikindad<\/strong>, mis pakuvad <strong data-start=\"249\" data-end=\"289\">head kaitset keemiliste ainete vastu<\/strong>. <strong data-start=\"291\" data-end=\"305\">Pulbrivaba<\/strong> koostis tagab parema h\u00fcgieeni ning v\u00e4hendab allergiariski. Sobivad suurep\u00e4raselt kasutamiseks laborites, t\u00f6\u00f6stuses ning toiduainet\u00f6\u00f6stuses.<\/p>\n<p data-start=\"447\" data-end=\"471\"><strong data-start=\"447\" data-end=\"471\">Tehnilised omadused:<\/strong><\/p>\n<ul data-start=\"473\" data-end=\"589\">\n<li data-start=\"473\" data-end=\"518\">\n<p data-start=\"475\" data-end=\"518\"><strong data-start=\"475\" data-end=\"484\">Kate:<\/strong> Sile nitriil, t\u00e4ielikult kaetud<\/p>\n<\/li>\n<li data-start=\"519\" data-end=\"542\">\n<p data-start=\"521\" data-end=\"542\"><strong data-start=\"521\" data-end=\"536\">Pulbrivaba:<\/strong> Jah<\/p>\n<\/li>\n<li data-start=\"543\" data-end=\"566\">\n<p data-start=\"545\" data-end=\"566\"><strong data-start=\"545\" data-end=\"556\">Paksus:<\/strong> 0,06 mm<\/p>\n<\/li>\n<li data-start=\"567\" data-end=\"589\">\n<p data-start=\"569\" data-end=\"589\"><strong data-start=\"569\" data-end=\"580\">Pikkus:<\/strong> 240 mm<\/p>\n<\/li>\n<\/ul>\n","protected":false},"excerpt":{"rendered":"<p>\u00dchekordne nitriilkummikinnas, hea keemiline vastupidavus Kvaliteetne \u00fchekordne nitriilkinnas, mis tagab usaldusv\u00e4\u00e4rse kaitse erinevate kemikaalide vastu. Sobib h\u00e4sti kasutamiseks laborites, t\u00f6\u00f6stuses<\/p>\n","protected":false},"featured_media":17808,"comment_status":"closed","ping_status":"closed","template":"","meta":[],"product_brand":[],"product_cat":[70,109,133,80,102,105,106],"product_tag":[],"class_list":{"0":"post-17444","1":"product","2":"type-product","3":"status-publish","4":"has-post-thumbnail","6":"product_cat-tookindad","7":"product_cat-avalik-haldus-ja-riigikaitse","8":"product_cat-keemiatoostus","9":"product_cat-kummikindad","10":"product_cat-pollumajandus-metsandus-ja-kalapuuk","11":"product_cat-teave-ja-suhtlus","12":"product_cat-tootmine","14":"first","15":"instock","16":"taxable","17":"shipping-taxable","18":"purchasable","19":"product-type-variable"},"yoast_head":"<!-- This site is optimized with the Yoast SEO plugin v27.4 - https:\/\/yoast.com\/product\/yoast-seo-wordpress\/ -->\n<title>KUMMIKINDAD- V1460 | MTfactor<\/title>\n<meta name=\"description\" content=\"KUMMIKINDAD- V1460 | MTfactor\" \/>\n<meta name=\"robots\" content=\"index, follow, max-snippet:-1, max-image-preview:large, max-video-preview:-1\" \/>\n<link rel=\"canonical\" href=\"https:\/\/mtfactor.ee\/en?product=kummikindad-v1460\" \/>\n<meta property=\"og:locale\" content=\"en_US\" \/>\n<meta property=\"og:type\" content=\"article\" \/>\n<meta property=\"og:title\" content=\"KUMMIKINDAD- V1460 | MTfactor\" \/>\n<meta property=\"og:description\" content=\"KUMMIKINDAD- V1460 | MTfactor\" \/>\n<meta property=\"og:url\" content=\"https:\/\/mtfactor.ee\/en?product=kummikindad-v1460\" \/>\n<meta property=\"og:site_name\" content=\"MTfactor\" \/>\n<meta property=\"article:modified_time\" content=\"2025-11-11T09:30:45+00:00\" \/>\n<meta property=\"og:image\" content=\"https:\/\/mtfactor.ee\/wp-content\/uploads\/2025\/10\/Screenshot-2025-11-11-112900.png\" \/>\n\t<meta property=\"og:image:width\" content=\"544\" \/>\n\t<meta property=\"og:image:height\" content=\"507\" \/>\n\t<meta property=\"og:image:type\" content=\"image\/png\" \/>\n<meta name=\"twitter:card\" content=\"summary_large_image\" \/>\n<meta name=\"twitter:label1\" content=\"Est. reading time\" \/>\n\t<meta name=\"twitter:data1\" content=\"1 minute\" \/>\n<script type=\"application\/ld+json\" class=\"yoast-schema-graph\">{\"@context\":\"https:\\\/\\\/schema.org\",\"@graph\":[{\"@type\":[\"WebPage\",\"ItemPage\"],\"@id\":\"https:\\\/\\\/mtfactor.ee\\\/en?product=kummikindad-v1460\",\"url\":\"https:\\\/\\\/mtfactor.ee\\\/en?product=kummikindad-v1460\",\"name\":\"KUMMIKINDAD- V1460 | MTfactor\",\"isPartOf\":{\"@id\":\"https:\\\/\\\/mtfactor.ee\\\/en#website\"},\"primaryImageOfPage\":{\"@id\":\"https:\\\/\\\/mtfactor.ee\\\/en?product=kummikindad-v1460#primaryimage\"},\"image\":{\"@id\":\"https:\\\/\\\/mtfactor.ee\\\/en?product=kummikindad-v1460#primaryimage\"},\"thumbnailUrl\":\"https:\\\/\\\/i0.wp.com\\\/mtfactor.ee\\\/wp-content\\\/uploads\\\/2025\\\/10\\\/Screenshot-2025-11-11-112900.png?fit=544%2C507&ssl=1\",\"datePublished\":\"2025-10-09T06:43:06+00:00\",\"dateModified\":\"2025-11-11T09:30:45+00:00\",\"description\":\"KUMMIKINDAD- V1460 | MTfactor\",\"breadcrumb\":{\"@id\":\"https:\\\/\\\/mtfactor.ee\\\/en?product=kummikindad-v1460#breadcrumb\"},\"inLanguage\":\"en-US\",\"potentialAction\":[{\"@type\":\"ReadAction\",\"target\":[\"https:\\\/\\\/mtfactor.ee\\\/en?product=kummikindad-v1460\"]}]},{\"@type\":\"ImageObject\",\"inLanguage\":\"en-US\",\"@id\":\"https:\\\/\\\/mtfactor.ee\\\/en?product=kummikindad-v1460#primaryimage\",\"url\":\"https:\\\/\\\/i0.wp.com\\\/mtfactor.ee\\\/wp-content\\\/uploads\\\/2025\\\/10\\\/Screenshot-2025-11-11-112900.png?fit=544%2C507&ssl=1\",\"contentUrl\":\"https:\\\/\\\/i0.wp.com\\\/mtfactor.ee\\\/wp-content\\\/uploads\\\/2025\\\/10\\\/Screenshot-2025-11-11-112900.png?fit=544%2C507&ssl=1\",\"width\":544,\"height\":507},{\"@type\":\"BreadcrumbList\",\"@id\":\"https:\\\/\\\/mtfactor.ee\\\/en?product=kummikindad-v1460#breadcrumb\",\"itemListElement\":[{\"@type\":\"ListItem\",\"position\":1,\"name\":\"Home\",\"item\":\"https:\\\/\\\/mtfactor.ee\\\/en\"},{\"@type\":\"ListItem\",\"position\":2,\"name\":\"Tooted\",\"item\":\"https:\\\/\\\/mtfactor.ee\\\/en?page_id=5\"},{\"@type\":\"ListItem\",\"position\":3,\"name\":\"KUMMIKINDAD- V1460\"}]},{\"@type\":\"WebSite\",\"@id\":\"https:\\\/\\\/mtfactor.ee\\\/en#website\",\"url\":\"https:\\\/\\\/mtfactor.ee\\\/en\",\"name\":\"MTFactor\",\"description\":\"T\u00f6\u00f6riided, T\u00f6\u00f6jalatsid, T\u00f6\u00f6kindad, Kaitsevahendid\",\"publisher\":{\"@id\":\"https:\\\/\\\/mtfactor.ee\\\/en#organization\"},\"potentialAction\":[{\"@type\":\"SearchAction\",\"target\":{\"@type\":\"EntryPoint\",\"urlTemplate\":\"https:\\\/\\\/mtfactor.ee\\\/en?s={search_term_string}\"},\"query-input\":{\"@type\":\"PropertyValueSpecification\",\"valueRequired\":true,\"valueName\":\"search_term_string\"}}],\"inLanguage\":\"en-US\"},{\"@type\":\"Organization\",\"@id\":\"https:\\\/\\\/mtfactor.ee\\\/en#organization\",\"name\":\"MTFactor\",\"url\":\"https:\\\/\\\/mtfactor.ee\\\/en\",\"logo\":{\"@type\":\"ImageObject\",\"inLanguage\":\"en-US\",\"@id\":\"https:\\\/\\\/mtfactor.ee\\\/en#\\\/schema\\\/logo\\\/image\\\/\",\"url\":\"https:\\\/\\\/mtfactor.ee\\\/wp-content\\\/uploads\\\/2022\\\/10\\\/logo-mtfactor.jpg\",\"contentUrl\":\"https:\\\/\\\/mtfactor.ee\\\/wp-content\\\/uploads\\\/2022\\\/10\\\/logo-mtfactor.jpg\",\"width\":1080,\"height\":1080,\"caption\":\"MTFactor\"},\"image\":{\"@id\":\"https:\\\/\\\/mtfactor.ee\\\/en#\\\/schema\\\/logo\\\/image\\\/\"}}]}<\/script>\n<!-- \/ Yoast SEO plugin. -->","yoast_head_json":{"title":"KUMMIKINDAD- V1460 | MTfactor","description":"KUMMIKINDAD- V1460 | MTfactor","robots":{"index":"index","follow":"follow","max-snippet":"max-snippet:-1","max-image-preview":"max-image-preview:large","max-video-preview":"max-video-preview:-1"},"canonical":"https:\/\/mtfactor.ee\/en?product=kummikindad-v1460","og_locale":"en_US","og_type":"article","og_title":"KUMMIKINDAD- V1460 | MTfactor","og_description":"KUMMIKINDAD- V1460 | MTfactor","og_url":"https:\/\/mtfactor.ee\/en?product=kummikindad-v1460","og_site_name":"MTfactor","article_modified_time":"2025-11-11T09:30:45+00:00","og_image":[{"width":544,"height":507,"url":"https:\/\/mtfactor.ee\/wp-content\/uploads\/2025\/10\/Screenshot-2025-11-11-112900.png","type":"image\/png"}],"twitter_card":"summary_large_image","twitter_misc":{"Est. reading time":"1 minute"},"schema":{"@context":"https:\/\/schema.org","@graph":[{"@type":["WebPage","ItemPage"],"@id":"https:\/\/mtfactor.ee\/en?product=kummikindad-v1460","url":"https:\/\/mtfactor.ee\/en?product=kummikindad-v1460","name":"KUMMIKINDAD- V1460 | MTfactor","isPartOf":{"@id":"https:\/\/mtfactor.ee\/en#website"},"primaryImageOfPage":{"@id":"https:\/\/mtfactor.ee\/en?product=kummikindad-v1460#primaryimage"},"image":{"@id":"https:\/\/mtfactor.ee\/en?product=kummikindad-v1460#primaryimage"},"thumbnailUrl":"https:\/\/i0.wp.com\/mtfactor.ee\/wp-content\/uploads\/2025\/10\/Screenshot-2025-11-11-112900.png?fit=544%2C507&ssl=1","datePublished":"2025-10-09T06:43:06+00:00","dateModified":"2025-11-11T09:30:45+00:00","description":"KUMMIKINDAD- V1460 | MTfactor","breadcrumb":{"@id":"https:\/\/mtfactor.ee\/en?product=kummikindad-v1460#breadcrumb"},"inLanguage":"en-US","potentialAction":[{"@type":"ReadAction","target":["https:\/\/mtfactor.ee\/en?product=kummikindad-v1460"]}]},{"@type":"ImageObject","inLanguage":"en-US","@id":"https:\/\/mtfactor.ee\/en?product=kummikindad-v1460#primaryimage","url":"https:\/\/i0.wp.com\/mtfactor.ee\/wp-content\/uploads\/2025\/10\/Screenshot-2025-11-11-112900.png?fit=544%2C507&ssl=1","contentUrl":"https:\/\/i0.wp.com\/mtfactor.ee\/wp-content\/uploads\/2025\/10\/Screenshot-2025-11-11-112900.png?fit=544%2C507&ssl=1","width":544,"height":507},{"@type":"BreadcrumbList","@id":"https:\/\/mtfactor.ee\/en?product=kummikindad-v1460#breadcrumb","itemListElement":[{"@type":"ListItem","position":1,"name":"Home","item":"https:\/\/mtfactor.ee\/en"},{"@type":"ListItem","position":2,"name":"Tooted","item":"https:\/\/mtfactor.ee\/en?page_id=5"},{"@type":"ListItem","position":3,"name":"KUMMIKINDAD- V1460"}]},{"@type":"WebSite","@id":"https:\/\/mtfactor.ee\/en#website","url":"https:\/\/mtfactor.ee\/en","name":"MTFactor","description":"T\u00f6\u00f6riided, T\u00f6\u00f6jalatsid, T\u00f6\u00f6kindad, Kaitsevahendid","publisher":{"@id":"https:\/\/mtfactor.ee\/en#organization"},"potentialAction":[{"@type":"SearchAction","target":{"@type":"EntryPoint","urlTemplate":"https:\/\/mtfactor.ee\/en?s={search_term_string}"},"query-input":{"@type":"PropertyValueSpecification","valueRequired":true,"valueName":"search_term_string"}}],"inLanguage":"en-US"},{"@type":"Organization","@id":"https:\/\/mtfactor.ee\/en#organization","name":"MTFactor","url":"https:\/\/mtfactor.ee\/en","logo":{"@type":"ImageObject","inLanguage":"en-US","@id":"https:\/\/mtfactor.ee\/en#\/schema\/logo\/image\/","url":"https:\/\/mtfactor.ee\/wp-content\/uploads\/2022\/10\/logo-mtfactor.jpg","contentUrl":"https:\/\/mtfactor.ee\/wp-content\/uploads\/2022\/10\/logo-mtfactor.jpg","width":1080,"height":1080,"caption":"MTFactor"},"image":{"@id":"https:\/\/mtfactor.ee\/en#\/schema\/logo\/image\/"}}]}},"jetpack-related-posts":[],"jetpack_sharing_enabled":true,"_links":{"self":[{"href":"https:\/\/mtfactor.ee\/en\/index.php?rest_route=\/wp\/v2\/product\/17444","targetHints":{"allow":["GET"]}}],"collection":[{"href":"https:\/\/mtfactor.ee\/en\/index.php?rest_route=\/wp\/v2\/product"}],"about":[{"href":"https:\/\/mtfactor.ee\/en\/index.php?rest_route=\/wp\/v2\/types\/product"}],"replies":[{"embeddable":true,"href":"https:\/\/mtfactor.ee\/en\/index.php?rest_route=%2Fwp%2Fv2%2Fcomments&post=17444"}],"wp:featuredmedia":[{"embeddable":true,"href":"https:\/\/mtfactor.ee\/en\/index.php?rest_route=\/wp\/v2\/media\/17808"}],"wp:attachment":[{"href":"https:\/\/mtfactor.ee\/en\/index.php?rest_route=%2Fwp%2Fv2%2Fmedia&parent=17444"}],"wp:term":[{"taxonomy":"product_brand","embeddable":true,"href":"https:\/\/mtfactor.ee\/en\/index.php?rest_route=%2Fwp%2Fv2%2Fproduct_brand&post=17444"},{"taxonomy":"product_cat","embeddable":true,"href":"https:\/\/mtfactor.ee\/en\/index.php?rest_route=%2Fwp%2Fv2%2Fproduct_cat&post=17444"},{"taxonomy":"product_tag","embeddable":true,"href":"https:\/\/mtfactor.ee\/en\/index.php?rest_route=%2Fwp%2Fv2%2Fproduct_tag&post=17444"}],"curies":[{"name":"wp","href":"https:\/\/api.w.org\/{rel}","templated":true}]}}