{"id":17322,"date":"2025-10-09T09:04:56","date_gmt":"2025-10-09T06:04:56","guid":{"rendered":"https:\/\/mtfactor.ee\/?post_type=product&#038;p=17322"},"modified":"2025-10-09T09:09:13","modified_gmt":"2025-10-09T06:09:13","slug":"turvakingad-positano-s1p-sr","status":"publish","type":"product","link":"https:\/\/mtfactor.ee\/en?product=turvakingad-positano-s1p-sr","title":{"rendered":"TURVAKINGAD- POSITANO S1P SR"},"content":{"rendered":"<p data-start=\"63\" data-end=\"157\"><strong data-start=\"63\" data-end=\"157\">Kerge ja hingav madala l\u00f5ikega jalan\u00f5u optimaalse toestusega t\u00e4nu rotor-kinnituss\u00fcsteemile<\/strong><\/p>\n<p data-start=\"159\" data-end=\"295\">See jalan\u00f5u pakub mugavust ja tuge kogu p\u00e4evaks, kusjuures innovaatiline rotor-kinnituss\u00fcsteem v\u00f5imaldab t\u00e4pset ja kiiret reguleerimist.<\/p>\n<p data-start=\"76\" data-end=\"103\"><strong data-start=\"76\" data-end=\"103\">Materjalid ja omadused:<\/strong><\/p>\n<ul data-start=\"105\" data-end=\"472\">\n<li data-start=\"105\" data-end=\"148\">\n<p data-start=\"107\" data-end=\"148\"><strong data-start=\"107\" data-end=\"118\">Pealne:<\/strong> Tekstiil (pol\u00fcester) ja TPU<\/p>\n<\/li>\n<li data-start=\"149\" data-end=\"179\">\n<p data-start=\"151\" data-end=\"179\"><strong data-start=\"151\" data-end=\"162\">Vooder:<\/strong> 3D-v\u00f5rk (mesh)<\/p>\n<\/li>\n<li data-start=\"180\" data-end=\"212\">\n<p data-start=\"182\" data-end=\"212\"><strong data-start=\"182\" data-end=\"195\">Sisetald:<\/strong> Pol\u00fcester + PU<\/p>\n<\/li>\n<li data-start=\"213\" data-end=\"254\">\n<p data-start=\"215\" data-end=\"254\"><strong data-start=\"215\" data-end=\"229\">V\u00e4listald:<\/strong> 2-kihiline s\u00fcstitud PU<\/p>\n<\/li>\n<li data-start=\"255\" data-end=\"278\">\n<p data-start=\"257\" data-end=\"278\"><strong data-start=\"257\" data-end=\"272\">Tugevdused:<\/strong> TPU<\/p>\n<\/li>\n<li data-start=\"279\" data-end=\"330\">\n<p data-start=\"281\" data-end=\"330\"><strong data-start=\"281\" data-end=\"306\">Torkekindel vahetald:<\/strong> Roostevabast terasest<\/p>\n<\/li>\n<li data-start=\"331\" data-end=\"385\">\n<p data-start=\"333\" data-end=\"385\"><strong data-start=\"333\" data-end=\"361\">Varbakaitse (turvakapp):<\/strong> Roostevabast terasest<\/p>\n<\/li>\n<li data-start=\"386\" data-end=\"434\">\n<p data-start=\"388\" data-end=\"434\"><strong data-start=\"388\" data-end=\"405\">Kinnis\u00fcsteem:<\/strong> Rotor-kinnitus (p\u00f6\u00f6rdnupp)<\/p>\n<\/li>\n<li data-start=\"435\" data-end=\"472\">\n<p data-start=\"437\" data-end=\"472\"><strong data-start=\"437\" data-end=\"446\">Kaal:<\/strong> 450 g \u00fche jalan\u00f5u kohta<\/p>\n<\/li>\n<\/ul>\n","protected":false},"excerpt":{"rendered":"<p>Kerge ja hingav madala l\u00f5ikega jalan\u00f5u optimaalse toestusega t\u00e4nu rotor-kinnituss\u00fcsteemile See jalan\u00f5u pakub mugavust ja tuge kogu p\u00e4evaks, kusjuures innovaatiline<\/p>\n","protected":false},"featured_media":17337,"comment_status":"closed","ping_status":"closed","template":"","meta":[],"product_brand":[],"product_cat":[396,399],"product_tag":[],"class_list":{"0":"post-17322","1":"product","2":"type-product","3":"status-publish","4":"has-post-thumbnail","6":"product_cat-toojalanoud-2","7":"product_cat-turvakingad-2","9":"first","10":"instock","11":"taxable","12":"shipping-taxable","13":"purchasable","14":"product-type-variable"},"yoast_head":"<!-- This site is optimized with the Yoast SEO plugin v27.5 - https:\/\/yoast.com\/product\/yoast-seo-wordpress\/ -->\n<title>T\u00f6\u00f6riided, turvajalan\u00f5ud ja t\u00f6\u00f6riistad - MTfactor<\/title>\n<meta name=\"description\" content=\"Vastupidavad t\u00f6\u00f6riided ja turvajalan\u00f5ud igaks olukorraks. MTfactor pakub laias valikus isikukaitsevahendeid ning profit\u00f6\u00f6riistu (Makita, Bosch). Telli kohe!\" \/>\n<meta name=\"robots\" content=\"index, follow, max-snippet:-1, max-image-preview:large, max-video-preview:-1\" \/>\n<link rel=\"canonical\" href=\"https:\/\/mtfactor.ee\/en?product=turvakingad-positano-s1p-sr\" \/>\n<meta property=\"og:locale\" content=\"en_US\" \/>\n<meta property=\"og:type\" content=\"article\" \/>\n<meta property=\"og:title\" content=\"T\u00f6\u00f6riided, turvajalan\u00f5ud ja t\u00f6\u00f6riistad - MTfactor\" \/>\n<meta property=\"og:description\" content=\"Vastupidavad t\u00f6\u00f6riided ja turvajalan\u00f5ud igaks olukorraks. MTfactor pakub laias valikus isikukaitsevahendeid ning profit\u00f6\u00f6riistu (Makita, Bosch). Telli kohe!\" \/>\n<meta property=\"og:url\" content=\"https:\/\/mtfactor.ee\/en?product=turvakingad-positano-s1p-sr\" \/>\n<meta property=\"og:site_name\" content=\"MTfactor\" \/>\n<meta property=\"article:modified_time\" content=\"2025-10-09T06:09:13+00:00\" \/>\n<meta property=\"og:image\" content=\"https:\/\/mtfactor.ee\/wp-content\/uploads\/2025\/10\/POSITANO-BM-eps.png\" \/>\n\t<meta property=\"og:image:width\" content=\"1600\" \/>\n\t<meta property=\"og:image:height\" content=\"851\" \/>\n\t<meta property=\"og:image:type\" content=\"image\/png\" \/>\n<meta name=\"twitter:card\" content=\"summary_large_image\" \/>\n<meta name=\"twitter:label1\" content=\"Est. reading time\" \/>\n\t<meta name=\"twitter:data1\" content=\"1 minute\" \/>\n<script type=\"application\/ld+json\" class=\"yoast-schema-graph\">{\"@context\":\"https:\\\/\\\/schema.org\",\"@graph\":[{\"@type\":[\"WebPage\",\"ItemPage\"],\"@id\":\"https:\\\/\\\/mtfactor.ee\\\/en?product=turvakingad-positano-s1p-sr\",\"url\":\"https:\\\/\\\/mtfactor.ee\\\/en?product=turvakingad-positano-s1p-sr\",\"name\":\"T\u00f6\u00f6riided, turvajalan\u00f5ud ja t\u00f6\u00f6riistad - MTfactor\",\"isPartOf\":{\"@id\":\"https:\\\/\\\/mtfactor.ee\\\/en#website\"},\"primaryImageOfPage\":{\"@id\":\"https:\\\/\\\/mtfactor.ee\\\/en?product=turvakingad-positano-s1p-sr#primaryimage\"},\"image\":{\"@id\":\"https:\\\/\\\/mtfactor.ee\\\/en?product=turvakingad-positano-s1p-sr#primaryimage\"},\"thumbnailUrl\":\"https:\\\/\\\/i0.wp.com\\\/mtfactor.ee\\\/wp-content\\\/uploads\\\/2025\\\/10\\\/POSITANO-BM-eps.png?fit=1600%2C851&ssl=1\",\"datePublished\":\"2025-10-09T06:04:56+00:00\",\"dateModified\":\"2025-10-09T06:09:13+00:00\",\"description\":\"Vastupidavad t\u00f6\u00f6riided ja turvajalan\u00f5ud igaks olukorraks. MTfactor pakub laias valikus isikukaitsevahendeid ning profit\u00f6\u00f6riistu (Makita, Bosch). Telli kohe!\",\"breadcrumb\":{\"@id\":\"https:\\\/\\\/mtfactor.ee\\\/en?product=turvakingad-positano-s1p-sr#breadcrumb\"},\"inLanguage\":\"en-US\",\"potentialAction\":[{\"@type\":\"ReadAction\",\"target\":[\"https:\\\/\\\/mtfactor.ee\\\/en?product=turvakingad-positano-s1p-sr\"]}]},{\"@type\":\"ImageObject\",\"inLanguage\":\"en-US\",\"@id\":\"https:\\\/\\\/mtfactor.ee\\\/en?product=turvakingad-positano-s1p-sr#primaryimage\",\"url\":\"https:\\\/\\\/i0.wp.com\\\/mtfactor.ee\\\/wp-content\\\/uploads\\\/2025\\\/10\\\/POSITANO-BM-eps.png?fit=1600%2C851&ssl=1\",\"contentUrl\":\"https:\\\/\\\/i0.wp.com\\\/mtfactor.ee\\\/wp-content\\\/uploads\\\/2025\\\/10\\\/POSITANO-BM-eps.png?fit=1600%2C851&ssl=1\",\"width\":1600,\"height\":851},{\"@type\":\"BreadcrumbList\",\"@id\":\"https:\\\/\\\/mtfactor.ee\\\/en?product=turvakingad-positano-s1p-sr#breadcrumb\",\"itemListElement\":[{\"@type\":\"ListItem\",\"position\":1,\"name\":\"Home\",\"item\":\"https:\\\/\\\/mtfactor.ee\\\/en\"},{\"@type\":\"ListItem\",\"position\":2,\"name\":\"Tooted\",\"item\":\"https:\\\/\\\/mtfactor.ee\\\/en?page_id=5\"},{\"@type\":\"ListItem\",\"position\":3,\"name\":\"TURVAKINGAD- POSITANO S1P SR\"}]},{\"@type\":\"WebSite\",\"@id\":\"https:\\\/\\\/mtfactor.ee\\\/en#website\",\"url\":\"https:\\\/\\\/mtfactor.ee\\\/en\",\"name\":\"MTFactor\",\"description\":\"T\u00f6\u00f6riided, T\u00f6\u00f6jalatsid, T\u00f6\u00f6kindad, Kaitsevahendid\",\"publisher\":{\"@id\":\"https:\\\/\\\/mtfactor.ee\\\/en#organization\"},\"potentialAction\":[{\"@type\":\"SearchAction\",\"target\":{\"@type\":\"EntryPoint\",\"urlTemplate\":\"https:\\\/\\\/mtfactor.ee\\\/en?s={search_term_string}\"},\"query-input\":{\"@type\":\"PropertyValueSpecification\",\"valueRequired\":true,\"valueName\":\"search_term_string\"}}],\"inLanguage\":\"en-US\"},{\"@type\":\"Organization\",\"@id\":\"https:\\\/\\\/mtfactor.ee\\\/en#organization\",\"name\":\"MTFactor\",\"url\":\"https:\\\/\\\/mtfactor.ee\\\/en\",\"logo\":{\"@type\":\"ImageObject\",\"inLanguage\":\"en-US\",\"@id\":\"https:\\\/\\\/mtfactor.ee\\\/en#\\\/schema\\\/logo\\\/image\\\/\",\"url\":\"https:\\\/\\\/mtfactor.ee\\\/wp-content\\\/uploads\\\/2022\\\/10\\\/logo-mtfactor.jpg\",\"contentUrl\":\"https:\\\/\\\/mtfactor.ee\\\/wp-content\\\/uploads\\\/2022\\\/10\\\/logo-mtfactor.jpg\",\"width\":1080,\"height\":1080,\"caption\":\"MTFactor\"},\"image\":{\"@id\":\"https:\\\/\\\/mtfactor.ee\\\/en#\\\/schema\\\/logo\\\/image\\\/\"}}]}<\/script>\n<!-- \/ Yoast SEO plugin. -->","yoast_head_json":{"title":"T\u00f6\u00f6riided, turvajalan\u00f5ud ja t\u00f6\u00f6riistad - MTfactor","description":"Vastupidavad t\u00f6\u00f6riided ja turvajalan\u00f5ud igaks olukorraks. MTfactor pakub laias valikus isikukaitsevahendeid ning profit\u00f6\u00f6riistu (Makita, Bosch). Telli kohe!","robots":{"index":"index","follow":"follow","max-snippet":"max-snippet:-1","max-image-preview":"max-image-preview:large","max-video-preview":"max-video-preview:-1"},"canonical":"https:\/\/mtfactor.ee\/en?product=turvakingad-positano-s1p-sr","og_locale":"en_US","og_type":"article","og_title":"T\u00f6\u00f6riided, turvajalan\u00f5ud ja t\u00f6\u00f6riistad - MTfactor","og_description":"Vastupidavad t\u00f6\u00f6riided ja turvajalan\u00f5ud igaks olukorraks. MTfactor pakub laias valikus isikukaitsevahendeid ning profit\u00f6\u00f6riistu (Makita, Bosch). Telli kohe!","og_url":"https:\/\/mtfactor.ee\/en?product=turvakingad-positano-s1p-sr","og_site_name":"MTfactor","article_modified_time":"2025-10-09T06:09:13+00:00","og_image":[{"width":1600,"height":851,"url":"https:\/\/mtfactor.ee\/wp-content\/uploads\/2025\/10\/POSITANO-BM-eps.png","type":"image\/png"}],"twitter_card":"summary_large_image","twitter_misc":{"Est. reading time":"1 minute"},"schema":{"@context":"https:\/\/schema.org","@graph":[{"@type":["WebPage","ItemPage"],"@id":"https:\/\/mtfactor.ee\/en?product=turvakingad-positano-s1p-sr","url":"https:\/\/mtfactor.ee\/en?product=turvakingad-positano-s1p-sr","name":"T\u00f6\u00f6riided, turvajalan\u00f5ud ja t\u00f6\u00f6riistad - MTfactor","isPartOf":{"@id":"https:\/\/mtfactor.ee\/en#website"},"primaryImageOfPage":{"@id":"https:\/\/mtfactor.ee\/en?product=turvakingad-positano-s1p-sr#primaryimage"},"image":{"@id":"https:\/\/mtfactor.ee\/en?product=turvakingad-positano-s1p-sr#primaryimage"},"thumbnailUrl":"https:\/\/i0.wp.com\/mtfactor.ee\/wp-content\/uploads\/2025\/10\/POSITANO-BM-eps.png?fit=1600%2C851&ssl=1","datePublished":"2025-10-09T06:04:56+00:00","dateModified":"2025-10-09T06:09:13+00:00","description":"Vastupidavad t\u00f6\u00f6riided ja turvajalan\u00f5ud igaks olukorraks. MTfactor pakub laias valikus isikukaitsevahendeid ning profit\u00f6\u00f6riistu (Makita, Bosch). Telli kohe!","breadcrumb":{"@id":"https:\/\/mtfactor.ee\/en?product=turvakingad-positano-s1p-sr#breadcrumb"},"inLanguage":"en-US","potentialAction":[{"@type":"ReadAction","target":["https:\/\/mtfactor.ee\/en?product=turvakingad-positano-s1p-sr"]}]},{"@type":"ImageObject","inLanguage":"en-US","@id":"https:\/\/mtfactor.ee\/en?product=turvakingad-positano-s1p-sr#primaryimage","url":"https:\/\/i0.wp.com\/mtfactor.ee\/wp-content\/uploads\/2025\/10\/POSITANO-BM-eps.png?fit=1600%2C851&ssl=1","contentUrl":"https:\/\/i0.wp.com\/mtfactor.ee\/wp-content\/uploads\/2025\/10\/POSITANO-BM-eps.png?fit=1600%2C851&ssl=1","width":1600,"height":851},{"@type":"BreadcrumbList","@id":"https:\/\/mtfactor.ee\/en?product=turvakingad-positano-s1p-sr#breadcrumb","itemListElement":[{"@type":"ListItem","position":1,"name":"Home","item":"https:\/\/mtfactor.ee\/en"},{"@type":"ListItem","position":2,"name":"Tooted","item":"https:\/\/mtfactor.ee\/en?page_id=5"},{"@type":"ListItem","position":3,"name":"TURVAKINGAD- POSITANO S1P SR"}]},{"@type":"WebSite","@id":"https:\/\/mtfactor.ee\/en#website","url":"https:\/\/mtfactor.ee\/en","name":"MTFactor","description":"T\u00f6\u00f6riided, T\u00f6\u00f6jalatsid, T\u00f6\u00f6kindad, Kaitsevahendid","publisher":{"@id":"https:\/\/mtfactor.ee\/en#organization"},"potentialAction":[{"@type":"SearchAction","target":{"@type":"EntryPoint","urlTemplate":"https:\/\/mtfactor.ee\/en?s={search_term_string}"},"query-input":{"@type":"PropertyValueSpecification","valueRequired":true,"valueName":"search_term_string"}}],"inLanguage":"en-US"},{"@type":"Organization","@id":"https:\/\/mtfactor.ee\/en#organization","name":"MTFactor","url":"https:\/\/mtfactor.ee\/en","logo":{"@type":"ImageObject","inLanguage":"en-US","@id":"https:\/\/mtfactor.ee\/en#\/schema\/logo\/image\/","url":"https:\/\/mtfactor.ee\/wp-content\/uploads\/2022\/10\/logo-mtfactor.jpg","contentUrl":"https:\/\/mtfactor.ee\/wp-content\/uploads\/2022\/10\/logo-mtfactor.jpg","width":1080,"height":1080,"caption":"MTFactor"},"image":{"@id":"https:\/\/mtfactor.ee\/en#\/schema\/logo\/image\/"}}]}},"jetpack-related-posts":[],"jetpack_sharing_enabled":true,"_links":{"self":[{"href":"https:\/\/mtfactor.ee\/en\/index.php?rest_route=\/wp\/v2\/product\/17322","targetHints":{"allow":["GET"]}}],"collection":[{"href":"https:\/\/mtfactor.ee\/en\/index.php?rest_route=\/wp\/v2\/product"}],"about":[{"href":"https:\/\/mtfactor.ee\/en\/index.php?rest_route=\/wp\/v2\/types\/product"}],"replies":[{"embeddable":true,"href":"https:\/\/mtfactor.ee\/en\/index.php?rest_route=%2Fwp%2Fv2%2Fcomments&post=17322"}],"wp:featuredmedia":[{"embeddable":true,"href":"https:\/\/mtfactor.ee\/en\/index.php?rest_route=\/wp\/v2\/media\/17337"}],"wp:attachment":[{"href":"https:\/\/mtfactor.ee\/en\/index.php?rest_route=%2Fwp%2Fv2%2Fmedia&parent=17322"}],"wp:term":[{"taxonomy":"product_brand","embeddable":true,"href":"https:\/\/mtfactor.ee\/en\/index.php?rest_route=%2Fwp%2Fv2%2Fproduct_brand&post=17322"},{"taxonomy":"product_cat","embeddable":true,"href":"https:\/\/mtfactor.ee\/en\/index.php?rest_route=%2Fwp%2Fv2%2Fproduct_cat&post=17322"},{"taxonomy":"product_tag","embeddable":true,"href":"https:\/\/mtfactor.ee\/en\/index.php?rest_route=%2Fwp%2Fv2%2Fproduct_tag&post=17322"}],"curies":[{"name":"wp","href":"https:\/\/api.w.org\/{rel}","templated":true}]}}