{"id":16780,"date":"2025-10-06T09:43:07","date_gmt":"2025-10-06T06:43:07","guid":{"rendered":"https:\/\/mtfactor.ee\/?post_type=product&#038;p=16780"},"modified":"2025-10-06T09:43:08","modified_gmt":"2025-10-06T06:43:08","slug":"kummikud-aerobuild-s5-ci-fo-sr","status":"publish","type":"product","link":"https:\/\/mtfactor.ee\/en?product=kummikud-aerobuild-s5-ci-fo-sr","title":{"rendered":"KUMMIKUD &#8211; AEROBUILD S5 CI FO SR"},"content":{"rendered":"<p id=\"tw-target-text\" class=\"tw-data-text tw-text-large tw-ta\" dir=\"ltr\" tabindex=\"-1\" role=\"text\" data-placeholder=\"T\u00f5lge\" data-ved=\"2ahUKEwikwJ7x-4SQAxVKA9sEHQjLJq0Q3ewLegQIBxAW\" aria-label=\"T\u00f5lgitud tekst: Vastupidav, kerge ja ergonoomiline turvasaabas, mille disain on spetsiaalselt kohandatud ehitust\u00f6\u00f6stusele.\"><span class=\"Y2IQFc\" lang=\"et\">Vastupidav, kerge ja ergonoomiline turvasaabas, mille disain on spetsiaalselt kohandatud ehitust\u00f6\u00f6stusele.<\/span><\/p>\n","protected":false},"excerpt":{"rendered":"<p>V\u00e4listald: Pihustusmeetodil valmistatud<\/p>\n<p>Sisuosa omadused: Ergonoomiline &#8211; Hingav<\/p>\n<p>Perforatsioonivastane siset\u00fckk: Roostevaba teras<\/p>\n<p>Turvakaitse: Roostevaba teras<\/p>\n<p>S\u00e4\u00e4re \u00fcmberm\u00f5\u00f5t (cm): 46<\/p>\n<p>Kaal (g kinga kohta): 904<\/p>\n<p><strong>Materjal<\/strong><\/p>\n<p>Voodri materjal: Pol\u00fcester<\/p>\n<p>Sisuosa materjal: PU &#8211; Tekstiil<\/p>\n<p>V\u00e4listald: PU<\/p>\n<p>Pealse k\u00f5rgus suurusel 9 (cm): 37,5<\/p>\n","protected":false},"featured_media":16783,"comment_status":"closed","ping_status":"closed","template":"","meta":[],"product_brand":[],"product_cat":[396],"product_tag":[],"class_list":{"0":"post-16780","1":"product","2":"type-product","3":"status-publish","4":"has-post-thumbnail","6":"product_cat-toojalanoud-2","8":"first","9":"instock","10":"taxable","11":"shipping-taxable","12":"purchasable","13":"product-type-variable"},"yoast_head":"<!-- This site is optimized with the Yoast SEO plugin v27.5 - https:\/\/yoast.com\/product\/yoast-seo-wordpress\/ -->\n<title>T\u00f6\u00f6riided, turvajalan\u00f5ud ja t\u00f6\u00f6riistad - MTfactor<\/title>\n<meta name=\"description\" content=\"Vastupidavad t\u00f6\u00f6riided ja turvajalan\u00f5ud igaks olukorraks. MTfactor pakub laias valikus isikukaitsevahendeid ning profit\u00f6\u00f6riistu (Makita, Bosch). Telli kohe!\" \/>\n<meta name=\"robots\" content=\"index, follow, max-snippet:-1, max-image-preview:large, max-video-preview:-1\" \/>\n<link rel=\"canonical\" href=\"https:\/\/mtfactor.ee\/en?product=kummikud-aerobuild-s5-ci-fo-sr\" \/>\n<meta property=\"og:locale\" content=\"en_US\" \/>\n<meta property=\"og:type\" content=\"article\" \/>\n<meta property=\"og:title\" content=\"T\u00f6\u00f6riided, turvajalan\u00f5ud ja t\u00f6\u00f6riistad - MTfactor\" \/>\n<meta property=\"og:description\" content=\"Vastupidavad t\u00f6\u00f6riided ja turvajalan\u00f5ud igaks olukorraks. MTfactor pakub laias valikus isikukaitsevahendeid ning profit\u00f6\u00f6riistu (Makita, Bosch). Telli kohe!\" \/>\n<meta property=\"og:url\" content=\"https:\/\/mtfactor.ee\/en?product=kummikud-aerobuild-s5-ci-fo-sr\" \/>\n<meta property=\"og:site_name\" content=\"MTfactor\" \/>\n<meta property=\"article:modified_time\" content=\"2025-10-06T06:43:08+00:00\" \/>\n<meta property=\"og:image\" content=\"https:\/\/mtfactor.ee\/wp-content\/uploads\/2025\/10\/AEROBUILDS5-KA-eps.png\" \/>\n\t<meta property=\"og:image:width\" content=\"1528\" \/>\n\t<meta property=\"og:image:height\" content=\"1600\" \/>\n\t<meta property=\"og:image:type\" content=\"image\/png\" \/>\n<meta name=\"twitter:card\" content=\"summary_large_image\" \/>\n<meta name=\"twitter:label1\" content=\"Est. reading time\" \/>\n\t<meta name=\"twitter:data1\" content=\"1 minute\" \/>\n<script type=\"application\/ld+json\" class=\"yoast-schema-graph\">{\"@context\":\"https:\\\/\\\/schema.org\",\"@graph\":[{\"@type\":[\"WebPage\",\"ItemPage\"],\"@id\":\"https:\\\/\\\/mtfactor.ee\\\/en?product=kummikud-aerobuild-s5-ci-fo-sr\",\"url\":\"https:\\\/\\\/mtfactor.ee\\\/en?product=kummikud-aerobuild-s5-ci-fo-sr\",\"name\":\"T\u00f6\u00f6riided, turvajalan\u00f5ud ja t\u00f6\u00f6riistad - MTfactor\",\"isPartOf\":{\"@id\":\"https:\\\/\\\/mtfactor.ee\\\/en#website\"},\"primaryImageOfPage\":{\"@id\":\"https:\\\/\\\/mtfactor.ee\\\/en?product=kummikud-aerobuild-s5-ci-fo-sr#primaryimage\"},\"image\":{\"@id\":\"https:\\\/\\\/mtfactor.ee\\\/en?product=kummikud-aerobuild-s5-ci-fo-sr#primaryimage\"},\"thumbnailUrl\":\"https:\\\/\\\/i0.wp.com\\\/mtfactor.ee\\\/wp-content\\\/uploads\\\/2025\\\/10\\\/AEROBUILDS5-KA-eps.png?fit=1528%2C1600&ssl=1\",\"datePublished\":\"2025-10-06T06:43:07+00:00\",\"dateModified\":\"2025-10-06T06:43:08+00:00\",\"description\":\"Vastupidavad t\u00f6\u00f6riided ja turvajalan\u00f5ud igaks olukorraks. MTfactor pakub laias valikus isikukaitsevahendeid ning profit\u00f6\u00f6riistu (Makita, Bosch). Telli kohe!\",\"breadcrumb\":{\"@id\":\"https:\\\/\\\/mtfactor.ee\\\/en?product=kummikud-aerobuild-s5-ci-fo-sr#breadcrumb\"},\"inLanguage\":\"en-US\",\"potentialAction\":[{\"@type\":\"ReadAction\",\"target\":[\"https:\\\/\\\/mtfactor.ee\\\/en?product=kummikud-aerobuild-s5-ci-fo-sr\"]}]},{\"@type\":\"ImageObject\",\"inLanguage\":\"en-US\",\"@id\":\"https:\\\/\\\/mtfactor.ee\\\/en?product=kummikud-aerobuild-s5-ci-fo-sr#primaryimage\",\"url\":\"https:\\\/\\\/i0.wp.com\\\/mtfactor.ee\\\/wp-content\\\/uploads\\\/2025\\\/10\\\/AEROBUILDS5-KA-eps.png?fit=1528%2C1600&ssl=1\",\"contentUrl\":\"https:\\\/\\\/i0.wp.com\\\/mtfactor.ee\\\/wp-content\\\/uploads\\\/2025\\\/10\\\/AEROBUILDS5-KA-eps.png?fit=1528%2C1600&ssl=1\",\"width\":1528,\"height\":1600},{\"@type\":\"BreadcrumbList\",\"@id\":\"https:\\\/\\\/mtfactor.ee\\\/en?product=kummikud-aerobuild-s5-ci-fo-sr#breadcrumb\",\"itemListElement\":[{\"@type\":\"ListItem\",\"position\":1,\"name\":\"Home\",\"item\":\"https:\\\/\\\/mtfactor.ee\\\/en\"},{\"@type\":\"ListItem\",\"position\":2,\"name\":\"Tooted\",\"item\":\"https:\\\/\\\/mtfactor.ee\\\/en?page_id=5\"},{\"@type\":\"ListItem\",\"position\":3,\"name\":\"KUMMIKUD &#8211; AEROBUILD S5 CI FO SR\"}]},{\"@type\":\"WebSite\",\"@id\":\"https:\\\/\\\/mtfactor.ee\\\/en#website\",\"url\":\"https:\\\/\\\/mtfactor.ee\\\/en\",\"name\":\"MTFactor\",\"description\":\"T\u00f6\u00f6riided, T\u00f6\u00f6jalatsid, T\u00f6\u00f6kindad, Kaitsevahendid\",\"publisher\":{\"@id\":\"https:\\\/\\\/mtfactor.ee\\\/en#organization\"},\"potentialAction\":[{\"@type\":\"SearchAction\",\"target\":{\"@type\":\"EntryPoint\",\"urlTemplate\":\"https:\\\/\\\/mtfactor.ee\\\/en?s={search_term_string}\"},\"query-input\":{\"@type\":\"PropertyValueSpecification\",\"valueRequired\":true,\"valueName\":\"search_term_string\"}}],\"inLanguage\":\"en-US\"},{\"@type\":\"Organization\",\"@id\":\"https:\\\/\\\/mtfactor.ee\\\/en#organization\",\"name\":\"MTFactor\",\"url\":\"https:\\\/\\\/mtfactor.ee\\\/en\",\"logo\":{\"@type\":\"ImageObject\",\"inLanguage\":\"en-US\",\"@id\":\"https:\\\/\\\/mtfactor.ee\\\/en#\\\/schema\\\/logo\\\/image\\\/\",\"url\":\"https:\\\/\\\/mtfactor.ee\\\/wp-content\\\/uploads\\\/2022\\\/10\\\/logo-mtfactor.jpg\",\"contentUrl\":\"https:\\\/\\\/mtfactor.ee\\\/wp-content\\\/uploads\\\/2022\\\/10\\\/logo-mtfactor.jpg\",\"width\":1080,\"height\":1080,\"caption\":\"MTFactor\"},\"image\":{\"@id\":\"https:\\\/\\\/mtfactor.ee\\\/en#\\\/schema\\\/logo\\\/image\\\/\"}}]}<\/script>\n<!-- \/ Yoast SEO plugin. -->","yoast_head_json":{"title":"T\u00f6\u00f6riided, turvajalan\u00f5ud ja t\u00f6\u00f6riistad - MTfactor","description":"Vastupidavad t\u00f6\u00f6riided ja turvajalan\u00f5ud igaks olukorraks. MTfactor pakub laias valikus isikukaitsevahendeid ning profit\u00f6\u00f6riistu (Makita, Bosch). Telli kohe!","robots":{"index":"index","follow":"follow","max-snippet":"max-snippet:-1","max-image-preview":"max-image-preview:large","max-video-preview":"max-video-preview:-1"},"canonical":"https:\/\/mtfactor.ee\/en?product=kummikud-aerobuild-s5-ci-fo-sr","og_locale":"en_US","og_type":"article","og_title":"T\u00f6\u00f6riided, turvajalan\u00f5ud ja t\u00f6\u00f6riistad - MTfactor","og_description":"Vastupidavad t\u00f6\u00f6riided ja turvajalan\u00f5ud igaks olukorraks. MTfactor pakub laias valikus isikukaitsevahendeid ning profit\u00f6\u00f6riistu (Makita, Bosch). Telli kohe!","og_url":"https:\/\/mtfactor.ee\/en?product=kummikud-aerobuild-s5-ci-fo-sr","og_site_name":"MTfactor","article_modified_time":"2025-10-06T06:43:08+00:00","og_image":[{"width":1528,"height":1600,"url":"https:\/\/mtfactor.ee\/wp-content\/uploads\/2025\/10\/AEROBUILDS5-KA-eps.png","type":"image\/png"}],"twitter_card":"summary_large_image","twitter_misc":{"Est. reading time":"1 minute"},"schema":{"@context":"https:\/\/schema.org","@graph":[{"@type":["WebPage","ItemPage"],"@id":"https:\/\/mtfactor.ee\/en?product=kummikud-aerobuild-s5-ci-fo-sr","url":"https:\/\/mtfactor.ee\/en?product=kummikud-aerobuild-s5-ci-fo-sr","name":"T\u00f6\u00f6riided, turvajalan\u00f5ud ja t\u00f6\u00f6riistad - MTfactor","isPartOf":{"@id":"https:\/\/mtfactor.ee\/en#website"},"primaryImageOfPage":{"@id":"https:\/\/mtfactor.ee\/en?product=kummikud-aerobuild-s5-ci-fo-sr#primaryimage"},"image":{"@id":"https:\/\/mtfactor.ee\/en?product=kummikud-aerobuild-s5-ci-fo-sr#primaryimage"},"thumbnailUrl":"https:\/\/i0.wp.com\/mtfactor.ee\/wp-content\/uploads\/2025\/10\/AEROBUILDS5-KA-eps.png?fit=1528%2C1600&ssl=1","datePublished":"2025-10-06T06:43:07+00:00","dateModified":"2025-10-06T06:43:08+00:00","description":"Vastupidavad t\u00f6\u00f6riided ja turvajalan\u00f5ud igaks olukorraks. MTfactor pakub laias valikus isikukaitsevahendeid ning profit\u00f6\u00f6riistu (Makita, Bosch). Telli kohe!","breadcrumb":{"@id":"https:\/\/mtfactor.ee\/en?product=kummikud-aerobuild-s5-ci-fo-sr#breadcrumb"},"inLanguage":"en-US","potentialAction":[{"@type":"ReadAction","target":["https:\/\/mtfactor.ee\/en?product=kummikud-aerobuild-s5-ci-fo-sr"]}]},{"@type":"ImageObject","inLanguage":"en-US","@id":"https:\/\/mtfactor.ee\/en?product=kummikud-aerobuild-s5-ci-fo-sr#primaryimage","url":"https:\/\/i0.wp.com\/mtfactor.ee\/wp-content\/uploads\/2025\/10\/AEROBUILDS5-KA-eps.png?fit=1528%2C1600&ssl=1","contentUrl":"https:\/\/i0.wp.com\/mtfactor.ee\/wp-content\/uploads\/2025\/10\/AEROBUILDS5-KA-eps.png?fit=1528%2C1600&ssl=1","width":1528,"height":1600},{"@type":"BreadcrumbList","@id":"https:\/\/mtfactor.ee\/en?product=kummikud-aerobuild-s5-ci-fo-sr#breadcrumb","itemListElement":[{"@type":"ListItem","position":1,"name":"Home","item":"https:\/\/mtfactor.ee\/en"},{"@type":"ListItem","position":2,"name":"Tooted","item":"https:\/\/mtfactor.ee\/en?page_id=5"},{"@type":"ListItem","position":3,"name":"KUMMIKUD &#8211; AEROBUILD S5 CI FO SR"}]},{"@type":"WebSite","@id":"https:\/\/mtfactor.ee\/en#website","url":"https:\/\/mtfactor.ee\/en","name":"MTFactor","description":"T\u00f6\u00f6riided, T\u00f6\u00f6jalatsid, T\u00f6\u00f6kindad, Kaitsevahendid","publisher":{"@id":"https:\/\/mtfactor.ee\/en#organization"},"potentialAction":[{"@type":"SearchAction","target":{"@type":"EntryPoint","urlTemplate":"https:\/\/mtfactor.ee\/en?s={search_term_string}"},"query-input":{"@type":"PropertyValueSpecification","valueRequired":true,"valueName":"search_term_string"}}],"inLanguage":"en-US"},{"@type":"Organization","@id":"https:\/\/mtfactor.ee\/en#organization","name":"MTFactor","url":"https:\/\/mtfactor.ee\/en","logo":{"@type":"ImageObject","inLanguage":"en-US","@id":"https:\/\/mtfactor.ee\/en#\/schema\/logo\/image\/","url":"https:\/\/mtfactor.ee\/wp-content\/uploads\/2022\/10\/logo-mtfactor.jpg","contentUrl":"https:\/\/mtfactor.ee\/wp-content\/uploads\/2022\/10\/logo-mtfactor.jpg","width":1080,"height":1080,"caption":"MTFactor"},"image":{"@id":"https:\/\/mtfactor.ee\/en#\/schema\/logo\/image\/"}}]}},"jetpack-related-posts":[],"jetpack_sharing_enabled":true,"_links":{"self":[{"href":"https:\/\/mtfactor.ee\/en\/index.php?rest_route=\/wp\/v2\/product\/16780","targetHints":{"allow":["GET"]}}],"collection":[{"href":"https:\/\/mtfactor.ee\/en\/index.php?rest_route=\/wp\/v2\/product"}],"about":[{"href":"https:\/\/mtfactor.ee\/en\/index.php?rest_route=\/wp\/v2\/types\/product"}],"replies":[{"embeddable":true,"href":"https:\/\/mtfactor.ee\/en\/index.php?rest_route=%2Fwp%2Fv2%2Fcomments&post=16780"}],"wp:featuredmedia":[{"embeddable":true,"href":"https:\/\/mtfactor.ee\/en\/index.php?rest_route=\/wp\/v2\/media\/16783"}],"wp:attachment":[{"href":"https:\/\/mtfactor.ee\/en\/index.php?rest_route=%2Fwp%2Fv2%2Fmedia&parent=16780"}],"wp:term":[{"taxonomy":"product_brand","embeddable":true,"href":"https:\/\/mtfactor.ee\/en\/index.php?rest_route=%2Fwp%2Fv2%2Fproduct_brand&post=16780"},{"taxonomy":"product_cat","embeddable":true,"href":"https:\/\/mtfactor.ee\/en\/index.php?rest_route=%2Fwp%2Fv2%2Fproduct_cat&post=16780"},{"taxonomy":"product_tag","embeddable":true,"href":"https:\/\/mtfactor.ee\/en\/index.php?rest_route=%2Fwp%2Fv2%2Fproduct_tag&post=16780"}],"curies":[{"name":"wp","href":"https:\/\/api.w.org\/{rel}","templated":true}]}}