{"id":13630,"date":"2023-04-24T11:37:47","date_gmt":"2023-04-24T08:37:47","guid":{"rendered":"https:\/\/mtfactor.ee\/?post_type=product&#038;p=13630"},"modified":"2024-09-11T14:20:35","modified_gmt":"2024-09-11T11:20:35","slug":"makita-akuraadio-dmr108n","status":"publish","type":"product","link":"https:\/\/mtfactor.ee\/en?product=makita-akuraadio-dmr108n","title":{"rendered":"Makita Akuraadio DMR108N"},"content":{"rendered":"<p>Pinge: 10,8 \u2013 18 V<br \/>\nPinge: CXT\/LXT<br \/>\nSagedusvahemik AM: 522 \u2013 1710 kHz<br \/>\nSagedusvahemik FM: 87,5 \u2013 108 MHz<br \/>\nPidev kasutamine 18 V\/ 4 Ah aku: 22 h<br \/>\nPidev kasutamine 18 V\/5 Ah aku: 28 h<br \/>\nV\u00f5imsustarve: DC12V 1200mA (SE00000101)<br \/>\nRahvusvaheline kaitseklass (IP): 64<br \/>\nVarustatud Bluetoothiga.<br \/>\nT\u00f6\u00f6tab 10,8V \u2013 18V akudega v\u00f5i kaasasoleva v\u00f5rguadapteriga.<br \/>\nUSB-port mobiili laadimiseks<\/p>\n","protected":false},"excerpt":{"rendered":"<p>Pinge: 10,8 \u2013 18 V Pinge: CXT\/LXT Sagedusvahemik AM: 522 \u2013 1710 kHz Sagedusvahemik FM: 87,5 \u2013 108 MHz Pidev<\/p>\n","protected":false},"featured_media":13631,"comment_status":"closed","ping_status":"closed","template":"","meta":[],"product_brand":[],"product_cat":[266,256],"product_tag":[],"class_list":{"0":"post-13630","1":"product","2":"type-product","3":"status-publish","4":"has-post-thumbnail","6":"product_cat-akuga-eritooriistad","7":"product_cat-akutooriistad","9":"first","10":"instock","11":"taxable","12":"shipping-taxable","13":"purchasable","14":"product-type-simple"},"yoast_head":"<!-- This site is optimized with the Yoast SEO plugin v27.5 - https:\/\/yoast.com\/product\/yoast-seo-wordpress\/ -->\n<title>Makita Akuraadio DMR108N | MTfactor Makita Akuraadio DMR108N<\/title>\n<meta name=\"description\" content=\"Vastupidavad t\u00f6\u00f6riided ja turvajalan\u00f5ud igaks olukorraks. MTfactor pakub laias valikus isikukaitsevahendeid ning profit\u00f6\u00f6riistu (Makita, Bosch). Telli kohe!\" \/>\n<meta name=\"robots\" content=\"index, follow, max-snippet:-1, max-image-preview:large, max-video-preview:-1\" \/>\n<link rel=\"canonical\" href=\"https:\/\/mtfactor.ee\/en?product=makita-akuraadio-dmr108n\" \/>\n<meta property=\"og:locale\" content=\"en_US\" \/>\n<meta property=\"og:type\" content=\"article\" \/>\n<meta property=\"og:title\" content=\"Makita Akuraadio DMR108N | MTfactor Makita Akuraadio DMR108N\" \/>\n<meta property=\"og:description\" content=\"Vastupidavad t\u00f6\u00f6riided ja turvajalan\u00f5ud igaks olukorraks. MTfactor pakub laias valikus isikukaitsevahendeid ning profit\u00f6\u00f6riistu (Makita, Bosch). Telli kohe!\" \/>\n<meta property=\"og:url\" content=\"https:\/\/mtfactor.ee\/en?product=makita-akuraadio-dmr108n\" \/>\n<meta property=\"og:site_name\" content=\"MTfactor\" \/>\n<meta property=\"article:modified_time\" content=\"2024-09-11T11:20:35+00:00\" \/>\n<meta property=\"og:image\" content=\"https:\/\/mtfactor.ee\/wp-content\/uploads\/2023\/04\/DMR108N_C2L0.jpg\" \/>\n\t<meta property=\"og:image:width\" content=\"1920\" \/>\n\t<meta property=\"og:image:height\" content=\"1920\" \/>\n\t<meta property=\"og:image:type\" content=\"image\/jpeg\" \/>\n<meta name=\"twitter:card\" content=\"summary_large_image\" \/>\n<meta name=\"twitter:label1\" content=\"Est. reading time\" \/>\n\t<meta name=\"twitter:data1\" content=\"1 minute\" \/>\n<script type=\"application\/ld+json\" class=\"yoast-schema-graph\">{\"@context\":\"https:\\\/\\\/schema.org\",\"@graph\":[{\"@type\":[\"WebPage\",\"ItemPage\"],\"@id\":\"https:\\\/\\\/mtfactor.ee\\\/en?product=makita-akuraadio-dmr108n\",\"url\":\"https:\\\/\\\/mtfactor.ee\\\/en?product=makita-akuraadio-dmr108n\",\"name\":\"Makita Akuraadio DMR108N | MTfactor Makita Akuraadio DMR108N\",\"isPartOf\":{\"@id\":\"https:\\\/\\\/mtfactor.ee\\\/en#website\"},\"primaryImageOfPage\":{\"@id\":\"https:\\\/\\\/mtfactor.ee\\\/en?product=makita-akuraadio-dmr108n#primaryimage\"},\"image\":{\"@id\":\"https:\\\/\\\/mtfactor.ee\\\/en?product=makita-akuraadio-dmr108n#primaryimage\"},\"thumbnailUrl\":\"https:\\\/\\\/i0.wp.com\\\/mtfactor.ee\\\/wp-content\\\/uploads\\\/2023\\\/04\\\/DMR108N_C2L0.jpg?fit=1920%2C1920&ssl=1\",\"datePublished\":\"2023-04-24T08:37:47+00:00\",\"dateModified\":\"2024-09-11T11:20:35+00:00\",\"description\":\"Vastupidavad t\u00f6\u00f6riided ja turvajalan\u00f5ud igaks olukorraks. MTfactor pakub laias valikus isikukaitsevahendeid ning profit\u00f6\u00f6riistu (Makita, Bosch). Telli kohe!\",\"breadcrumb\":{\"@id\":\"https:\\\/\\\/mtfactor.ee\\\/en?product=makita-akuraadio-dmr108n#breadcrumb\"},\"inLanguage\":\"en-US\",\"potentialAction\":[{\"@type\":\"ReadAction\",\"target\":[\"https:\\\/\\\/mtfactor.ee\\\/en?product=makita-akuraadio-dmr108n\"]}]},{\"@type\":\"ImageObject\",\"inLanguage\":\"en-US\",\"@id\":\"https:\\\/\\\/mtfactor.ee\\\/en?product=makita-akuraadio-dmr108n#primaryimage\",\"url\":\"https:\\\/\\\/i0.wp.com\\\/mtfactor.ee\\\/wp-content\\\/uploads\\\/2023\\\/04\\\/DMR108N_C2L0.jpg?fit=1920%2C1920&ssl=1\",\"contentUrl\":\"https:\\\/\\\/i0.wp.com\\\/mtfactor.ee\\\/wp-content\\\/uploads\\\/2023\\\/04\\\/DMR108N_C2L0.jpg?fit=1920%2C1920&ssl=1\",\"width\":1920,\"height\":1920},{\"@type\":\"BreadcrumbList\",\"@id\":\"https:\\\/\\\/mtfactor.ee\\\/en?product=makita-akuraadio-dmr108n#breadcrumb\",\"itemListElement\":[{\"@type\":\"ListItem\",\"position\":1,\"name\":\"Home\",\"item\":\"https:\\\/\\\/mtfactor.ee\\\/en\"},{\"@type\":\"ListItem\",\"position\":2,\"name\":\"Tooted\",\"item\":\"https:\\\/\\\/mtfactor.ee\\\/en?page_id=5\"},{\"@type\":\"ListItem\",\"position\":3,\"name\":\"Makita Akuraadio DMR108N\"}]},{\"@type\":\"WebSite\",\"@id\":\"https:\\\/\\\/mtfactor.ee\\\/en#website\",\"url\":\"https:\\\/\\\/mtfactor.ee\\\/en\",\"name\":\"MTFactor\",\"description\":\"T\u00f6\u00f6riided, T\u00f6\u00f6jalatsid, T\u00f6\u00f6kindad, Kaitsevahendid\",\"publisher\":{\"@id\":\"https:\\\/\\\/mtfactor.ee\\\/en#organization\"},\"potentialAction\":[{\"@type\":\"SearchAction\",\"target\":{\"@type\":\"EntryPoint\",\"urlTemplate\":\"https:\\\/\\\/mtfactor.ee\\\/en?s={search_term_string}\"},\"query-input\":{\"@type\":\"PropertyValueSpecification\",\"valueRequired\":true,\"valueName\":\"search_term_string\"}}],\"inLanguage\":\"en-US\"},{\"@type\":\"Organization\",\"@id\":\"https:\\\/\\\/mtfactor.ee\\\/en#organization\",\"name\":\"MTFactor\",\"url\":\"https:\\\/\\\/mtfactor.ee\\\/en\",\"logo\":{\"@type\":\"ImageObject\",\"inLanguage\":\"en-US\",\"@id\":\"https:\\\/\\\/mtfactor.ee\\\/en#\\\/schema\\\/logo\\\/image\\\/\",\"url\":\"https:\\\/\\\/mtfactor.ee\\\/wp-content\\\/uploads\\\/2022\\\/10\\\/logo-mtfactor.jpg\",\"contentUrl\":\"https:\\\/\\\/mtfactor.ee\\\/wp-content\\\/uploads\\\/2022\\\/10\\\/logo-mtfactor.jpg\",\"width\":1080,\"height\":1080,\"caption\":\"MTFactor\"},\"image\":{\"@id\":\"https:\\\/\\\/mtfactor.ee\\\/en#\\\/schema\\\/logo\\\/image\\\/\"}}]}<\/script>\n<!-- \/ Yoast SEO plugin. -->","yoast_head_json":{"title":"Makita Akuraadio DMR108N | MTfactor Makita Akuraadio DMR108N","description":"Vastupidavad t\u00f6\u00f6riided ja turvajalan\u00f5ud igaks olukorraks. MTfactor pakub laias valikus isikukaitsevahendeid ning profit\u00f6\u00f6riistu (Makita, Bosch). Telli kohe!","robots":{"index":"index","follow":"follow","max-snippet":"max-snippet:-1","max-image-preview":"max-image-preview:large","max-video-preview":"max-video-preview:-1"},"canonical":"https:\/\/mtfactor.ee\/en?product=makita-akuraadio-dmr108n","og_locale":"en_US","og_type":"article","og_title":"Makita Akuraadio DMR108N | MTfactor Makita Akuraadio DMR108N","og_description":"Vastupidavad t\u00f6\u00f6riided ja turvajalan\u00f5ud igaks olukorraks. MTfactor pakub laias valikus isikukaitsevahendeid ning profit\u00f6\u00f6riistu (Makita, Bosch). Telli kohe!","og_url":"https:\/\/mtfactor.ee\/en?product=makita-akuraadio-dmr108n","og_site_name":"MTfactor","article_modified_time":"2024-09-11T11:20:35+00:00","og_image":[{"width":1920,"height":1920,"url":"https:\/\/mtfactor.ee\/wp-content\/uploads\/2023\/04\/DMR108N_C2L0.jpg","type":"image\/jpeg"}],"twitter_card":"summary_large_image","twitter_misc":{"Est. reading time":"1 minute"},"schema":{"@context":"https:\/\/schema.org","@graph":[{"@type":["WebPage","ItemPage"],"@id":"https:\/\/mtfactor.ee\/en?product=makita-akuraadio-dmr108n","url":"https:\/\/mtfactor.ee\/en?product=makita-akuraadio-dmr108n","name":"Makita Akuraadio DMR108N | MTfactor Makita Akuraadio DMR108N","isPartOf":{"@id":"https:\/\/mtfactor.ee\/en#website"},"primaryImageOfPage":{"@id":"https:\/\/mtfactor.ee\/en?product=makita-akuraadio-dmr108n#primaryimage"},"image":{"@id":"https:\/\/mtfactor.ee\/en?product=makita-akuraadio-dmr108n#primaryimage"},"thumbnailUrl":"https:\/\/i0.wp.com\/mtfactor.ee\/wp-content\/uploads\/2023\/04\/DMR108N_C2L0.jpg?fit=1920%2C1920&ssl=1","datePublished":"2023-04-24T08:37:47+00:00","dateModified":"2024-09-11T11:20:35+00:00","description":"Vastupidavad t\u00f6\u00f6riided ja turvajalan\u00f5ud igaks olukorraks. MTfactor pakub laias valikus isikukaitsevahendeid ning profit\u00f6\u00f6riistu (Makita, Bosch). Telli kohe!","breadcrumb":{"@id":"https:\/\/mtfactor.ee\/en?product=makita-akuraadio-dmr108n#breadcrumb"},"inLanguage":"en-US","potentialAction":[{"@type":"ReadAction","target":["https:\/\/mtfactor.ee\/en?product=makita-akuraadio-dmr108n"]}]},{"@type":"ImageObject","inLanguage":"en-US","@id":"https:\/\/mtfactor.ee\/en?product=makita-akuraadio-dmr108n#primaryimage","url":"https:\/\/i0.wp.com\/mtfactor.ee\/wp-content\/uploads\/2023\/04\/DMR108N_C2L0.jpg?fit=1920%2C1920&ssl=1","contentUrl":"https:\/\/i0.wp.com\/mtfactor.ee\/wp-content\/uploads\/2023\/04\/DMR108N_C2L0.jpg?fit=1920%2C1920&ssl=1","width":1920,"height":1920},{"@type":"BreadcrumbList","@id":"https:\/\/mtfactor.ee\/en?product=makita-akuraadio-dmr108n#breadcrumb","itemListElement":[{"@type":"ListItem","position":1,"name":"Home","item":"https:\/\/mtfactor.ee\/en"},{"@type":"ListItem","position":2,"name":"Tooted","item":"https:\/\/mtfactor.ee\/en?page_id=5"},{"@type":"ListItem","position":3,"name":"Makita Akuraadio DMR108N"}]},{"@type":"WebSite","@id":"https:\/\/mtfactor.ee\/en#website","url":"https:\/\/mtfactor.ee\/en","name":"MTFactor","description":"T\u00f6\u00f6riided, T\u00f6\u00f6jalatsid, T\u00f6\u00f6kindad, Kaitsevahendid","publisher":{"@id":"https:\/\/mtfactor.ee\/en#organization"},"potentialAction":[{"@type":"SearchAction","target":{"@type":"EntryPoint","urlTemplate":"https:\/\/mtfactor.ee\/en?s={search_term_string}"},"query-input":{"@type":"PropertyValueSpecification","valueRequired":true,"valueName":"search_term_string"}}],"inLanguage":"en-US"},{"@type":"Organization","@id":"https:\/\/mtfactor.ee\/en#organization","name":"MTFactor","url":"https:\/\/mtfactor.ee\/en","logo":{"@type":"ImageObject","inLanguage":"en-US","@id":"https:\/\/mtfactor.ee\/en#\/schema\/logo\/image\/","url":"https:\/\/mtfactor.ee\/wp-content\/uploads\/2022\/10\/logo-mtfactor.jpg","contentUrl":"https:\/\/mtfactor.ee\/wp-content\/uploads\/2022\/10\/logo-mtfactor.jpg","width":1080,"height":1080,"caption":"MTFactor"},"image":{"@id":"https:\/\/mtfactor.ee\/en#\/schema\/logo\/image\/"}}]}},"jetpack-related-posts":[],"jetpack_sharing_enabled":true,"_links":{"self":[{"href":"https:\/\/mtfactor.ee\/en\/index.php?rest_route=\/wp\/v2\/product\/13630","targetHints":{"allow":["GET"]}}],"collection":[{"href":"https:\/\/mtfactor.ee\/en\/index.php?rest_route=\/wp\/v2\/product"}],"about":[{"href":"https:\/\/mtfactor.ee\/en\/index.php?rest_route=\/wp\/v2\/types\/product"}],"replies":[{"embeddable":true,"href":"https:\/\/mtfactor.ee\/en\/index.php?rest_route=%2Fwp%2Fv2%2Fcomments&post=13630"}],"wp:featuredmedia":[{"embeddable":true,"href":"https:\/\/mtfactor.ee\/en\/index.php?rest_route=\/wp\/v2\/media\/13631"}],"wp:attachment":[{"href":"https:\/\/mtfactor.ee\/en\/index.php?rest_route=%2Fwp%2Fv2%2Fmedia&parent=13630"}],"wp:term":[{"taxonomy":"product_brand","embeddable":true,"href":"https:\/\/mtfactor.ee\/en\/index.php?rest_route=%2Fwp%2Fv2%2Fproduct_brand&post=13630"},{"taxonomy":"product_cat","embeddable":true,"href":"https:\/\/mtfactor.ee\/en\/index.php?rest_route=%2Fwp%2Fv2%2Fproduct_cat&post=13630"},{"taxonomy":"product_tag","embeddable":true,"href":"https:\/\/mtfactor.ee\/en\/index.php?rest_route=%2Fwp%2Fv2%2Fproduct_tag&post=13630"}],"curies":[{"name":"wp","href":"https:\/\/api.w.org\/{rel}","templated":true}]}}