{"id":13354,"date":"2023-03-09T12:13:24","date_gmt":"2023-03-09T10:13:24","guid":{"rendered":"https:\/\/mtfactor.ee\/?post_type=product&#038;p=13354"},"modified":"2023-03-09T12:14:24","modified_gmt":"2023-03-09T10:14:24","slug":"laserlood-rist-862-magnetiga","status":"publish","type":"product","link":"https:\/\/mtfactor.ee\/en?product=laserlood-rist-862-magnetiga","title":{"rendered":"Laserlood rist 862 magnetiga"},"content":{"rendered":"<p>\u2022 Horisontaal- ja vertikaalkiired ristuvad 90\u00b0 nurga all<br \/>\n\u2022 T\u00f6\u00f6maa siseruumides kuni 20m<br \/>\n\u2022 T\u00e4psus 0,3mm\/m<br \/>\n\u2022 Manuaalne kaldefunktsioon<br \/>\n\u2022 Iseloodimise ulatus \u00b13\u00b0<br \/>\n\u2022 Visuaalne hoiatussignaal annab m\u00e4rku iseloodimisdiapasoonist v\u00e4ljumisest<br \/>\n\u2022 \u00bc\u201c statiivi liitmiku keere<\/p>\n","protected":false},"excerpt":{"rendered":"<p>\u2022 Horisontaal- ja vertikaalkiired ristuvad 90\u00b0 nurga all \u2022 T\u00f6\u00f6maa siseruumides kuni 20m \u2022 T\u00e4psus 0,3mm\/m \u2022 Manuaalne kaldefunktsioon \u2022<\/p>\n","protected":false},"featured_media":13355,"comment_status":"closed","ping_status":"closed","template":"","meta":[],"product_brand":[],"product_cat":[327],"product_tag":[],"class_list":{"0":"post-13354","1":"product","2":"type-product","3":"status-publish","4":"has-post-thumbnail","6":"product_cat-loodid","8":"first","9":"instock","10":"taxable","11":"shipping-taxable","12":"purchasable","13":"product-type-simple"},"yoast_head":"<!-- This site is optimized with the Yoast SEO plugin v27.3 - https:\/\/yoast.com\/product\/yoast-seo-wordpress\/ -->\n<title>Laserlood rist 862 magnetiga | MTfactor<\/title>\n<meta name=\"description\" content=\"Laserlood rist 862 magnetiga | MTfactor\" \/>\n<meta name=\"robots\" content=\"index, follow, max-snippet:-1, max-image-preview:large, max-video-preview:-1\" \/>\n<link rel=\"canonical\" href=\"https:\/\/mtfactor.ee\/en?product=laserlood-rist-862-magnetiga\" \/>\n<meta property=\"og:locale\" content=\"en_US\" \/>\n<meta property=\"og:type\" content=\"article\" \/>\n<meta property=\"og:title\" content=\"Laserlood rist 862 magnetiga | MTfactor\" \/>\n<meta property=\"og:description\" content=\"Laserlood rist 862 magnetiga | MTfactor\" \/>\n<meta property=\"og:url\" content=\"https:\/\/mtfactor.ee\/en?product=laserlood-rist-862-magnetiga\" \/>\n<meta property=\"og:site_name\" content=\"MTfactor\" \/>\n<meta property=\"article:modified_time\" content=\"2023-03-09T10:14:24+00:00\" \/>\n<meta property=\"og:image\" content=\"https:\/\/i0.wp.com\/mtfactor.ee\/wp-content\/uploads\/2023\/03\/7290100850992.jpg?fit=700%2C471&ssl=1\" \/>\n\t<meta property=\"og:image:width\" content=\"700\" \/>\n\t<meta property=\"og:image:height\" content=\"471\" \/>\n\t<meta property=\"og:image:type\" content=\"image\/jpeg\" \/>\n<meta name=\"twitter:card\" content=\"summary_large_image\" \/>\n<script type=\"application\/ld+json\" class=\"yoast-schema-graph\">{\"@context\":\"https:\\\/\\\/schema.org\",\"@graph\":[{\"@type\":[\"WebPage\",\"ItemPage\"],\"@id\":\"https:\\\/\\\/mtfactor.ee\\\/en?product=laserlood-rist-862-magnetiga\",\"url\":\"https:\\\/\\\/mtfactor.ee\\\/en?product=laserlood-rist-862-magnetiga\",\"name\":\"Laserlood rist 862 magnetiga | MTfactor\",\"isPartOf\":{\"@id\":\"https:\\\/\\\/mtfactor.ee\\\/en#website\"},\"primaryImageOfPage\":{\"@id\":\"https:\\\/\\\/mtfactor.ee\\\/en?product=laserlood-rist-862-magnetiga#primaryimage\"},\"image\":{\"@id\":\"https:\\\/\\\/mtfactor.ee\\\/en?product=laserlood-rist-862-magnetiga#primaryimage\"},\"thumbnailUrl\":\"https:\\\/\\\/i0.wp.com\\\/mtfactor.ee\\\/wp-content\\\/uploads\\\/2023\\\/03\\\/7290100850992.jpg?fit=700%2C471&ssl=1\",\"datePublished\":\"2023-03-09T10:13:24+00:00\",\"dateModified\":\"2023-03-09T10:14:24+00:00\",\"description\":\"Laserlood rist 862 magnetiga | MTfactor\",\"breadcrumb\":{\"@id\":\"https:\\\/\\\/mtfactor.ee\\\/en?product=laserlood-rist-862-magnetiga#breadcrumb\"},\"inLanguage\":\"en-US\",\"potentialAction\":[{\"@type\":\"ReadAction\",\"target\":[\"https:\\\/\\\/mtfactor.ee\\\/en?product=laserlood-rist-862-magnetiga\"]}]},{\"@type\":\"ImageObject\",\"inLanguage\":\"en-US\",\"@id\":\"https:\\\/\\\/mtfactor.ee\\\/en?product=laserlood-rist-862-magnetiga#primaryimage\",\"url\":\"https:\\\/\\\/i0.wp.com\\\/mtfactor.ee\\\/wp-content\\\/uploads\\\/2023\\\/03\\\/7290100850992.jpg?fit=700%2C471&ssl=1\",\"contentUrl\":\"https:\\\/\\\/i0.wp.com\\\/mtfactor.ee\\\/wp-content\\\/uploads\\\/2023\\\/03\\\/7290100850992.jpg?fit=700%2C471&ssl=1\",\"width\":700,\"height\":471},{\"@type\":\"BreadcrumbList\",\"@id\":\"https:\\\/\\\/mtfactor.ee\\\/en?product=laserlood-rist-862-magnetiga#breadcrumb\",\"itemListElement\":[{\"@type\":\"ListItem\",\"position\":1,\"name\":\"Home\",\"item\":\"https:\\\/\\\/mtfactor.ee\\\/en\"},{\"@type\":\"ListItem\",\"position\":2,\"name\":\"Tooted\",\"item\":\"https:\\\/\\\/mtfactor.ee\\\/en?page_id=5\"},{\"@type\":\"ListItem\",\"position\":3,\"name\":\"Laserlood rist 862 magnetiga\"}]},{\"@type\":\"WebSite\",\"@id\":\"https:\\\/\\\/mtfactor.ee\\\/en#website\",\"url\":\"https:\\\/\\\/mtfactor.ee\\\/en\",\"name\":\"MTFactor\",\"description\":\"T\u00f6\u00f6riided, T\u00f6\u00f6jalatsid, T\u00f6\u00f6kindad, Kaitsevahendid\",\"publisher\":{\"@id\":\"https:\\\/\\\/mtfactor.ee\\\/en#organization\"},\"potentialAction\":[{\"@type\":\"SearchAction\",\"target\":{\"@type\":\"EntryPoint\",\"urlTemplate\":\"https:\\\/\\\/mtfactor.ee\\\/en?s={search_term_string}\"},\"query-input\":{\"@type\":\"PropertyValueSpecification\",\"valueRequired\":true,\"valueName\":\"search_term_string\"}}],\"inLanguage\":\"en-US\"},{\"@type\":\"Organization\",\"@id\":\"https:\\\/\\\/mtfactor.ee\\\/en#organization\",\"name\":\"MTFactor\",\"url\":\"https:\\\/\\\/mtfactor.ee\\\/en\",\"logo\":{\"@type\":\"ImageObject\",\"inLanguage\":\"en-US\",\"@id\":\"https:\\\/\\\/mtfactor.ee\\\/en#\\\/schema\\\/logo\\\/image\\\/\",\"url\":\"https:\\\/\\\/mtfactor.ee\\\/wp-content\\\/uploads\\\/2022\\\/10\\\/logo-mtfactor.jpg\",\"contentUrl\":\"https:\\\/\\\/mtfactor.ee\\\/wp-content\\\/uploads\\\/2022\\\/10\\\/logo-mtfactor.jpg\",\"width\":1080,\"height\":1080,\"caption\":\"MTFactor\"},\"image\":{\"@id\":\"https:\\\/\\\/mtfactor.ee\\\/en#\\\/schema\\\/logo\\\/image\\\/\"}}]}<\/script>\n<!-- \/ Yoast SEO plugin. -->","yoast_head_json":{"title":"Laserlood rist 862 magnetiga | MTfactor","description":"Laserlood rist 862 magnetiga | MTfactor","robots":{"index":"index","follow":"follow","max-snippet":"max-snippet:-1","max-image-preview":"max-image-preview:large","max-video-preview":"max-video-preview:-1"},"canonical":"https:\/\/mtfactor.ee\/en?product=laserlood-rist-862-magnetiga","og_locale":"en_US","og_type":"article","og_title":"Laserlood rist 862 magnetiga | MTfactor","og_description":"Laserlood rist 862 magnetiga | MTfactor","og_url":"https:\/\/mtfactor.ee\/en?product=laserlood-rist-862-magnetiga","og_site_name":"MTfactor","article_modified_time":"2023-03-09T10:14:24+00:00","og_image":[{"width":700,"height":471,"url":"https:\/\/i0.wp.com\/mtfactor.ee\/wp-content\/uploads\/2023\/03\/7290100850992.jpg?fit=700%2C471&ssl=1","type":"image\/jpeg"}],"twitter_card":"summary_large_image","schema":{"@context":"https:\/\/schema.org","@graph":[{"@type":["WebPage","ItemPage"],"@id":"https:\/\/mtfactor.ee\/en?product=laserlood-rist-862-magnetiga","url":"https:\/\/mtfactor.ee\/en?product=laserlood-rist-862-magnetiga","name":"Laserlood rist 862 magnetiga | MTfactor","isPartOf":{"@id":"https:\/\/mtfactor.ee\/en#website"},"primaryImageOfPage":{"@id":"https:\/\/mtfactor.ee\/en?product=laserlood-rist-862-magnetiga#primaryimage"},"image":{"@id":"https:\/\/mtfactor.ee\/en?product=laserlood-rist-862-magnetiga#primaryimage"},"thumbnailUrl":"https:\/\/i0.wp.com\/mtfactor.ee\/wp-content\/uploads\/2023\/03\/7290100850992.jpg?fit=700%2C471&ssl=1","datePublished":"2023-03-09T10:13:24+00:00","dateModified":"2023-03-09T10:14:24+00:00","description":"Laserlood rist 862 magnetiga | MTfactor","breadcrumb":{"@id":"https:\/\/mtfactor.ee\/en?product=laserlood-rist-862-magnetiga#breadcrumb"},"inLanguage":"en-US","potentialAction":[{"@type":"ReadAction","target":["https:\/\/mtfactor.ee\/en?product=laserlood-rist-862-magnetiga"]}]},{"@type":"ImageObject","inLanguage":"en-US","@id":"https:\/\/mtfactor.ee\/en?product=laserlood-rist-862-magnetiga#primaryimage","url":"https:\/\/i0.wp.com\/mtfactor.ee\/wp-content\/uploads\/2023\/03\/7290100850992.jpg?fit=700%2C471&ssl=1","contentUrl":"https:\/\/i0.wp.com\/mtfactor.ee\/wp-content\/uploads\/2023\/03\/7290100850992.jpg?fit=700%2C471&ssl=1","width":700,"height":471},{"@type":"BreadcrumbList","@id":"https:\/\/mtfactor.ee\/en?product=laserlood-rist-862-magnetiga#breadcrumb","itemListElement":[{"@type":"ListItem","position":1,"name":"Home","item":"https:\/\/mtfactor.ee\/en"},{"@type":"ListItem","position":2,"name":"Tooted","item":"https:\/\/mtfactor.ee\/en?page_id=5"},{"@type":"ListItem","position":3,"name":"Laserlood rist 862 magnetiga"}]},{"@type":"WebSite","@id":"https:\/\/mtfactor.ee\/en#website","url":"https:\/\/mtfactor.ee\/en","name":"MTFactor","description":"T\u00f6\u00f6riided, T\u00f6\u00f6jalatsid, T\u00f6\u00f6kindad, Kaitsevahendid","publisher":{"@id":"https:\/\/mtfactor.ee\/en#organization"},"potentialAction":[{"@type":"SearchAction","target":{"@type":"EntryPoint","urlTemplate":"https:\/\/mtfactor.ee\/en?s={search_term_string}"},"query-input":{"@type":"PropertyValueSpecification","valueRequired":true,"valueName":"search_term_string"}}],"inLanguage":"en-US"},{"@type":"Organization","@id":"https:\/\/mtfactor.ee\/en#organization","name":"MTFactor","url":"https:\/\/mtfactor.ee\/en","logo":{"@type":"ImageObject","inLanguage":"en-US","@id":"https:\/\/mtfactor.ee\/en#\/schema\/logo\/image\/","url":"https:\/\/mtfactor.ee\/wp-content\/uploads\/2022\/10\/logo-mtfactor.jpg","contentUrl":"https:\/\/mtfactor.ee\/wp-content\/uploads\/2022\/10\/logo-mtfactor.jpg","width":1080,"height":1080,"caption":"MTFactor"},"image":{"@id":"https:\/\/mtfactor.ee\/en#\/schema\/logo\/image\/"}}]}},"jetpack-related-posts":[],"jetpack_sharing_enabled":true,"_links":{"self":[{"href":"https:\/\/mtfactor.ee\/en\/index.php?rest_route=\/wp\/v2\/product\/13354","targetHints":{"allow":["GET"]}}],"collection":[{"href":"https:\/\/mtfactor.ee\/en\/index.php?rest_route=\/wp\/v2\/product"}],"about":[{"href":"https:\/\/mtfactor.ee\/en\/index.php?rest_route=\/wp\/v2\/types\/product"}],"replies":[{"embeddable":true,"href":"https:\/\/mtfactor.ee\/en\/index.php?rest_route=%2Fwp%2Fv2%2Fcomments&post=13354"}],"wp:featuredmedia":[{"embeddable":true,"href":"https:\/\/mtfactor.ee\/en\/index.php?rest_route=\/wp\/v2\/media\/13355"}],"wp:attachment":[{"href":"https:\/\/mtfactor.ee\/en\/index.php?rest_route=%2Fwp%2Fv2%2Fmedia&parent=13354"}],"wp:term":[{"taxonomy":"product_brand","embeddable":true,"href":"https:\/\/mtfactor.ee\/en\/index.php?rest_route=%2Fwp%2Fv2%2Fproduct_brand&post=13354"},{"taxonomy":"product_cat","embeddable":true,"href":"https:\/\/mtfactor.ee\/en\/index.php?rest_route=%2Fwp%2Fv2%2Fproduct_cat&post=13354"},{"taxonomy":"product_tag","embeddable":true,"href":"https:\/\/mtfactor.ee\/en\/index.php?rest_route=%2Fwp%2Fv2%2Fproduct_tag&post=13354"}],"curies":[{"name":"wp","href":"https:\/\/api.w.org\/{rel}","templated":true}]}}