{"id":13310,"date":"2023-03-09T11:28:55","date_gmt":"2023-03-09T09:28:55","guid":{"rendered":"https:\/\/mtfactor.ee\/?post_type=product&#038;p=13310"},"modified":"2023-03-09T11:29:40","modified_gmt":"2023-03-09T09:29:40","slug":"kipsplaadi-tostmise-ja-hoidmise-jalg-metallist","status":"publish","type":"product","link":"https:\/\/mtfactor.ee\/en?product=kipsplaadi-tostmise-ja-hoidmise-jalg-metallist","title":{"rendered":"Kipsplaadi t\u00f5stmise ja hoidmise jalg, metallist"},"content":{"rendered":"<p>Ehituslaatide t\u00f5stmiseks ning t\u00e4pseks paigaldamiseks t\u00e4nu &#8220;kiige&#8221; s\u00fcsteemile.<br \/>\nHea tasakaal t\u00e4nu laiale tallale.<br \/>\nIdeaalne ka uste eemaldamiseks hingedelt.<br \/>\nSuure jala avaga, sobib suuremale osale turvajalan\u00f5udele.<\/p>\n","protected":false},"excerpt":{"rendered":"<p>Ehituslaatide t\u00f5stmiseks ning t\u00e4pseks paigaldamiseks t\u00e4nu &#8220;kiige&#8221; s\u00fcsteemile. Hea tasakaal t\u00e4nu laiale tallale. Ideaalne ka uste eemaldamiseks hingedelt. Suure jala<\/p>\n","protected":false},"featured_media":13311,"comment_status":"closed","ping_status":"closed","template":"","meta":[],"product_brand":[],"product_cat":[318],"product_tag":[],"class_list":{"0":"post-13310","1":"product","2":"type-product","3":"status-publish","4":"has-post-thumbnail","6":"product_cat-muud-kasitooriistad","8":"first","9":"instock","10":"taxable","11":"shipping-taxable","12":"purchasable","13":"product-type-simple"},"yoast_head":"<!-- This site is optimized with the Yoast SEO plugin v27.3 - https:\/\/yoast.com\/product\/yoast-seo-wordpress\/ -->\n<title>Kipsplaadi t\u00f5stmise ja hoidmise jalg, metallist | MTfactor<\/title>\n<meta name=\"description\" content=\"Kipsplaadi t\u00f5stmise ja hoidmise jalg, metallist | MTfactor\" \/>\n<meta name=\"robots\" content=\"index, follow, max-snippet:-1, max-image-preview:large, max-video-preview:-1\" \/>\n<link rel=\"canonical\" href=\"https:\/\/mtfactor.ee\/en?product=kipsplaadi-tostmise-ja-hoidmise-jalg-metallist\" \/>\n<meta property=\"og:locale\" content=\"en_US\" \/>\n<meta property=\"og:type\" content=\"article\" \/>\n<meta property=\"og:title\" content=\"Kipsplaadi t\u00f5stmise ja hoidmise jalg, metallist | MTfactor\" \/>\n<meta property=\"og:description\" content=\"Kipsplaadi t\u00f5stmise ja hoidmise jalg, metallist | MTfactor\" \/>\n<meta property=\"og:url\" content=\"https:\/\/mtfactor.ee\/en?product=kipsplaadi-tostmise-ja-hoidmise-jalg-metallist\" \/>\n<meta property=\"og:site_name\" content=\"MTfactor\" \/>\n<meta property=\"article:modified_time\" content=\"2023-03-09T09:29:40+00:00\" \/>\n<meta property=\"og:image\" content=\"https:\/\/mtfactor.ee\/wp-content\/uploads\/2023\/03\/066055.jpg\" \/>\n\t<meta property=\"og:image:width\" content=\"500\" \/>\n\t<meta property=\"og:image:height\" content=\"500\" \/>\n\t<meta property=\"og:image:type\" content=\"image\/jpeg\" \/>\n<meta name=\"twitter:card\" content=\"summary_large_image\" \/>\n<script type=\"application\/ld+json\" class=\"yoast-schema-graph\">{\"@context\":\"https:\\\/\\\/schema.org\",\"@graph\":[{\"@type\":[\"WebPage\",\"ItemPage\"],\"@id\":\"https:\\\/\\\/mtfactor.ee\\\/en?product=kipsplaadi-tostmise-ja-hoidmise-jalg-metallist\",\"url\":\"https:\\\/\\\/mtfactor.ee\\\/en?product=kipsplaadi-tostmise-ja-hoidmise-jalg-metallist\",\"name\":\"Kipsplaadi t\u00f5stmise ja hoidmise jalg, metallist | MTfactor\",\"isPartOf\":{\"@id\":\"https:\\\/\\\/mtfactor.ee\\\/en#website\"},\"primaryImageOfPage\":{\"@id\":\"https:\\\/\\\/mtfactor.ee\\\/en?product=kipsplaadi-tostmise-ja-hoidmise-jalg-metallist#primaryimage\"},\"image\":{\"@id\":\"https:\\\/\\\/mtfactor.ee\\\/en?product=kipsplaadi-tostmise-ja-hoidmise-jalg-metallist#primaryimage\"},\"thumbnailUrl\":\"https:\\\/\\\/i0.wp.com\\\/mtfactor.ee\\\/wp-content\\\/uploads\\\/2023\\\/03\\\/066055.jpg?fit=500%2C500&ssl=1\",\"datePublished\":\"2023-03-09T09:28:55+00:00\",\"dateModified\":\"2023-03-09T09:29:40+00:00\",\"description\":\"Kipsplaadi t\u00f5stmise ja hoidmise jalg, metallist | MTfactor\",\"breadcrumb\":{\"@id\":\"https:\\\/\\\/mtfactor.ee\\\/en?product=kipsplaadi-tostmise-ja-hoidmise-jalg-metallist#breadcrumb\"},\"inLanguage\":\"en-US\",\"potentialAction\":[{\"@type\":\"ReadAction\",\"target\":[\"https:\\\/\\\/mtfactor.ee\\\/en?product=kipsplaadi-tostmise-ja-hoidmise-jalg-metallist\"]}]},{\"@type\":\"ImageObject\",\"inLanguage\":\"en-US\",\"@id\":\"https:\\\/\\\/mtfactor.ee\\\/en?product=kipsplaadi-tostmise-ja-hoidmise-jalg-metallist#primaryimage\",\"url\":\"https:\\\/\\\/i0.wp.com\\\/mtfactor.ee\\\/wp-content\\\/uploads\\\/2023\\\/03\\\/066055.jpg?fit=500%2C500&ssl=1\",\"contentUrl\":\"https:\\\/\\\/i0.wp.com\\\/mtfactor.ee\\\/wp-content\\\/uploads\\\/2023\\\/03\\\/066055.jpg?fit=500%2C500&ssl=1\",\"width\":500,\"height\":500},{\"@type\":\"BreadcrumbList\",\"@id\":\"https:\\\/\\\/mtfactor.ee\\\/en?product=kipsplaadi-tostmise-ja-hoidmise-jalg-metallist#breadcrumb\",\"itemListElement\":[{\"@type\":\"ListItem\",\"position\":1,\"name\":\"Home\",\"item\":\"https:\\\/\\\/mtfactor.ee\\\/en\"},{\"@type\":\"ListItem\",\"position\":2,\"name\":\"Tooted\",\"item\":\"https:\\\/\\\/mtfactor.ee\\\/en?page_id=5\"},{\"@type\":\"ListItem\",\"position\":3,\"name\":\"Kipsplaadi t\u00f5stmise ja hoidmise jalg, metallist\"}]},{\"@type\":\"WebSite\",\"@id\":\"https:\\\/\\\/mtfactor.ee\\\/en#website\",\"url\":\"https:\\\/\\\/mtfactor.ee\\\/en\",\"name\":\"MTFactor\",\"description\":\"T\u00f6\u00f6riided, T\u00f6\u00f6jalatsid, T\u00f6\u00f6kindad, Kaitsevahendid\",\"publisher\":{\"@id\":\"https:\\\/\\\/mtfactor.ee\\\/en#organization\"},\"potentialAction\":[{\"@type\":\"SearchAction\",\"target\":{\"@type\":\"EntryPoint\",\"urlTemplate\":\"https:\\\/\\\/mtfactor.ee\\\/en?s={search_term_string}\"},\"query-input\":{\"@type\":\"PropertyValueSpecification\",\"valueRequired\":true,\"valueName\":\"search_term_string\"}}],\"inLanguage\":\"en-US\"},{\"@type\":\"Organization\",\"@id\":\"https:\\\/\\\/mtfactor.ee\\\/en#organization\",\"name\":\"MTFactor\",\"url\":\"https:\\\/\\\/mtfactor.ee\\\/en\",\"logo\":{\"@type\":\"ImageObject\",\"inLanguage\":\"en-US\",\"@id\":\"https:\\\/\\\/mtfactor.ee\\\/en#\\\/schema\\\/logo\\\/image\\\/\",\"url\":\"https:\\\/\\\/mtfactor.ee\\\/wp-content\\\/uploads\\\/2022\\\/10\\\/logo-mtfactor.jpg\",\"contentUrl\":\"https:\\\/\\\/mtfactor.ee\\\/wp-content\\\/uploads\\\/2022\\\/10\\\/logo-mtfactor.jpg\",\"width\":1080,\"height\":1080,\"caption\":\"MTFactor\"},\"image\":{\"@id\":\"https:\\\/\\\/mtfactor.ee\\\/en#\\\/schema\\\/logo\\\/image\\\/\"}}]}<\/script>\n<!-- \/ Yoast SEO plugin. -->","yoast_head_json":{"title":"Kipsplaadi t\u00f5stmise ja hoidmise jalg, metallist | MTfactor","description":"Kipsplaadi t\u00f5stmise ja hoidmise jalg, metallist | MTfactor","robots":{"index":"index","follow":"follow","max-snippet":"max-snippet:-1","max-image-preview":"max-image-preview:large","max-video-preview":"max-video-preview:-1"},"canonical":"https:\/\/mtfactor.ee\/en?product=kipsplaadi-tostmise-ja-hoidmise-jalg-metallist","og_locale":"en_US","og_type":"article","og_title":"Kipsplaadi t\u00f5stmise ja hoidmise jalg, metallist | MTfactor","og_description":"Kipsplaadi t\u00f5stmise ja hoidmise jalg, metallist | MTfactor","og_url":"https:\/\/mtfactor.ee\/en?product=kipsplaadi-tostmise-ja-hoidmise-jalg-metallist","og_site_name":"MTfactor","article_modified_time":"2023-03-09T09:29:40+00:00","og_image":[{"width":500,"height":500,"url":"https:\/\/mtfactor.ee\/wp-content\/uploads\/2023\/03\/066055.jpg","type":"image\/jpeg"}],"twitter_card":"summary_large_image","schema":{"@context":"https:\/\/schema.org","@graph":[{"@type":["WebPage","ItemPage"],"@id":"https:\/\/mtfactor.ee\/en?product=kipsplaadi-tostmise-ja-hoidmise-jalg-metallist","url":"https:\/\/mtfactor.ee\/en?product=kipsplaadi-tostmise-ja-hoidmise-jalg-metallist","name":"Kipsplaadi t\u00f5stmise ja hoidmise jalg, metallist | MTfactor","isPartOf":{"@id":"https:\/\/mtfactor.ee\/en#website"},"primaryImageOfPage":{"@id":"https:\/\/mtfactor.ee\/en?product=kipsplaadi-tostmise-ja-hoidmise-jalg-metallist#primaryimage"},"image":{"@id":"https:\/\/mtfactor.ee\/en?product=kipsplaadi-tostmise-ja-hoidmise-jalg-metallist#primaryimage"},"thumbnailUrl":"https:\/\/i0.wp.com\/mtfactor.ee\/wp-content\/uploads\/2023\/03\/066055.jpg?fit=500%2C500&ssl=1","datePublished":"2023-03-09T09:28:55+00:00","dateModified":"2023-03-09T09:29:40+00:00","description":"Kipsplaadi t\u00f5stmise ja hoidmise jalg, metallist | MTfactor","breadcrumb":{"@id":"https:\/\/mtfactor.ee\/en?product=kipsplaadi-tostmise-ja-hoidmise-jalg-metallist#breadcrumb"},"inLanguage":"en-US","potentialAction":[{"@type":"ReadAction","target":["https:\/\/mtfactor.ee\/en?product=kipsplaadi-tostmise-ja-hoidmise-jalg-metallist"]}]},{"@type":"ImageObject","inLanguage":"en-US","@id":"https:\/\/mtfactor.ee\/en?product=kipsplaadi-tostmise-ja-hoidmise-jalg-metallist#primaryimage","url":"https:\/\/i0.wp.com\/mtfactor.ee\/wp-content\/uploads\/2023\/03\/066055.jpg?fit=500%2C500&ssl=1","contentUrl":"https:\/\/i0.wp.com\/mtfactor.ee\/wp-content\/uploads\/2023\/03\/066055.jpg?fit=500%2C500&ssl=1","width":500,"height":500},{"@type":"BreadcrumbList","@id":"https:\/\/mtfactor.ee\/en?product=kipsplaadi-tostmise-ja-hoidmise-jalg-metallist#breadcrumb","itemListElement":[{"@type":"ListItem","position":1,"name":"Home","item":"https:\/\/mtfactor.ee\/en"},{"@type":"ListItem","position":2,"name":"Tooted","item":"https:\/\/mtfactor.ee\/en?page_id=5"},{"@type":"ListItem","position":3,"name":"Kipsplaadi t\u00f5stmise ja hoidmise jalg, metallist"}]},{"@type":"WebSite","@id":"https:\/\/mtfactor.ee\/en#website","url":"https:\/\/mtfactor.ee\/en","name":"MTFactor","description":"T\u00f6\u00f6riided, T\u00f6\u00f6jalatsid, T\u00f6\u00f6kindad, Kaitsevahendid","publisher":{"@id":"https:\/\/mtfactor.ee\/en#organization"},"potentialAction":[{"@type":"SearchAction","target":{"@type":"EntryPoint","urlTemplate":"https:\/\/mtfactor.ee\/en?s={search_term_string}"},"query-input":{"@type":"PropertyValueSpecification","valueRequired":true,"valueName":"search_term_string"}}],"inLanguage":"en-US"},{"@type":"Organization","@id":"https:\/\/mtfactor.ee\/en#organization","name":"MTFactor","url":"https:\/\/mtfactor.ee\/en","logo":{"@type":"ImageObject","inLanguage":"en-US","@id":"https:\/\/mtfactor.ee\/en#\/schema\/logo\/image\/","url":"https:\/\/mtfactor.ee\/wp-content\/uploads\/2022\/10\/logo-mtfactor.jpg","contentUrl":"https:\/\/mtfactor.ee\/wp-content\/uploads\/2022\/10\/logo-mtfactor.jpg","width":1080,"height":1080,"caption":"MTFactor"},"image":{"@id":"https:\/\/mtfactor.ee\/en#\/schema\/logo\/image\/"}}]}},"jetpack-related-posts":[],"jetpack_sharing_enabled":true,"_links":{"self":[{"href":"https:\/\/mtfactor.ee\/en\/index.php?rest_route=\/wp\/v2\/product\/13310","targetHints":{"allow":["GET"]}}],"collection":[{"href":"https:\/\/mtfactor.ee\/en\/index.php?rest_route=\/wp\/v2\/product"}],"about":[{"href":"https:\/\/mtfactor.ee\/en\/index.php?rest_route=\/wp\/v2\/types\/product"}],"replies":[{"embeddable":true,"href":"https:\/\/mtfactor.ee\/en\/index.php?rest_route=%2Fwp%2Fv2%2Fcomments&post=13310"}],"wp:featuredmedia":[{"embeddable":true,"href":"https:\/\/mtfactor.ee\/en\/index.php?rest_route=\/wp\/v2\/media\/13311"}],"wp:attachment":[{"href":"https:\/\/mtfactor.ee\/en\/index.php?rest_route=%2Fwp%2Fv2%2Fmedia&parent=13310"}],"wp:term":[{"taxonomy":"product_brand","embeddable":true,"href":"https:\/\/mtfactor.ee\/en\/index.php?rest_route=%2Fwp%2Fv2%2Fproduct_brand&post=13310"},{"taxonomy":"product_cat","embeddable":true,"href":"https:\/\/mtfactor.ee\/en\/index.php?rest_route=%2Fwp%2Fv2%2Fproduct_cat&post=13310"},{"taxonomy":"product_tag","embeddable":true,"href":"https:\/\/mtfactor.ee\/en\/index.php?rest_route=%2Fwp%2Fv2%2Fproduct_tag&post=13310"}],"curies":[{"name":"wp","href":"https:\/\/api.w.org\/{rel}","templated":true}]}}