{"id":13173,"date":"2023-03-07T11:27:33","date_gmt":"2023-03-07T09:27:33","guid":{"rendered":"https:\/\/mtfactor.ee\/?post_type=product&#038;p=13173"},"modified":"2023-03-07T11:28:19","modified_gmt":"2023-03-07T09:28:19","slug":"keevitaja-pliiats-markal-silver-streak-hobedane","status":"publish","type":"product","link":"https:\/\/mtfactor.ee\/en?product=keevitaja-pliiats-markal-silver-streak-hobedane","title":{"rendered":"Keevitaja pliiats Markal Silver Streak, h\u00f5bedane"},"content":{"rendered":"<p>Pliiats k\u00f5ikidele pindadele \u2013 rasvasele, m\u00e4\u00e4rdunud, m\u00e4rjale. Vastupidav p\u00f5leti leegile ja keevituse k\u00e4igus h\u00e4sti n\u00e4htav.<\/p>\n","protected":false},"excerpt":{"rendered":"<p>Pliiats k\u00f5ikidele pindadele \u2013 rasvasele, m\u00e4\u00e4rdunud, m\u00e4rjale. Vastupidav p\u00f5leti leegile ja keevituse k\u00e4igus h\u00e4sti n\u00e4htav.<\/p>\n","protected":false},"featured_media":13174,"comment_status":"closed","ping_status":"closed","template":"","meta":[],"product_brand":[],"product_cat":[306],"product_tag":[],"class_list":{"0":"post-13173","1":"product","2":"type-product","3":"status-publish","4":"has-post-thumbnail","6":"product_cat-markevahendid","8":"first","9":"instock","10":"taxable","11":"shipping-taxable","12":"purchasable","13":"product-type-simple"},"yoast_head":"<!-- This site is optimized with the Yoast SEO plugin v27.3 - https:\/\/yoast.com\/product\/yoast-seo-wordpress\/ -->\n<title>Keevitaja pliiats Markal Silver Streak, h\u00f5bedane | MTfactor<\/title>\n<meta name=\"description\" content=\"Keevitaja pliiats Markal Silver Streak, h\u00f5bedane | MTfactor\" \/>\n<meta name=\"robots\" content=\"index, follow, max-snippet:-1, max-image-preview:large, max-video-preview:-1\" \/>\n<link rel=\"canonical\" href=\"https:\/\/mtfactor.ee\/en?product=keevitaja-pliiats-markal-silver-streak-hobedane\" \/>\n<meta property=\"og:locale\" content=\"en_US\" \/>\n<meta property=\"og:type\" content=\"article\" \/>\n<meta property=\"og:title\" content=\"Keevitaja pliiats Markal Silver Streak, h\u00f5bedane | MTfactor\" \/>\n<meta property=\"og:description\" content=\"Keevitaja pliiats Markal Silver Streak, h\u00f5bedane | MTfactor\" \/>\n<meta property=\"og:url\" content=\"https:\/\/mtfactor.ee\/en?product=keevitaja-pliiats-markal-silver-streak-hobedane\" \/>\n<meta property=\"og:site_name\" content=\"MTfactor\" \/>\n<meta property=\"article:modified_time\" content=\"2023-03-07T09:28:19+00:00\" \/>\n<meta property=\"og:image\" content=\"https:\/\/i0.wp.com\/mtfactor.ee\/wp-content\/uploads\/2023\/03\/MK096101.jpg?fit=465%2C465&ssl=1\" \/>\n\t<meta property=\"og:image:width\" content=\"465\" \/>\n\t<meta property=\"og:image:height\" content=\"465\" \/>\n\t<meta property=\"og:image:type\" content=\"image\/jpeg\" \/>\n<meta name=\"twitter:card\" content=\"summary_large_image\" \/>\n<script type=\"application\/ld+json\" class=\"yoast-schema-graph\">{\"@context\":\"https:\\\/\\\/schema.org\",\"@graph\":[{\"@type\":[\"WebPage\",\"ItemPage\"],\"@id\":\"https:\\\/\\\/mtfactor.ee\\\/en?product=keevitaja-pliiats-markal-silver-streak-hobedane\",\"url\":\"https:\\\/\\\/mtfactor.ee\\\/en?product=keevitaja-pliiats-markal-silver-streak-hobedane\",\"name\":\"Keevitaja pliiats Markal Silver Streak, h\u00f5bedane | MTfactor\",\"isPartOf\":{\"@id\":\"https:\\\/\\\/mtfactor.ee\\\/en#website\"},\"primaryImageOfPage\":{\"@id\":\"https:\\\/\\\/mtfactor.ee\\\/en?product=keevitaja-pliiats-markal-silver-streak-hobedane#primaryimage\"},\"image\":{\"@id\":\"https:\\\/\\\/mtfactor.ee\\\/en?product=keevitaja-pliiats-markal-silver-streak-hobedane#primaryimage\"},\"thumbnailUrl\":\"https:\\\/\\\/i0.wp.com\\\/mtfactor.ee\\\/wp-content\\\/uploads\\\/2023\\\/03\\\/MK096101.jpg?fit=465%2C465&ssl=1\",\"datePublished\":\"2023-03-07T09:27:33+00:00\",\"dateModified\":\"2023-03-07T09:28:19+00:00\",\"description\":\"Keevitaja pliiats Markal Silver Streak, h\u00f5bedane | MTfactor\",\"breadcrumb\":{\"@id\":\"https:\\\/\\\/mtfactor.ee\\\/en?product=keevitaja-pliiats-markal-silver-streak-hobedane#breadcrumb\"},\"inLanguage\":\"en-US\",\"potentialAction\":[{\"@type\":\"ReadAction\",\"target\":[\"https:\\\/\\\/mtfactor.ee\\\/en?product=keevitaja-pliiats-markal-silver-streak-hobedane\"]}]},{\"@type\":\"ImageObject\",\"inLanguage\":\"en-US\",\"@id\":\"https:\\\/\\\/mtfactor.ee\\\/en?product=keevitaja-pliiats-markal-silver-streak-hobedane#primaryimage\",\"url\":\"https:\\\/\\\/i0.wp.com\\\/mtfactor.ee\\\/wp-content\\\/uploads\\\/2023\\\/03\\\/MK096101.jpg?fit=465%2C465&ssl=1\",\"contentUrl\":\"https:\\\/\\\/i0.wp.com\\\/mtfactor.ee\\\/wp-content\\\/uploads\\\/2023\\\/03\\\/MK096101.jpg?fit=465%2C465&ssl=1\",\"width\":465,\"height\":465},{\"@type\":\"BreadcrumbList\",\"@id\":\"https:\\\/\\\/mtfactor.ee\\\/en?product=keevitaja-pliiats-markal-silver-streak-hobedane#breadcrumb\",\"itemListElement\":[{\"@type\":\"ListItem\",\"position\":1,\"name\":\"Home\",\"item\":\"https:\\\/\\\/mtfactor.ee\\\/en\"},{\"@type\":\"ListItem\",\"position\":2,\"name\":\"Tooted\",\"item\":\"https:\\\/\\\/mtfactor.ee\\\/en?page_id=5\"},{\"@type\":\"ListItem\",\"position\":3,\"name\":\"Keevitaja pliiats Markal Silver Streak, h\u00f5bedane\"}]},{\"@type\":\"WebSite\",\"@id\":\"https:\\\/\\\/mtfactor.ee\\\/en#website\",\"url\":\"https:\\\/\\\/mtfactor.ee\\\/en\",\"name\":\"MTFactor\",\"description\":\"T\u00f6\u00f6riided, T\u00f6\u00f6jalatsid, T\u00f6\u00f6kindad, Kaitsevahendid\",\"publisher\":{\"@id\":\"https:\\\/\\\/mtfactor.ee\\\/en#organization\"},\"potentialAction\":[{\"@type\":\"SearchAction\",\"target\":{\"@type\":\"EntryPoint\",\"urlTemplate\":\"https:\\\/\\\/mtfactor.ee\\\/en?s={search_term_string}\"},\"query-input\":{\"@type\":\"PropertyValueSpecification\",\"valueRequired\":true,\"valueName\":\"search_term_string\"}}],\"inLanguage\":\"en-US\"},{\"@type\":\"Organization\",\"@id\":\"https:\\\/\\\/mtfactor.ee\\\/en#organization\",\"name\":\"MTFactor\",\"url\":\"https:\\\/\\\/mtfactor.ee\\\/en\",\"logo\":{\"@type\":\"ImageObject\",\"inLanguage\":\"en-US\",\"@id\":\"https:\\\/\\\/mtfactor.ee\\\/en#\\\/schema\\\/logo\\\/image\\\/\",\"url\":\"https:\\\/\\\/mtfactor.ee\\\/wp-content\\\/uploads\\\/2022\\\/10\\\/logo-mtfactor.jpg\",\"contentUrl\":\"https:\\\/\\\/mtfactor.ee\\\/wp-content\\\/uploads\\\/2022\\\/10\\\/logo-mtfactor.jpg\",\"width\":1080,\"height\":1080,\"caption\":\"MTFactor\"},\"image\":{\"@id\":\"https:\\\/\\\/mtfactor.ee\\\/en#\\\/schema\\\/logo\\\/image\\\/\"}}]}<\/script>\n<!-- \/ Yoast SEO plugin. -->","yoast_head_json":{"title":"Keevitaja pliiats Markal Silver Streak, h\u00f5bedane | MTfactor","description":"Keevitaja pliiats Markal Silver Streak, h\u00f5bedane | MTfactor","robots":{"index":"index","follow":"follow","max-snippet":"max-snippet:-1","max-image-preview":"max-image-preview:large","max-video-preview":"max-video-preview:-1"},"canonical":"https:\/\/mtfactor.ee\/en?product=keevitaja-pliiats-markal-silver-streak-hobedane","og_locale":"en_US","og_type":"article","og_title":"Keevitaja pliiats Markal Silver Streak, h\u00f5bedane | MTfactor","og_description":"Keevitaja pliiats Markal Silver Streak, h\u00f5bedane | MTfactor","og_url":"https:\/\/mtfactor.ee\/en?product=keevitaja-pliiats-markal-silver-streak-hobedane","og_site_name":"MTfactor","article_modified_time":"2023-03-07T09:28:19+00:00","og_image":[{"width":465,"height":465,"url":"https:\/\/i0.wp.com\/mtfactor.ee\/wp-content\/uploads\/2023\/03\/MK096101.jpg?fit=465%2C465&ssl=1","type":"image\/jpeg"}],"twitter_card":"summary_large_image","schema":{"@context":"https:\/\/schema.org","@graph":[{"@type":["WebPage","ItemPage"],"@id":"https:\/\/mtfactor.ee\/en?product=keevitaja-pliiats-markal-silver-streak-hobedane","url":"https:\/\/mtfactor.ee\/en?product=keevitaja-pliiats-markal-silver-streak-hobedane","name":"Keevitaja pliiats Markal Silver Streak, h\u00f5bedane | MTfactor","isPartOf":{"@id":"https:\/\/mtfactor.ee\/en#website"},"primaryImageOfPage":{"@id":"https:\/\/mtfactor.ee\/en?product=keevitaja-pliiats-markal-silver-streak-hobedane#primaryimage"},"image":{"@id":"https:\/\/mtfactor.ee\/en?product=keevitaja-pliiats-markal-silver-streak-hobedane#primaryimage"},"thumbnailUrl":"https:\/\/i0.wp.com\/mtfactor.ee\/wp-content\/uploads\/2023\/03\/MK096101.jpg?fit=465%2C465&ssl=1","datePublished":"2023-03-07T09:27:33+00:00","dateModified":"2023-03-07T09:28:19+00:00","description":"Keevitaja pliiats Markal Silver Streak, h\u00f5bedane | MTfactor","breadcrumb":{"@id":"https:\/\/mtfactor.ee\/en?product=keevitaja-pliiats-markal-silver-streak-hobedane#breadcrumb"},"inLanguage":"en-US","potentialAction":[{"@type":"ReadAction","target":["https:\/\/mtfactor.ee\/en?product=keevitaja-pliiats-markal-silver-streak-hobedane"]}]},{"@type":"ImageObject","inLanguage":"en-US","@id":"https:\/\/mtfactor.ee\/en?product=keevitaja-pliiats-markal-silver-streak-hobedane#primaryimage","url":"https:\/\/i0.wp.com\/mtfactor.ee\/wp-content\/uploads\/2023\/03\/MK096101.jpg?fit=465%2C465&ssl=1","contentUrl":"https:\/\/i0.wp.com\/mtfactor.ee\/wp-content\/uploads\/2023\/03\/MK096101.jpg?fit=465%2C465&ssl=1","width":465,"height":465},{"@type":"BreadcrumbList","@id":"https:\/\/mtfactor.ee\/en?product=keevitaja-pliiats-markal-silver-streak-hobedane#breadcrumb","itemListElement":[{"@type":"ListItem","position":1,"name":"Home","item":"https:\/\/mtfactor.ee\/en"},{"@type":"ListItem","position":2,"name":"Tooted","item":"https:\/\/mtfactor.ee\/en?page_id=5"},{"@type":"ListItem","position":3,"name":"Keevitaja pliiats Markal Silver Streak, h\u00f5bedane"}]},{"@type":"WebSite","@id":"https:\/\/mtfactor.ee\/en#website","url":"https:\/\/mtfactor.ee\/en","name":"MTFactor","description":"T\u00f6\u00f6riided, T\u00f6\u00f6jalatsid, T\u00f6\u00f6kindad, Kaitsevahendid","publisher":{"@id":"https:\/\/mtfactor.ee\/en#organization"},"potentialAction":[{"@type":"SearchAction","target":{"@type":"EntryPoint","urlTemplate":"https:\/\/mtfactor.ee\/en?s={search_term_string}"},"query-input":{"@type":"PropertyValueSpecification","valueRequired":true,"valueName":"search_term_string"}}],"inLanguage":"en-US"},{"@type":"Organization","@id":"https:\/\/mtfactor.ee\/en#organization","name":"MTFactor","url":"https:\/\/mtfactor.ee\/en","logo":{"@type":"ImageObject","inLanguage":"en-US","@id":"https:\/\/mtfactor.ee\/en#\/schema\/logo\/image\/","url":"https:\/\/mtfactor.ee\/wp-content\/uploads\/2022\/10\/logo-mtfactor.jpg","contentUrl":"https:\/\/mtfactor.ee\/wp-content\/uploads\/2022\/10\/logo-mtfactor.jpg","width":1080,"height":1080,"caption":"MTFactor"},"image":{"@id":"https:\/\/mtfactor.ee\/en#\/schema\/logo\/image\/"}}]}},"jetpack-related-posts":[],"jetpack_sharing_enabled":true,"_links":{"self":[{"href":"https:\/\/mtfactor.ee\/en\/index.php?rest_route=\/wp\/v2\/product\/13173","targetHints":{"allow":["GET"]}}],"collection":[{"href":"https:\/\/mtfactor.ee\/en\/index.php?rest_route=\/wp\/v2\/product"}],"about":[{"href":"https:\/\/mtfactor.ee\/en\/index.php?rest_route=\/wp\/v2\/types\/product"}],"replies":[{"embeddable":true,"href":"https:\/\/mtfactor.ee\/en\/index.php?rest_route=%2Fwp%2Fv2%2Fcomments&post=13173"}],"wp:featuredmedia":[{"embeddable":true,"href":"https:\/\/mtfactor.ee\/en\/index.php?rest_route=\/wp\/v2\/media\/13174"}],"wp:attachment":[{"href":"https:\/\/mtfactor.ee\/en\/index.php?rest_route=%2Fwp%2Fv2%2Fmedia&parent=13173"}],"wp:term":[{"taxonomy":"product_brand","embeddable":true,"href":"https:\/\/mtfactor.ee\/en\/index.php?rest_route=%2Fwp%2Fv2%2Fproduct_brand&post=13173"},{"taxonomy":"product_cat","embeddable":true,"href":"https:\/\/mtfactor.ee\/en\/index.php?rest_route=%2Fwp%2Fv2%2Fproduct_cat&post=13173"},{"taxonomy":"product_tag","embeddable":true,"href":"https:\/\/mtfactor.ee\/en\/index.php?rest_route=%2Fwp%2Fv2%2Fproduct_tag&post=13173"}],"curies":[{"name":"wp","href":"https:\/\/api.w.org\/{rel}","templated":true}]}}