{"id":13085,"date":"2023-03-07T10:14:54","date_gmt":"2023-03-07T08:14:54","guid":{"rendered":"https:\/\/mtfactor.ee\/?post_type=product&#038;p=13085"},"modified":"2023-03-07T10:14:54","modified_gmt":"2023-03-07T08:14:54","slug":"narrega-kruvikeeraja-otsakud-ph1-2-pz1-2-sl45-55-6tk","status":"publish","type":"product","link":"https:\/\/mtfactor.ee\/en?product=narrega-kruvikeeraja-otsakud-ph1-2-pz1-2-sl45-55-6tk","title":{"rendered":"Narrega kruvikeeraja + otsakud PH1\/2, PZ1\/2, SL4,5\/5,5 6tk"},"content":{"rendered":"<p>\u2022 Otsakuhoidikuga kruvikeeraja \u00bc\u201d otsikutele suure t\u00f6\u00f6kiiruse jaoks<br \/>\n\u2022 Kahekomponendiline tekstureeritud viimistlusega k\u00e4epide tagab maksimaalse p\u00f6\u00f6rdemomendi ja minimaalse pingutuse<br \/>\n\u2022 48 hambaga p\u00f5rkkruvikeeraja, mis tagab sujuva t\u00f6\u00f6 ja minimaalse p\u00f6\u00f6rlemiskaare j\u00e4rgmise k\u00e4pahamba p\u00fc\u00fcdmiseks<br \/>\n\u2022 Magnettera kinnitab otsiku kruvikeeraja k\u00fclge ja muudab otsiku vahetamise lihtsaks. Roostevabast terasest tera<br \/>\n\u2022 Rihveldatud tera muudab k\u00e4epideme tugevaks, pakkudes s\u00f5rmeotsa kontrolli kiiremaks p\u00f6\u00f6ramiseks<br \/>\n\u2022 Liugalus, mis hoiab k\u00e4ep\u00e4rast ja turvaliselt 6 erinevat otsikut: PH 1, PH 2, PZ 1, PZ 2, piludega 4,5 ja 5,5<\/p>\n","protected":false},"excerpt":{"rendered":"<p>\u2022 Otsakuhoidikuga kruvikeeraja \u00bc\u201d otsikutele suure t\u00f6\u00f6kiiruse jaoks \u2022 Kahekomponendiline tekstureeritud viimistlusega k\u00e4epide tagab maksimaalse p\u00f6\u00f6rdemomendi ja minimaalse pingutuse \u2022<\/p>\n","protected":false},"featured_media":13086,"comment_status":"closed","ping_status":"closed","template":"","meta":[],"product_brand":[],"product_cat":[313],"product_tag":[],"class_list":{"0":"post-13085","1":"product","2":"type-product","3":"status-publish","4":"has-post-thumbnail","6":"product_cat-kruvitsad-otsakud","8":"first","9":"instock","10":"taxable","11":"shipping-taxable","12":"purchasable","13":"product-type-simple"},"yoast_head":"<!-- This site is optimized with the Yoast SEO plugin v27.3 - https:\/\/yoast.com\/product\/yoast-seo-wordpress\/ -->\n<title>Narrega kruvikeeraja + otsakud PH1\/2, PZ1\/2, SL4,5\/5,5 6tk | MTfactor<\/title>\n<meta name=\"description\" content=\"Narrega kruvikeeraja + otsakud PH1\/2, PZ1\/2, SL4,5\/5,5 6tk | MTfactor\" \/>\n<meta name=\"robots\" content=\"index, follow, max-snippet:-1, max-image-preview:large, max-video-preview:-1\" \/>\n<link rel=\"canonical\" href=\"https:\/\/mtfactor.ee\/en?product=narrega-kruvikeeraja-otsakud-ph1-2-pz1-2-sl45-55-6tk\" \/>\n<meta property=\"og:locale\" content=\"en_US\" \/>\n<meta property=\"og:type\" content=\"article\" \/>\n<meta property=\"og:title\" content=\"Narrega kruvikeeraja + otsakud PH1\/2, PZ1\/2, SL4,5\/5,5 6tk | MTfactor\" \/>\n<meta property=\"og:description\" content=\"Narrega kruvikeeraja + otsakud PH1\/2, PZ1\/2, SL4,5\/5,5 6tk | MTfactor\" \/>\n<meta property=\"og:url\" content=\"https:\/\/mtfactor.ee\/en?product=narrega-kruvikeeraja-otsakud-ph1-2-pz1-2-sl45-55-6tk\" \/>\n<meta property=\"og:site_name\" content=\"MTfactor\" \/>\n<meta property=\"og:image\" content=\"https:\/\/i0.wp.com\/mtfactor.ee\/wp-content\/uploads\/2023\/03\/7314153017642_1.jpg?fit=900%2C178&ssl=1\" \/>\n\t<meta property=\"og:image:width\" content=\"900\" \/>\n\t<meta property=\"og:image:height\" content=\"178\" \/>\n\t<meta property=\"og:image:type\" content=\"image\/jpeg\" \/>\n<meta name=\"twitter:card\" content=\"summary_large_image\" \/>\n<script type=\"application\/ld+json\" class=\"yoast-schema-graph\">{\"@context\":\"https:\\\/\\\/schema.org\",\"@graph\":[{\"@type\":[\"WebPage\",\"ItemPage\"],\"@id\":\"https:\\\/\\\/mtfactor.ee\\\/en?product=narrega-kruvikeeraja-otsakud-ph1-2-pz1-2-sl45-55-6tk\",\"url\":\"https:\\\/\\\/mtfactor.ee\\\/en?product=narrega-kruvikeeraja-otsakud-ph1-2-pz1-2-sl45-55-6tk\",\"name\":\"Narrega kruvikeeraja + otsakud PH1\\\/2, PZ1\\\/2, SL4,5\\\/5,5 6tk | MTfactor\",\"isPartOf\":{\"@id\":\"https:\\\/\\\/mtfactor.ee\\\/en#website\"},\"primaryImageOfPage\":{\"@id\":\"https:\\\/\\\/mtfactor.ee\\\/en?product=narrega-kruvikeeraja-otsakud-ph1-2-pz1-2-sl45-55-6tk#primaryimage\"},\"image\":{\"@id\":\"https:\\\/\\\/mtfactor.ee\\\/en?product=narrega-kruvikeeraja-otsakud-ph1-2-pz1-2-sl45-55-6tk#primaryimage\"},\"thumbnailUrl\":\"https:\\\/\\\/i0.wp.com\\\/mtfactor.ee\\\/wp-content\\\/uploads\\\/2023\\\/03\\\/7314153017642_1.jpg?fit=900%2C178&ssl=1\",\"datePublished\":\"2023-03-07T08:14:54+00:00\",\"description\":\"Narrega kruvikeeraja + otsakud PH1\\\/2, PZ1\\\/2, SL4,5\\\/5,5 6tk | MTfactor\",\"breadcrumb\":{\"@id\":\"https:\\\/\\\/mtfactor.ee\\\/en?product=narrega-kruvikeeraja-otsakud-ph1-2-pz1-2-sl45-55-6tk#breadcrumb\"},\"inLanguage\":\"en-US\",\"potentialAction\":[{\"@type\":\"ReadAction\",\"target\":[\"https:\\\/\\\/mtfactor.ee\\\/en?product=narrega-kruvikeeraja-otsakud-ph1-2-pz1-2-sl45-55-6tk\"]}]},{\"@type\":\"ImageObject\",\"inLanguage\":\"en-US\",\"@id\":\"https:\\\/\\\/mtfactor.ee\\\/en?product=narrega-kruvikeeraja-otsakud-ph1-2-pz1-2-sl45-55-6tk#primaryimage\",\"url\":\"https:\\\/\\\/i0.wp.com\\\/mtfactor.ee\\\/wp-content\\\/uploads\\\/2023\\\/03\\\/7314153017642_1.jpg?fit=900%2C178&ssl=1\",\"contentUrl\":\"https:\\\/\\\/i0.wp.com\\\/mtfactor.ee\\\/wp-content\\\/uploads\\\/2023\\\/03\\\/7314153017642_1.jpg?fit=900%2C178&ssl=1\",\"width\":900,\"height\":178},{\"@type\":\"BreadcrumbList\",\"@id\":\"https:\\\/\\\/mtfactor.ee\\\/en?product=narrega-kruvikeeraja-otsakud-ph1-2-pz1-2-sl45-55-6tk#breadcrumb\",\"itemListElement\":[{\"@type\":\"ListItem\",\"position\":1,\"name\":\"Home\",\"item\":\"https:\\\/\\\/mtfactor.ee\\\/en\"},{\"@type\":\"ListItem\",\"position\":2,\"name\":\"Tooted\",\"item\":\"https:\\\/\\\/mtfactor.ee\\\/en?page_id=5\"},{\"@type\":\"ListItem\",\"position\":3,\"name\":\"Narrega kruvikeeraja + otsakud PH1\\\/2, PZ1\\\/2, SL4,5\\\/5,5 6tk\"}]},{\"@type\":\"WebSite\",\"@id\":\"https:\\\/\\\/mtfactor.ee\\\/en#website\",\"url\":\"https:\\\/\\\/mtfactor.ee\\\/en\",\"name\":\"MTFactor\",\"description\":\"T\u00f6\u00f6riided, T\u00f6\u00f6jalatsid, T\u00f6\u00f6kindad, Kaitsevahendid\",\"publisher\":{\"@id\":\"https:\\\/\\\/mtfactor.ee\\\/en#organization\"},\"potentialAction\":[{\"@type\":\"SearchAction\",\"target\":{\"@type\":\"EntryPoint\",\"urlTemplate\":\"https:\\\/\\\/mtfactor.ee\\\/en?s={search_term_string}\"},\"query-input\":{\"@type\":\"PropertyValueSpecification\",\"valueRequired\":true,\"valueName\":\"search_term_string\"}}],\"inLanguage\":\"en-US\"},{\"@type\":\"Organization\",\"@id\":\"https:\\\/\\\/mtfactor.ee\\\/en#organization\",\"name\":\"MTFactor\",\"url\":\"https:\\\/\\\/mtfactor.ee\\\/en\",\"logo\":{\"@type\":\"ImageObject\",\"inLanguage\":\"en-US\",\"@id\":\"https:\\\/\\\/mtfactor.ee\\\/en#\\\/schema\\\/logo\\\/image\\\/\",\"url\":\"https:\\\/\\\/mtfactor.ee\\\/wp-content\\\/uploads\\\/2022\\\/10\\\/logo-mtfactor.jpg\",\"contentUrl\":\"https:\\\/\\\/mtfactor.ee\\\/wp-content\\\/uploads\\\/2022\\\/10\\\/logo-mtfactor.jpg\",\"width\":1080,\"height\":1080,\"caption\":\"MTFactor\"},\"image\":{\"@id\":\"https:\\\/\\\/mtfactor.ee\\\/en#\\\/schema\\\/logo\\\/image\\\/\"}}]}<\/script>\n<!-- \/ Yoast SEO plugin. -->","yoast_head_json":{"title":"Narrega kruvikeeraja + otsakud PH1\/2, PZ1\/2, SL4,5\/5,5 6tk | MTfactor","description":"Narrega kruvikeeraja + otsakud PH1\/2, PZ1\/2, SL4,5\/5,5 6tk | MTfactor","robots":{"index":"index","follow":"follow","max-snippet":"max-snippet:-1","max-image-preview":"max-image-preview:large","max-video-preview":"max-video-preview:-1"},"canonical":"https:\/\/mtfactor.ee\/en?product=narrega-kruvikeeraja-otsakud-ph1-2-pz1-2-sl45-55-6tk","og_locale":"en_US","og_type":"article","og_title":"Narrega kruvikeeraja + otsakud PH1\/2, PZ1\/2, SL4,5\/5,5 6tk | MTfactor","og_description":"Narrega kruvikeeraja + otsakud PH1\/2, PZ1\/2, SL4,5\/5,5 6tk | MTfactor","og_url":"https:\/\/mtfactor.ee\/en?product=narrega-kruvikeeraja-otsakud-ph1-2-pz1-2-sl45-55-6tk","og_site_name":"MTfactor","og_image":[{"width":900,"height":178,"url":"https:\/\/i0.wp.com\/mtfactor.ee\/wp-content\/uploads\/2023\/03\/7314153017642_1.jpg?fit=900%2C178&ssl=1","type":"image\/jpeg"}],"twitter_card":"summary_large_image","schema":{"@context":"https:\/\/schema.org","@graph":[{"@type":["WebPage","ItemPage"],"@id":"https:\/\/mtfactor.ee\/en?product=narrega-kruvikeeraja-otsakud-ph1-2-pz1-2-sl45-55-6tk","url":"https:\/\/mtfactor.ee\/en?product=narrega-kruvikeeraja-otsakud-ph1-2-pz1-2-sl45-55-6tk","name":"Narrega kruvikeeraja + otsakud PH1\/2, PZ1\/2, SL4,5\/5,5 6tk | MTfactor","isPartOf":{"@id":"https:\/\/mtfactor.ee\/en#website"},"primaryImageOfPage":{"@id":"https:\/\/mtfactor.ee\/en?product=narrega-kruvikeeraja-otsakud-ph1-2-pz1-2-sl45-55-6tk#primaryimage"},"image":{"@id":"https:\/\/mtfactor.ee\/en?product=narrega-kruvikeeraja-otsakud-ph1-2-pz1-2-sl45-55-6tk#primaryimage"},"thumbnailUrl":"https:\/\/i0.wp.com\/mtfactor.ee\/wp-content\/uploads\/2023\/03\/7314153017642_1.jpg?fit=900%2C178&ssl=1","datePublished":"2023-03-07T08:14:54+00:00","description":"Narrega kruvikeeraja + otsakud PH1\/2, PZ1\/2, SL4,5\/5,5 6tk | MTfactor","breadcrumb":{"@id":"https:\/\/mtfactor.ee\/en?product=narrega-kruvikeeraja-otsakud-ph1-2-pz1-2-sl45-55-6tk#breadcrumb"},"inLanguage":"en-US","potentialAction":[{"@type":"ReadAction","target":["https:\/\/mtfactor.ee\/en?product=narrega-kruvikeeraja-otsakud-ph1-2-pz1-2-sl45-55-6tk"]}]},{"@type":"ImageObject","inLanguage":"en-US","@id":"https:\/\/mtfactor.ee\/en?product=narrega-kruvikeeraja-otsakud-ph1-2-pz1-2-sl45-55-6tk#primaryimage","url":"https:\/\/i0.wp.com\/mtfactor.ee\/wp-content\/uploads\/2023\/03\/7314153017642_1.jpg?fit=900%2C178&ssl=1","contentUrl":"https:\/\/i0.wp.com\/mtfactor.ee\/wp-content\/uploads\/2023\/03\/7314153017642_1.jpg?fit=900%2C178&ssl=1","width":900,"height":178},{"@type":"BreadcrumbList","@id":"https:\/\/mtfactor.ee\/en?product=narrega-kruvikeeraja-otsakud-ph1-2-pz1-2-sl45-55-6tk#breadcrumb","itemListElement":[{"@type":"ListItem","position":1,"name":"Home","item":"https:\/\/mtfactor.ee\/en"},{"@type":"ListItem","position":2,"name":"Tooted","item":"https:\/\/mtfactor.ee\/en?page_id=5"},{"@type":"ListItem","position":3,"name":"Narrega kruvikeeraja + otsakud PH1\/2, PZ1\/2, SL4,5\/5,5 6tk"}]},{"@type":"WebSite","@id":"https:\/\/mtfactor.ee\/en#website","url":"https:\/\/mtfactor.ee\/en","name":"MTFactor","description":"T\u00f6\u00f6riided, T\u00f6\u00f6jalatsid, T\u00f6\u00f6kindad, Kaitsevahendid","publisher":{"@id":"https:\/\/mtfactor.ee\/en#organization"},"potentialAction":[{"@type":"SearchAction","target":{"@type":"EntryPoint","urlTemplate":"https:\/\/mtfactor.ee\/en?s={search_term_string}"},"query-input":{"@type":"PropertyValueSpecification","valueRequired":true,"valueName":"search_term_string"}}],"inLanguage":"en-US"},{"@type":"Organization","@id":"https:\/\/mtfactor.ee\/en#organization","name":"MTFactor","url":"https:\/\/mtfactor.ee\/en","logo":{"@type":"ImageObject","inLanguage":"en-US","@id":"https:\/\/mtfactor.ee\/en#\/schema\/logo\/image\/","url":"https:\/\/mtfactor.ee\/wp-content\/uploads\/2022\/10\/logo-mtfactor.jpg","contentUrl":"https:\/\/mtfactor.ee\/wp-content\/uploads\/2022\/10\/logo-mtfactor.jpg","width":1080,"height":1080,"caption":"MTFactor"},"image":{"@id":"https:\/\/mtfactor.ee\/en#\/schema\/logo\/image\/"}}]}},"jetpack-related-posts":[],"jetpack_sharing_enabled":true,"_links":{"self":[{"href":"https:\/\/mtfactor.ee\/en\/index.php?rest_route=\/wp\/v2\/product\/13085","targetHints":{"allow":["GET"]}}],"collection":[{"href":"https:\/\/mtfactor.ee\/en\/index.php?rest_route=\/wp\/v2\/product"}],"about":[{"href":"https:\/\/mtfactor.ee\/en\/index.php?rest_route=\/wp\/v2\/types\/product"}],"replies":[{"embeddable":true,"href":"https:\/\/mtfactor.ee\/en\/index.php?rest_route=%2Fwp%2Fv2%2Fcomments&post=13085"}],"wp:featuredmedia":[{"embeddable":true,"href":"https:\/\/mtfactor.ee\/en\/index.php?rest_route=\/wp\/v2\/media\/13086"}],"wp:attachment":[{"href":"https:\/\/mtfactor.ee\/en\/index.php?rest_route=%2Fwp%2Fv2%2Fmedia&parent=13085"}],"wp:term":[{"taxonomy":"product_brand","embeddable":true,"href":"https:\/\/mtfactor.ee\/en\/index.php?rest_route=%2Fwp%2Fv2%2Fproduct_brand&post=13085"},{"taxonomy":"product_cat","embeddable":true,"href":"https:\/\/mtfactor.ee\/en\/index.php?rest_route=%2Fwp%2Fv2%2Fproduct_cat&post=13085"},{"taxonomy":"product_tag","embeddable":true,"href":"https:\/\/mtfactor.ee\/en\/index.php?rest_route=%2Fwp%2Fv2%2Fproduct_tag&post=13085"}],"curies":[{"name":"wp","href":"https:\/\/api.w.org\/{rel}","templated":true}]}}