{"id":12994,"date":"2023-03-07T09:09:05","date_gmt":"2023-03-07T07:09:05","guid":{"rendered":"https:\/\/mtfactor.ee\/?post_type=product&#038;p=12994"},"modified":"2023-03-07T09:09:05","modified_gmt":"2023-03-07T07:09:05","slug":"padrunite-ja-otsakute-kmpl-4-13mm-46-osa-1-4","status":"publish","type":"product","link":"https:\/\/mtfactor.ee\/en?product=padrunite-ja-otsakute-kmpl-4-13mm-46-osa-1-4","title":{"rendered":"Padrunite ja otsakute kmpl 4-13mm 46 osa 1\/4&#8243;"},"content":{"rendered":"<p>\u2022 12 tk 1\/4&#8243; kuuskant-padrunv\u00f5tit 4, 4,5, 5, 5,5, 6, 7, 8, 9, 10, 11, 12 ja 13 mm<br \/>\n\u2022 1 tk 1\/4&#8243; kiirvabastusega narre, 60 hammast\/6\u00b0 toimenurk<br \/>\n\u2022 4 tk 1\/4&#8243; ristpea-padrunotsakut, PH1, PH2, PH3 ja PH4<br \/>\n\u2022 3 tk 1\/4&#8243; lapik-padrunotsakut, 4, 5,5 ja 7 mm<br \/>\n\u2022 6 tk 1\/4&#8243; kuuskant-padrunotsakut, 3, 4, 5, 6, 8 ja 10 mm<br \/>\n\u2022 7 tk 1\/4&#8243; padrunotsakut, T8, T10, T15, T20, T25, T27 ja T30<br \/>\n\u2022 3 tk 1\/4&#8243; TORX\u00ae-padrunit: E6, 7 ja 8<br \/>\n\u2022 1 tk 1\/4&#8243; p\u00f6\u00f6ramisketas<br \/>\n\u2022 2 tk 1\/4&#8243; pikendust, 2&#8243; ja 4&#8243;<br \/>\n\u2022 1 tk 1\/4&#8243; libisev T-saba<br \/>\n\u2022 1 tk 1\/4&#8243; kardaan<br \/>\n\u2022 1 tk 1\/4&#8243; kahekomponendilise pidemega kruvikeeraja k\u00e4epide<br \/>\n\u2022 1 tk 1\/4&#8243; painduv pikendus, 150 mm\/6&#8243;<br \/>\n\u2022 3 tk L-kujulist v\u00f5tit, kuuskant: 1,5, 2 ja 2,5 mm<br \/>\n\u2022 3 tk eemaldatavat kolmeosalist kaanega plastkarpi<br \/>\n\u2022 Matt viimistlus<br \/>\n\u2022 K\u00f5rgtehnoloogiline legeeritud teras<br \/>\n\u2022 Kinnitite aeglasem kulumine ja v\u00e4hem kahjustusi t\u00e4nu Dynamic-Drive\u2122-i profiiliga padrunitele<br \/>\n\u2022 Padruni kiirvabastusnupp narrel<br \/>\n\u2022 Karp: suure tihedusega pol\u00fcet\u00fcleen (HDPE)<br \/>\n\u2022 Standardid: ISO 1174 ja DIN 3120<\/p>\n","protected":false},"excerpt":{"rendered":"<p>\u2022 12 tk 1\/4&#8243; kuuskant-padrunv\u00f5tit 4, 4,5, 5, 5,5, 6, 7, 8, 9, 10, 11, 12 ja 13 mm \u2022<\/p>\n","protected":false},"featured_media":12995,"comment_status":"closed","ping_status":"closed","template":"","meta":[],"product_brand":[],"product_cat":[312],"product_tag":[],"class_list":{"0":"post-12994","1":"product","2":"type-product","3":"status-publish","4":"has-post-thumbnail","6":"product_cat-padrunid","8":"first","9":"instock","10":"taxable","11":"shipping-taxable","12":"purchasable","13":"product-type-simple"},"yoast_head":"<!-- This site is optimized with the Yoast SEO plugin v27.3 - https:\/\/yoast.com\/product\/yoast-seo-wordpress\/ -->\n<title>Padrunite ja otsakute kmpl 4-13mm 46 osa 1\/4&quot; | MTfactor<\/title>\n<meta name=\"description\" content=\"Padrunite ja otsakute kmpl 4-13mm 46 osa 1\/4&quot; | MTfactor\" \/>\n<meta name=\"robots\" content=\"index, follow, max-snippet:-1, max-image-preview:large, max-video-preview:-1\" \/>\n<link rel=\"canonical\" href=\"https:\/\/mtfactor.ee\/en?product=padrunite-ja-otsakute-kmpl-4-13mm-46-osa-1-4\" \/>\n<meta property=\"og:locale\" content=\"en_US\" \/>\n<meta property=\"og:type\" content=\"article\" \/>\n<meta property=\"og:title\" content=\"Padrunite ja otsakute kmpl 4-13mm 46 osa 1\/4&quot; | MTfactor\" \/>\n<meta property=\"og:description\" content=\"Padrunite ja otsakute kmpl 4-13mm 46 osa 1\/4&quot; | MTfactor\" \/>\n<meta property=\"og:url\" content=\"https:\/\/mtfactor.ee\/en?product=padrunite-ja-otsakute-kmpl-4-13mm-46-osa-1-4\" \/>\n<meta property=\"og:site_name\" content=\"MTfactor\" \/>\n<meta property=\"og:image\" content=\"https:\/\/i0.wp.com\/mtfactor.ee\/wp-content\/uploads\/2023\/03\/s460.jpg?fit=500%2C375&ssl=1\" \/>\n\t<meta property=\"og:image:width\" content=\"500\" \/>\n\t<meta property=\"og:image:height\" content=\"375\" \/>\n\t<meta property=\"og:image:type\" content=\"image\/jpeg\" \/>\n<meta name=\"twitter:card\" content=\"summary_large_image\" \/>\n<meta name=\"twitter:label1\" content=\"Est. reading time\" \/>\n\t<meta name=\"twitter:data1\" content=\"1 minute\" \/>\n<script type=\"application\/ld+json\" class=\"yoast-schema-graph\">{\"@context\":\"https:\\\/\\\/schema.org\",\"@graph\":[{\"@type\":[\"WebPage\",\"ItemPage\"],\"@id\":\"https:\\\/\\\/mtfactor.ee\\\/en?product=padrunite-ja-otsakute-kmpl-4-13mm-46-osa-1-4\",\"url\":\"https:\\\/\\\/mtfactor.ee\\\/en?product=padrunite-ja-otsakute-kmpl-4-13mm-46-osa-1-4\",\"name\":\"Padrunite ja otsakute kmpl 4-13mm 46 osa 1\\\/4\\\" | MTfactor\",\"isPartOf\":{\"@id\":\"https:\\\/\\\/mtfactor.ee\\\/en#website\"},\"primaryImageOfPage\":{\"@id\":\"https:\\\/\\\/mtfactor.ee\\\/en?product=padrunite-ja-otsakute-kmpl-4-13mm-46-osa-1-4#primaryimage\"},\"image\":{\"@id\":\"https:\\\/\\\/mtfactor.ee\\\/en?product=padrunite-ja-otsakute-kmpl-4-13mm-46-osa-1-4#primaryimage\"},\"thumbnailUrl\":\"https:\\\/\\\/i0.wp.com\\\/mtfactor.ee\\\/wp-content\\\/uploads\\\/2023\\\/03\\\/s460.jpg?fit=500%2C375&ssl=1\",\"datePublished\":\"2023-03-07T07:09:05+00:00\",\"description\":\"Padrunite ja otsakute kmpl 4-13mm 46 osa 1\\\/4\\\" | MTfactor\",\"breadcrumb\":{\"@id\":\"https:\\\/\\\/mtfactor.ee\\\/en?product=padrunite-ja-otsakute-kmpl-4-13mm-46-osa-1-4#breadcrumb\"},\"inLanguage\":\"en-US\",\"potentialAction\":[{\"@type\":\"ReadAction\",\"target\":[\"https:\\\/\\\/mtfactor.ee\\\/en?product=padrunite-ja-otsakute-kmpl-4-13mm-46-osa-1-4\"]}]},{\"@type\":\"ImageObject\",\"inLanguage\":\"en-US\",\"@id\":\"https:\\\/\\\/mtfactor.ee\\\/en?product=padrunite-ja-otsakute-kmpl-4-13mm-46-osa-1-4#primaryimage\",\"url\":\"https:\\\/\\\/i0.wp.com\\\/mtfactor.ee\\\/wp-content\\\/uploads\\\/2023\\\/03\\\/s460.jpg?fit=500%2C375&ssl=1\",\"contentUrl\":\"https:\\\/\\\/i0.wp.com\\\/mtfactor.ee\\\/wp-content\\\/uploads\\\/2023\\\/03\\\/s460.jpg?fit=500%2C375&ssl=1\",\"width\":500,\"height\":375},{\"@type\":\"BreadcrumbList\",\"@id\":\"https:\\\/\\\/mtfactor.ee\\\/en?product=padrunite-ja-otsakute-kmpl-4-13mm-46-osa-1-4#breadcrumb\",\"itemListElement\":[{\"@type\":\"ListItem\",\"position\":1,\"name\":\"Home\",\"item\":\"https:\\\/\\\/mtfactor.ee\\\/en\"},{\"@type\":\"ListItem\",\"position\":2,\"name\":\"Tooted\",\"item\":\"https:\\\/\\\/mtfactor.ee\\\/en?page_id=5\"},{\"@type\":\"ListItem\",\"position\":3,\"name\":\"Padrunite ja otsakute kmpl 4-13mm 46 osa 1\\\/4&#8243;\"}]},{\"@type\":\"WebSite\",\"@id\":\"https:\\\/\\\/mtfactor.ee\\\/en#website\",\"url\":\"https:\\\/\\\/mtfactor.ee\\\/en\",\"name\":\"MTFactor\",\"description\":\"T\u00f6\u00f6riided, T\u00f6\u00f6jalatsid, T\u00f6\u00f6kindad, Kaitsevahendid\",\"publisher\":{\"@id\":\"https:\\\/\\\/mtfactor.ee\\\/en#organization\"},\"potentialAction\":[{\"@type\":\"SearchAction\",\"target\":{\"@type\":\"EntryPoint\",\"urlTemplate\":\"https:\\\/\\\/mtfactor.ee\\\/en?s={search_term_string}\"},\"query-input\":{\"@type\":\"PropertyValueSpecification\",\"valueRequired\":true,\"valueName\":\"search_term_string\"}}],\"inLanguage\":\"en-US\"},{\"@type\":\"Organization\",\"@id\":\"https:\\\/\\\/mtfactor.ee\\\/en#organization\",\"name\":\"MTFactor\",\"url\":\"https:\\\/\\\/mtfactor.ee\\\/en\",\"logo\":{\"@type\":\"ImageObject\",\"inLanguage\":\"en-US\",\"@id\":\"https:\\\/\\\/mtfactor.ee\\\/en#\\\/schema\\\/logo\\\/image\\\/\",\"url\":\"https:\\\/\\\/mtfactor.ee\\\/wp-content\\\/uploads\\\/2022\\\/10\\\/logo-mtfactor.jpg\",\"contentUrl\":\"https:\\\/\\\/mtfactor.ee\\\/wp-content\\\/uploads\\\/2022\\\/10\\\/logo-mtfactor.jpg\",\"width\":1080,\"height\":1080,\"caption\":\"MTFactor\"},\"image\":{\"@id\":\"https:\\\/\\\/mtfactor.ee\\\/en#\\\/schema\\\/logo\\\/image\\\/\"}}]}<\/script>\n<!-- \/ Yoast SEO plugin. -->","yoast_head_json":{"title":"Padrunite ja otsakute kmpl 4-13mm 46 osa 1\/4\" | MTfactor","description":"Padrunite ja otsakute kmpl 4-13mm 46 osa 1\/4\" | MTfactor","robots":{"index":"index","follow":"follow","max-snippet":"max-snippet:-1","max-image-preview":"max-image-preview:large","max-video-preview":"max-video-preview:-1"},"canonical":"https:\/\/mtfactor.ee\/en?product=padrunite-ja-otsakute-kmpl-4-13mm-46-osa-1-4","og_locale":"en_US","og_type":"article","og_title":"Padrunite ja otsakute kmpl 4-13mm 46 osa 1\/4\" | MTfactor","og_description":"Padrunite ja otsakute kmpl 4-13mm 46 osa 1\/4\" | MTfactor","og_url":"https:\/\/mtfactor.ee\/en?product=padrunite-ja-otsakute-kmpl-4-13mm-46-osa-1-4","og_site_name":"MTfactor","og_image":[{"width":500,"height":375,"url":"https:\/\/i0.wp.com\/mtfactor.ee\/wp-content\/uploads\/2023\/03\/s460.jpg?fit=500%2C375&ssl=1","type":"image\/jpeg"}],"twitter_card":"summary_large_image","twitter_misc":{"Est. reading time":"1 minute"},"schema":{"@context":"https:\/\/schema.org","@graph":[{"@type":["WebPage","ItemPage"],"@id":"https:\/\/mtfactor.ee\/en?product=padrunite-ja-otsakute-kmpl-4-13mm-46-osa-1-4","url":"https:\/\/mtfactor.ee\/en?product=padrunite-ja-otsakute-kmpl-4-13mm-46-osa-1-4","name":"Padrunite ja otsakute kmpl 4-13mm 46 osa 1\/4\" | MTfactor","isPartOf":{"@id":"https:\/\/mtfactor.ee\/en#website"},"primaryImageOfPage":{"@id":"https:\/\/mtfactor.ee\/en?product=padrunite-ja-otsakute-kmpl-4-13mm-46-osa-1-4#primaryimage"},"image":{"@id":"https:\/\/mtfactor.ee\/en?product=padrunite-ja-otsakute-kmpl-4-13mm-46-osa-1-4#primaryimage"},"thumbnailUrl":"https:\/\/i0.wp.com\/mtfactor.ee\/wp-content\/uploads\/2023\/03\/s460.jpg?fit=500%2C375&ssl=1","datePublished":"2023-03-07T07:09:05+00:00","description":"Padrunite ja otsakute kmpl 4-13mm 46 osa 1\/4\" | MTfactor","breadcrumb":{"@id":"https:\/\/mtfactor.ee\/en?product=padrunite-ja-otsakute-kmpl-4-13mm-46-osa-1-4#breadcrumb"},"inLanguage":"en-US","potentialAction":[{"@type":"ReadAction","target":["https:\/\/mtfactor.ee\/en?product=padrunite-ja-otsakute-kmpl-4-13mm-46-osa-1-4"]}]},{"@type":"ImageObject","inLanguage":"en-US","@id":"https:\/\/mtfactor.ee\/en?product=padrunite-ja-otsakute-kmpl-4-13mm-46-osa-1-4#primaryimage","url":"https:\/\/i0.wp.com\/mtfactor.ee\/wp-content\/uploads\/2023\/03\/s460.jpg?fit=500%2C375&ssl=1","contentUrl":"https:\/\/i0.wp.com\/mtfactor.ee\/wp-content\/uploads\/2023\/03\/s460.jpg?fit=500%2C375&ssl=1","width":500,"height":375},{"@type":"BreadcrumbList","@id":"https:\/\/mtfactor.ee\/en?product=padrunite-ja-otsakute-kmpl-4-13mm-46-osa-1-4#breadcrumb","itemListElement":[{"@type":"ListItem","position":1,"name":"Home","item":"https:\/\/mtfactor.ee\/en"},{"@type":"ListItem","position":2,"name":"Tooted","item":"https:\/\/mtfactor.ee\/en?page_id=5"},{"@type":"ListItem","position":3,"name":"Padrunite ja otsakute kmpl 4-13mm 46 osa 1\/4&#8243;"}]},{"@type":"WebSite","@id":"https:\/\/mtfactor.ee\/en#website","url":"https:\/\/mtfactor.ee\/en","name":"MTFactor","description":"T\u00f6\u00f6riided, T\u00f6\u00f6jalatsid, T\u00f6\u00f6kindad, Kaitsevahendid","publisher":{"@id":"https:\/\/mtfactor.ee\/en#organization"},"potentialAction":[{"@type":"SearchAction","target":{"@type":"EntryPoint","urlTemplate":"https:\/\/mtfactor.ee\/en?s={search_term_string}"},"query-input":{"@type":"PropertyValueSpecification","valueRequired":true,"valueName":"search_term_string"}}],"inLanguage":"en-US"},{"@type":"Organization","@id":"https:\/\/mtfactor.ee\/en#organization","name":"MTFactor","url":"https:\/\/mtfactor.ee\/en","logo":{"@type":"ImageObject","inLanguage":"en-US","@id":"https:\/\/mtfactor.ee\/en#\/schema\/logo\/image\/","url":"https:\/\/mtfactor.ee\/wp-content\/uploads\/2022\/10\/logo-mtfactor.jpg","contentUrl":"https:\/\/mtfactor.ee\/wp-content\/uploads\/2022\/10\/logo-mtfactor.jpg","width":1080,"height":1080,"caption":"MTFactor"},"image":{"@id":"https:\/\/mtfactor.ee\/en#\/schema\/logo\/image\/"}}]}},"jetpack-related-posts":[],"jetpack_sharing_enabled":true,"_links":{"self":[{"href":"https:\/\/mtfactor.ee\/en\/index.php?rest_route=\/wp\/v2\/product\/12994","targetHints":{"allow":["GET"]}}],"collection":[{"href":"https:\/\/mtfactor.ee\/en\/index.php?rest_route=\/wp\/v2\/product"}],"about":[{"href":"https:\/\/mtfactor.ee\/en\/index.php?rest_route=\/wp\/v2\/types\/product"}],"replies":[{"embeddable":true,"href":"https:\/\/mtfactor.ee\/en\/index.php?rest_route=%2Fwp%2Fv2%2Fcomments&post=12994"}],"wp:featuredmedia":[{"embeddable":true,"href":"https:\/\/mtfactor.ee\/en\/index.php?rest_route=\/wp\/v2\/media\/12995"}],"wp:attachment":[{"href":"https:\/\/mtfactor.ee\/en\/index.php?rest_route=%2Fwp%2Fv2%2Fmedia&parent=12994"}],"wp:term":[{"taxonomy":"product_brand","embeddable":true,"href":"https:\/\/mtfactor.ee\/en\/index.php?rest_route=%2Fwp%2Fv2%2Fproduct_brand&post=12994"},{"taxonomy":"product_cat","embeddable":true,"href":"https:\/\/mtfactor.ee\/en\/index.php?rest_route=%2Fwp%2Fv2%2Fproduct_cat&post=12994"},{"taxonomy":"product_tag","embeddable":true,"href":"https:\/\/mtfactor.ee\/en\/index.php?rest_route=%2Fwp%2Fv2%2Fproduct_tag&post=12994"}],"curies":[{"name":"wp","href":"https:\/\/api.w.org\/{rel}","templated":true}]}}