{"id":12768,"date":"2022-12-16T10:19:59","date_gmt":"2022-12-16T08:19:59","guid":{"rendered":"https:\/\/mtfactor.ee\/?post_type=product&#038;p=12768"},"modified":"2023-05-06T16:34:55","modified_gmt":"2023-05-06T13:34:55","slug":"termovormitud-higipaelad-basgamma","status":"publish","type":"product","link":"https:\/\/mtfactor.ee\/en?product=termovormitud-higipaelad-basgamma","title":{"rendered":"Termovormitud higipaelad BASGAMMA"},"content":{"rendered":"<p>Termovormitud higipaelte komplekt. Sobib QUARTZ UP, SUPER QUARTZ, BASEBALL DIAMOND ja GRANITE kaitsekiivritele.<br \/>\nSee \u00fcksus ei ole isikukaitsevahend vaid kaitsekiivrite tarvik (GRANITE PEAK &amp; WIND, BASEBELL DIAMOND, SUPER QUARTZ, QUARTZ, QUARTZ UP).<br \/>\nNailon\/r\u00e4tik.<\/p>\n","protected":false},"excerpt":{"rendered":"<p>Termovormitud higipaelte komplekt. Sobib QUARTZ UP, SUPER QUARTZ, BASEBALL DIAMOND ja GRANITE kaitsekiivritele. See \u00fcksus ei ole isikukaitsevahend vaid kaitsekiivrite<\/p>\n","protected":false},"featured_media":12770,"comment_status":"closed","ping_status":"closed","template":"","meta":[],"product_brand":[],"product_cat":[110,69,75,280],"product_tag":[],"class_list":{"0":"post-12768","1":"product","2":"type-product","3":"status-publish","4":"has-post-thumbnail","6":"product_cat-erinevad-toostusharud","7":"product_cat-isikukaitsevahendid","8":"product_cat-peakaitse","9":"product_cat-tooriided-turvajalanoud-ja-tooriistad-mtfactor","11":"first","12":"instock","13":"taxable","14":"shipping-taxable","15":"purchasable","16":"product-type-simple"},"yoast_head":"<!-- This site is optimized with the Yoast SEO plugin v27.4 - https:\/\/yoast.com\/product\/yoast-seo-wordpress\/ -->\n<title>T\u00f6\u00f6riided, turvajalan\u00f5ud ja t\u00f6\u00f6riistad - MTfactor<\/title>\n<meta name=\"description\" content=\"Termovormitud higipaelte komplekt. Sobib QUARTZ UP, SUPER QUARTZ, BASEBALL DIAMOND ja GRANITE kaitsekiivritele. L\u00e4hemalt MTFactor lehel.\" \/>\n<meta name=\"robots\" content=\"index, follow, max-snippet:-1, max-image-preview:large, max-video-preview:-1\" \/>\n<link rel=\"canonical\" href=\"https:\/\/mtfactor.ee\/en?product=termovormitud-higipaelad-basgamma\" \/>\n<meta property=\"og:locale\" content=\"en_US\" \/>\n<meta property=\"og:type\" content=\"article\" \/>\n<meta property=\"og:title\" content=\"T\u00f6\u00f6riided, turvajalan\u00f5ud ja t\u00f6\u00f6riistad - MTfactor\" \/>\n<meta property=\"og:description\" content=\"Termovormitud higipaelte komplekt. Sobib QUARTZ UP, SUPER QUARTZ, BASEBALL DIAMOND ja GRANITE kaitsekiivritele. L\u00e4hemalt MTFactor lehel.\" \/>\n<meta property=\"og:url\" content=\"https:\/\/mtfactor.ee\/en?product=termovormitud-higipaelad-basgamma\" \/>\n<meta property=\"og:site_name\" content=\"MTfactor\" \/>\n<meta property=\"article:modified_time\" content=\"2023-05-06T13:34:55+00:00\" \/>\n<meta property=\"og:image\" content=\"https:\/\/i0.wp.com\/mtfactor.ee\/wp-content\/uploads\/2022\/12\/BASGAMMA.jpg?fit=800%2C800&ssl=1\" \/>\n\t<meta property=\"og:image:width\" content=\"800\" \/>\n\t<meta property=\"og:image:height\" content=\"800\" \/>\n\t<meta property=\"og:image:type\" content=\"image\/jpeg\" \/>\n<meta name=\"twitter:card\" content=\"summary_large_image\" \/>\n<meta name=\"twitter:label1\" content=\"Est. reading time\" \/>\n\t<meta name=\"twitter:data1\" content=\"1 minute\" \/>\n<script type=\"application\/ld+json\" class=\"yoast-schema-graph\">{\"@context\":\"https:\\\/\\\/schema.org\",\"@graph\":[{\"@type\":[\"WebPage\",\"ItemPage\"],\"@id\":\"https:\\\/\\\/mtfactor.ee\\\/en?product=termovormitud-higipaelad-basgamma\",\"url\":\"https:\\\/\\\/mtfactor.ee\\\/en?product=termovormitud-higipaelad-basgamma\",\"name\":\"T\u00f6\u00f6riided, turvajalan\u00f5ud ja t\u00f6\u00f6riistad - MTfactor\",\"isPartOf\":{\"@id\":\"https:\\\/\\\/mtfactor.ee\\\/en#website\"},\"primaryImageOfPage\":{\"@id\":\"https:\\\/\\\/mtfactor.ee\\\/en?product=termovormitud-higipaelad-basgamma#primaryimage\"},\"image\":{\"@id\":\"https:\\\/\\\/mtfactor.ee\\\/en?product=termovormitud-higipaelad-basgamma#primaryimage\"},\"thumbnailUrl\":\"https:\\\/\\\/i0.wp.com\\\/mtfactor.ee\\\/wp-content\\\/uploads\\\/2022\\\/12\\\/BASGAMMA.jpg?fit=800%2C800&ssl=1\",\"datePublished\":\"2022-12-16T08:19:59+00:00\",\"dateModified\":\"2023-05-06T13:34:55+00:00\",\"description\":\"Termovormitud higipaelte komplekt. Sobib QUARTZ UP, SUPER QUARTZ, BASEBALL DIAMOND ja GRANITE kaitsekiivritele. L\u00e4hemalt MTFactor lehel.\",\"breadcrumb\":{\"@id\":\"https:\\\/\\\/mtfactor.ee\\\/en?product=termovormitud-higipaelad-basgamma#breadcrumb\"},\"inLanguage\":\"en-US\",\"potentialAction\":[{\"@type\":\"ReadAction\",\"target\":[\"https:\\\/\\\/mtfactor.ee\\\/en?product=termovormitud-higipaelad-basgamma\"]}]},{\"@type\":\"ImageObject\",\"inLanguage\":\"en-US\",\"@id\":\"https:\\\/\\\/mtfactor.ee\\\/en?product=termovormitud-higipaelad-basgamma#primaryimage\",\"url\":\"https:\\\/\\\/i0.wp.com\\\/mtfactor.ee\\\/wp-content\\\/uploads\\\/2022\\\/12\\\/BASGAMMA.jpg?fit=800%2C800&ssl=1\",\"contentUrl\":\"https:\\\/\\\/i0.wp.com\\\/mtfactor.ee\\\/wp-content\\\/uploads\\\/2022\\\/12\\\/BASGAMMA.jpg?fit=800%2C800&ssl=1\",\"width\":800,\"height\":800,\"caption\":\"Termovormitud higipaelad BASGAMMA\"},{\"@type\":\"BreadcrumbList\",\"@id\":\"https:\\\/\\\/mtfactor.ee\\\/en?product=termovormitud-higipaelad-basgamma#breadcrumb\",\"itemListElement\":[{\"@type\":\"ListItem\",\"position\":1,\"name\":\"Home\",\"item\":\"https:\\\/\\\/mtfactor.ee\\\/en\"},{\"@type\":\"ListItem\",\"position\":2,\"name\":\"Tooted\",\"item\":\"https:\\\/\\\/mtfactor.ee\\\/en?page_id=5\"},{\"@type\":\"ListItem\",\"position\":3,\"name\":\"Termovormitud higipaelad BASGAMMA\"}]},{\"@type\":\"WebSite\",\"@id\":\"https:\\\/\\\/mtfactor.ee\\\/en#website\",\"url\":\"https:\\\/\\\/mtfactor.ee\\\/en\",\"name\":\"MTFactor\",\"description\":\"T\u00f6\u00f6riided, T\u00f6\u00f6jalatsid, T\u00f6\u00f6kindad, Kaitsevahendid\",\"publisher\":{\"@id\":\"https:\\\/\\\/mtfactor.ee\\\/en#organization\"},\"potentialAction\":[{\"@type\":\"SearchAction\",\"target\":{\"@type\":\"EntryPoint\",\"urlTemplate\":\"https:\\\/\\\/mtfactor.ee\\\/en?s={search_term_string}\"},\"query-input\":{\"@type\":\"PropertyValueSpecification\",\"valueRequired\":true,\"valueName\":\"search_term_string\"}}],\"inLanguage\":\"en-US\"},{\"@type\":\"Organization\",\"@id\":\"https:\\\/\\\/mtfactor.ee\\\/en#organization\",\"name\":\"MTFactor\",\"url\":\"https:\\\/\\\/mtfactor.ee\\\/en\",\"logo\":{\"@type\":\"ImageObject\",\"inLanguage\":\"en-US\",\"@id\":\"https:\\\/\\\/mtfactor.ee\\\/en#\\\/schema\\\/logo\\\/image\\\/\",\"url\":\"https:\\\/\\\/mtfactor.ee\\\/wp-content\\\/uploads\\\/2022\\\/10\\\/logo-mtfactor.jpg\",\"contentUrl\":\"https:\\\/\\\/mtfactor.ee\\\/wp-content\\\/uploads\\\/2022\\\/10\\\/logo-mtfactor.jpg\",\"width\":1080,\"height\":1080,\"caption\":\"MTFactor\"},\"image\":{\"@id\":\"https:\\\/\\\/mtfactor.ee\\\/en#\\\/schema\\\/logo\\\/image\\\/\"}}]}<\/script>\n<!-- \/ Yoast SEO plugin. -->","yoast_head_json":{"title":"T\u00f6\u00f6riided, turvajalan\u00f5ud ja t\u00f6\u00f6riistad - MTfactor","description":"Termovormitud higipaelte komplekt. Sobib QUARTZ UP, SUPER QUARTZ, BASEBALL DIAMOND ja GRANITE kaitsekiivritele. L\u00e4hemalt MTFactor lehel.","robots":{"index":"index","follow":"follow","max-snippet":"max-snippet:-1","max-image-preview":"max-image-preview:large","max-video-preview":"max-video-preview:-1"},"canonical":"https:\/\/mtfactor.ee\/en?product=termovormitud-higipaelad-basgamma","og_locale":"en_US","og_type":"article","og_title":"T\u00f6\u00f6riided, turvajalan\u00f5ud ja t\u00f6\u00f6riistad - MTfactor","og_description":"Termovormitud higipaelte komplekt. Sobib QUARTZ UP, SUPER QUARTZ, BASEBALL DIAMOND ja GRANITE kaitsekiivritele. L\u00e4hemalt MTFactor lehel.","og_url":"https:\/\/mtfactor.ee\/en?product=termovormitud-higipaelad-basgamma","og_site_name":"MTfactor","article_modified_time":"2023-05-06T13:34:55+00:00","og_image":[{"width":800,"height":800,"url":"https:\/\/i0.wp.com\/mtfactor.ee\/wp-content\/uploads\/2022\/12\/BASGAMMA.jpg?fit=800%2C800&ssl=1","type":"image\/jpeg"}],"twitter_card":"summary_large_image","twitter_misc":{"Est. reading time":"1 minute"},"schema":{"@context":"https:\/\/schema.org","@graph":[{"@type":["WebPage","ItemPage"],"@id":"https:\/\/mtfactor.ee\/en?product=termovormitud-higipaelad-basgamma","url":"https:\/\/mtfactor.ee\/en?product=termovormitud-higipaelad-basgamma","name":"T\u00f6\u00f6riided, turvajalan\u00f5ud ja t\u00f6\u00f6riistad - MTfactor","isPartOf":{"@id":"https:\/\/mtfactor.ee\/en#website"},"primaryImageOfPage":{"@id":"https:\/\/mtfactor.ee\/en?product=termovormitud-higipaelad-basgamma#primaryimage"},"image":{"@id":"https:\/\/mtfactor.ee\/en?product=termovormitud-higipaelad-basgamma#primaryimage"},"thumbnailUrl":"https:\/\/i0.wp.com\/mtfactor.ee\/wp-content\/uploads\/2022\/12\/BASGAMMA.jpg?fit=800%2C800&ssl=1","datePublished":"2022-12-16T08:19:59+00:00","dateModified":"2023-05-06T13:34:55+00:00","description":"Termovormitud higipaelte komplekt. Sobib QUARTZ UP, SUPER QUARTZ, BASEBALL DIAMOND ja GRANITE kaitsekiivritele. L\u00e4hemalt MTFactor lehel.","breadcrumb":{"@id":"https:\/\/mtfactor.ee\/en?product=termovormitud-higipaelad-basgamma#breadcrumb"},"inLanguage":"en-US","potentialAction":[{"@type":"ReadAction","target":["https:\/\/mtfactor.ee\/en?product=termovormitud-higipaelad-basgamma"]}]},{"@type":"ImageObject","inLanguage":"en-US","@id":"https:\/\/mtfactor.ee\/en?product=termovormitud-higipaelad-basgamma#primaryimage","url":"https:\/\/i0.wp.com\/mtfactor.ee\/wp-content\/uploads\/2022\/12\/BASGAMMA.jpg?fit=800%2C800&ssl=1","contentUrl":"https:\/\/i0.wp.com\/mtfactor.ee\/wp-content\/uploads\/2022\/12\/BASGAMMA.jpg?fit=800%2C800&ssl=1","width":800,"height":800,"caption":"Termovormitud higipaelad BASGAMMA"},{"@type":"BreadcrumbList","@id":"https:\/\/mtfactor.ee\/en?product=termovormitud-higipaelad-basgamma#breadcrumb","itemListElement":[{"@type":"ListItem","position":1,"name":"Home","item":"https:\/\/mtfactor.ee\/en"},{"@type":"ListItem","position":2,"name":"Tooted","item":"https:\/\/mtfactor.ee\/en?page_id=5"},{"@type":"ListItem","position":3,"name":"Termovormitud higipaelad BASGAMMA"}]},{"@type":"WebSite","@id":"https:\/\/mtfactor.ee\/en#website","url":"https:\/\/mtfactor.ee\/en","name":"MTFactor","description":"T\u00f6\u00f6riided, T\u00f6\u00f6jalatsid, T\u00f6\u00f6kindad, Kaitsevahendid","publisher":{"@id":"https:\/\/mtfactor.ee\/en#organization"},"potentialAction":[{"@type":"SearchAction","target":{"@type":"EntryPoint","urlTemplate":"https:\/\/mtfactor.ee\/en?s={search_term_string}"},"query-input":{"@type":"PropertyValueSpecification","valueRequired":true,"valueName":"search_term_string"}}],"inLanguage":"en-US"},{"@type":"Organization","@id":"https:\/\/mtfactor.ee\/en#organization","name":"MTFactor","url":"https:\/\/mtfactor.ee\/en","logo":{"@type":"ImageObject","inLanguage":"en-US","@id":"https:\/\/mtfactor.ee\/en#\/schema\/logo\/image\/","url":"https:\/\/mtfactor.ee\/wp-content\/uploads\/2022\/10\/logo-mtfactor.jpg","contentUrl":"https:\/\/mtfactor.ee\/wp-content\/uploads\/2022\/10\/logo-mtfactor.jpg","width":1080,"height":1080,"caption":"MTFactor"},"image":{"@id":"https:\/\/mtfactor.ee\/en#\/schema\/logo\/image\/"}}]}},"jetpack-related-posts":[],"jetpack_sharing_enabled":true,"_links":{"self":[{"href":"https:\/\/mtfactor.ee\/en\/index.php?rest_route=\/wp\/v2\/product\/12768","targetHints":{"allow":["GET"]}}],"collection":[{"href":"https:\/\/mtfactor.ee\/en\/index.php?rest_route=\/wp\/v2\/product"}],"about":[{"href":"https:\/\/mtfactor.ee\/en\/index.php?rest_route=\/wp\/v2\/types\/product"}],"replies":[{"embeddable":true,"href":"https:\/\/mtfactor.ee\/en\/index.php?rest_route=%2Fwp%2Fv2%2Fcomments&post=12768"}],"wp:featuredmedia":[{"embeddable":true,"href":"https:\/\/mtfactor.ee\/en\/index.php?rest_route=\/wp\/v2\/media\/12770"}],"wp:attachment":[{"href":"https:\/\/mtfactor.ee\/en\/index.php?rest_route=%2Fwp%2Fv2%2Fmedia&parent=12768"}],"wp:term":[{"taxonomy":"product_brand","embeddable":true,"href":"https:\/\/mtfactor.ee\/en\/index.php?rest_route=%2Fwp%2Fv2%2Fproduct_brand&post=12768"},{"taxonomy":"product_cat","embeddable":true,"href":"https:\/\/mtfactor.ee\/en\/index.php?rest_route=%2Fwp%2Fv2%2Fproduct_cat&post=12768"},{"taxonomy":"product_tag","embeddable":true,"href":"https:\/\/mtfactor.ee\/en\/index.php?rest_route=%2Fwp%2Fv2%2Fproduct_tag&post=12768"}],"curies":[{"name":"wp","href":"https:\/\/api.w.org\/{rel}","templated":true}]}}