{"id":12383,"date":"2022-11-01T11:15:26","date_gmt":"2022-11-01T09:15:26","guid":{"rendered":"https:\/\/mtfactor.ee\/?post_type=product&#038;p=12383"},"modified":"2023-07-13T11:49:12","modified_gmt":"2023-07-13T08:49:12","slug":"reguleerimispandlaga-kaelal-toopoll-tabnit","status":"publish","type":"product","link":"https:\/\/mtfactor.ee\/en?product=reguleerimispandlaga-kaelal-toopoll-tabnit","title":{"rendered":"Reguleerimispandlaga kaelal t\u00f6\u00f6p\u00f5ll TABNIT"},"content":{"rendered":"<p><span data-sheets-value=\"{&quot;1&quot;:2,&quot;2&quot;:&quot;Reguleerimispandlaga kaelal t\u00f6\u00f6p\u00f5ll TABNIT&quot;}\" data-sheets-userformat=\"{&quot;2&quot;:15233,&quot;3&quot;:{&quot;1&quot;:0},&quot;10&quot;:0,&quot;11&quot;:4,&quot;12&quot;:0,&quot;14&quot;:{&quot;1&quot;:3,&quot;3&quot;:1},&quot;15&quot;:&quot;Arial&quot;,&quot;16&quot;:8}\">Reguleerimispandlaga kaelal t\u00f6\u00f6p\u00f5ll TABNIT<\/span>. M\u00f5\u00f5dud: 115 cm x 90 cm. Paksus: 0,35 mm.<br \/>\nNitriil\/vin\u00fc\u00fcl.<\/p>\n","protected":false},"excerpt":{"rendered":"<p>Reguleerimispandlaga kaelal t\u00f6\u00f6p\u00f5ll TABNIT. M\u00f5\u00f5dud: 115 cm x 90 cm. Paksus: 0,35 mm. Nitriil\/vin\u00fc\u00fcl.<\/p>\n","protected":false},"featured_media":12384,"comment_status":"closed","ping_status":"closed","template":"","meta":[],"product_brand":[],"product_cat":[102,404,71],"product_tag":[],"class_list":{"0":"post-12383","1":"product","2":"type-product","3":"status-publish","4":"has-post-thumbnail","6":"product_cat-pollumajandus-metsandus-ja-kalapuuk","7":"product_cat-toojakid-ja-vestid-en","8":"product_cat-tooriided","10":"first","11":"instock","12":"taxable","13":"shipping-taxable","14":"purchasable","15":"product-type-simple"},"yoast_head":"<!-- This site is optimized with the Yoast SEO plugin v27.5 - https:\/\/yoast.com\/product\/yoast-seo-wordpress\/ -->\n<title>T\u00f6\u00f6riided, turvajalan\u00f5ud ja t\u00f6\u00f6riistad - MTfactor<\/title>\n<meta name=\"description\" content=\"Reguleerimispandlaga kaelal t\u00f6\u00f6p\u00f5ll TABNIT. M\u00f5\u00f5dud: 115 cm x 90 cm. Paksus: 0,35 mm. Nitriil\/vin\u00fc\u00fcl. L\u00e4hemalt MTFactor lehel.\" \/>\n<meta name=\"robots\" content=\"index, follow, max-snippet:-1, max-image-preview:large, max-video-preview:-1\" \/>\n<link rel=\"canonical\" href=\"https:\/\/mtfactor.ee\/en?product=reguleerimispandlaga-kaelal-toopoll-tabnit\" \/>\n<meta property=\"og:locale\" content=\"en_US\" \/>\n<meta property=\"og:type\" content=\"article\" \/>\n<meta property=\"og:title\" content=\"T\u00f6\u00f6riided, turvajalan\u00f5ud ja t\u00f6\u00f6riistad - MTfactor\" \/>\n<meta property=\"og:description\" content=\"Reguleerimispandlaga kaelal t\u00f6\u00f6p\u00f5ll TABNIT. M\u00f5\u00f5dud: 115 cm x 90 cm. Paksus: 0,35 mm. Nitriil\/vin\u00fc\u00fcl. L\u00e4hemalt MTFactor lehel.\" \/>\n<meta property=\"og:url\" content=\"https:\/\/mtfactor.ee\/en?product=reguleerimispandlaga-kaelal-toopoll-tabnit\" \/>\n<meta property=\"og:site_name\" content=\"MTfactor\" \/>\n<meta property=\"article:modified_time\" content=\"2023-07-13T08:49:12+00:00\" \/>\n<meta property=\"og:image\" content=\"https:\/\/mtfactor.ee\/wp-content\/uploads\/2022\/11\/TABNIT.jpg\" \/>\n\t<meta property=\"og:image:width\" content=\"800\" \/>\n\t<meta property=\"og:image:height\" content=\"800\" \/>\n\t<meta property=\"og:image:type\" content=\"image\/jpeg\" \/>\n<meta name=\"twitter:card\" content=\"summary_large_image\" \/>\n<meta name=\"twitter:label1\" content=\"Est. reading time\" \/>\n\t<meta name=\"twitter:data1\" content=\"1 minute\" \/>\n<script type=\"application\/ld+json\" class=\"yoast-schema-graph\">{\"@context\":\"https:\\\/\\\/schema.org\",\"@graph\":[{\"@type\":[\"WebPage\",\"ItemPage\"],\"@id\":\"https:\\\/\\\/mtfactor.ee\\\/en?product=reguleerimispandlaga-kaelal-toopoll-tabnit\",\"url\":\"https:\\\/\\\/mtfactor.ee\\\/en?product=reguleerimispandlaga-kaelal-toopoll-tabnit\",\"name\":\"T\u00f6\u00f6riided, turvajalan\u00f5ud ja t\u00f6\u00f6riistad - MTfactor\",\"isPartOf\":{\"@id\":\"https:\\\/\\\/mtfactor.ee\\\/en#website\"},\"primaryImageOfPage\":{\"@id\":\"https:\\\/\\\/mtfactor.ee\\\/en?product=reguleerimispandlaga-kaelal-toopoll-tabnit#primaryimage\"},\"image\":{\"@id\":\"https:\\\/\\\/mtfactor.ee\\\/en?product=reguleerimispandlaga-kaelal-toopoll-tabnit#primaryimage\"},\"thumbnailUrl\":\"https:\\\/\\\/i0.wp.com\\\/mtfactor.ee\\\/wp-content\\\/uploads\\\/2022\\\/11\\\/TABNIT.jpg?fit=800%2C800&ssl=1\",\"datePublished\":\"2022-11-01T09:15:26+00:00\",\"dateModified\":\"2023-07-13T08:49:12+00:00\",\"description\":\"Reguleerimispandlaga kaelal t\u00f6\u00f6p\u00f5ll TABNIT. M\u00f5\u00f5dud: 115 cm x 90 cm. Paksus: 0,35 mm. Nitriil\\\/vin\u00fc\u00fcl. L\u00e4hemalt MTFactor lehel.\",\"breadcrumb\":{\"@id\":\"https:\\\/\\\/mtfactor.ee\\\/en?product=reguleerimispandlaga-kaelal-toopoll-tabnit#breadcrumb\"},\"inLanguage\":\"en-US\",\"potentialAction\":[{\"@type\":\"ReadAction\",\"target\":[\"https:\\\/\\\/mtfactor.ee\\\/en?product=reguleerimispandlaga-kaelal-toopoll-tabnit\"]}]},{\"@type\":\"ImageObject\",\"inLanguage\":\"en-US\",\"@id\":\"https:\\\/\\\/mtfactor.ee\\\/en?product=reguleerimispandlaga-kaelal-toopoll-tabnit#primaryimage\",\"url\":\"https:\\\/\\\/i0.wp.com\\\/mtfactor.ee\\\/wp-content\\\/uploads\\\/2022\\\/11\\\/TABNIT.jpg?fit=800%2C800&ssl=1\",\"contentUrl\":\"https:\\\/\\\/i0.wp.com\\\/mtfactor.ee\\\/wp-content\\\/uploads\\\/2022\\\/11\\\/TABNIT.jpg?fit=800%2C800&ssl=1\",\"width\":800,\"height\":800,\"caption\":\"Reguleerimispandlaga kaelal t\u00f6\u00f6p\u00f5ll TABNIT\"},{\"@type\":\"BreadcrumbList\",\"@id\":\"https:\\\/\\\/mtfactor.ee\\\/en?product=reguleerimispandlaga-kaelal-toopoll-tabnit#breadcrumb\",\"itemListElement\":[{\"@type\":\"ListItem\",\"position\":1,\"name\":\"Home\",\"item\":\"https:\\\/\\\/mtfactor.ee\\\/en\"},{\"@type\":\"ListItem\",\"position\":2,\"name\":\"Tooted\",\"item\":\"https:\\\/\\\/mtfactor.ee\\\/en?page_id=5\"},{\"@type\":\"ListItem\",\"position\":3,\"name\":\"Reguleerimispandlaga kaelal t\u00f6\u00f6p\u00f5ll TABNIT\"}]},{\"@type\":\"WebSite\",\"@id\":\"https:\\\/\\\/mtfactor.ee\\\/en#website\",\"url\":\"https:\\\/\\\/mtfactor.ee\\\/en\",\"name\":\"MTFactor\",\"description\":\"T\u00f6\u00f6riided, T\u00f6\u00f6jalatsid, T\u00f6\u00f6kindad, Kaitsevahendid\",\"publisher\":{\"@id\":\"https:\\\/\\\/mtfactor.ee\\\/en#organization\"},\"potentialAction\":[{\"@type\":\"SearchAction\",\"target\":{\"@type\":\"EntryPoint\",\"urlTemplate\":\"https:\\\/\\\/mtfactor.ee\\\/en?s={search_term_string}\"},\"query-input\":{\"@type\":\"PropertyValueSpecification\",\"valueRequired\":true,\"valueName\":\"search_term_string\"}}],\"inLanguage\":\"en-US\"},{\"@type\":\"Organization\",\"@id\":\"https:\\\/\\\/mtfactor.ee\\\/en#organization\",\"name\":\"MTFactor\",\"url\":\"https:\\\/\\\/mtfactor.ee\\\/en\",\"logo\":{\"@type\":\"ImageObject\",\"inLanguage\":\"en-US\",\"@id\":\"https:\\\/\\\/mtfactor.ee\\\/en#\\\/schema\\\/logo\\\/image\\\/\",\"url\":\"https:\\\/\\\/mtfactor.ee\\\/wp-content\\\/uploads\\\/2022\\\/10\\\/logo-mtfactor.jpg\",\"contentUrl\":\"https:\\\/\\\/mtfactor.ee\\\/wp-content\\\/uploads\\\/2022\\\/10\\\/logo-mtfactor.jpg\",\"width\":1080,\"height\":1080,\"caption\":\"MTFactor\"},\"image\":{\"@id\":\"https:\\\/\\\/mtfactor.ee\\\/en#\\\/schema\\\/logo\\\/image\\\/\"}}]}<\/script>\n<!-- \/ Yoast SEO plugin. -->","yoast_head_json":{"title":"T\u00f6\u00f6riided, turvajalan\u00f5ud ja t\u00f6\u00f6riistad - MTfactor","description":"Reguleerimispandlaga kaelal t\u00f6\u00f6p\u00f5ll TABNIT. M\u00f5\u00f5dud: 115 cm x 90 cm. Paksus: 0,35 mm. Nitriil\/vin\u00fc\u00fcl. L\u00e4hemalt MTFactor lehel.","robots":{"index":"index","follow":"follow","max-snippet":"max-snippet:-1","max-image-preview":"max-image-preview:large","max-video-preview":"max-video-preview:-1"},"canonical":"https:\/\/mtfactor.ee\/en?product=reguleerimispandlaga-kaelal-toopoll-tabnit","og_locale":"en_US","og_type":"article","og_title":"T\u00f6\u00f6riided, turvajalan\u00f5ud ja t\u00f6\u00f6riistad - MTfactor","og_description":"Reguleerimispandlaga kaelal t\u00f6\u00f6p\u00f5ll TABNIT. M\u00f5\u00f5dud: 115 cm x 90 cm. Paksus: 0,35 mm. Nitriil\/vin\u00fc\u00fcl. L\u00e4hemalt MTFactor lehel.","og_url":"https:\/\/mtfactor.ee\/en?product=reguleerimispandlaga-kaelal-toopoll-tabnit","og_site_name":"MTfactor","article_modified_time":"2023-07-13T08:49:12+00:00","og_image":[{"width":800,"height":800,"url":"https:\/\/mtfactor.ee\/wp-content\/uploads\/2022\/11\/TABNIT.jpg","type":"image\/jpeg"}],"twitter_card":"summary_large_image","twitter_misc":{"Est. reading time":"1 minute"},"schema":{"@context":"https:\/\/schema.org","@graph":[{"@type":["WebPage","ItemPage"],"@id":"https:\/\/mtfactor.ee\/en?product=reguleerimispandlaga-kaelal-toopoll-tabnit","url":"https:\/\/mtfactor.ee\/en?product=reguleerimispandlaga-kaelal-toopoll-tabnit","name":"T\u00f6\u00f6riided, turvajalan\u00f5ud ja t\u00f6\u00f6riistad - MTfactor","isPartOf":{"@id":"https:\/\/mtfactor.ee\/en#website"},"primaryImageOfPage":{"@id":"https:\/\/mtfactor.ee\/en?product=reguleerimispandlaga-kaelal-toopoll-tabnit#primaryimage"},"image":{"@id":"https:\/\/mtfactor.ee\/en?product=reguleerimispandlaga-kaelal-toopoll-tabnit#primaryimage"},"thumbnailUrl":"https:\/\/i0.wp.com\/mtfactor.ee\/wp-content\/uploads\/2022\/11\/TABNIT.jpg?fit=800%2C800&ssl=1","datePublished":"2022-11-01T09:15:26+00:00","dateModified":"2023-07-13T08:49:12+00:00","description":"Reguleerimispandlaga kaelal t\u00f6\u00f6p\u00f5ll TABNIT. M\u00f5\u00f5dud: 115 cm x 90 cm. Paksus: 0,35 mm. Nitriil\/vin\u00fc\u00fcl. L\u00e4hemalt MTFactor lehel.","breadcrumb":{"@id":"https:\/\/mtfactor.ee\/en?product=reguleerimispandlaga-kaelal-toopoll-tabnit#breadcrumb"},"inLanguage":"en-US","potentialAction":[{"@type":"ReadAction","target":["https:\/\/mtfactor.ee\/en?product=reguleerimispandlaga-kaelal-toopoll-tabnit"]}]},{"@type":"ImageObject","inLanguage":"en-US","@id":"https:\/\/mtfactor.ee\/en?product=reguleerimispandlaga-kaelal-toopoll-tabnit#primaryimage","url":"https:\/\/i0.wp.com\/mtfactor.ee\/wp-content\/uploads\/2022\/11\/TABNIT.jpg?fit=800%2C800&ssl=1","contentUrl":"https:\/\/i0.wp.com\/mtfactor.ee\/wp-content\/uploads\/2022\/11\/TABNIT.jpg?fit=800%2C800&ssl=1","width":800,"height":800,"caption":"Reguleerimispandlaga kaelal t\u00f6\u00f6p\u00f5ll TABNIT"},{"@type":"BreadcrumbList","@id":"https:\/\/mtfactor.ee\/en?product=reguleerimispandlaga-kaelal-toopoll-tabnit#breadcrumb","itemListElement":[{"@type":"ListItem","position":1,"name":"Home","item":"https:\/\/mtfactor.ee\/en"},{"@type":"ListItem","position":2,"name":"Tooted","item":"https:\/\/mtfactor.ee\/en?page_id=5"},{"@type":"ListItem","position":3,"name":"Reguleerimispandlaga kaelal t\u00f6\u00f6p\u00f5ll TABNIT"}]},{"@type":"WebSite","@id":"https:\/\/mtfactor.ee\/en#website","url":"https:\/\/mtfactor.ee\/en","name":"MTFactor","description":"T\u00f6\u00f6riided, T\u00f6\u00f6jalatsid, T\u00f6\u00f6kindad, Kaitsevahendid","publisher":{"@id":"https:\/\/mtfactor.ee\/en#organization"},"potentialAction":[{"@type":"SearchAction","target":{"@type":"EntryPoint","urlTemplate":"https:\/\/mtfactor.ee\/en?s={search_term_string}"},"query-input":{"@type":"PropertyValueSpecification","valueRequired":true,"valueName":"search_term_string"}}],"inLanguage":"en-US"},{"@type":"Organization","@id":"https:\/\/mtfactor.ee\/en#organization","name":"MTFactor","url":"https:\/\/mtfactor.ee\/en","logo":{"@type":"ImageObject","inLanguage":"en-US","@id":"https:\/\/mtfactor.ee\/en#\/schema\/logo\/image\/","url":"https:\/\/mtfactor.ee\/wp-content\/uploads\/2022\/10\/logo-mtfactor.jpg","contentUrl":"https:\/\/mtfactor.ee\/wp-content\/uploads\/2022\/10\/logo-mtfactor.jpg","width":1080,"height":1080,"caption":"MTFactor"},"image":{"@id":"https:\/\/mtfactor.ee\/en#\/schema\/logo\/image\/"}}]}},"jetpack-related-posts":[],"jetpack_sharing_enabled":true,"_links":{"self":[{"href":"https:\/\/mtfactor.ee\/en\/index.php?rest_route=\/wp\/v2\/product\/12383","targetHints":{"allow":["GET"]}}],"collection":[{"href":"https:\/\/mtfactor.ee\/en\/index.php?rest_route=\/wp\/v2\/product"}],"about":[{"href":"https:\/\/mtfactor.ee\/en\/index.php?rest_route=\/wp\/v2\/types\/product"}],"replies":[{"embeddable":true,"href":"https:\/\/mtfactor.ee\/en\/index.php?rest_route=%2Fwp%2Fv2%2Fcomments&post=12383"}],"wp:featuredmedia":[{"embeddable":true,"href":"https:\/\/mtfactor.ee\/en\/index.php?rest_route=\/wp\/v2\/media\/12384"}],"wp:attachment":[{"href":"https:\/\/mtfactor.ee\/en\/index.php?rest_route=%2Fwp%2Fv2%2Fmedia&parent=12383"}],"wp:term":[{"taxonomy":"product_brand","embeddable":true,"href":"https:\/\/mtfactor.ee\/en\/index.php?rest_route=%2Fwp%2Fv2%2Fproduct_brand&post=12383"},{"taxonomy":"product_cat","embeddable":true,"href":"https:\/\/mtfactor.ee\/en\/index.php?rest_route=%2Fwp%2Fv2%2Fproduct_cat&post=12383"},{"taxonomy":"product_tag","embeddable":true,"href":"https:\/\/mtfactor.ee\/en\/index.php?rest_route=%2Fwp%2Fv2%2Fproduct_tag&post=12383"}],"curies":[{"name":"wp","href":"https:\/\/api.w.org\/{rel}","templated":true}]}}