{"id":12193,"date":"2022-11-01T09:50:11","date_gmt":"2022-11-01T07:50:11","guid":{"rendered":"https:\/\/mtfactor.ee\/?post_type=product&#038;p=12193"},"modified":"2023-07-09T19:55:36","modified_gmt":"2023-07-09T16:55:36","slug":"turvakingad-viagi-s1p-src-esd","status":"publish","type":"product","link":"https:\/\/mtfactor.ee\/en?product=turvakingad-viagi-s1p-src-esd","title":{"rendered":"Turvakingad VIAGI S1P SRC ESD"},"content":{"rendered":"<p>Pealis: seemisnahk ja pol\u00fcesterv\u00f5rk. Vooder: pol\u00fcester. Sisesokk: eemaldatav eelvormitud &#8211; pol\u00fcester EVA-l. V\u00e4listald:\u00a0 kahekihiline PU.<\/p>\n","protected":false},"excerpt":{"rendered":"<p>Pealis: seemisnahk ja pol\u00fcesterv\u00f5rk. Vooder: pol\u00fcester. Sisesokk: eemaldatav eelvormitud &#8211; pol\u00fcester EVA-l. V\u00e4listald:\u00a0 kahekihiline PU.<\/p>\n","protected":false},"featured_media":12194,"comment_status":"closed","ping_status":"closed","template":"","meta":[],"product_brand":[],"product_cat":[109,104,107,102,105,72,106,108,89],"product_tag":[],"class_list":{"0":"post-12193","1":"product","2":"type-product","3":"status-publish","4":"has-post-thumbnail","6":"product_cat-avalik-haldus-ja-riigikaitse","7":"product_cat-elektrienergia-elekter-gaas-ja-vesi-tuuleenergia","8":"product_cat-kaevandamine-nafta-ja-gaas","9":"product_cat-pollumajandus-metsandus-ja-kalapuuk","10":"product_cat-teave-ja-suhtlus","11":"product_cat-toojalanoud","12":"product_cat-tootmine","13":"product_cat-transport-ja-ladustamine","14":"product_cat-turvakingad","16":"first","17":"instock","18":"taxable","19":"shipping-taxable","20":"purchasable","21":"product-type-variable"},"yoast_head":"<!-- This site is optimized with the Yoast SEO plugin v27.5 - https:\/\/yoast.com\/product\/yoast-seo-wordpress\/ -->\n<title>T\u00f6\u00f6riided, turvajalan\u00f5ud ja t\u00f6\u00f6riistad - MTfactor<\/title>\n<meta name=\"description\" content=\"Seemisnahast turvakingad VIAGI S1P SRC ESD. V\u00e4listald kahekihiline PU, sisetald on eemaldatav pol\u00fcamiid, pol\u00fcestriline vooderdus. L\u00e4hemalt MTFactor lehel.\" \/>\n<meta name=\"robots\" content=\"index, follow, max-snippet:-1, max-image-preview:large, max-video-preview:-1\" \/>\n<link rel=\"canonical\" href=\"https:\/\/mtfactor.ee\/en?product=turvakingad-viagi-s1p-src-esd\" \/>\n<meta property=\"og:locale\" content=\"en_US\" \/>\n<meta property=\"og:type\" content=\"article\" \/>\n<meta property=\"og:title\" content=\"T\u00f6\u00f6riided, turvajalan\u00f5ud ja t\u00f6\u00f6riistad - MTfactor\" \/>\n<meta property=\"og:description\" content=\"Seemisnahast turvakingad VIAGI S1P SRC ESD. V\u00e4listald kahekihiline PU, sisetald on eemaldatav pol\u00fcamiid, pol\u00fcestriline vooderdus. L\u00e4hemalt MTFactor lehel.\" \/>\n<meta property=\"og:url\" content=\"https:\/\/mtfactor.ee\/en?product=turvakingad-viagi-s1p-src-esd\" \/>\n<meta property=\"og:site_name\" content=\"MTfactor\" \/>\n<meta property=\"article:modified_time\" content=\"2023-07-09T16:55:36+00:00\" \/>\n<meta property=\"og:image\" content=\"https:\/\/i0.wp.com\/mtfactor.ee\/wp-content\/uploads\/2022\/11\/VIAGI-S1P-ESD-NR.jpg?fit=800%2C800&ssl=1\" \/>\n\t<meta property=\"og:image:width\" content=\"800\" \/>\n\t<meta property=\"og:image:height\" content=\"800\" \/>\n\t<meta property=\"og:image:type\" content=\"image\/jpeg\" \/>\n<meta name=\"twitter:card\" content=\"summary_large_image\" \/>\n<meta name=\"twitter:label1\" content=\"Est. reading time\" \/>\n\t<meta name=\"twitter:data1\" content=\"1 minute\" \/>\n<script type=\"application\/ld+json\" class=\"yoast-schema-graph\">{\"@context\":\"https:\\\/\\\/schema.org\",\"@graph\":[{\"@type\":[\"WebPage\",\"ItemPage\"],\"@id\":\"https:\\\/\\\/mtfactor.ee\\\/en?product=turvakingad-viagi-s1p-src-esd\",\"url\":\"https:\\\/\\\/mtfactor.ee\\\/en?product=turvakingad-viagi-s1p-src-esd\",\"name\":\"T\u00f6\u00f6riided, turvajalan\u00f5ud ja t\u00f6\u00f6riistad - MTfactor\",\"isPartOf\":{\"@id\":\"https:\\\/\\\/mtfactor.ee\\\/en#website\"},\"primaryImageOfPage\":{\"@id\":\"https:\\\/\\\/mtfactor.ee\\\/en?product=turvakingad-viagi-s1p-src-esd#primaryimage\"},\"image\":{\"@id\":\"https:\\\/\\\/mtfactor.ee\\\/en?product=turvakingad-viagi-s1p-src-esd#primaryimage\"},\"thumbnailUrl\":\"https:\\\/\\\/i0.wp.com\\\/mtfactor.ee\\\/wp-content\\\/uploads\\\/2022\\\/11\\\/VIAGI-S1P-ESD-NR.jpg?fit=800%2C800&ssl=1\",\"datePublished\":\"2022-11-01T07:50:11+00:00\",\"dateModified\":\"2023-07-09T16:55:36+00:00\",\"description\":\"Seemisnahast turvakingad VIAGI S1P SRC ESD. V\u00e4listald kahekihiline PU, sisetald on eemaldatav pol\u00fcamiid, pol\u00fcestriline vooderdus. L\u00e4hemalt MTFactor lehel.\",\"breadcrumb\":{\"@id\":\"https:\\\/\\\/mtfactor.ee\\\/en?product=turvakingad-viagi-s1p-src-esd#breadcrumb\"},\"inLanguage\":\"en-US\",\"potentialAction\":[{\"@type\":\"ReadAction\",\"target\":[\"https:\\\/\\\/mtfactor.ee\\\/en?product=turvakingad-viagi-s1p-src-esd\"]}]},{\"@type\":\"ImageObject\",\"inLanguage\":\"en-US\",\"@id\":\"https:\\\/\\\/mtfactor.ee\\\/en?product=turvakingad-viagi-s1p-src-esd#primaryimage\",\"url\":\"https:\\\/\\\/i0.wp.com\\\/mtfactor.ee\\\/wp-content\\\/uploads\\\/2022\\\/11\\\/VIAGI-S1P-ESD-NR.jpg?fit=800%2C800&ssl=1\",\"contentUrl\":\"https:\\\/\\\/i0.wp.com\\\/mtfactor.ee\\\/wp-content\\\/uploads\\\/2022\\\/11\\\/VIAGI-S1P-ESD-NR.jpg?fit=800%2C800&ssl=1\",\"width\":800,\"height\":800,\"caption\":\"Turvakingad VIAGI S1P SRC ESD\"},{\"@type\":\"BreadcrumbList\",\"@id\":\"https:\\\/\\\/mtfactor.ee\\\/en?product=turvakingad-viagi-s1p-src-esd#breadcrumb\",\"itemListElement\":[{\"@type\":\"ListItem\",\"position\":1,\"name\":\"Home\",\"item\":\"https:\\\/\\\/mtfactor.ee\\\/en\"},{\"@type\":\"ListItem\",\"position\":2,\"name\":\"Tooted\",\"item\":\"https:\\\/\\\/mtfactor.ee\\\/en?page_id=5\"},{\"@type\":\"ListItem\",\"position\":3,\"name\":\"Turvakingad VIAGI S1P SRC ESD\"}]},{\"@type\":\"WebSite\",\"@id\":\"https:\\\/\\\/mtfactor.ee\\\/en#website\",\"url\":\"https:\\\/\\\/mtfactor.ee\\\/en\",\"name\":\"MTFactor\",\"description\":\"T\u00f6\u00f6riided, T\u00f6\u00f6jalatsid, T\u00f6\u00f6kindad, Kaitsevahendid\",\"publisher\":{\"@id\":\"https:\\\/\\\/mtfactor.ee\\\/en#organization\"},\"potentialAction\":[{\"@type\":\"SearchAction\",\"target\":{\"@type\":\"EntryPoint\",\"urlTemplate\":\"https:\\\/\\\/mtfactor.ee\\\/en?s={search_term_string}\"},\"query-input\":{\"@type\":\"PropertyValueSpecification\",\"valueRequired\":true,\"valueName\":\"search_term_string\"}}],\"inLanguage\":\"en-US\"},{\"@type\":\"Organization\",\"@id\":\"https:\\\/\\\/mtfactor.ee\\\/en#organization\",\"name\":\"MTFactor\",\"url\":\"https:\\\/\\\/mtfactor.ee\\\/en\",\"logo\":{\"@type\":\"ImageObject\",\"inLanguage\":\"en-US\",\"@id\":\"https:\\\/\\\/mtfactor.ee\\\/en#\\\/schema\\\/logo\\\/image\\\/\",\"url\":\"https:\\\/\\\/mtfactor.ee\\\/wp-content\\\/uploads\\\/2022\\\/10\\\/logo-mtfactor.jpg\",\"contentUrl\":\"https:\\\/\\\/mtfactor.ee\\\/wp-content\\\/uploads\\\/2022\\\/10\\\/logo-mtfactor.jpg\",\"width\":1080,\"height\":1080,\"caption\":\"MTFactor\"},\"image\":{\"@id\":\"https:\\\/\\\/mtfactor.ee\\\/en#\\\/schema\\\/logo\\\/image\\\/\"}}]}<\/script>\n<!-- \/ Yoast SEO plugin. -->","yoast_head_json":{"title":"T\u00f6\u00f6riided, turvajalan\u00f5ud ja t\u00f6\u00f6riistad - MTfactor","description":"Seemisnahast turvakingad VIAGI S1P SRC ESD. V\u00e4listald kahekihiline PU, sisetald on eemaldatav pol\u00fcamiid, pol\u00fcestriline vooderdus. L\u00e4hemalt MTFactor lehel.","robots":{"index":"index","follow":"follow","max-snippet":"max-snippet:-1","max-image-preview":"max-image-preview:large","max-video-preview":"max-video-preview:-1"},"canonical":"https:\/\/mtfactor.ee\/en?product=turvakingad-viagi-s1p-src-esd","og_locale":"en_US","og_type":"article","og_title":"T\u00f6\u00f6riided, turvajalan\u00f5ud ja t\u00f6\u00f6riistad - MTfactor","og_description":"Seemisnahast turvakingad VIAGI S1P SRC ESD. V\u00e4listald kahekihiline PU, sisetald on eemaldatav pol\u00fcamiid, pol\u00fcestriline vooderdus. L\u00e4hemalt MTFactor lehel.","og_url":"https:\/\/mtfactor.ee\/en?product=turvakingad-viagi-s1p-src-esd","og_site_name":"MTfactor","article_modified_time":"2023-07-09T16:55:36+00:00","og_image":[{"width":800,"height":800,"url":"https:\/\/i0.wp.com\/mtfactor.ee\/wp-content\/uploads\/2022\/11\/VIAGI-S1P-ESD-NR.jpg?fit=800%2C800&ssl=1","type":"image\/jpeg"}],"twitter_card":"summary_large_image","twitter_misc":{"Est. reading time":"1 minute"},"schema":{"@context":"https:\/\/schema.org","@graph":[{"@type":["WebPage","ItemPage"],"@id":"https:\/\/mtfactor.ee\/en?product=turvakingad-viagi-s1p-src-esd","url":"https:\/\/mtfactor.ee\/en?product=turvakingad-viagi-s1p-src-esd","name":"T\u00f6\u00f6riided, turvajalan\u00f5ud ja t\u00f6\u00f6riistad - MTfactor","isPartOf":{"@id":"https:\/\/mtfactor.ee\/en#website"},"primaryImageOfPage":{"@id":"https:\/\/mtfactor.ee\/en?product=turvakingad-viagi-s1p-src-esd#primaryimage"},"image":{"@id":"https:\/\/mtfactor.ee\/en?product=turvakingad-viagi-s1p-src-esd#primaryimage"},"thumbnailUrl":"https:\/\/i0.wp.com\/mtfactor.ee\/wp-content\/uploads\/2022\/11\/VIAGI-S1P-ESD-NR.jpg?fit=800%2C800&ssl=1","datePublished":"2022-11-01T07:50:11+00:00","dateModified":"2023-07-09T16:55:36+00:00","description":"Seemisnahast turvakingad VIAGI S1P SRC ESD. V\u00e4listald kahekihiline PU, sisetald on eemaldatav pol\u00fcamiid, pol\u00fcestriline vooderdus. L\u00e4hemalt MTFactor lehel.","breadcrumb":{"@id":"https:\/\/mtfactor.ee\/en?product=turvakingad-viagi-s1p-src-esd#breadcrumb"},"inLanguage":"en-US","potentialAction":[{"@type":"ReadAction","target":["https:\/\/mtfactor.ee\/en?product=turvakingad-viagi-s1p-src-esd"]}]},{"@type":"ImageObject","inLanguage":"en-US","@id":"https:\/\/mtfactor.ee\/en?product=turvakingad-viagi-s1p-src-esd#primaryimage","url":"https:\/\/i0.wp.com\/mtfactor.ee\/wp-content\/uploads\/2022\/11\/VIAGI-S1P-ESD-NR.jpg?fit=800%2C800&ssl=1","contentUrl":"https:\/\/i0.wp.com\/mtfactor.ee\/wp-content\/uploads\/2022\/11\/VIAGI-S1P-ESD-NR.jpg?fit=800%2C800&ssl=1","width":800,"height":800,"caption":"Turvakingad VIAGI S1P SRC ESD"},{"@type":"BreadcrumbList","@id":"https:\/\/mtfactor.ee\/en?product=turvakingad-viagi-s1p-src-esd#breadcrumb","itemListElement":[{"@type":"ListItem","position":1,"name":"Home","item":"https:\/\/mtfactor.ee\/en"},{"@type":"ListItem","position":2,"name":"Tooted","item":"https:\/\/mtfactor.ee\/en?page_id=5"},{"@type":"ListItem","position":3,"name":"Turvakingad VIAGI S1P SRC ESD"}]},{"@type":"WebSite","@id":"https:\/\/mtfactor.ee\/en#website","url":"https:\/\/mtfactor.ee\/en","name":"MTFactor","description":"T\u00f6\u00f6riided, T\u00f6\u00f6jalatsid, T\u00f6\u00f6kindad, Kaitsevahendid","publisher":{"@id":"https:\/\/mtfactor.ee\/en#organization"},"potentialAction":[{"@type":"SearchAction","target":{"@type":"EntryPoint","urlTemplate":"https:\/\/mtfactor.ee\/en?s={search_term_string}"},"query-input":{"@type":"PropertyValueSpecification","valueRequired":true,"valueName":"search_term_string"}}],"inLanguage":"en-US"},{"@type":"Organization","@id":"https:\/\/mtfactor.ee\/en#organization","name":"MTFactor","url":"https:\/\/mtfactor.ee\/en","logo":{"@type":"ImageObject","inLanguage":"en-US","@id":"https:\/\/mtfactor.ee\/en#\/schema\/logo\/image\/","url":"https:\/\/mtfactor.ee\/wp-content\/uploads\/2022\/10\/logo-mtfactor.jpg","contentUrl":"https:\/\/mtfactor.ee\/wp-content\/uploads\/2022\/10\/logo-mtfactor.jpg","width":1080,"height":1080,"caption":"MTFactor"},"image":{"@id":"https:\/\/mtfactor.ee\/en#\/schema\/logo\/image\/"}}]}},"jetpack-related-posts":[],"jetpack_sharing_enabled":true,"_links":{"self":[{"href":"https:\/\/mtfactor.ee\/en\/index.php?rest_route=\/wp\/v2\/product\/12193","targetHints":{"allow":["GET"]}}],"collection":[{"href":"https:\/\/mtfactor.ee\/en\/index.php?rest_route=\/wp\/v2\/product"}],"about":[{"href":"https:\/\/mtfactor.ee\/en\/index.php?rest_route=\/wp\/v2\/types\/product"}],"replies":[{"embeddable":true,"href":"https:\/\/mtfactor.ee\/en\/index.php?rest_route=%2Fwp%2Fv2%2Fcomments&post=12193"}],"wp:featuredmedia":[{"embeddable":true,"href":"https:\/\/mtfactor.ee\/en\/index.php?rest_route=\/wp\/v2\/media\/12194"}],"wp:attachment":[{"href":"https:\/\/mtfactor.ee\/en\/index.php?rest_route=%2Fwp%2Fv2%2Fmedia&parent=12193"}],"wp:term":[{"taxonomy":"product_brand","embeddable":true,"href":"https:\/\/mtfactor.ee\/en\/index.php?rest_route=%2Fwp%2Fv2%2Fproduct_brand&post=12193"},{"taxonomy":"product_cat","embeddable":true,"href":"https:\/\/mtfactor.ee\/en\/index.php?rest_route=%2Fwp%2Fv2%2Fproduct_cat&post=12193"},{"taxonomy":"product_tag","embeddable":true,"href":"https:\/\/mtfactor.ee\/en\/index.php?rest_route=%2Fwp%2Fv2%2Fproduct_tag&post=12193"}],"curies":[{"name":"wp","href":"https:\/\/api.w.org\/{rel}","templated":true}]}}