{"id":10862,"date":"2022-05-11T15:35:47","date_gmt":"2022-05-11T12:35:47","guid":{"rendered":"https:\/\/mtfactor.ee\/?post_type=product&#038;p=10862"},"modified":"2025-05-28T14:19:21","modified_gmt":"2025-05-28T11:19:21","slug":"hingamismask-m9200-rotor-galaxy","status":"publish","type":"product","link":"https:\/\/mtfactor.ee\/en?product=hingamismask-m9200-rotor-galaxy","title":{"rendered":"Hingamismask M9200 &#8211; ROTOR GALAXY"},"content":{"rendered":"<p>Silikoonist hingamismask uuendusliku ROTOR\u00ae reguleerimiss\u00fcsteemiga (patenteeritud), t\u00e4nu millele saab seda \u00fche k\u00e4ega peale panna ja \u00e4ra v\u00f5tta isegi kinnastega. V\u00e4ga laia vaatev\u00e4ljaga (210\u00b0) pol\u00fckarbonaadist objektiiv. Sisemine silikoonmask aurustumise v\u00e4hendamiseks ja mugavuse suurendamiseks (3 sissehingamisklappi, 1 v\u00e4ljahingamisklapp, k\u00f5nekamber). Reguleeritav suurus: S, M, L. \u00dchildub EN148-1 seeria M9000 kassettidega, mida m\u00fc\u00fcakse eraldi. Kaasas kott maski hoidmiseks.<\/p>\n","protected":false},"excerpt":{"rendered":"<p>Silikoonist hingamismask uuendusliku ROTOR\u00ae reguleerimiss\u00fcsteemiga (patenteeritud), t\u00e4nu millele saab seda \u00fche k\u00e4ega peale panna ja \u00e4ra v\u00f5tta isegi kinnastega. V\u00e4ga<\/p>\n","protected":false},"featured_media":10868,"comment_status":"closed","ping_status":"closed","template":"","meta":[],"product_brand":[],"product_cat":[103,104,77,69,280,106,108],"product_tag":[],"class_list":{"0":"post-10862","1":"product","2":"type-product","3":"status-publish","4":"has-post-thumbnail","6":"product_cat-ehitus-ja-metallitoostus","7":"product_cat-elektrienergia-elekter-gaas-ja-vesi-tuuleenergia","8":"product_cat-hingamiskaitse","9":"product_cat-isikukaitsevahendid","10":"product_cat-tooriided-turvajalanoud-ja-tooriistad-mtfactor","11":"product_cat-tootmine","12":"product_cat-transport-ja-ladustamine","14":"first","15":"instock","16":"sale","17":"taxable","18":"shipping-taxable","19":"purchasable","20":"product-type-simple"},"yoast_head":"<!-- This site is optimized with the Yoast SEO plugin v27.5 - https:\/\/yoast.com\/product\/yoast-seo-wordpress\/ -->\n<title>T\u00f6\u00f6riided, turvajalan\u00f5ud ja t\u00f6\u00f6riistad - MTfactor<\/title>\n<meta name=\"description\" content=\"Silikoonist hingamismask M9200 uuendusliku ROTOR\u00ae reguleerimiss\u00fcsteemiga.V\u00e4ga laia vaatev\u00e4ljaga 210\u00b0 pol\u00fckarbonaadist objektiiv. L\u00e4hemalt MTFactor lehel.\" \/>\n<meta name=\"robots\" content=\"index, follow, max-snippet:-1, max-image-preview:large, max-video-preview:-1\" \/>\n<link rel=\"canonical\" href=\"https:\/\/mtfactor.ee\/en?product=hingamismask-m9200-rotor-galaxy\" \/>\n<meta property=\"og:locale\" content=\"en_US\" \/>\n<meta property=\"og:type\" content=\"article\" \/>\n<meta property=\"og:title\" content=\"T\u00f6\u00f6riided, turvajalan\u00f5ud ja t\u00f6\u00f6riistad - MTfactor\" \/>\n<meta property=\"og:description\" content=\"Silikoonist hingamismask M9200 uuendusliku ROTOR\u00ae reguleerimiss\u00fcsteemiga.V\u00e4ga laia vaatev\u00e4ljaga 210\u00b0 pol\u00fckarbonaadist objektiiv. L\u00e4hemalt MTFactor lehel.\" \/>\n<meta property=\"og:url\" content=\"https:\/\/mtfactor.ee\/en?product=hingamismask-m9200-rotor-galaxy\" \/>\n<meta property=\"og:site_name\" content=\"MTfactor\" \/>\n<meta property=\"article:modified_time\" content=\"2025-05-28T11:19:21+00:00\" \/>\n<meta property=\"og:image\" content=\"https:\/\/mtfactor.ee\/wp-content\/uploads\/2022\/05\/M9200-ROTOR-GALAXY.jpg\" \/>\n\t<meta property=\"og:image:width\" content=\"800\" \/>\n\t<meta property=\"og:image:height\" content=\"800\" \/>\n\t<meta property=\"og:image:type\" content=\"image\/jpeg\" \/>\n<meta name=\"twitter:card\" content=\"summary_large_image\" \/>\n<meta name=\"twitter:label1\" content=\"Est. reading time\" \/>\n\t<meta name=\"twitter:data1\" content=\"1 minute\" \/>\n<script type=\"application\/ld+json\" class=\"yoast-schema-graph\">{\"@context\":\"https:\\\/\\\/schema.org\",\"@graph\":[{\"@type\":[\"WebPage\",\"ItemPage\"],\"@id\":\"https:\\\/\\\/mtfactor.ee\\\/en?product=hingamismask-m9200-rotor-galaxy\",\"url\":\"https:\\\/\\\/mtfactor.ee\\\/en?product=hingamismask-m9200-rotor-galaxy\",\"name\":\"T\u00f6\u00f6riided, turvajalan\u00f5ud ja t\u00f6\u00f6riistad - MTfactor\",\"isPartOf\":{\"@id\":\"https:\\\/\\\/mtfactor.ee\\\/en#website\"},\"primaryImageOfPage\":{\"@id\":\"https:\\\/\\\/mtfactor.ee\\\/en?product=hingamismask-m9200-rotor-galaxy#primaryimage\"},\"image\":{\"@id\":\"https:\\\/\\\/mtfactor.ee\\\/en?product=hingamismask-m9200-rotor-galaxy#primaryimage\"},\"thumbnailUrl\":\"https:\\\/\\\/i0.wp.com\\\/mtfactor.ee\\\/wp-content\\\/uploads\\\/2022\\\/05\\\/M9200-ROTOR-GALAXY.jpg?fit=800%2C800&ssl=1\",\"datePublished\":\"2022-05-11T12:35:47+00:00\",\"dateModified\":\"2025-05-28T11:19:21+00:00\",\"description\":\"Silikoonist hingamismask M9200 uuendusliku ROTOR\u00ae reguleerimiss\u00fcsteemiga.V\u00e4ga laia vaatev\u00e4ljaga 210\u00b0 pol\u00fckarbonaadist objektiiv. L\u00e4hemalt MTFactor lehel.\",\"breadcrumb\":{\"@id\":\"https:\\\/\\\/mtfactor.ee\\\/en?product=hingamismask-m9200-rotor-galaxy#breadcrumb\"},\"inLanguage\":\"en-US\",\"potentialAction\":[{\"@type\":\"ReadAction\",\"target\":[\"https:\\\/\\\/mtfactor.ee\\\/en?product=hingamismask-m9200-rotor-galaxy\"]}]},{\"@type\":\"ImageObject\",\"inLanguage\":\"en-US\",\"@id\":\"https:\\\/\\\/mtfactor.ee\\\/en?product=hingamismask-m9200-rotor-galaxy#primaryimage\",\"url\":\"https:\\\/\\\/i0.wp.com\\\/mtfactor.ee\\\/wp-content\\\/uploads\\\/2022\\\/05\\\/M9200-ROTOR-GALAXY.jpg?fit=800%2C800&ssl=1\",\"contentUrl\":\"https:\\\/\\\/i0.wp.com\\\/mtfactor.ee\\\/wp-content\\\/uploads\\\/2022\\\/05\\\/M9200-ROTOR-GALAXY.jpg?fit=800%2C800&ssl=1\",\"width\":800,\"height\":800,\"caption\":\"Hingamismask M9200 - ROTOR GALAXY\"},{\"@type\":\"BreadcrumbList\",\"@id\":\"https:\\\/\\\/mtfactor.ee\\\/en?product=hingamismask-m9200-rotor-galaxy#breadcrumb\",\"itemListElement\":[{\"@type\":\"ListItem\",\"position\":1,\"name\":\"Home\",\"item\":\"https:\\\/\\\/mtfactor.ee\\\/en\"},{\"@type\":\"ListItem\",\"position\":2,\"name\":\"Tooted\",\"item\":\"https:\\\/\\\/mtfactor.ee\\\/en?page_id=5\"},{\"@type\":\"ListItem\",\"position\":3,\"name\":\"Hingamismask M9200 &#8211; ROTOR GALAXY\"}]},{\"@type\":\"WebSite\",\"@id\":\"https:\\\/\\\/mtfactor.ee\\\/en#website\",\"url\":\"https:\\\/\\\/mtfactor.ee\\\/en\",\"name\":\"MTFactor\",\"description\":\"T\u00f6\u00f6riided, T\u00f6\u00f6jalatsid, T\u00f6\u00f6kindad, Kaitsevahendid\",\"publisher\":{\"@id\":\"https:\\\/\\\/mtfactor.ee\\\/en#organization\"},\"potentialAction\":[{\"@type\":\"SearchAction\",\"target\":{\"@type\":\"EntryPoint\",\"urlTemplate\":\"https:\\\/\\\/mtfactor.ee\\\/en?s={search_term_string}\"},\"query-input\":{\"@type\":\"PropertyValueSpecification\",\"valueRequired\":true,\"valueName\":\"search_term_string\"}}],\"inLanguage\":\"en-US\"},{\"@type\":\"Organization\",\"@id\":\"https:\\\/\\\/mtfactor.ee\\\/en#organization\",\"name\":\"MTFactor\",\"url\":\"https:\\\/\\\/mtfactor.ee\\\/en\",\"logo\":{\"@type\":\"ImageObject\",\"inLanguage\":\"en-US\",\"@id\":\"https:\\\/\\\/mtfactor.ee\\\/en#\\\/schema\\\/logo\\\/image\\\/\",\"url\":\"https:\\\/\\\/mtfactor.ee\\\/wp-content\\\/uploads\\\/2022\\\/10\\\/logo-mtfactor.jpg\",\"contentUrl\":\"https:\\\/\\\/mtfactor.ee\\\/wp-content\\\/uploads\\\/2022\\\/10\\\/logo-mtfactor.jpg\",\"width\":1080,\"height\":1080,\"caption\":\"MTFactor\"},\"image\":{\"@id\":\"https:\\\/\\\/mtfactor.ee\\\/en#\\\/schema\\\/logo\\\/image\\\/\"}}]}<\/script>\n<!-- \/ Yoast SEO plugin. -->","yoast_head_json":{"title":"T\u00f6\u00f6riided, turvajalan\u00f5ud ja t\u00f6\u00f6riistad - MTfactor","description":"Silikoonist hingamismask M9200 uuendusliku ROTOR\u00ae reguleerimiss\u00fcsteemiga.V\u00e4ga laia vaatev\u00e4ljaga 210\u00b0 pol\u00fckarbonaadist objektiiv. L\u00e4hemalt MTFactor lehel.","robots":{"index":"index","follow":"follow","max-snippet":"max-snippet:-1","max-image-preview":"max-image-preview:large","max-video-preview":"max-video-preview:-1"},"canonical":"https:\/\/mtfactor.ee\/en?product=hingamismask-m9200-rotor-galaxy","og_locale":"en_US","og_type":"article","og_title":"T\u00f6\u00f6riided, turvajalan\u00f5ud ja t\u00f6\u00f6riistad - MTfactor","og_description":"Silikoonist hingamismask M9200 uuendusliku ROTOR\u00ae reguleerimiss\u00fcsteemiga.V\u00e4ga laia vaatev\u00e4ljaga 210\u00b0 pol\u00fckarbonaadist objektiiv. L\u00e4hemalt MTFactor lehel.","og_url":"https:\/\/mtfactor.ee\/en?product=hingamismask-m9200-rotor-galaxy","og_site_name":"MTfactor","article_modified_time":"2025-05-28T11:19:21+00:00","og_image":[{"width":800,"height":800,"url":"https:\/\/mtfactor.ee\/wp-content\/uploads\/2022\/05\/M9200-ROTOR-GALAXY.jpg","type":"image\/jpeg"}],"twitter_card":"summary_large_image","twitter_misc":{"Est. reading time":"1 minute"},"schema":{"@context":"https:\/\/schema.org","@graph":[{"@type":["WebPage","ItemPage"],"@id":"https:\/\/mtfactor.ee\/en?product=hingamismask-m9200-rotor-galaxy","url":"https:\/\/mtfactor.ee\/en?product=hingamismask-m9200-rotor-galaxy","name":"T\u00f6\u00f6riided, turvajalan\u00f5ud ja t\u00f6\u00f6riistad - MTfactor","isPartOf":{"@id":"https:\/\/mtfactor.ee\/en#website"},"primaryImageOfPage":{"@id":"https:\/\/mtfactor.ee\/en?product=hingamismask-m9200-rotor-galaxy#primaryimage"},"image":{"@id":"https:\/\/mtfactor.ee\/en?product=hingamismask-m9200-rotor-galaxy#primaryimage"},"thumbnailUrl":"https:\/\/i0.wp.com\/mtfactor.ee\/wp-content\/uploads\/2022\/05\/M9200-ROTOR-GALAXY.jpg?fit=800%2C800&ssl=1","datePublished":"2022-05-11T12:35:47+00:00","dateModified":"2025-05-28T11:19:21+00:00","description":"Silikoonist hingamismask M9200 uuendusliku ROTOR\u00ae reguleerimiss\u00fcsteemiga.V\u00e4ga laia vaatev\u00e4ljaga 210\u00b0 pol\u00fckarbonaadist objektiiv. L\u00e4hemalt MTFactor lehel.","breadcrumb":{"@id":"https:\/\/mtfactor.ee\/en?product=hingamismask-m9200-rotor-galaxy#breadcrumb"},"inLanguage":"en-US","potentialAction":[{"@type":"ReadAction","target":["https:\/\/mtfactor.ee\/en?product=hingamismask-m9200-rotor-galaxy"]}]},{"@type":"ImageObject","inLanguage":"en-US","@id":"https:\/\/mtfactor.ee\/en?product=hingamismask-m9200-rotor-galaxy#primaryimage","url":"https:\/\/i0.wp.com\/mtfactor.ee\/wp-content\/uploads\/2022\/05\/M9200-ROTOR-GALAXY.jpg?fit=800%2C800&ssl=1","contentUrl":"https:\/\/i0.wp.com\/mtfactor.ee\/wp-content\/uploads\/2022\/05\/M9200-ROTOR-GALAXY.jpg?fit=800%2C800&ssl=1","width":800,"height":800,"caption":"Hingamismask M9200 - ROTOR GALAXY"},{"@type":"BreadcrumbList","@id":"https:\/\/mtfactor.ee\/en?product=hingamismask-m9200-rotor-galaxy#breadcrumb","itemListElement":[{"@type":"ListItem","position":1,"name":"Home","item":"https:\/\/mtfactor.ee\/en"},{"@type":"ListItem","position":2,"name":"Tooted","item":"https:\/\/mtfactor.ee\/en?page_id=5"},{"@type":"ListItem","position":3,"name":"Hingamismask M9200 &#8211; ROTOR GALAXY"}]},{"@type":"WebSite","@id":"https:\/\/mtfactor.ee\/en#website","url":"https:\/\/mtfactor.ee\/en","name":"MTFactor","description":"T\u00f6\u00f6riided, T\u00f6\u00f6jalatsid, T\u00f6\u00f6kindad, Kaitsevahendid","publisher":{"@id":"https:\/\/mtfactor.ee\/en#organization"},"potentialAction":[{"@type":"SearchAction","target":{"@type":"EntryPoint","urlTemplate":"https:\/\/mtfactor.ee\/en?s={search_term_string}"},"query-input":{"@type":"PropertyValueSpecification","valueRequired":true,"valueName":"search_term_string"}}],"inLanguage":"en-US"},{"@type":"Organization","@id":"https:\/\/mtfactor.ee\/en#organization","name":"MTFactor","url":"https:\/\/mtfactor.ee\/en","logo":{"@type":"ImageObject","inLanguage":"en-US","@id":"https:\/\/mtfactor.ee\/en#\/schema\/logo\/image\/","url":"https:\/\/mtfactor.ee\/wp-content\/uploads\/2022\/10\/logo-mtfactor.jpg","contentUrl":"https:\/\/mtfactor.ee\/wp-content\/uploads\/2022\/10\/logo-mtfactor.jpg","width":1080,"height":1080,"caption":"MTFactor"},"image":{"@id":"https:\/\/mtfactor.ee\/en#\/schema\/logo\/image\/"}}]}},"jetpack-related-posts":[],"jetpack_sharing_enabled":true,"_links":{"self":[{"href":"https:\/\/mtfactor.ee\/en\/index.php?rest_route=\/wp\/v2\/product\/10862","targetHints":{"allow":["GET"]}}],"collection":[{"href":"https:\/\/mtfactor.ee\/en\/index.php?rest_route=\/wp\/v2\/product"}],"about":[{"href":"https:\/\/mtfactor.ee\/en\/index.php?rest_route=\/wp\/v2\/types\/product"}],"replies":[{"embeddable":true,"href":"https:\/\/mtfactor.ee\/en\/index.php?rest_route=%2Fwp%2Fv2%2Fcomments&post=10862"}],"wp:featuredmedia":[{"embeddable":true,"href":"https:\/\/mtfactor.ee\/en\/index.php?rest_route=\/wp\/v2\/media\/10868"}],"wp:attachment":[{"href":"https:\/\/mtfactor.ee\/en\/index.php?rest_route=%2Fwp%2Fv2%2Fmedia&parent=10862"}],"wp:term":[{"taxonomy":"product_brand","embeddable":true,"href":"https:\/\/mtfactor.ee\/en\/index.php?rest_route=%2Fwp%2Fv2%2Fproduct_brand&post=10862"},{"taxonomy":"product_cat","embeddable":true,"href":"https:\/\/mtfactor.ee\/en\/index.php?rest_route=%2Fwp%2Fv2%2Fproduct_cat&post=10862"},{"taxonomy":"product_tag","embeddable":true,"href":"https:\/\/mtfactor.ee\/en\/index.php?rest_route=%2Fwp%2Fv2%2Fproduct_tag&post=10862"}],"curies":[{"name":"wp","href":"https:\/\/api.w.org\/{rel}","templated":true}]}}