{"id":16750,"date":"2025-05-06T15:50:42","date_gmt":"2025-05-06T12:50:42","guid":{"rendered":"https:\/\/mtfactor.ee\/?page_id=16750"},"modified":"2025-05-06T15:50:42","modified_gmt":"2025-05-06T12:50:42","slug":"jarelmaks","status":"publish","type":"page","link":"https:\/\/mtfactor.ee\/en?page_id=16750","title":{"rendered":"J\u00e4relmaks"},"content":{"rendered":"<div class=\"page-wrapper\">\n<div id=\"main\" class=\"column1 boxed main-boxed\">\n<div class=\"container\">\n<div class=\"row main-content-wrap\">\n<div class=\"main-content col-lg-12\">\n<div id=\"content\" role=\"main\">\n<article class=\"post-61670 page type-page status-publish hentry\">\n<div class=\"page-content\">\n<h2><strong>ESTO j\u00e4relmaks \u2013 ei soovi maksta kogu summat korraga? Maksa osamaksete kaupa!<\/strong><\/h2>\n<p>ESTO j\u00e4relmaks on paindlik makselahendus, mis v\u00f5imaldab jaotada makse mugavalt igakuisteks osamakseteks. Jaota ostusumma mugavalt endale sobiva perioodi peale. Perioodi ja sissemakse suurust saad valida ostu vormistamisel, kui valid kassast ESTO j\u00e4relmaksu.<\/p>\n<p>Kasuta ESTO j\u00e4relmaksu e-poodides ja f\u00fc\u00fcsilistes kauplustes. K\u00f5ik ESTO partnerpoed leiad ESTO Marketist:\u00a0<a href=\"https:\/\/esto.eu\/ee\/esto-market?lang=et\" target=\"_blank\" rel=\"noopener\">https:\/\/esto.eu\/ee\/esto-market<\/a><\/p>\n<p><strong><img data-recalc-dims=\"1\" loading=\"lazy\" decoding=\"async\" class=\"alignnone wp-image-87628 size-full\" src=\"https:\/\/i0.wp.com\/grillimaailm-outlet.ee\/wp-content\/uploads\/2024\/06\/HP_EE-1.png?resize=1920%2C348&#038;ssl=1\" sizes=\"auto, (max-width: 1920px) 100vw, 1920px\" srcset=\"https:\/\/grillimaailm-outlet.ee\/wp-content\/uploads\/2024\/06\/HP_EE-1.png 1920w, https:\/\/grillimaailm-outlet.ee\/wp-content\/uploads\/2024\/06\/HP_EE-1-1024x186.png 1024w, https:\/\/grillimaailm-outlet.ee\/wp-content\/uploads\/2024\/06\/HP_EE-1-768x139.png 768w, https:\/\/grillimaailm-outlet.ee\/wp-content\/uploads\/2024\/06\/HP_EE-1-1536x278.png 1536w, https:\/\/grillimaailm-outlet.ee\/wp-content\/uploads\/2024\/06\/HP_EE-1-640x116.png 640w, https:\/\/grillimaailm-outlet.ee\/wp-content\/uploads\/2024\/06\/HP_EE-1-400x73.png 400w, https:\/\/grillimaailm-outlet.ee\/wp-content\/uploads\/2024\/06\/HP_EE-1-600x109.png 600w\" alt=\"\" width=\"1920\" height=\"348\" \/><\/strong><\/p>\n<p><strong>Kuidas kasutada ESTO j\u00e4relmaksu?<\/strong><\/p>\n<ol>\n<li>Lisa vajalikud tooted ostukorvi.<\/li>\n<li>Vali kassas makseviisiks ESTO j\u00e4relmaks.<\/li>\n<li>Vali oma eelistatud tagasimakseperiood vahemikus 3-60 kuud.<\/li>\n<li>Otsuse saad reaalajas.<\/li>\n<li>Positiivse otsuse korral digiallkirjasta leping ID-kaardi, Smart-ID v\u00f5i Mobiil-IDga.<\/li>\n<\/ol>\n<p>&nbsp;<\/p>\n<p><strong>ESTO j\u00e4relmaksu pakub ja haldab ESTO AS.\u00a0<\/strong>ESTO AS j\u00e4relmaksu krediidi kulukuse m\u00e4\u00e4r on 23.63% aastas j\u00e4rgmistel n\u00e4idistingimustel: krediidi summa 1490 EUR, kauba\/teenuse maksumus 1490 EUR, sissemakse 0%, fikseeritud intressim\u00e4\u00e4r 11.90%, lepingutasu 0 EUR, krediidi kogusumma ja tagasimaksete summa 1844.64 EUR eeldusel, et krediit tagastatakse 24 kuu jooksul igakuiste v\u00f5rdsete osamaksetena suuruses 76.86 EUR. Tutvu enne lepingu s\u00f5lmimist tingimustega ja vajadusel konsulteeri spetsialistiga. J\u00e4relmaksu pakub ja haldab ESTO AS.<\/p>\n<hr \/>\n<h2><\/h2>\n<h2>ESTO 3 makseviis on innovatiivne lahendus, mis v\u00f5imaldab ostu kinnitada ja tasuda mugavalt ning kiirelt \u2013 kolmes v\u00f5rdses osas, ilma lisatasudeta!<\/h2>\n<p>ESTO 3 on populaarseim uue p\u00f5lvkonna makseviis. Jaota ostusumma mugavalt 3-ks v\u00f5rdseks osaks. Saa t\u00e4pselt, mida vajad ilma intressi, lisatasu ja sissemakseta.<\/p>\n<p>Kasuta ESTO 3-osalist makseviisi e-poodides ja f\u00fc\u00fcsilistes kauplustes.<\/p>\n<p>K\u00f5ik ESTO partnerpoed leiad ESTO Marketist:\u00a0<a href=\"https:\/\/esto.eu\/ee\/esto-market?lang=et\" target=\"_blank\" rel=\"noopener\">https:\/\/esto.eu\/ee\/esto-market<\/a><\/p>\n<p><strong><img data-recalc-dims=\"1\" loading=\"lazy\" decoding=\"async\" class=\"alignnone wp-image-87630 size-full\" src=\"https:\/\/i0.wp.com\/grillimaailm-outlet.ee\/wp-content\/uploads\/2024\/06\/ESTO-3-1.png?resize=1920%2C348&#038;ssl=1\" sizes=\"auto, (max-width: 1920px) 100vw, 1920px\" srcset=\"https:\/\/grillimaailm-outlet.ee\/wp-content\/uploads\/2024\/06\/ESTO-3-1.png 1920w, https:\/\/grillimaailm-outlet.ee\/wp-content\/uploads\/2024\/06\/ESTO-3-1-1024x186.png 1024w, https:\/\/grillimaailm-outlet.ee\/wp-content\/uploads\/2024\/06\/ESTO-3-1-768x139.png 768w, https:\/\/grillimaailm-outlet.ee\/wp-content\/uploads\/2024\/06\/ESTO-3-1-1536x278.png 1536w, https:\/\/grillimaailm-outlet.ee\/wp-content\/uploads\/2024\/06\/ESTO-3-1-640x116.png 640w, https:\/\/grillimaailm-outlet.ee\/wp-content\/uploads\/2024\/06\/ESTO-3-1-400x73.png 400w, https:\/\/grillimaailm-outlet.ee\/wp-content\/uploads\/2024\/06\/ESTO-3-1-600x109.png 600w\" alt=\"\" width=\"1920\" height=\"348\" \/><\/strong><\/p>\n<p><strong>Kuidas see toimib?<\/strong><strong><br \/>\n<\/strong>Valides ESTO 3 makseviisiks saad jagada kogu makse 3-ks v\u00f5rdseks osaks 3 kuu peale ilma igasuguste tasudeta.<\/p>\n<ol>\n<li>Lisa vajalikud tooted ostukorvi.<\/li>\n<li>Vali kassas ESTO 3 makseviisiks.<\/li>\n<li>Otsuse saad reaalajas.<\/li>\n<li>Positiivse otsuse korral kinnita ost.<\/li>\n<li>ESTO saadab sulle sinu esimese arve j\u00e4rgmise kuu 15. kuup\u00e4eval.<\/li>\n<\/ol>\n<p>&nbsp;<\/p>\n<p>Finantsteenust pakub ESTO AS. Enne lepingu s\u00f5lmimist tutvu tingimustega ja vajaduse korral pea n\u00f5u asjatundjaga. Lisainfo www.esto.ee.<\/p>\n<hr \/>\n<h2><\/h2>\n<h2>Ole nutikas ja vali ostude eest tasumiseks ESTO maksa hiljem!<\/h2>\n<p>ESTO Maksa hiljem on uus viis ostude eest tasumiseks. Ostusumma j\u00e4\u00e4b sulle kasutada, maksma pead alles 30 p\u00e4eva jooksul. Saa t\u00e4pselt, mida vajad ilma intressi, lisatasu ja sissemakseta.<\/p>\n<p>Kasuta ESTO maksa hiljem makseviisi e-poodides ja f\u00fc\u00fcsilistes kauplustes. K\u00f5ik ESTO partnerpoed leiad ESTO Market-ist:\u00a0<a href=\"https:\/\/esto.eu\/ee\/esto-market?lang=et\" target=\"_blank\" rel=\"noopener\">https:\/\/esto.eu\/ee\/esto-market<\/a><\/p>\n<p><strong><img data-recalc-dims=\"1\" loading=\"lazy\" decoding=\"async\" class=\"alignnone size-full wp-image-87631\" src=\"https:\/\/i0.wp.com\/grillimaailm-outlet.ee\/wp-content\/uploads\/2024\/06\/Pay-Later_ee.png?resize=1920%2C348&#038;ssl=1\" sizes=\"auto, (max-width: 1920px) 100vw, 1920px\" srcset=\"https:\/\/grillimaailm-outlet.ee\/wp-content\/uploads\/2024\/06\/Pay-Later_ee.png 1920w, https:\/\/grillimaailm-outlet.ee\/wp-content\/uploads\/2024\/06\/Pay-Later_ee-1024x186.png 1024w, https:\/\/grillimaailm-outlet.ee\/wp-content\/uploads\/2024\/06\/Pay-Later_ee-768x139.png 768w, https:\/\/grillimaailm-outlet.ee\/wp-content\/uploads\/2024\/06\/Pay-Later_ee-1536x278.png 1536w, https:\/\/grillimaailm-outlet.ee\/wp-content\/uploads\/2024\/06\/Pay-Later_ee-640x116.png 640w, https:\/\/grillimaailm-outlet.ee\/wp-content\/uploads\/2024\/06\/Pay-Later_ee-400x73.png 400w, https:\/\/grillimaailm-outlet.ee\/wp-content\/uploads\/2024\/06\/Pay-Later_ee-600x109.png 600w\" alt=\"\" width=\"1920\" height=\"348\" \/><\/strong><\/p>\n<p><strong>Kuidas see toimib?<\/strong><\/p>\n<p>Valides ESTO Maksa hiljem makseviisiks, kinnitatakse tellimus viivitamatult, kuid kohe maksma ei pea, sest makset\u00e4htaeg on 30 p\u00e4eva p\u00e4rast.<\/p>\n<ol>\n<li>Lisa vajalikud tooted ostukorvi.<\/li>\n<li>Vali kassas ESTO maksa hiljem makseviisiks.<\/li>\n<li>Otsuse saad reaalajas.<\/li>\n<li>Positiivse otsuse korral kinnita ost.<\/li>\n<li>ESTO saadab sulle arve, mis tuleb tasuda t\u00e4issummas 30 p\u00e4eva jooksul.<\/li>\n<\/ol>\n<p>Finantsteenust pakub ESTO AS. Enne lepingu s\u00f5lmimist tutvu tingimustega ja vajaduse korral pea n\u00f5u asjatundjaga. Lisainfo www.esto.ee.<\/p>\n<p><strong>MIS ON ESTO?<br \/>\n<\/strong>ESTO on eelistatuim makselahenduste pakkuja Baltikumis, muutes kaupmeeste m\u00fc\u00fcgi- ja tarbijate ostukogemuse revolutsiooniliselt lihtsaks ning sujuvaks. ESTO\u2019l on \u00fcle Baltikumi pea 500 000 aktiivset klienti ning \u00fcle 3000 partnerpoe. ESTO missioon on aidata partneritel m\u00fc\u00fca ja klientidel osta.<\/p>\n<p>Kui vajad abi, v\u00f5ta \u00fchendust ESTO AS t\u00f6\u00f6tajaga info@esto.ee v\u00f5i k\u00fclasta\u00a0<a href=\"https:\/\/esto.eu\/ee\/kliendile-klienditugi\" target=\"_blank\" rel=\"noopener\">https:\/\/esto.eu\/ee\/kliendile-klienditugi<\/a>.<\/p>\n<\/div>\n<\/article>\n<\/div>\n<\/div>\n<\/div>\n<\/div>\n<\/div>\n<div class=\"footer-wrapper\">\n<div id=\"footer\" class=\"footer-2\"><\/div>\n<\/div>\n<\/div>\n<div class=\"panel-overlay\"><\/div>\n<div id=\"side-nav-panel\" class=\"panel-left\"><\/div>\n","protected":false},"excerpt":{"rendered":"<p>ESTO j\u00e4relmaks \u2013 ei soovi maksta kogu summat korraga? Maksa osamaksete kaupa! ESTO j\u00e4relmaks on paindlik makselahendus, mis v\u00f5imaldab jaotada<\/p>\n","protected":false},"author":1278,"featured_media":0,"parent":0,"menu_order":0,"comment_status":"closed","ping_status":"closed","template":"","meta":{"footnotes":""},"class_list":["post-16750","page","type-page","status-publish","hentry"],"yoast_head":"<!-- This site is optimized with the Yoast SEO plugin v27.3 - https:\/\/yoast.com\/product\/yoast-seo-wordpress\/ -->\n<title>T\u00f6\u00f6riided -J\u00e4relmaks | MTfactor<\/title>\n<meta name=\"robots\" content=\"index, follow, max-snippet:-1, max-image-preview:large, max-video-preview:-1\" \/>\n<link rel=\"canonical\" href=\"https:\/\/mtfactor.ee\/en?page_id=16750\" \/>\n<meta property=\"og:locale\" content=\"en_US\" \/>\n<meta property=\"og:type\" content=\"article\" \/>\n<meta property=\"og:title\" content=\"T\u00f6\u00f6riided -J\u00e4relmaks | MTfactor\" \/>\n<meta property=\"og:description\" content=\"ESTO j\u00e4relmaks \u2013 ei soovi maksta kogu summat korraga? Maksa osamaksete kaupa! ESTO j\u00e4relmaks on paindlik makselahendus, mis v\u00f5imaldab jaotada\" \/>\n<meta property=\"og:url\" content=\"https:\/\/mtfactor.ee\/en?page_id=16750\" \/>\n<meta property=\"og:site_name\" content=\"MTfactor\" \/>\n<meta property=\"og:image\" content=\"https:\/\/grillimaailm-outlet.ee\/wp-content\/uploads\/2024\/06\/HP_EE-1.png\" \/>\n<meta name=\"twitter:card\" content=\"summary_large_image\" \/>\n<meta name=\"twitter:label1\" content=\"Est. reading time\" \/>\n\t<meta name=\"twitter:data1\" content=\"4 minutes\" \/>\n<script type=\"application\/ld+json\" class=\"yoast-schema-graph\">{\"@context\":\"https:\\\/\\\/schema.org\",\"@graph\":[{\"@type\":\"WebPage\",\"@id\":\"https:\\\/\\\/mtfactor.ee\\\/en?page_id=16750\",\"url\":\"https:\\\/\\\/mtfactor.ee\\\/en?page_id=16750\",\"name\":\"T\u00f6\u00f6riided -J\u00e4relmaks | MTfactor\",\"isPartOf\":{\"@id\":\"https:\\\/\\\/mtfactor.ee\\\/en#website\"},\"primaryImageOfPage\":{\"@id\":\"https:\\\/\\\/mtfactor.ee\\\/en?page_id=16750#primaryimage\"},\"image\":{\"@id\":\"https:\\\/\\\/mtfactor.ee\\\/en?page_id=16750#primaryimage\"},\"thumbnailUrl\":\"https:\\\/\\\/grillimaailm-outlet.ee\\\/wp-content\\\/uploads\\\/2024\\\/06\\\/HP_EE-1.png\",\"datePublished\":\"2025-05-06T12:50:42+00:00\",\"breadcrumb\":{\"@id\":\"https:\\\/\\\/mtfactor.ee\\\/en?page_id=16750#breadcrumb\"},\"inLanguage\":\"en-US\",\"potentialAction\":[{\"@type\":\"ReadAction\",\"target\":[\"https:\\\/\\\/mtfactor.ee\\\/en?page_id=16750\"]}]},{\"@type\":\"ImageObject\",\"inLanguage\":\"en-US\",\"@id\":\"https:\\\/\\\/mtfactor.ee\\\/en?page_id=16750#primaryimage\",\"url\":\"https:\\\/\\\/grillimaailm-outlet.ee\\\/wp-content\\\/uploads\\\/2024\\\/06\\\/HP_EE-1.png\",\"contentUrl\":\"https:\\\/\\\/grillimaailm-outlet.ee\\\/wp-content\\\/uploads\\\/2024\\\/06\\\/HP_EE-1.png\"},{\"@type\":\"BreadcrumbList\",\"@id\":\"https:\\\/\\\/mtfactor.ee\\\/en?page_id=16750#breadcrumb\",\"itemListElement\":[{\"@type\":\"ListItem\",\"position\":1,\"name\":\"Home\",\"item\":\"https:\\\/\\\/mtfactor.ee\\\/en\"},{\"@type\":\"ListItem\",\"position\":2,\"name\":\"J\u00e4relmaks\"}]},{\"@type\":\"WebSite\",\"@id\":\"https:\\\/\\\/mtfactor.ee\\\/en#website\",\"url\":\"https:\\\/\\\/mtfactor.ee\\\/en\",\"name\":\"MTFactor\",\"description\":\"T\u00f6\u00f6riided, T\u00f6\u00f6jalatsid, T\u00f6\u00f6kindad, Kaitsevahendid\",\"publisher\":{\"@id\":\"https:\\\/\\\/mtfactor.ee\\\/en#organization\"},\"potentialAction\":[{\"@type\":\"SearchAction\",\"target\":{\"@type\":\"EntryPoint\",\"urlTemplate\":\"https:\\\/\\\/mtfactor.ee\\\/en?s={search_term_string}\"},\"query-input\":{\"@type\":\"PropertyValueSpecification\",\"valueRequired\":true,\"valueName\":\"search_term_string\"}}],\"inLanguage\":\"en-US\"},{\"@type\":\"Organization\",\"@id\":\"https:\\\/\\\/mtfactor.ee\\\/en#organization\",\"name\":\"MTFactor\",\"url\":\"https:\\\/\\\/mtfactor.ee\\\/en\",\"logo\":{\"@type\":\"ImageObject\",\"inLanguage\":\"en-US\",\"@id\":\"https:\\\/\\\/mtfactor.ee\\\/en#\\\/schema\\\/logo\\\/image\\\/\",\"url\":\"https:\\\/\\\/mtfactor.ee\\\/wp-content\\\/uploads\\\/2022\\\/10\\\/logo-mtfactor.jpg\",\"contentUrl\":\"https:\\\/\\\/mtfactor.ee\\\/wp-content\\\/uploads\\\/2022\\\/10\\\/logo-mtfactor.jpg\",\"width\":1080,\"height\":1080,\"caption\":\"MTFactor\"},\"image\":{\"@id\":\"https:\\\/\\\/mtfactor.ee\\\/en#\\\/schema\\\/logo\\\/image\\\/\"}}]}<\/script>\n<!-- \/ Yoast SEO plugin. -->","yoast_head_json":{"title":"T\u00f6\u00f6riided -J\u00e4relmaks | MTfactor","robots":{"index":"index","follow":"follow","max-snippet":"max-snippet:-1","max-image-preview":"max-image-preview:large","max-video-preview":"max-video-preview:-1"},"canonical":"https:\/\/mtfactor.ee\/en?page_id=16750","og_locale":"en_US","og_type":"article","og_title":"T\u00f6\u00f6riided -J\u00e4relmaks | MTfactor","og_description":"ESTO j\u00e4relmaks \u2013 ei soovi maksta kogu summat korraga? Maksa osamaksete kaupa! ESTO j\u00e4relmaks on paindlik makselahendus, mis v\u00f5imaldab jaotada","og_url":"https:\/\/mtfactor.ee\/en?page_id=16750","og_site_name":"MTfactor","og_image":[{"url":"https:\/\/grillimaailm-outlet.ee\/wp-content\/uploads\/2024\/06\/HP_EE-1.png","type":"","width":"","height":""}],"twitter_card":"summary_large_image","twitter_misc":{"Est. reading time":"4 minutes"},"schema":{"@context":"https:\/\/schema.org","@graph":[{"@type":"WebPage","@id":"https:\/\/mtfactor.ee\/en?page_id=16750","url":"https:\/\/mtfactor.ee\/en?page_id=16750","name":"T\u00f6\u00f6riided -J\u00e4relmaks | MTfactor","isPartOf":{"@id":"https:\/\/mtfactor.ee\/en#website"},"primaryImageOfPage":{"@id":"https:\/\/mtfactor.ee\/en?page_id=16750#primaryimage"},"image":{"@id":"https:\/\/mtfactor.ee\/en?page_id=16750#primaryimage"},"thumbnailUrl":"https:\/\/grillimaailm-outlet.ee\/wp-content\/uploads\/2024\/06\/HP_EE-1.png","datePublished":"2025-05-06T12:50:42+00:00","breadcrumb":{"@id":"https:\/\/mtfactor.ee\/en?page_id=16750#breadcrumb"},"inLanguage":"en-US","potentialAction":[{"@type":"ReadAction","target":["https:\/\/mtfactor.ee\/en?page_id=16750"]}]},{"@type":"ImageObject","inLanguage":"en-US","@id":"https:\/\/mtfactor.ee\/en?page_id=16750#primaryimage","url":"https:\/\/grillimaailm-outlet.ee\/wp-content\/uploads\/2024\/06\/HP_EE-1.png","contentUrl":"https:\/\/grillimaailm-outlet.ee\/wp-content\/uploads\/2024\/06\/HP_EE-1.png"},{"@type":"BreadcrumbList","@id":"https:\/\/mtfactor.ee\/en?page_id=16750#breadcrumb","itemListElement":[{"@type":"ListItem","position":1,"name":"Home","item":"https:\/\/mtfactor.ee\/en"},{"@type":"ListItem","position":2,"name":"J\u00e4relmaks"}]},{"@type":"WebSite","@id":"https:\/\/mtfactor.ee\/en#website","url":"https:\/\/mtfactor.ee\/en","name":"MTFactor","description":"T\u00f6\u00f6riided, T\u00f6\u00f6jalatsid, T\u00f6\u00f6kindad, Kaitsevahendid","publisher":{"@id":"https:\/\/mtfactor.ee\/en#organization"},"potentialAction":[{"@type":"SearchAction","target":{"@type":"EntryPoint","urlTemplate":"https:\/\/mtfactor.ee\/en?s={search_term_string}"},"query-input":{"@type":"PropertyValueSpecification","valueRequired":true,"valueName":"search_term_string"}}],"inLanguage":"en-US"},{"@type":"Organization","@id":"https:\/\/mtfactor.ee\/en#organization","name":"MTFactor","url":"https:\/\/mtfactor.ee\/en","logo":{"@type":"ImageObject","inLanguage":"en-US","@id":"https:\/\/mtfactor.ee\/en#\/schema\/logo\/image\/","url":"https:\/\/mtfactor.ee\/wp-content\/uploads\/2022\/10\/logo-mtfactor.jpg","contentUrl":"https:\/\/mtfactor.ee\/wp-content\/uploads\/2022\/10\/logo-mtfactor.jpg","width":1080,"height":1080,"caption":"MTFactor"},"image":{"@id":"https:\/\/mtfactor.ee\/en#\/schema\/logo\/image\/"}}]}},"jetpack-related-posts":[],"jetpack_sharing_enabled":true,"_links":{"self":[{"href":"https:\/\/mtfactor.ee\/en\/index.php?rest_route=\/wp\/v2\/pages\/16750","targetHints":{"allow":["GET"]}}],"collection":[{"href":"https:\/\/mtfactor.ee\/en\/index.php?rest_route=\/wp\/v2\/pages"}],"about":[{"href":"https:\/\/mtfactor.ee\/en\/index.php?rest_route=\/wp\/v2\/types\/page"}],"author":[{"embeddable":true,"href":"https:\/\/mtfactor.ee\/en\/index.php?rest_route=\/wp\/v2\/users\/1278"}],"replies":[{"embeddable":true,"href":"https:\/\/mtfactor.ee\/en\/index.php?rest_route=%2Fwp%2Fv2%2Fcomments&post=16750"}],"version-history":[{"count":1,"href":"https:\/\/mtfactor.ee\/en\/index.php?rest_route=\/wp\/v2\/pages\/16750\/revisions"}],"predecessor-version":[{"id":16751,"href":"https:\/\/mtfactor.ee\/en\/index.php?rest_route=\/wp\/v2\/pages\/16750\/revisions\/16751"}],"wp:attachment":[{"href":"https:\/\/mtfactor.ee\/en\/index.php?rest_route=%2Fwp%2Fv2%2Fmedia&parent=16750"}],"curies":[{"name":"wp","href":"https:\/\/api.w.org\/{rel}","templated":true}]}}